{"id":9053,"date":"2026-04-04T06:50:18","date_gmt":"2026-04-04T04:50:18","guid":{"rendered":"https:\/\/www.ayurvedique.com\/vedicare-spa\/?post_type=product&#038;p=9053"},"modified":"2026-04-04T06:52:30","modified_gmt":"2026-04-04T04:52:30","slug":"gugullu-maxi-boite-180-gelules","status":"publish","type":"product","link":"https:\/\/www.ayurvedique.com\/vedicare-spa\/complements-alimentaires-vegan\/gugullu-maxi-boite-180-gelules\/","title":{"rendered":"GUGULLU ,  Maxi-bo\u00eete 180 g\u00e9lules"},"content":{"rendered":"<div id=\"tab-description\" class=\"woocommerce-Tabs-panel woocommerce-Tabs-panel--description panel entry-content wc-tab\" role=\"tabpanel\" aria-labelledby=\"tab-title-description\">\n<p><strong>Pr\u00e9sentation<\/strong> :  flacon de 180 g\u00e9lules<\/p>\n<p class=\"rtejustify\"><strong>Energ\u00e9tique<\/strong> : Amer, piquant, astringent, sucr\u00e9 \u2013 Chauffant \u2013 piquant \u2013 Diminue Pitta et Kapha, augmente Pitta seulement s\u2019il est en exc\u00e8s. La plus grande plante r\u00e9sineuse de l\u2019Ayurv\u00e9da, semblable \u00e0 la myrrhe.<\/p>\n<p>Les autorit\u00e9s europ\u00e9ennes ont accept\u00e9 ces propri\u00e9t\u00e9s du guggul*:<\/p>\n<ul>\n<li>aide \u00e0 maintenir un taux normal de lipides sanguins et de cholest\u00e9rol<\/li>\n<li>est utile pour la gestion du poids<\/li>\n<li>aide au maintien de la souplesse du corps<\/li>\n<li>soulage les inflammations de la peau<\/li>\n<li>aide \u00e0 maintenir un confort menstruel<\/li>\n<\/ul>\n<p class=\"rtejustify\">*<em>Les informations tiennent compte du cadre des all\u00e9gations de sant\u00e9 autoris\u00e9es conform\u00e9ment \u00e0 la l\u00e9gislation europ\u00e9enne sur les compl\u00e9ments alimentaires (CE n\u00b0 1924\/2006). EFSA 2420, 2534, 4017, 4019, 4026<\/em><\/p>\n<p>Pr\u00e9cautions<br \/>\nFemmes enceintes ou allaitantes,\u00a0ne pas consommer<br \/>\nNe pas donner aux enfants de moins de 12 ans.<br \/>\nNe pas prendre avec les traitements anticoagulants.<br \/>\nPeut provoquer des diarrh\u00e9es et des r\u00e9actions allergiques qui s\u2019arretent imm\u00e9diatement apr\u00e8s l\u2019arr\u00eat du Guggul.<\/p>\n<p><em>En cas d\u2019allergie \u00e0 un des composants, ne pas consommer.<\/em><br \/>\n<em>Maintenir soigneusement ferm\u00e9 dans un endroit frais. <\/em><br \/>\nNe pas d\u00e9passer la dose journali\u00e8re recommand\u00e9e. Les compl\u00e9ments alimentaires doivent \u00eatre utilis\u00e9s dans le cadre d\u2019un mode de vie sain et ne pas \u00eatre utilis\u00e9s comme substituts d\u2019un r\u00e9gime alimentaire vari\u00e9 et \u00e9quilibr\u00e9. A tenir hors de la port\u00e9e des \u00a0enfants.<\/p>\n<\/div>\n","protected":false},"excerpt":{"rendered":"<div class=\"woocommerce-product-details__short-description\">\n<p>Vente par lot plus \u00e9conomique, quantit\u00e9 n\u00e9cessaire \u00e0 une cure de 3 mois \u00e0 raison de 4 g\u00e9lules par jour<\/p>\n<p>Bon pour la flexibilit\u00e9 du corps<\/p>\n<p>aide \u00e0 conserver un taux normal de lipides sanguins et de cholest\u00e9rol<\/p>\n<p><strong>Ingr\u00e9dients <\/strong>pour 1 g\u00e9lule : R\u00e9sine de Commiphora mukkul : 400 mg, g\u00e9lule d\u2019origine v\u00e9g\u00e9tale (Hydroxypropylmethylcellulose) : 95 mg ,peut contenir du st\u00e9arate v\u00e9g\u00e9tal et des coques d\u2019abricot broy\u00e9s<br \/>\n<strong>Portion journali\u00e8re recommand\u00e9e<\/strong> : 1 \u00e0 4 g\u00e9lules par jour au cours des repas<\/p>\n<p>Plus d&rsquo;informations <a href=\"https:\/\/www.ayurvedique.com\/vedicare-spa\/complements-alimentaires-vegan\/guggulu\/\">ici<\/a><\/p>\n<\/div>\n","protected":false},"featured_media":6310,"comment_status":"closed","ping_status":"closed","template":"","meta":{"_uag_custom_page_level_css":"","site-sidebar-layout":"default","site-content-layout":"default","ast-site-content-layout":"default","site-content-style":"default","site-sidebar-style":"default","ast-global-header-display":"","ast-banner-title-visibility":"","ast-main-header-display":"","ast-hfb-above-header-display":"","ast-hfb-below-header-display":"","ast-hfb-mobile-header-display":"","site-post-title":"","ast-breadcrumbs-content":"","ast-featured-img":"","footer-sml-layout":"","ast-disable-related-posts":"","theme-transparent-header-meta":"default","adv-header-id-meta":"","stick-header-meta":"","header-above-stick-meta":"","header-main-stick-meta":"","header-below-stick-meta":"","astra-migrate-meta-layouts":"set","ast-page-background-enabled":"default","ast-page-background-meta":{"desktop":{"background-color":"","background-image":"","background-repeat":"repeat","background-position":"center center","background-size":"auto","background-attachment":"scroll","background-type":"","background-media":"","overlay-type":"","overlay-color":"","overlay-opacity":"","overlay-gradient":""},"tablet":{"background-color":"","background-image":"","background-repeat":"repeat","background-position":"center center","background-size":"auto","background-attachment":"scroll","background-type":"","background-media":"","overlay-type":"","overlay-color":"","overlay-opacity":"","overlay-gradient":""},"mobile":{"background-color":"","background-image":"","background-repeat":"repeat","background-position":"center center","background-size":"auto","background-attachment":"scroll","background-type":"","background-media":"","overlay-type":"","overlay-color":"","overlay-opacity":"","overlay-gradient":""}},"ast-content-background-meta":{"desktop":{"background-color":"var(--ast-global-color-5)","background-image":"","background-repeat":"repeat","background-position":"center center","background-size":"auto","background-attachment":"scroll","background-type":"","background-media":"","overlay-type":"","overlay-color":"","overlay-opacity":"","overlay-gradient":""},"tablet":{"background-color":"var(--ast-global-color-5)","background-image":"","background-repeat":"repeat","background-position":"center center","background-size":"auto","background-attachment":"scroll","background-type":"","background-media":"","overlay-type":"","overlay-color":"","overlay-opacity":"","overlay-gradient":""},"mobile":{"background-color":"var(--ast-global-color-5)","background-image":"","background-repeat":"repeat","background-position":"center center","background-size":"auto","background-attachment":"scroll","background-type":"","background-media":"","overlay-type":"","overlay-color":"","overlay-opacity":"","overlay-gradient":""}}},"product_brand":[],"product_cat":[234],"product_tag":[],"class_list":{"0":"post-9053","1":"product","2":"type-product","3":"status-publish","4":"has-post-thumbnail","6":"product_cat-complements-alimentaires-vegan","7":"desktop-align-left","8":"tablet-align-left","9":"mobile-align-left","11":"first","12":"instock","13":"sale","14":"taxable","15":"shipping-taxable","16":"purchasable","17":"product-type-simple"},"yoast_head":"<!-- This site is optimized with the Yoast SEO plugin v27.3 - https:\/\/yoast.com\/product\/yoast-seo-wordpress\/ -->\n<title>GUGULLU , Maxi-bo\u00eete 180 g\u00e9lules - Vedicare | Soins, Cures, Boutique ayurv\u00e9dique<\/title>\n<meta name=\"description\" content=\"S\u00e9lection de produits naturels et vegan. Soin visage, huiles ayurv\u00e9diques de massage, compl\u00e9ments alimentaires vegan.\" \/>\n<meta name=\"robots\" content=\"index, follow, max-snippet:-1, max-image-preview:large, max-video-preview:-1\" \/>\n<link rel=\"canonical\" href=\"https:\/\/www.ayurvedique.com\/vedicare-spa\/complements-alimentaires-vegan\/gugullu-maxi-boite-180-gelules\/\" \/>\n<meta property=\"og:locale\" content=\"fr_FR\" \/>\n<meta property=\"og:type\" content=\"article\" \/>\n<meta property=\"og:title\" content=\"GUGULLU , Maxi-bo\u00eete 180 g\u00e9lules - Vedicare | Soins, Cures, Boutique ayurv\u00e9dique\" \/>\n<meta property=\"og:description\" content=\"S\u00e9lection de produits naturels et vegan. Soin visage, huiles ayurv\u00e9diques de massage, compl\u00e9ments alimentaires vegan.\" \/>\n<meta property=\"og:url\" content=\"https:\/\/www.ayurvedique.com\/vedicare-spa\/complements-alimentaires-vegan\/gugullu-maxi-boite-180-gelules\/\" \/>\n<meta property=\"og:site_name\" content=\"Vedicare | Soins, Cures, Boutique ayurv\u00e9dique\" \/>\n<meta property=\"article:publisher\" content=\"https:\/\/www.facebook.com\/Eco-gites-et-spa-Vedicare-146891845345782\/\" \/>\n<meta property=\"article:modified_time\" content=\"2026-04-04T04:52:30+00:00\" \/>\n<meta property=\"og:image\" content=\"https:\/\/www.ayurvedique.com\/vedicare-spa\/wp-content\/uploads\/GUGGUL-180.jpg\" \/>\n\t<meta property=\"og:image:width\" content=\"800\" \/>\n\t<meta property=\"og:image:height\" content=\"771\" \/>\n\t<meta property=\"og:image:type\" content=\"image\/jpeg\" \/>\n<meta name=\"twitter:card\" content=\"summary_large_image\" \/>\n<meta name=\"twitter:label1\" content=\"Dur\u00e9e de lecture estim\u00e9e\" \/>\n\t<meta name=\"twitter:data1\" content=\"2 minutes\" \/>\n<script type=\"application\/ld+json\" class=\"yoast-schema-graph\">{\"@context\":\"https:\\\/\\\/schema.org\",\"@graph\":[{\"@type\":\"WebPage\",\"@id\":\"https:\\\/\\\/www.ayurvedique.com\\\/vedicare-spa\\\/complements-alimentaires-vegan\\\/gugullu-maxi-boite-180-gelules\\\/\",\"url\":\"https:\\\/\\\/www.ayurvedique.com\\\/vedicare-spa\\\/complements-alimentaires-vegan\\\/gugullu-maxi-boite-180-gelules\\\/\",\"name\":\"GUGULLU , Maxi-bo\u00eete 180 g\u00e9lules - Vedicare | Soins, Cures, Boutique ayurv\u00e9dique\",\"isPartOf\":{\"@id\":\"https:\\\/\\\/www.ayurvedique.com\\\/vedicare-spa\\\/#website\"},\"primaryImageOfPage\":{\"@id\":\"https:\\\/\\\/www.ayurvedique.com\\\/vedicare-spa\\\/complements-alimentaires-vegan\\\/gugullu-maxi-boite-180-gelules\\\/#primaryimage\"},\"image\":{\"@id\":\"https:\\\/\\\/www.ayurvedique.com\\\/vedicare-spa\\\/complements-alimentaires-vegan\\\/gugullu-maxi-boite-180-gelules\\\/#primaryimage\"},\"thumbnailUrl\":\"https:\\\/\\\/www.ayurvedique.com\\\/vedicare-spa\\\/wp-content\\\/uploads\\\/GUGGUL-180.jpg\",\"datePublished\":\"2026-04-04T04:50:18+00:00\",\"dateModified\":\"2026-04-04T04:52:30+00:00\",\"description\":\"S\u00e9lection de produits naturels et vegan. Soin visage, huiles ayurv\u00e9diques de massage, compl\u00e9ments alimentaires vegan.\",\"breadcrumb\":{\"@id\":\"https:\\\/\\\/www.ayurvedique.com\\\/vedicare-spa\\\/complements-alimentaires-vegan\\\/gugullu-maxi-boite-180-gelules\\\/#breadcrumb\"},\"inLanguage\":\"fr-FR\",\"potentialAction\":[{\"@type\":\"ReadAction\",\"target\":[\"https:\\\/\\\/www.ayurvedique.com\\\/vedicare-spa\\\/complements-alimentaires-vegan\\\/gugullu-maxi-boite-180-gelules\\\/\"]}]},{\"@type\":\"ImageObject\",\"inLanguage\":\"fr-FR\",\"@id\":\"https:\\\/\\\/www.ayurvedique.com\\\/vedicare-spa\\\/complements-alimentaires-vegan\\\/gugullu-maxi-boite-180-gelules\\\/#primaryimage\",\"url\":\"https:\\\/\\\/www.ayurvedique.com\\\/vedicare-spa\\\/wp-content\\\/uploads\\\/GUGGUL-180.jpg\",\"contentUrl\":\"https:\\\/\\\/www.ayurvedique.com\\\/vedicare-spa\\\/wp-content\\\/uploads\\\/GUGGUL-180.jpg\",\"width\":800,\"height\":771,\"caption\":\"GUGGULU 180 Gel\"},{\"@type\":\"BreadcrumbList\",\"@id\":\"https:\\\/\\\/www.ayurvedique.com\\\/vedicare-spa\\\/complements-alimentaires-vegan\\\/gugullu-maxi-boite-180-gelules\\\/#breadcrumb\",\"itemListElement\":[{\"@type\":\"ListItem\",\"position\":1,\"name\":\"Accueil\",\"item\":\"https:\\\/\\\/www.ayurvedique.com\\\/vedicare-spa\\\/\"},{\"@type\":\"ListItem\",\"position\":2,\"name\":\"Boutique\",\"item\":\"https:\\\/\\\/www.ayurvedique.com\\\/vedicare-spa\\\/boutique\\\/\"},{\"@type\":\"ListItem\",\"position\":3,\"name\":\"GUGULLU , Maxi-bo\u00eete 180 g\u00e9lules\"}]},{\"@type\":\"WebSite\",\"@id\":\"https:\\\/\\\/www.ayurvedique.com\\\/vedicare-spa\\\/#website\",\"url\":\"https:\\\/\\\/www.ayurvedique.com\\\/vedicare-spa\\\/\",\"name\":\"Vedicare | Soins, Cures, Boutique ayurv\u00e9dique\",\"description\":\"Produits naturels bio et vegan, Spa ayurvedique\",\"publisher\":{\"@id\":\"https:\\\/\\\/www.ayurvedique.com\\\/vedicare-spa\\\/#organization\"},\"alternateName\":\"Spa ayurv\u00e9dique et produits naturels\",\"potentialAction\":[{\"@type\":\"SearchAction\",\"target\":{\"@type\":\"EntryPoint\",\"urlTemplate\":\"https:\\\/\\\/www.ayurvedique.com\\\/vedicare-spa\\\/?s={search_term_string}\"},\"query-input\":{\"@type\":\"PropertyValueSpecification\",\"valueRequired\":true,\"valueName\":\"search_term_string\"}}],\"inLanguage\":\"fr-FR\"},{\"@type\":\"Organization\",\"@id\":\"https:\\\/\\\/www.ayurvedique.com\\\/vedicare-spa\\\/#organization\",\"name\":\"Vedicare\",\"url\":\"https:\\\/\\\/www.ayurvedique.com\\\/vedicare-spa\\\/\",\"logo\":{\"@type\":\"ImageObject\",\"inLanguage\":\"fr-FR\",\"@id\":\"https:\\\/\\\/www.ayurvedique.com\\\/vedicare-spa\\\/#\\\/schema\\\/logo\\\/image\\\/\",\"url\":\"https:\\\/\\\/www.ayurvedique.com\\\/vedicare-spa\\\/wp-content\\\/uploads\\\/logo_vedicare-1.png\",\"contentUrl\":\"https:\\\/\\\/www.ayurvedique.com\\\/vedicare-spa\\\/wp-content\\\/uploads\\\/logo_vedicare-1.png\",\"width\":142,\"height\":206,\"caption\":\"Vedicare\"},\"image\":{\"@id\":\"https:\\\/\\\/www.ayurvedique.com\\\/vedicare-spa\\\/#\\\/schema\\\/logo\\\/image\\\/\"},\"sameAs\":[\"https:\\\/\\\/www.facebook.com\\\/Eco-gites-et-spa-Vedicare-146891845345782\\\/\"]}]}<\/script>\n<!-- \/ Yoast SEO plugin. -->","yoast_head_json":{"title":"GUGULLU , Maxi-bo\u00eete 180 g\u00e9lules - Vedicare | Soins, Cures, Boutique ayurv\u00e9dique","description":"S\u00e9lection de produits naturels et vegan. Soin visage, huiles ayurv\u00e9diques de massage, compl\u00e9ments alimentaires vegan.","robots":{"index":"index","follow":"follow","max-snippet":"max-snippet:-1","max-image-preview":"max-image-preview:large","max-video-preview":"max-video-preview:-1"},"canonical":"https:\/\/www.ayurvedique.com\/vedicare-spa\/complements-alimentaires-vegan\/gugullu-maxi-boite-180-gelules\/","og_locale":"fr_FR","og_type":"article","og_title":"GUGULLU , Maxi-bo\u00eete 180 g\u00e9lules - Vedicare | Soins, Cures, Boutique ayurv\u00e9dique","og_description":"S\u00e9lection de produits naturels et vegan. Soin visage, huiles ayurv\u00e9diques de massage, compl\u00e9ments alimentaires vegan.","og_url":"https:\/\/www.ayurvedique.com\/vedicare-spa\/complements-alimentaires-vegan\/gugullu-maxi-boite-180-gelules\/","og_site_name":"Vedicare | Soins, Cures, Boutique ayurv\u00e9dique","article_publisher":"https:\/\/www.facebook.com\/Eco-gites-et-spa-Vedicare-146891845345782\/","article_modified_time":"2026-04-04T04:52:30+00:00","og_image":[{"width":800,"height":771,"url":"https:\/\/www.ayurvedique.com\/vedicare-spa\/wp-content\/uploads\/GUGGUL-180.jpg","type":"image\/jpeg"}],"twitter_card":"summary_large_image","twitter_misc":{"Dur\u00e9e de lecture estim\u00e9e":"2 minutes"},"schema":{"@context":"https:\/\/schema.org","@graph":[{"@type":"WebPage","@id":"https:\/\/www.ayurvedique.com\/vedicare-spa\/complements-alimentaires-vegan\/gugullu-maxi-boite-180-gelules\/","url":"https:\/\/www.ayurvedique.com\/vedicare-spa\/complements-alimentaires-vegan\/gugullu-maxi-boite-180-gelules\/","name":"GUGULLU , Maxi-bo\u00eete 180 g\u00e9lules - Vedicare | Soins, Cures, Boutique ayurv\u00e9dique","isPartOf":{"@id":"https:\/\/www.ayurvedique.com\/vedicare-spa\/#website"},"primaryImageOfPage":{"@id":"https:\/\/www.ayurvedique.com\/vedicare-spa\/complements-alimentaires-vegan\/gugullu-maxi-boite-180-gelules\/#primaryimage"},"image":{"@id":"https:\/\/www.ayurvedique.com\/vedicare-spa\/complements-alimentaires-vegan\/gugullu-maxi-boite-180-gelules\/#primaryimage"},"thumbnailUrl":"https:\/\/www.ayurvedique.com\/vedicare-spa\/wp-content\/uploads\/GUGGUL-180.jpg","datePublished":"2026-04-04T04:50:18+00:00","dateModified":"2026-04-04T04:52:30+00:00","description":"S\u00e9lection de produits naturels et vegan. Soin visage, huiles ayurv\u00e9diques de massage, compl\u00e9ments alimentaires vegan.","breadcrumb":{"@id":"https:\/\/www.ayurvedique.com\/vedicare-spa\/complements-alimentaires-vegan\/gugullu-maxi-boite-180-gelules\/#breadcrumb"},"inLanguage":"fr-FR","potentialAction":[{"@type":"ReadAction","target":["https:\/\/www.ayurvedique.com\/vedicare-spa\/complements-alimentaires-vegan\/gugullu-maxi-boite-180-gelules\/"]}]},{"@type":"ImageObject","inLanguage":"fr-FR","@id":"https:\/\/www.ayurvedique.com\/vedicare-spa\/complements-alimentaires-vegan\/gugullu-maxi-boite-180-gelules\/#primaryimage","url":"https:\/\/www.ayurvedique.com\/vedicare-spa\/wp-content\/uploads\/GUGGUL-180.jpg","contentUrl":"https:\/\/www.ayurvedique.com\/vedicare-spa\/wp-content\/uploads\/GUGGUL-180.jpg","width":800,"height":771,"caption":"GUGGULU 180 Gel"},{"@type":"BreadcrumbList","@id":"https:\/\/www.ayurvedique.com\/vedicare-spa\/complements-alimentaires-vegan\/gugullu-maxi-boite-180-gelules\/#breadcrumb","itemListElement":[{"@type":"ListItem","position":1,"name":"Accueil","item":"https:\/\/www.ayurvedique.com\/vedicare-spa\/"},{"@type":"ListItem","position":2,"name":"Boutique","item":"https:\/\/www.ayurvedique.com\/vedicare-spa\/boutique\/"},{"@type":"ListItem","position":3,"name":"GUGULLU , Maxi-bo\u00eete 180 g\u00e9lules"}]},{"@type":"WebSite","@id":"https:\/\/www.ayurvedique.com\/vedicare-spa\/#website","url":"https:\/\/www.ayurvedique.com\/vedicare-spa\/","name":"Vedicare | Soins, Cures, Boutique ayurv\u00e9dique","description":"Produits naturels bio et vegan, Spa ayurvedique","publisher":{"@id":"https:\/\/www.ayurvedique.com\/vedicare-spa\/#organization"},"alternateName":"Spa ayurv\u00e9dique et produits naturels","potentialAction":[{"@type":"SearchAction","target":{"@type":"EntryPoint","urlTemplate":"https:\/\/www.ayurvedique.com\/vedicare-spa\/?s={search_term_string}"},"query-input":{"@type":"PropertyValueSpecification","valueRequired":true,"valueName":"search_term_string"}}],"inLanguage":"fr-FR"},{"@type":"Organization","@id":"https:\/\/www.ayurvedique.com\/vedicare-spa\/#organization","name":"Vedicare","url":"https:\/\/www.ayurvedique.com\/vedicare-spa\/","logo":{"@type":"ImageObject","inLanguage":"fr-FR","@id":"https:\/\/www.ayurvedique.com\/vedicare-spa\/#\/schema\/logo\/image\/","url":"https:\/\/www.ayurvedique.com\/vedicare-spa\/wp-content\/uploads\/logo_vedicare-1.png","contentUrl":"https:\/\/www.ayurvedique.com\/vedicare-spa\/wp-content\/uploads\/logo_vedicare-1.png","width":142,"height":206,"caption":"Vedicare"},"image":{"@id":"https:\/\/www.ayurvedique.com\/vedicare-spa\/#\/schema\/logo\/image\/"},"sameAs":["https:\/\/www.facebook.com\/Eco-gites-et-spa-Vedicare-146891845345782\/"]}]}},"uagb_featured_image_src":{"full":["https:\/\/www.ayurvedique.com\/vedicare-spa\/wp-content\/uploads\/GUGGUL-180.jpg",800,771,false],"thumbnail":["https:\/\/www.ayurvedique.com\/vedicare-spa\/wp-content\/uploads\/GUGGUL-180-150x150.jpg",150,150,true],"medium":["https:\/\/www.ayurvedique.com\/vedicare-spa\/wp-content\/uploads\/GUGGUL-180-600x578.jpg",600,578,true],"medium_large":["https:\/\/www.ayurvedique.com\/vedicare-spa\/wp-content\/uploads\/GUGGUL-180-768x740.jpg",768,740,true],"large":["https:\/\/www.ayurvedique.com\/vedicare-spa\/wp-content\/uploads\/GUGGUL-180.jpg",800,771,false],"1536x1536":["https:\/\/www.ayurvedique.com\/vedicare-spa\/wp-content\/uploads\/GUGGUL-180.jpg",800,771,false],"2048x2048":["https:\/\/www.ayurvedique.com\/vedicare-spa\/wp-content\/uploads\/GUGGUL-180.jpg",800,771,false],"rpwe-thumbnail":["https:\/\/www.ayurvedique.com\/vedicare-spa\/wp-content\/uploads\/GUGGUL-180-45x45.jpg",45,45,true],"woocommerce_thumbnail":["https:\/\/www.ayurvedique.com\/vedicare-spa\/wp-content\/uploads\/GUGGUL-180-300x300.jpg",300,300,true],"woocommerce_single":["https:\/\/www.ayurvedique.com\/vedicare-spa\/wp-content\/uploads\/GUGGUL-180-600x578.jpg",600,578,true],"woocommerce_gallery_thumbnail":["https:\/\/www.ayurvedique.com\/vedicare-spa\/wp-content\/uploads\/GUGGUL-180-100x100.jpg",100,100,true]},"uagb_author_info":{"display_name":"Claire","author_link":"https:\/\/www.ayurvedique.com\/vedicare-spa\/author\/"},"uagb_comment_info":0,"uagb_excerpt":"Vente par lot plus \u00e9conomique, quantit\u00e9 n\u00e9cessaire \u00e0 une cure de 3 mois \u00e0 raison de 4 g\u00e9lules par jour Bon pour la flexibilit\u00e9 du corps aide \u00e0 conserver un taux normal de lipides sanguins et de cholest\u00e9rol Ingr\u00e9dients pour 1 g\u00e9lule : R\u00e9sine de Commiphora mukkul : 400 mg, g\u00e9lule d\u2019origine v\u00e9g\u00e9tale (Hydroxypropylmethylcellulose) :\u2026","_links":{"self":[{"href":"https:\/\/www.ayurvedique.com\/vedicare-spa\/wp-json\/wp\/v2\/product\/9053","targetHints":{"allow":["GET"]}}],"collection":[{"href":"https:\/\/www.ayurvedique.com\/vedicare-spa\/wp-json\/wp\/v2\/product"}],"about":[{"href":"https:\/\/www.ayurvedique.com\/vedicare-spa\/wp-json\/wp\/v2\/types\/product"}],"replies":[{"embeddable":true,"href":"https:\/\/www.ayurvedique.com\/vedicare-spa\/wp-json\/wp\/v2\/comments?post=9053"}],"wp:featuredmedia":[{"embeddable":true,"href":"https:\/\/www.ayurvedique.com\/vedicare-spa\/wp-json\/wp\/v2\/media\/6310"}],"wp:attachment":[{"href":"https:\/\/www.ayurvedique.com\/vedicare-spa\/wp-json\/wp\/v2\/media?parent=9053"}],"wp:term":[{"taxonomy":"product_brand","embeddable":true,"href":"https:\/\/www.ayurvedique.com\/vedicare-spa\/wp-json\/wp\/v2\/product_brand?post=9053"},{"taxonomy":"product_cat","embeddable":true,"href":"https:\/\/www.ayurvedique.com\/vedicare-spa\/wp-json\/wp\/v2\/product_cat?post=9053"},{"taxonomy":"product_tag","embeddable":true,"href":"https:\/\/www.ayurvedique.com\/vedicare-spa\/wp-json\/wp\/v2\/product_tag?post=9053"}],"curies":[{"name":"wp","href":"https:\/\/api.w.org\/{rel}","templated":true}]}}