{"id":8629,"date":"2025-09-21T14:39:25","date_gmt":"2025-09-21T12:39:25","guid":{"rendered":"https:\/\/www.ayurvedique.com\/vedicare-spa\/?post_type=product&#038;p=8629"},"modified":"2026-04-27T14:38:45","modified_gmt":"2026-04-27T12:38:45","slug":"sattva-pro-age-creme-de-nuit-50-ml","status":"publish","type":"product","link":"https:\/\/www.ayurvedique.com\/vedicare-spa\/soins-visages-corps\/sattva-pro-age-creme-de-nuit-50-ml\/","title":{"rendered":"Sattva Pro \u00c2ge cr\u00e8me de nuit 50 ml"},"content":{"rendered":"<p><strong> Cr\u00e8me de nuit anti-\u00e2ge \u00e0 l&rsquo;huile de kumkumadi et au Magnesium<\/strong><br \/>\n98.1% Natural, 100% Vegan<\/p>\n<p>Gr\u00e2ce \u00e0 la combinaison de Magn\u00e9sium, Niacinamide et d&rsquo;huile ayurv\u00e9dique kumkumadi, cette cr\u00e8me de nuit a un effet apaisant et r\u00e9g\u00e9n\u00e9rant. Son effet relaxant pour la peau, restaure son \u00e9clat, \u00e9claircit le teint et gomme les imperfections. Appr\u00e9ciez la tradition ayurv\u00e9dique pour un r\u00e9veil plein de fra\u00eecheur et de beaut\u00e9.<\/p>\n<p>Ingr\u00e9dients cl\u00e9:<br \/>\n1. Magnesium: Connu pour ses propri\u00e9t\u00e9s apaisante, il rafra\u00eechit et calme les rougeurs et irritations, en faisant l&rsquo;ingr\u00e9dient id\u00e9al pour les peaux sensibles et r\u00e9actives. En appliquant cette cr\u00e8me de nuit, vous sentirez la tension de la journ\u00e9e s&rsquo;\u00e9loigner, le Magn\u00e9sium relaxera et d\u00e9tendra la peau au cours de votre sommeil.<\/p>\n<p>2.l&rsquo;huile Kumkumadi : c&rsquo;est l&rsquo;\u00e9lixir de jouvence de l&rsquo;Ayurveda. Cette huile contient un m\u00e9lange traditionnel de safran, Curcuma et Santal, aux effets anti\u00e2ge bien connus.<\/p>\n<p>3. Niacinamide: Connue sous le nom deVitamine B3, elle adoucit la peau, r\u00e9duit les d\u00e9colorations et les t\u00e2ches en harmonisant la s\u00e9cr\u00e9tion de s\u00e9bum.<\/p>\n<p>Les b\u00e9n\u00e9fices de l&rsquo;usage r\u00e9gulier de cette cr\u00e8me sont nombreux :<br \/>\napaise les rougeurs et imperfections de la peau gr\u00e2ce au Magn\u00e9sium<br \/>\n\u00c9clat gr\u00e2ce \u00e0 l&rsquo;huile de Kumkumadi<br \/>\nR\u00e9duction des imperfections: les plantes ayurv\u00e9diques de cette formule sont le curcuma, le brahmi (centella) et la r\u00e9glisse connues pour diminuer les imperfections, d\u00e9colorations et am\u00e9liorer le teint.<br \/>\nR\u00e9g\u00e9n\u00e9rescence nocturne: cette cr\u00e8me a \u00e9t\u00e9 concue pour travailler de nuit<br \/>\nAromath\u00e9rapie : Le parfum subtil et d\u00e9licat de l&rsquo;huile kumkumadi poss\u00e8de un effet tr\u00e8s relaxant, ceci en fait un vrai soin holistique.<\/p>\n<p>Ingredients:<\/p>\n<p>AQUA, PROPANEDIOL, NIACINAMIDE, GARCINIA INDICA SEED BUTTER, GLYCERYL MONO STEARATE SE, CENTELLA ASIATICA LEAF EXTRACT, SESAMUM INDICUM SEED OIL, CROCUS SATIVUS FLOWER EXTRACT, CURCUMA LONGA ROOT EXTRACT, SACCHARIDE ISOMERATE, SODIUM COCOYL AMINO ACIDS, SARCOSINE , MAGNESIUM ASPARTATE, POTASSIUM SORBATE, SODIUM BENZOATE, CROCUS SATIVUS FLOWER FILAMENT POWDER, MADHUA LONGIFOLIA FLOWER POWDER, GLYCYRRHIZA GLABRA ROOT POWDER, VETIVERIA ZIZANIOIDES ROOT POWDER, NELUMBO NUCIFERA FLOWER POWDER, CURCUMA LONGA ROOT POWDER, SODIUM GLUCONATE, PARFUM.<\/p>\n","protected":false},"excerpt":{"rendered":"<p>Cr\u00e8me de nuit ayurvedique dan sun flacon pompe de 50 ml. pour tout type de peau<\/p>\n<p>Les b\u00e9n\u00e9fices de l&rsquo;usage r\u00e9gulier de cette cr\u00e8me sont nombreux :<br \/>\napaise les rougeurs et imperfections de la peau gr\u00e2ce au Magn\u00e9sium<br \/>\n\u00c9clat gr\u00e2ce \u00e0 l&rsquo;huile de Kumkumadi<br \/>\nR\u00e9duction des imperfections: les plantes ayurv\u00e9diques de cette formule sont le curcuma, le brahmi (centella) et la r\u00e9glisse connues pour diminuer les imperfections, d\u00e9colorations et am\u00e9liorer le teint.<br \/>\nR\u00e9g\u00e9n\u00e9rescence nocturne: cette cr\u00e8me a \u00e9t\u00e9 concue pour travailler de nuit<br \/>\nAromath\u00e9rapie : Le parfum subtil et d\u00e9licat de l&rsquo;huile kumkumadi poss\u00e8de un effet tr\u00e8s relaxant, ceci en fait un vrai soin holistique.<\/p>\n","protected":false},"featured_media":8630,"comment_status":"closed","ping_status":"closed","template":"","meta":{"_uag_custom_page_level_css":"","site-sidebar-layout":"default","site-content-layout":"","ast-site-content-layout":"default","site-content-style":"default","site-sidebar-style":"default","ast-global-header-display":"","ast-banner-title-visibility":"","ast-main-header-display":"","ast-hfb-above-header-display":"","ast-hfb-below-header-display":"","ast-hfb-mobile-header-display":"","site-post-title":"","ast-breadcrumbs-content":"","ast-featured-img":"","footer-sml-layout":"","ast-disable-related-posts":"","theme-transparent-header-meta":"default","adv-header-id-meta":"","stick-header-meta":"","header-above-stick-meta":"","header-main-stick-meta":"","header-below-stick-meta":"","astra-migrate-meta-layouts":"set","ast-page-background-enabled":"default","ast-page-background-meta":{"desktop":{"background-color":"","background-image":"","background-repeat":"repeat","background-position":"center center","background-size":"auto","background-attachment":"scroll","background-type":"","background-media":"","overlay-type":"","overlay-color":"","overlay-opacity":"","overlay-gradient":""},"tablet":{"background-color":"","background-image":"","background-repeat":"repeat","background-position":"center center","background-size":"auto","background-attachment":"scroll","background-type":"","background-media":"","overlay-type":"","overlay-color":"","overlay-opacity":"","overlay-gradient":""},"mobile":{"background-color":"","background-image":"","background-repeat":"repeat","background-position":"center center","background-size":"auto","background-attachment":"scroll","background-type":"","background-media":"","overlay-type":"","overlay-color":"","overlay-opacity":"","overlay-gradient":""}},"ast-content-background-meta":{"desktop":{"background-color":"var(--ast-global-color-5)","background-image":"","background-repeat":"repeat","background-position":"center center","background-size":"auto","background-attachment":"scroll","background-type":"","background-media":"","overlay-type":"","overlay-color":"","overlay-opacity":"","overlay-gradient":""},"tablet":{"background-color":"var(--ast-global-color-5)","background-image":"","background-repeat":"repeat","background-position":"center center","background-size":"auto","background-attachment":"scroll","background-type":"","background-media":"","overlay-type":"","overlay-color":"","overlay-opacity":"","overlay-gradient":""},"mobile":{"background-color":"var(--ast-global-color-5)","background-image":"","background-repeat":"repeat","background-position":"center center","background-size":"auto","background-attachment":"scroll","background-type":"","background-media":"","overlay-type":"","overlay-color":"","overlay-opacity":"","overlay-gradient":""}}},"product_brand":[349],"product_cat":[333],"product_tag":[295,361,369],"class_list":{"0":"post-8629","1":"product","2":"type-product","3":"status-publish","4":"has-post-thumbnail","6":"product_brand-sattva","7":"product_cat-soins-visages-corps","8":"product_tag-creme-de-nuit","9":"product_tag-serum-ayurvedique","10":"product_tag-serum-visage-de-nuit","11":"desktop-align-left","12":"tablet-align-left","13":"mobile-align-left","15":"first","16":"outofstock","17":"taxable","18":"shipping-taxable","19":"purchasable","20":"product-type-simple"},"yoast_head":"<!-- This site is optimized with the Yoast SEO plugin v27.5 - https:\/\/yoast.com\/product\/yoast-seo-wordpress\/ -->\n<title>Sattva Pro \u00c2ge cr\u00e8me de nuit 50 ml - Vedicare | Soins, Cures, Boutique ayurv\u00e9dique<\/title>\n<meta name=\"description\" content=\"S\u00e9lection de produits naturels et vegan. Soin visage, huiles ayurv\u00e9diques de massage, compl\u00e9ments alimentaires vegan.\" \/>\n<meta name=\"robots\" content=\"index, follow, max-snippet:-1, max-image-preview:large, max-video-preview:-1\" \/>\n<link rel=\"canonical\" href=\"https:\/\/www.ayurvedique.com\/vedicare-spa\/soins-visages-corps\/sattva-pro-age-creme-de-nuit-50-ml\/\" \/>\n<meta property=\"og:locale\" content=\"fr_FR\" \/>\n<meta property=\"og:type\" content=\"article\" \/>\n<meta property=\"og:title\" content=\"Sattva Pro \u00c2ge cr\u00e8me de nuit 50 ml - Vedicare | Soins, Cures, Boutique ayurv\u00e9dique\" \/>\n<meta property=\"og:description\" content=\"S\u00e9lection de produits naturels et vegan. Soin visage, huiles ayurv\u00e9diques de massage, compl\u00e9ments alimentaires vegan.\" \/>\n<meta property=\"og:url\" content=\"https:\/\/www.ayurvedique.com\/vedicare-spa\/soins-visages-corps\/sattva-pro-age-creme-de-nuit-50-ml\/\" \/>\n<meta property=\"og:site_name\" content=\"Vedicare | Soins, Cures, Boutique ayurv\u00e9dique\" \/>\n<meta property=\"article:publisher\" content=\"https:\/\/www.facebook.com\/Eco-gites-et-spa-Vedicare-146891845345782\/\" \/>\n<meta property=\"article:modified_time\" content=\"2026-04-27T12:38:45+00:00\" \/>\n<meta property=\"og:image\" content=\"https:\/\/www.ayurvedique.com\/vedicare-spa\/wp-content\/uploads\/logo_vedicare-noir-1.png\" \/>\n\t<meta property=\"og:image:width\" content=\"200\" \/>\n\t<meta property=\"og:image:height\" content=\"200\" \/>\n\t<meta property=\"og:image:type\" content=\"image\/png\" \/>\n<meta name=\"twitter:card\" content=\"summary_large_image\" \/>\n<meta name=\"twitter:label1\" content=\"Dur\u00e9e de lecture estim\u00e9e\" \/>\n\t<meta name=\"twitter:data1\" content=\"2 minutes\" \/>\n<script type=\"application\/ld+json\" class=\"yoast-schema-graph\">{\"@context\":\"https:\\\/\\\/schema.org\",\"@graph\":[{\"@type\":\"WebPage\",\"@id\":\"https:\\\/\\\/www.ayurvedique.com\\\/vedicare-spa\\\/soins-visages-corps\\\/sattva-pro-age-creme-de-nuit-50-ml\\\/\",\"url\":\"https:\\\/\\\/www.ayurvedique.com\\\/vedicare-spa\\\/soins-visages-corps\\\/sattva-pro-age-creme-de-nuit-50-ml\\\/\",\"name\":\"Sattva Pro \u00c2ge cr\u00e8me de nuit 50 ml - Vedicare | Soins, Cures, Boutique ayurv\u00e9dique\",\"isPartOf\":{\"@id\":\"https:\\\/\\\/www.ayurvedique.com\\\/vedicare-spa\\\/#website\"},\"primaryImageOfPage\":{\"@id\":\"https:\\\/\\\/www.ayurvedique.com\\\/vedicare-spa\\\/soins-visages-corps\\\/sattva-pro-age-creme-de-nuit-50-ml\\\/#primaryimage\"},\"image\":{\"@id\":\"https:\\\/\\\/www.ayurvedique.com\\\/vedicare-spa\\\/soins-visages-corps\\\/sattva-pro-age-creme-de-nuit-50-ml\\\/#primaryimage\"},\"thumbnailUrl\":\"https:\\\/\\\/www.ayurvedique.com\\\/vedicare-spa\\\/wp-content\\\/uploads\\\/pro-age-sattva-1-pdf.jpg\",\"datePublished\":\"2025-09-21T12:39:25+00:00\",\"dateModified\":\"2026-04-27T12:38:45+00:00\",\"description\":\"S\u00e9lection de produits naturels et vegan. Soin visage, huiles ayurv\u00e9diques de massage, compl\u00e9ments alimentaires vegan.\",\"breadcrumb\":{\"@id\":\"https:\\\/\\\/www.ayurvedique.com\\\/vedicare-spa\\\/soins-visages-corps\\\/sattva-pro-age-creme-de-nuit-50-ml\\\/#breadcrumb\"},\"inLanguage\":\"fr-FR\",\"potentialAction\":[{\"@type\":\"ReadAction\",\"target\":[\"https:\\\/\\\/www.ayurvedique.com\\\/vedicare-spa\\\/soins-visages-corps\\\/sattva-pro-age-creme-de-nuit-50-ml\\\/\"]}]},{\"@type\":\"ImageObject\",\"inLanguage\":\"fr-FR\",\"@id\":\"https:\\\/\\\/www.ayurvedique.com\\\/vedicare-spa\\\/soins-visages-corps\\\/sattva-pro-age-creme-de-nuit-50-ml\\\/#primaryimage\",\"url\":\"https:\\\/\\\/www.ayurvedique.com\\\/vedicare-spa\\\/wp-content\\\/uploads\\\/pro-age-sattva-1-pdf.jpg\",\"contentUrl\":\"https:\\\/\\\/www.ayurvedique.com\\\/vedicare-spa\\\/wp-content\\\/uploads\\\/pro-age-sattva-1-pdf.jpg\"},{\"@type\":\"BreadcrumbList\",\"@id\":\"https:\\\/\\\/www.ayurvedique.com\\\/vedicare-spa\\\/soins-visages-corps\\\/sattva-pro-age-creme-de-nuit-50-ml\\\/#breadcrumb\",\"itemListElement\":[{\"@type\":\"ListItem\",\"position\":1,\"name\":\"Accueil\",\"item\":\"https:\\\/\\\/www.ayurvedique.com\\\/vedicare-spa\\\/\"},{\"@type\":\"ListItem\",\"position\":2,\"name\":\"Boutique\",\"item\":\"https:\\\/\\\/www.ayurvedique.com\\\/vedicare-spa\\\/boutique\\\/\"},{\"@type\":\"ListItem\",\"position\":3,\"name\":\"Sattva Pro \u00c2ge cr\u00e8me de nuit 50 ml\"}]},{\"@type\":\"WebSite\",\"@id\":\"https:\\\/\\\/www.ayurvedique.com\\\/vedicare-spa\\\/#website\",\"url\":\"https:\\\/\\\/www.ayurvedique.com\\\/vedicare-spa\\\/\",\"name\":\"Vedicare | Soins, Cures, Boutique ayurv\u00e9dique\",\"description\":\"Produits naturels bio et vegan, Spa ayurvedique\",\"publisher\":{\"@id\":\"https:\\\/\\\/www.ayurvedique.com\\\/vedicare-spa\\\/#organization\"},\"alternateName\":\"Spa ayurv\u00e9dique et produits naturels\",\"potentialAction\":[{\"@type\":\"SearchAction\",\"target\":{\"@type\":\"EntryPoint\",\"urlTemplate\":\"https:\\\/\\\/www.ayurvedique.com\\\/vedicare-spa\\\/?s={search_term_string}\"},\"query-input\":{\"@type\":\"PropertyValueSpecification\",\"valueRequired\":true,\"valueName\":\"search_term_string\"}}],\"inLanguage\":\"fr-FR\"},{\"@type\":\"Organization\",\"@id\":\"https:\\\/\\\/www.ayurvedique.com\\\/vedicare-spa\\\/#organization\",\"name\":\"Vedicare\",\"url\":\"https:\\\/\\\/www.ayurvedique.com\\\/vedicare-spa\\\/\",\"logo\":{\"@type\":\"ImageObject\",\"inLanguage\":\"fr-FR\",\"@id\":\"https:\\\/\\\/www.ayurvedique.com\\\/vedicare-spa\\\/#\\\/schema\\\/logo\\\/image\\\/\",\"url\":\"https:\\\/\\\/www.ayurvedique.com\\\/vedicare-spa\\\/wp-content\\\/uploads\\\/logo_vedicare-1.png\",\"contentUrl\":\"https:\\\/\\\/www.ayurvedique.com\\\/vedicare-spa\\\/wp-content\\\/uploads\\\/logo_vedicare-1.png\",\"width\":142,\"height\":206,\"caption\":\"Vedicare\"},\"image\":{\"@id\":\"https:\\\/\\\/www.ayurvedique.com\\\/vedicare-spa\\\/#\\\/schema\\\/logo\\\/image\\\/\"},\"sameAs\":[\"https:\\\/\\\/www.facebook.com\\\/Eco-gites-et-spa-Vedicare-146891845345782\\\/\"]}]}<\/script>\n<!-- \/ Yoast SEO plugin. -->","yoast_head_json":{"title":"Sattva Pro \u00c2ge cr\u00e8me de nuit 50 ml - Vedicare | Soins, Cures, Boutique ayurv\u00e9dique","description":"S\u00e9lection de produits naturels et vegan. Soin visage, huiles ayurv\u00e9diques de massage, compl\u00e9ments alimentaires vegan.","robots":{"index":"index","follow":"follow","max-snippet":"max-snippet:-1","max-image-preview":"max-image-preview:large","max-video-preview":"max-video-preview:-1"},"canonical":"https:\/\/www.ayurvedique.com\/vedicare-spa\/soins-visages-corps\/sattva-pro-age-creme-de-nuit-50-ml\/","og_locale":"fr_FR","og_type":"article","og_title":"Sattva Pro \u00c2ge cr\u00e8me de nuit 50 ml - Vedicare | Soins, Cures, Boutique ayurv\u00e9dique","og_description":"S\u00e9lection de produits naturels et vegan. Soin visage, huiles ayurv\u00e9diques de massage, compl\u00e9ments alimentaires vegan.","og_url":"https:\/\/www.ayurvedique.com\/vedicare-spa\/soins-visages-corps\/sattva-pro-age-creme-de-nuit-50-ml\/","og_site_name":"Vedicare | Soins, Cures, Boutique ayurv\u00e9dique","article_publisher":"https:\/\/www.facebook.com\/Eco-gites-et-spa-Vedicare-146891845345782\/","article_modified_time":"2026-04-27T12:38:45+00:00","og_image":[{"width":200,"height":200,"url":"https:\/\/www.ayurvedique.com\/vedicare-spa\/wp-content\/uploads\/logo_vedicare-noir-1.png","type":"image\/png"}],"twitter_card":"summary_large_image","twitter_misc":{"Dur\u00e9e de lecture estim\u00e9e":"2 minutes"},"schema":{"@context":"https:\/\/schema.org","@graph":[{"@type":"WebPage","@id":"https:\/\/www.ayurvedique.com\/vedicare-spa\/soins-visages-corps\/sattva-pro-age-creme-de-nuit-50-ml\/","url":"https:\/\/www.ayurvedique.com\/vedicare-spa\/soins-visages-corps\/sattva-pro-age-creme-de-nuit-50-ml\/","name":"Sattva Pro \u00c2ge cr\u00e8me de nuit 50 ml - Vedicare | Soins, Cures, Boutique ayurv\u00e9dique","isPartOf":{"@id":"https:\/\/www.ayurvedique.com\/vedicare-spa\/#website"},"primaryImageOfPage":{"@id":"https:\/\/www.ayurvedique.com\/vedicare-spa\/soins-visages-corps\/sattva-pro-age-creme-de-nuit-50-ml\/#primaryimage"},"image":{"@id":"https:\/\/www.ayurvedique.com\/vedicare-spa\/soins-visages-corps\/sattva-pro-age-creme-de-nuit-50-ml\/#primaryimage"},"thumbnailUrl":"https:\/\/www.ayurvedique.com\/vedicare-spa\/wp-content\/uploads\/pro-age-sattva-1-pdf.jpg","datePublished":"2025-09-21T12:39:25+00:00","dateModified":"2026-04-27T12:38:45+00:00","description":"S\u00e9lection de produits naturels et vegan. Soin visage, huiles ayurv\u00e9diques de massage, compl\u00e9ments alimentaires vegan.","breadcrumb":{"@id":"https:\/\/www.ayurvedique.com\/vedicare-spa\/soins-visages-corps\/sattva-pro-age-creme-de-nuit-50-ml\/#breadcrumb"},"inLanguage":"fr-FR","potentialAction":[{"@type":"ReadAction","target":["https:\/\/www.ayurvedique.com\/vedicare-spa\/soins-visages-corps\/sattva-pro-age-creme-de-nuit-50-ml\/"]}]},{"@type":"ImageObject","inLanguage":"fr-FR","@id":"https:\/\/www.ayurvedique.com\/vedicare-spa\/soins-visages-corps\/sattva-pro-age-creme-de-nuit-50-ml\/#primaryimage","url":"https:\/\/www.ayurvedique.com\/vedicare-spa\/wp-content\/uploads\/pro-age-sattva-1-pdf.jpg","contentUrl":"https:\/\/www.ayurvedique.com\/vedicare-spa\/wp-content\/uploads\/pro-age-sattva-1-pdf.jpg"},{"@type":"BreadcrumbList","@id":"https:\/\/www.ayurvedique.com\/vedicare-spa\/soins-visages-corps\/sattva-pro-age-creme-de-nuit-50-ml\/#breadcrumb","itemListElement":[{"@type":"ListItem","position":1,"name":"Accueil","item":"https:\/\/www.ayurvedique.com\/vedicare-spa\/"},{"@type":"ListItem","position":2,"name":"Boutique","item":"https:\/\/www.ayurvedique.com\/vedicare-spa\/boutique\/"},{"@type":"ListItem","position":3,"name":"Sattva Pro \u00c2ge cr\u00e8me de nuit 50 ml"}]},{"@type":"WebSite","@id":"https:\/\/www.ayurvedique.com\/vedicare-spa\/#website","url":"https:\/\/www.ayurvedique.com\/vedicare-spa\/","name":"Vedicare | Soins, Cures, Boutique ayurv\u00e9dique","description":"Produits naturels bio et vegan, Spa ayurvedique","publisher":{"@id":"https:\/\/www.ayurvedique.com\/vedicare-spa\/#organization"},"alternateName":"Spa ayurv\u00e9dique et produits naturels","potentialAction":[{"@type":"SearchAction","target":{"@type":"EntryPoint","urlTemplate":"https:\/\/www.ayurvedique.com\/vedicare-spa\/?s={search_term_string}"},"query-input":{"@type":"PropertyValueSpecification","valueRequired":true,"valueName":"search_term_string"}}],"inLanguage":"fr-FR"},{"@type":"Organization","@id":"https:\/\/www.ayurvedique.com\/vedicare-spa\/#organization","name":"Vedicare","url":"https:\/\/www.ayurvedique.com\/vedicare-spa\/","logo":{"@type":"ImageObject","inLanguage":"fr-FR","@id":"https:\/\/www.ayurvedique.com\/vedicare-spa\/#\/schema\/logo\/image\/","url":"https:\/\/www.ayurvedique.com\/vedicare-spa\/wp-content\/uploads\/logo_vedicare-1.png","contentUrl":"https:\/\/www.ayurvedique.com\/vedicare-spa\/wp-content\/uploads\/logo_vedicare-1.png","width":142,"height":206,"caption":"Vedicare"},"image":{"@id":"https:\/\/www.ayurvedique.com\/vedicare-spa\/#\/schema\/logo\/image\/"},"sameAs":["https:\/\/www.facebook.com\/Eco-gites-et-spa-Vedicare-146891845345782\/"]}]}},"uagb_featured_image_src":{"full":["https:\/\/www.ayurvedique.com\/vedicare-spa\/wp-content\/uploads\/pro-age-sattva-1-pdf.jpg",667,559,true],"thumbnail":["https:\/\/www.ayurvedique.com\/vedicare-spa\/wp-content\/uploads\/pro-age-sattva-1-pdf-150x126.jpg",150,126,true],"medium":["https:\/\/www.ayurvedique.com\/vedicare-spa\/wp-content\/uploads\/pro-age-sattva-1-pdf.jpg",667,559,false],"medium_large":["https:\/\/www.ayurvedique.com\/vedicare-spa\/wp-content\/uploads\/pro-age-sattva-1-pdf.jpg",667,559,false],"large":["https:\/\/www.ayurvedique.com\/vedicare-spa\/wp-content\/uploads\/pro-age-sattva-1-pdf.jpg",667,559,false],"1536x1536":["https:\/\/www.ayurvedique.com\/vedicare-spa\/wp-content\/uploads\/pro-age-sattva-1-pdf.jpg",667,559,false],"2048x2048":["https:\/\/www.ayurvedique.com\/vedicare-spa\/wp-content\/uploads\/pro-age-sattva-1-pdf.jpg",667,559,false],"rpwe-thumbnail":["https:\/\/www.ayurvedique.com\/vedicare-spa\/wp-content\/uploads\/pro-age-sattva-1-pdf.jpg",45,38,false],"woocommerce_thumbnail":["https:\/\/www.ayurvedique.com\/vedicare-spa\/wp-content\/uploads\/pro-age-sattva-1-pdf.jpg",300,251,false],"woocommerce_single":["https:\/\/www.ayurvedique.com\/vedicare-spa\/wp-content\/uploads\/pro-age-sattva-1-pdf.jpg",600,503,false],"woocommerce_gallery_thumbnail":["https:\/\/www.ayurvedique.com\/vedicare-spa\/wp-content\/uploads\/pro-age-sattva-1-pdf.jpg",100,84,false]},"uagb_author_info":{"display_name":"Claire","author_link":"https:\/\/www.ayurvedique.com\/vedicare-spa\/author\/"},"uagb_comment_info":0,"uagb_excerpt":"Cr\u00e8me de nuit ayurvedique dan sun flacon pompe de 50 ml. pour tout type de peau Les b\u00e9n\u00e9fices de l'usage r\u00e9gulier de cette cr\u00e8me sont nombreux : apaise les rougeurs et imperfections de la peau gr\u00e2ce au Magn\u00e9sium \u00c9clat gr\u00e2ce \u00e0 l'huile de Kumkumadi R\u00e9duction des imperfections: les plantes ayurv\u00e9diques de cette formule sont le\u2026","_links":{"self":[{"href":"https:\/\/www.ayurvedique.com\/vedicare-spa\/wp-json\/wp\/v2\/product\/8629","targetHints":{"allow":["GET"]}}],"collection":[{"href":"https:\/\/www.ayurvedique.com\/vedicare-spa\/wp-json\/wp\/v2\/product"}],"about":[{"href":"https:\/\/www.ayurvedique.com\/vedicare-spa\/wp-json\/wp\/v2\/types\/product"}],"replies":[{"embeddable":true,"href":"https:\/\/www.ayurvedique.com\/vedicare-spa\/wp-json\/wp\/v2\/comments?post=8629"}],"wp:featuredmedia":[{"embeddable":true,"href":"https:\/\/www.ayurvedique.com\/vedicare-spa\/wp-json\/wp\/v2\/media\/8630"}],"wp:attachment":[{"href":"https:\/\/www.ayurvedique.com\/vedicare-spa\/wp-json\/wp\/v2\/media?parent=8629"}],"wp:term":[{"taxonomy":"product_brand","embeddable":true,"href":"https:\/\/www.ayurvedique.com\/vedicare-spa\/wp-json\/wp\/v2\/product_brand?post=8629"},{"taxonomy":"product_cat","embeddable":true,"href":"https:\/\/www.ayurvedique.com\/vedicare-spa\/wp-json\/wp\/v2\/product_cat?post=8629"},{"taxonomy":"product_tag","embeddable":true,"href":"https:\/\/www.ayurvedique.com\/vedicare-spa\/wp-json\/wp\/v2\/product_tag?post=8629"}],"curies":[{"name":"wp","href":"https:\/\/api.w.org\/{rel}","templated":true}]}}