{"id":8626,"date":"2025-09-22T09:17:51","date_gmt":"2025-09-22T07:17:51","guid":{"rendered":"https:\/\/www.ayurvedique.com\/vedicare-spa\/?post_type=product&#038;p=8626"},"modified":"2026-02-20T18:47:01","modified_gmt":"2026-02-20T17:47:01","slug":"elixir-ayur-glow-facial-complexe-mineral-au-curcuma-30-ml","status":"publish","type":"product","link":"https:\/\/www.ayurvedique.com\/vedicare-spa\/soins-visages-corps\/elixir-ayur-glow-facial-complexe-mineral-au-curcuma-30-ml\/","title":{"rendered":"Elixir Ayur glow facial,  complexe mineral  au curcuma  30 ml"},"content":{"rendered":"<p><strong>Un s\u00e9rum l\u00e9ger et nourrissant contenant un complexe de min\u00e9raux (cuivre, magnesium, zinc), d&rsquo;acide hyaluronique, de vitamin C and d&rsquo;extrait de Curcuma pour un soin complet quotidien.<\/strong><\/p>\n<p>Convient \u00e0 tout type de peau, pour une routine ayurv\u00e9dique journali\u00e8re. Ce s\u00e9rum d\u00e9livre le pouvoir des min\u00e9raux et antioxydants associ\u00e9 au Curcuma.<br \/>\n<strong>Les effets :<\/strong><br \/>\nLe complexe min\u00e9ral joue un r\u00f4le crucial dans le maintien de la beaut\u00e9 et de la vitalit\u00e9 de la peau. le Cuivre maintient la production de collag\u00e8ne, augmente l&rsquo;\u00e9lasticit\u00e9 et fait paraitre la peau plus jeune.Le Magnesium aide \u00e0 l&rsquo;harmonisation des fonctions de la peau, r\u00e9duisant les rougeurs, quand le Zinc r\u00e9gule la production de s\u00e9bum et agit comme un protecteur naturel contre les U V. Ce trio renforce le d\u00e9fenses immunitaires de votre peau.<\/p>\n<p>L&rsquo;acide hyaluronique est un champion de l&rsquo;hydratation pour conserver \u00e0 la peau sa fermet\u00e9 tout au long de la journ\u00e9e. Il est connu pour r\u00e9duire les ridules et l&rsquo;aspect froiss\u00e9.<\/p>\n<p>La Vitamine C est un antioxydant qui illumine le teint et r\u00e9duit les imperfections ainsi que les effets n\u00e9fastes du soleil en stimulant la production de collag\u00e8ne.<\/p>\n<p>L&rsquo;extrait de la racine de Curcuma poss\u00e8de aussi des vertus anti-inflammatoire et anti-oxydante, apaisant les irritations, les rougeurs et am\u00e9liore le teint graduellement.<\/p>\n<p>Application:<br \/>\nAppliquer sur une peau nette matin et soir en massant du bout des doigts jusqu&rsquo;\u00e0 compl\u00e8te absorption. Ce s\u00e9rum s&rsquo;utilise seul ou avant votre cr\u00e8me hydratante.<\/p>\n<p>Ingr\u00e9dients:<\/p>\n<p>AQUA, NIACINAMIDE, 3-O-ETHYL ASCORBIC ACID, CURCUMA LONGA ROOT EXTRACT, PROPANEDIOL, BETAINE, SACCHARIDE ISOMERATE, PANTHENOL, HYALURONIC ACID, GLYCOLIC ACID, PHENOXYETHANOL, ETHYLHEXYLGLYCERIN, MAGNESIUM ASPARTATE, GLUCONATE, COPPER GLUCONATE, SCLEROTIUM GUM, SODIUM GLUCONATE , PARFUM, CITRIC ACID, SODIUM CITRATE.<\/p>\n","protected":false},"excerpt":{"rendered":"<p>L&rsquo;acide hyaluronique est un champion de l&rsquo;hydratation pour conserver \u00e0 la peau sa fermet\u00e9 tout au long de la journ\u00e9e. Il est connu pour r\u00e9duire les ridules et l&rsquo;aspect froiss\u00e9.<\/p>\n<p>La Vitamine C est un antioxydant qui illumine le teint et r\u00e9duit les imperfections ainsi que les effets n\u00e9fastes du soleil en stimulant la production de collag\u00e8ne.<\/p>\n<p>L&rsquo;extrait de la racine de Curcuma poss\u00e8de aussi des vertus anti-inflammatoire et anti-oxydante, apaisant les irritations, les rougeurs et am\u00e9liore le teint graduellement.<\/p>\n<p>&nbsp;<\/p>\n","protected":false},"featured_media":8627,"comment_status":"closed","ping_status":"closed","template":"","meta":{"_uag_custom_page_level_css":"","site-sidebar-layout":"default","site-content-layout":"","ast-site-content-layout":"default","site-content-style":"default","site-sidebar-style":"default","ast-global-header-display":"","ast-banner-title-visibility":"","ast-main-header-display":"","ast-hfb-above-header-display":"","ast-hfb-below-header-display":"","ast-hfb-mobile-header-display":"","site-post-title":"","ast-breadcrumbs-content":"","ast-featured-img":"","footer-sml-layout":"","ast-disable-related-posts":"","theme-transparent-header-meta":"default","adv-header-id-meta":"","stick-header-meta":"","header-above-stick-meta":"","header-main-stick-meta":"","header-below-stick-meta":"","astra-migrate-meta-layouts":"set","ast-page-background-enabled":"default","ast-page-background-meta":{"desktop":{"background-color":"","background-image":"","background-repeat":"repeat","background-position":"center center","background-size":"auto","background-attachment":"scroll","background-type":"","background-media":"","overlay-type":"","overlay-color":"","overlay-opacity":"","overlay-gradient":""},"tablet":{"background-color":"","background-image":"","background-repeat":"repeat","background-position":"center center","background-size":"auto","background-attachment":"scroll","background-type":"","background-media":"","overlay-type":"","overlay-color":"","overlay-opacity":"","overlay-gradient":""},"mobile":{"background-color":"","background-image":"","background-repeat":"repeat","background-position":"center center","background-size":"auto","background-attachment":"scroll","background-type":"","background-media":"","overlay-type":"","overlay-color":"","overlay-opacity":"","overlay-gradient":""}},"ast-content-background-meta":{"desktop":{"background-color":"var(--ast-global-color-5)","background-image":"","background-repeat":"repeat","background-position":"center center","background-size":"auto","background-attachment":"scroll","background-type":"","background-media":"","overlay-type":"","overlay-color":"","overlay-opacity":"","overlay-gradient":""},"tablet":{"background-color":"var(--ast-global-color-5)","background-image":"","background-repeat":"repeat","background-position":"center center","background-size":"auto","background-attachment":"scroll","background-type":"","background-media":"","overlay-type":"","overlay-color":"","overlay-opacity":"","overlay-gradient":""},"mobile":{"background-color":"var(--ast-global-color-5)","background-image":"","background-repeat":"repeat","background-position":"center center","background-size":"auto","background-attachment":"scroll","background-type":"","background-media":"","overlay-type":"","overlay-color":"","overlay-opacity":"","overlay-gradient":""}}},"product_brand":[349],"product_cat":[333],"product_tag":[361,362,363],"class_list":{"0":"post-8626","1":"product","2":"type-product","3":"status-publish","4":"has-post-thumbnail","6":"product_brand-sattva","7":"product_cat-soins-visages-corps","8":"product_tag-serum-ayurvedique","9":"product_tag-serum-mineral-au-curcuma","10":"product_tag-soin-visage-ayurvedique","11":"desktop-align-left","12":"tablet-align-left","13":"mobile-align-left","15":"first","16":"instock","17":"taxable","18":"shipping-taxable","19":"purchasable","20":"product-type-simple"},"yoast_head":"<!-- This site is optimized with the Yoast SEO plugin v27.5 - https:\/\/yoast.com\/product\/yoast-seo-wordpress\/ -->\n<title>Elixir Ayur glow facial, complexe mineral au curcuma 30 ml - Vedicare | Soins, Cures, Boutique ayurv\u00e9dique<\/title>\n<meta name=\"description\" content=\"S\u00e9lection de produits naturels et vegan. Soin visage, huiles ayurv\u00e9diques de massage, compl\u00e9ments alimentaires vegan.\" \/>\n<meta name=\"robots\" content=\"index, follow, max-snippet:-1, max-image-preview:large, max-video-preview:-1\" \/>\n<link rel=\"canonical\" href=\"https:\/\/www.ayurvedique.com\/vedicare-spa\/soins-visages-corps\/elixir-ayur-glow-facial-complexe-mineral-au-curcuma-30-ml\/\" \/>\n<meta property=\"og:locale\" content=\"fr_FR\" \/>\n<meta property=\"og:type\" content=\"article\" \/>\n<meta property=\"og:title\" content=\"Elixir Ayur glow facial, complexe mineral au curcuma 30 ml - Vedicare | Soins, Cures, Boutique ayurv\u00e9dique\" \/>\n<meta property=\"og:description\" content=\"S\u00e9lection de produits naturels et vegan. Soin visage, huiles ayurv\u00e9diques de massage, compl\u00e9ments alimentaires vegan.\" \/>\n<meta property=\"og:url\" content=\"https:\/\/www.ayurvedique.com\/vedicare-spa\/soins-visages-corps\/elixir-ayur-glow-facial-complexe-mineral-au-curcuma-30-ml\/\" \/>\n<meta property=\"og:site_name\" content=\"Vedicare | Soins, Cures, Boutique ayurv\u00e9dique\" \/>\n<meta property=\"article:publisher\" content=\"https:\/\/www.facebook.com\/Eco-gites-et-spa-Vedicare-146891845345782\/\" \/>\n<meta property=\"article:modified_time\" content=\"2026-02-20T17:47:01+00:00\" \/>\n<meta property=\"og:image\" content=\"https:\/\/www.ayurvedique.com\/vedicare-spa\/wp-content\/uploads\/Ayur-glow-serum.png\" \/>\n\t<meta property=\"og:image:width\" content=\"500\" \/>\n\t<meta property=\"og:image:height\" content=\"437\" \/>\n\t<meta property=\"og:image:type\" content=\"image\/png\" \/>\n<meta name=\"twitter:card\" content=\"summary_large_image\" \/>\n<meta name=\"twitter:label1\" content=\"Dur\u00e9e de lecture estim\u00e9e\" \/>\n\t<meta name=\"twitter:data1\" content=\"2 minutes\" \/>\n<script type=\"application\/ld+json\" class=\"yoast-schema-graph\">{\"@context\":\"https:\\\/\\\/schema.org\",\"@graph\":[{\"@type\":\"WebPage\",\"@id\":\"https:\\\/\\\/www.ayurvedique.com\\\/vedicare-spa\\\/soins-visages-corps\\\/elixir-ayur-glow-facial-complexe-mineral-au-curcuma-30-ml\\\/\",\"url\":\"https:\\\/\\\/www.ayurvedique.com\\\/vedicare-spa\\\/soins-visages-corps\\\/elixir-ayur-glow-facial-complexe-mineral-au-curcuma-30-ml\\\/\",\"name\":\"Elixir Ayur glow facial, complexe mineral au curcuma 30 ml - Vedicare | Soins, Cures, Boutique ayurv\u00e9dique\",\"isPartOf\":{\"@id\":\"https:\\\/\\\/www.ayurvedique.com\\\/vedicare-spa\\\/#website\"},\"primaryImageOfPage\":{\"@id\":\"https:\\\/\\\/www.ayurvedique.com\\\/vedicare-spa\\\/soins-visages-corps\\\/elixir-ayur-glow-facial-complexe-mineral-au-curcuma-30-ml\\\/#primaryimage\"},\"image\":{\"@id\":\"https:\\\/\\\/www.ayurvedique.com\\\/vedicare-spa\\\/soins-visages-corps\\\/elixir-ayur-glow-facial-complexe-mineral-au-curcuma-30-ml\\\/#primaryimage\"},\"thumbnailUrl\":\"https:\\\/\\\/www.ayurvedique.com\\\/vedicare-spa\\\/wp-content\\\/uploads\\\/Ayur-glow-serum.png\",\"datePublished\":\"2025-09-22T07:17:51+00:00\",\"dateModified\":\"2026-02-20T17:47:01+00:00\",\"description\":\"S\u00e9lection de produits naturels et vegan. Soin visage, huiles ayurv\u00e9diques de massage, compl\u00e9ments alimentaires vegan.\",\"breadcrumb\":{\"@id\":\"https:\\\/\\\/www.ayurvedique.com\\\/vedicare-spa\\\/soins-visages-corps\\\/elixir-ayur-glow-facial-complexe-mineral-au-curcuma-30-ml\\\/#breadcrumb\"},\"inLanguage\":\"fr-FR\",\"potentialAction\":[{\"@type\":\"ReadAction\",\"target\":[\"https:\\\/\\\/www.ayurvedique.com\\\/vedicare-spa\\\/soins-visages-corps\\\/elixir-ayur-glow-facial-complexe-mineral-au-curcuma-30-ml\\\/\"]}]},{\"@type\":\"ImageObject\",\"inLanguage\":\"fr-FR\",\"@id\":\"https:\\\/\\\/www.ayurvedique.com\\\/vedicare-spa\\\/soins-visages-corps\\\/elixir-ayur-glow-facial-complexe-mineral-au-curcuma-30-ml\\\/#primaryimage\",\"url\":\"https:\\\/\\\/www.ayurvedique.com\\\/vedicare-spa\\\/wp-content\\\/uploads\\\/Ayur-glow-serum.png\",\"contentUrl\":\"https:\\\/\\\/www.ayurvedique.com\\\/vedicare-spa\\\/wp-content\\\/uploads\\\/Ayur-glow-serum.png\",\"width\":500,\"height\":437},{\"@type\":\"BreadcrumbList\",\"@id\":\"https:\\\/\\\/www.ayurvedique.com\\\/vedicare-spa\\\/soins-visages-corps\\\/elixir-ayur-glow-facial-complexe-mineral-au-curcuma-30-ml\\\/#breadcrumb\",\"itemListElement\":[{\"@type\":\"ListItem\",\"position\":1,\"name\":\"Accueil\",\"item\":\"https:\\\/\\\/www.ayurvedique.com\\\/vedicare-spa\\\/\"},{\"@type\":\"ListItem\",\"position\":2,\"name\":\"Boutique\",\"item\":\"https:\\\/\\\/www.ayurvedique.com\\\/vedicare-spa\\\/boutique\\\/\"},{\"@type\":\"ListItem\",\"position\":3,\"name\":\"Elixir Ayur glow facial, complexe mineral au curcuma 30 ml\"}]},{\"@type\":\"WebSite\",\"@id\":\"https:\\\/\\\/www.ayurvedique.com\\\/vedicare-spa\\\/#website\",\"url\":\"https:\\\/\\\/www.ayurvedique.com\\\/vedicare-spa\\\/\",\"name\":\"Vedicare | Soins, Cures, Boutique ayurv\u00e9dique\",\"description\":\"Produits naturels bio et vegan, Spa ayurvedique\",\"publisher\":{\"@id\":\"https:\\\/\\\/www.ayurvedique.com\\\/vedicare-spa\\\/#organization\"},\"alternateName\":\"Spa ayurv\u00e9dique et produits naturels\",\"potentialAction\":[{\"@type\":\"SearchAction\",\"target\":{\"@type\":\"EntryPoint\",\"urlTemplate\":\"https:\\\/\\\/www.ayurvedique.com\\\/vedicare-spa\\\/?s={search_term_string}\"},\"query-input\":{\"@type\":\"PropertyValueSpecification\",\"valueRequired\":true,\"valueName\":\"search_term_string\"}}],\"inLanguage\":\"fr-FR\"},{\"@type\":\"Organization\",\"@id\":\"https:\\\/\\\/www.ayurvedique.com\\\/vedicare-spa\\\/#organization\",\"name\":\"Vedicare\",\"url\":\"https:\\\/\\\/www.ayurvedique.com\\\/vedicare-spa\\\/\",\"logo\":{\"@type\":\"ImageObject\",\"inLanguage\":\"fr-FR\",\"@id\":\"https:\\\/\\\/www.ayurvedique.com\\\/vedicare-spa\\\/#\\\/schema\\\/logo\\\/image\\\/\",\"url\":\"https:\\\/\\\/www.ayurvedique.com\\\/vedicare-spa\\\/wp-content\\\/uploads\\\/logo_vedicare-1.png\",\"contentUrl\":\"https:\\\/\\\/www.ayurvedique.com\\\/vedicare-spa\\\/wp-content\\\/uploads\\\/logo_vedicare-1.png\",\"width\":142,\"height\":206,\"caption\":\"Vedicare\"},\"image\":{\"@id\":\"https:\\\/\\\/www.ayurvedique.com\\\/vedicare-spa\\\/#\\\/schema\\\/logo\\\/image\\\/\"},\"sameAs\":[\"https:\\\/\\\/www.facebook.com\\\/Eco-gites-et-spa-Vedicare-146891845345782\\\/\"]}]}<\/script>\n<!-- \/ Yoast SEO plugin. -->","yoast_head_json":{"title":"Elixir Ayur glow facial, complexe mineral au curcuma 30 ml - Vedicare | Soins, Cures, Boutique ayurv\u00e9dique","description":"S\u00e9lection de produits naturels et vegan. Soin visage, huiles ayurv\u00e9diques de massage, compl\u00e9ments alimentaires vegan.","robots":{"index":"index","follow":"follow","max-snippet":"max-snippet:-1","max-image-preview":"max-image-preview:large","max-video-preview":"max-video-preview:-1"},"canonical":"https:\/\/www.ayurvedique.com\/vedicare-spa\/soins-visages-corps\/elixir-ayur-glow-facial-complexe-mineral-au-curcuma-30-ml\/","og_locale":"fr_FR","og_type":"article","og_title":"Elixir Ayur glow facial, complexe mineral au curcuma 30 ml - Vedicare | Soins, Cures, Boutique ayurv\u00e9dique","og_description":"S\u00e9lection de produits naturels et vegan. Soin visage, huiles ayurv\u00e9diques de massage, compl\u00e9ments alimentaires vegan.","og_url":"https:\/\/www.ayurvedique.com\/vedicare-spa\/soins-visages-corps\/elixir-ayur-glow-facial-complexe-mineral-au-curcuma-30-ml\/","og_site_name":"Vedicare | Soins, Cures, Boutique ayurv\u00e9dique","article_publisher":"https:\/\/www.facebook.com\/Eco-gites-et-spa-Vedicare-146891845345782\/","article_modified_time":"2026-02-20T17:47:01+00:00","og_image":[{"width":500,"height":437,"url":"https:\/\/www.ayurvedique.com\/vedicare-spa\/wp-content\/uploads\/Ayur-glow-serum.png","type":"image\/png"}],"twitter_card":"summary_large_image","twitter_misc":{"Dur\u00e9e de lecture estim\u00e9e":"2 minutes"},"schema":{"@context":"https:\/\/schema.org","@graph":[{"@type":"WebPage","@id":"https:\/\/www.ayurvedique.com\/vedicare-spa\/soins-visages-corps\/elixir-ayur-glow-facial-complexe-mineral-au-curcuma-30-ml\/","url":"https:\/\/www.ayurvedique.com\/vedicare-spa\/soins-visages-corps\/elixir-ayur-glow-facial-complexe-mineral-au-curcuma-30-ml\/","name":"Elixir Ayur glow facial, complexe mineral au curcuma 30 ml - Vedicare | Soins, Cures, Boutique ayurv\u00e9dique","isPartOf":{"@id":"https:\/\/www.ayurvedique.com\/vedicare-spa\/#website"},"primaryImageOfPage":{"@id":"https:\/\/www.ayurvedique.com\/vedicare-spa\/soins-visages-corps\/elixir-ayur-glow-facial-complexe-mineral-au-curcuma-30-ml\/#primaryimage"},"image":{"@id":"https:\/\/www.ayurvedique.com\/vedicare-spa\/soins-visages-corps\/elixir-ayur-glow-facial-complexe-mineral-au-curcuma-30-ml\/#primaryimage"},"thumbnailUrl":"https:\/\/www.ayurvedique.com\/vedicare-spa\/wp-content\/uploads\/Ayur-glow-serum.png","datePublished":"2025-09-22T07:17:51+00:00","dateModified":"2026-02-20T17:47:01+00:00","description":"S\u00e9lection de produits naturels et vegan. Soin visage, huiles ayurv\u00e9diques de massage, compl\u00e9ments alimentaires vegan.","breadcrumb":{"@id":"https:\/\/www.ayurvedique.com\/vedicare-spa\/soins-visages-corps\/elixir-ayur-glow-facial-complexe-mineral-au-curcuma-30-ml\/#breadcrumb"},"inLanguage":"fr-FR","potentialAction":[{"@type":"ReadAction","target":["https:\/\/www.ayurvedique.com\/vedicare-spa\/soins-visages-corps\/elixir-ayur-glow-facial-complexe-mineral-au-curcuma-30-ml\/"]}]},{"@type":"ImageObject","inLanguage":"fr-FR","@id":"https:\/\/www.ayurvedique.com\/vedicare-spa\/soins-visages-corps\/elixir-ayur-glow-facial-complexe-mineral-au-curcuma-30-ml\/#primaryimage","url":"https:\/\/www.ayurvedique.com\/vedicare-spa\/wp-content\/uploads\/Ayur-glow-serum.png","contentUrl":"https:\/\/www.ayurvedique.com\/vedicare-spa\/wp-content\/uploads\/Ayur-glow-serum.png","width":500,"height":437},{"@type":"BreadcrumbList","@id":"https:\/\/www.ayurvedique.com\/vedicare-spa\/soins-visages-corps\/elixir-ayur-glow-facial-complexe-mineral-au-curcuma-30-ml\/#breadcrumb","itemListElement":[{"@type":"ListItem","position":1,"name":"Accueil","item":"https:\/\/www.ayurvedique.com\/vedicare-spa\/"},{"@type":"ListItem","position":2,"name":"Boutique","item":"https:\/\/www.ayurvedique.com\/vedicare-spa\/boutique\/"},{"@type":"ListItem","position":3,"name":"Elixir Ayur glow facial, complexe mineral au curcuma 30 ml"}]},{"@type":"WebSite","@id":"https:\/\/www.ayurvedique.com\/vedicare-spa\/#website","url":"https:\/\/www.ayurvedique.com\/vedicare-spa\/","name":"Vedicare | Soins, Cures, Boutique ayurv\u00e9dique","description":"Produits naturels bio et vegan, Spa ayurvedique","publisher":{"@id":"https:\/\/www.ayurvedique.com\/vedicare-spa\/#organization"},"alternateName":"Spa ayurv\u00e9dique et produits naturels","potentialAction":[{"@type":"SearchAction","target":{"@type":"EntryPoint","urlTemplate":"https:\/\/www.ayurvedique.com\/vedicare-spa\/?s={search_term_string}"},"query-input":{"@type":"PropertyValueSpecification","valueRequired":true,"valueName":"search_term_string"}}],"inLanguage":"fr-FR"},{"@type":"Organization","@id":"https:\/\/www.ayurvedique.com\/vedicare-spa\/#organization","name":"Vedicare","url":"https:\/\/www.ayurvedique.com\/vedicare-spa\/","logo":{"@type":"ImageObject","inLanguage":"fr-FR","@id":"https:\/\/www.ayurvedique.com\/vedicare-spa\/#\/schema\/logo\/image\/","url":"https:\/\/www.ayurvedique.com\/vedicare-spa\/wp-content\/uploads\/logo_vedicare-1.png","contentUrl":"https:\/\/www.ayurvedique.com\/vedicare-spa\/wp-content\/uploads\/logo_vedicare-1.png","width":142,"height":206,"caption":"Vedicare"},"image":{"@id":"https:\/\/www.ayurvedique.com\/vedicare-spa\/#\/schema\/logo\/image\/"},"sameAs":["https:\/\/www.facebook.com\/Eco-gites-et-spa-Vedicare-146891845345782\/"]}]}},"uagb_featured_image_src":{"full":["https:\/\/www.ayurvedique.com\/vedicare-spa\/wp-content\/uploads\/Ayur-glow-serum.png",500,437,false],"thumbnail":["https:\/\/www.ayurvedique.com\/vedicare-spa\/wp-content\/uploads\/Ayur-glow-serum-150x150.png",150,150,true],"medium":["https:\/\/www.ayurvedique.com\/vedicare-spa\/wp-content\/uploads\/Ayur-glow-serum.png",500,437,false],"medium_large":["https:\/\/www.ayurvedique.com\/vedicare-spa\/wp-content\/uploads\/Ayur-glow-serum.png",500,437,false],"large":["https:\/\/www.ayurvedique.com\/vedicare-spa\/wp-content\/uploads\/Ayur-glow-serum.png",500,437,false],"1536x1536":["https:\/\/www.ayurvedique.com\/vedicare-spa\/wp-content\/uploads\/Ayur-glow-serum.png",500,437,false],"2048x2048":["https:\/\/www.ayurvedique.com\/vedicare-spa\/wp-content\/uploads\/Ayur-glow-serum.png",500,437,false],"rpwe-thumbnail":["https:\/\/www.ayurvedique.com\/vedicare-spa\/wp-content\/uploads\/Ayur-glow-serum-45x45.png",45,45,true],"woocommerce_thumbnail":["https:\/\/www.ayurvedique.com\/vedicare-spa\/wp-content\/uploads\/Ayur-glow-serum-300x300.png",300,300,true],"woocommerce_single":["https:\/\/www.ayurvedique.com\/vedicare-spa\/wp-content\/uploads\/Ayur-glow-serum.png",500,437,false],"woocommerce_gallery_thumbnail":["https:\/\/www.ayurvedique.com\/vedicare-spa\/wp-content\/uploads\/Ayur-glow-serum-100x100.png",100,100,true]},"uagb_author_info":{"display_name":"Claire","author_link":"https:\/\/www.ayurvedique.com\/vedicare-spa\/author\/"},"uagb_comment_info":0,"uagb_excerpt":"L'acide hyaluronique est un champion de l'hydratation pour conserver \u00e0 la peau sa fermet\u00e9 tout au long de la journ\u00e9e. Il est connu pour r\u00e9duire les ridules et l'aspect froiss\u00e9. La Vitamine C est un antioxydant qui illumine le teint et r\u00e9duit les imperfections ainsi que les effets n\u00e9fastes du soleil en stimulant la production\u2026","_links":{"self":[{"href":"https:\/\/www.ayurvedique.com\/vedicare-spa\/wp-json\/wp\/v2\/product\/8626","targetHints":{"allow":["GET"]}}],"collection":[{"href":"https:\/\/www.ayurvedique.com\/vedicare-spa\/wp-json\/wp\/v2\/product"}],"about":[{"href":"https:\/\/www.ayurvedique.com\/vedicare-spa\/wp-json\/wp\/v2\/types\/product"}],"replies":[{"embeddable":true,"href":"https:\/\/www.ayurvedique.com\/vedicare-spa\/wp-json\/wp\/v2\/comments?post=8626"}],"wp:featuredmedia":[{"embeddable":true,"href":"https:\/\/www.ayurvedique.com\/vedicare-spa\/wp-json\/wp\/v2\/media\/8627"}],"wp:attachment":[{"href":"https:\/\/www.ayurvedique.com\/vedicare-spa\/wp-json\/wp\/v2\/media?parent=8626"}],"wp:term":[{"taxonomy":"product_brand","embeddable":true,"href":"https:\/\/www.ayurvedique.com\/vedicare-spa\/wp-json\/wp\/v2\/product_brand?post=8626"},{"taxonomy":"product_cat","embeddable":true,"href":"https:\/\/www.ayurvedique.com\/vedicare-spa\/wp-json\/wp\/v2\/product_cat?post=8626"},{"taxonomy":"product_tag","embeddable":true,"href":"https:\/\/www.ayurvedique.com\/vedicare-spa\/wp-json\/wp\/v2\/product_tag?post=8626"}],"curies":[{"name":"wp","href":"https:\/\/api.w.org\/{rel}","templated":true}]}}