{"id":8624,"date":"2025-09-22T09:21:49","date_gmt":"2025-09-22T07:21:49","guid":{"rendered":"https:\/\/www.ayurvedique.com\/vedicare-spa\/?post_type=product&#038;p=8624"},"modified":"2026-03-24T14:59:48","modified_gmt":"2026-03-24T13:59:48","slug":"serum-visage-au-bio-retinol-et-ashwaganda-30-ml","status":"publish","type":"product","link":"https:\/\/www.ayurvedique.com\/vedicare-spa\/soins-visages-corps\/serum-visage-au-bio-retinol-et-ashwaganda-30-ml\/","title":{"rendered":"S\u00e8rum visage au Bio retinol et Ashwaganda 30 ml"},"content":{"rendered":"<p><strong>Un s\u00e9rum visage original \u00e0 base de Bio-Retinol (Revinage\u00ae WPO) qui est une alternative, \u00e0 base de la plante Bidens Pilosa, au r\u00e9tinol de synth\u00e8se.<\/strong><\/p>\n<p>Contient aussi de l&rsquo;extrait d&rsquo;Ashwagandha pour r\u00e9duire les points noirs, resserrer les pores et favoriser la production du collag\u00e8ne.<\/p>\n<p>Application: Avec la pipette, utiliser 2 \u00e0 3 gouttes du S\u00e9rum sur une peau bien nettoy\u00e9e, masser d\u00e9licatement en insitsant sur les endroits \u00e0 probl\u00e8me. Uuliser matin et soir.<\/p>\n<p>cette formule l\u00e9g\u00e8re s&rsquo;absorbe rapidement.<\/p>\n<p>INGREDIENTS:<br \/>\nAqua, Olea Europa (Olive) Fruit Oil, Dimethyl Isosorbide, Bidens Pilosa Extract, Withania Somnifera (Ashwagandha) Root Extract, Sachharide Isomerate, Panthenol, Astrocaryum Murumuru Seed Butter, Gossypium Herbaceum (Cotton) Seed Oil, Linum Usitatissimum (Linseed) Seed Oil, Sodium Gluconate, Polysorbate 20, Sodium Benzoate, Potassium Sorbate, Parfum, Tocopherol.<\/p>\n","protected":false},"excerpt":{"rendered":"<p>Contient aussi de l&rsquo;extrait d&rsquo;Ashwagandha pour r\u00e9duire les points noirs, resserrer les pores et favoriser la production du collag\u00e8ne.<\/p>\n","protected":false},"featured_media":8617,"comment_status":"closed","ping_status":"closed","template":"","meta":{"_uag_custom_page_level_css":"","site-sidebar-layout":"default","site-content-layout":"","ast-site-content-layout":"default","site-content-style":"default","site-sidebar-style":"default","ast-global-header-display":"","ast-banner-title-visibility":"","ast-main-header-display":"","ast-hfb-above-header-display":"","ast-hfb-below-header-display":"","ast-hfb-mobile-header-display":"","site-post-title":"","ast-breadcrumbs-content":"","ast-featured-img":"","footer-sml-layout":"","ast-disable-related-posts":"","theme-transparent-header-meta":"default","adv-header-id-meta":"","stick-header-meta":"","header-above-stick-meta":"","header-main-stick-meta":"","header-below-stick-meta":"","astra-migrate-meta-layouts":"set","ast-page-background-enabled":"default","ast-page-background-meta":{"desktop":{"background-color":"","background-image":"","background-repeat":"repeat","background-position":"center center","background-size":"auto","background-attachment":"scroll","background-type":"","background-media":"","overlay-type":"","overlay-color":"","overlay-opacity":"","overlay-gradient":""},"tablet":{"background-color":"","background-image":"","background-repeat":"repeat","background-position":"center center","background-size":"auto","background-attachment":"scroll","background-type":"","background-media":"","overlay-type":"","overlay-color":"","overlay-opacity":"","overlay-gradient":""},"mobile":{"background-color":"","background-image":"","background-repeat":"repeat","background-position":"center center","background-size":"auto","background-attachment":"scroll","background-type":"","background-media":"","overlay-type":"","overlay-color":"","overlay-opacity":"","overlay-gradient":""}},"ast-content-background-meta":{"desktop":{"background-color":"var(--ast-global-color-5)","background-image":"","background-repeat":"repeat","background-position":"center center","background-size":"auto","background-attachment":"scroll","background-type":"","background-media":"","overlay-type":"","overlay-color":"","overlay-opacity":"","overlay-gradient":""},"tablet":{"background-color":"var(--ast-global-color-5)","background-image":"","background-repeat":"repeat","background-position":"center center","background-size":"auto","background-attachment":"scroll","background-type":"","background-media":"","overlay-type":"","overlay-color":"","overlay-opacity":"","overlay-gradient":""},"mobile":{"background-color":"var(--ast-global-color-5)","background-image":"","background-repeat":"repeat","background-position":"center center","background-size":"auto","background-attachment":"scroll","background-type":"","background-media":"","overlay-type":"","overlay-color":"","overlay-opacity":"","overlay-gradient":""}}},"product_brand":[349],"product_cat":[333],"product_tag":[367,366,364,365,368],"class_list":{"0":"post-8624","1":"product","2":"type-product","3":"status-publish","4":"has-post-thumbnail","6":"product_brand-sattva","7":"product_cat-soins-visages-corps","8":"product_tag-serum-ashwagandha","9":"product_tag-serum-bio-retinol","10":"product_tag-serum-peau-a-probleme","11":"product_tag-serum-peau-grasse","12":"product_tag-serum-peau-mixte","13":"desktop-align-left","14":"tablet-align-left","15":"mobile-align-left","17":"first","18":"instock","19":"taxable","20":"shipping-taxable","21":"purchasable","22":"product-type-simple"},"yoast_head":"<!-- This site is optimized with the Yoast SEO plugin v27.5 - https:\/\/yoast.com\/product\/yoast-seo-wordpress\/ -->\n<title>S\u00e8rum visage au Bio retinol et Ashwaganda 30 ml - Vedicare | Soins, Cures, Boutique ayurv\u00e9dique<\/title>\n<meta name=\"description\" content=\"S\u00e9lection de produits naturels et vegan. Soin visage, huiles ayurv\u00e9diques de massage, compl\u00e9ments alimentaires vegan.\" \/>\n<meta name=\"robots\" content=\"index, follow, max-snippet:-1, max-image-preview:large, max-video-preview:-1\" \/>\n<link rel=\"canonical\" href=\"https:\/\/www.ayurvedique.com\/vedicare-spa\/soins-visages-corps\/serum-visage-au-bio-retinol-et-ashwaganda-30-ml\/\" \/>\n<meta property=\"og:locale\" content=\"fr_FR\" \/>\n<meta property=\"og:type\" content=\"article\" \/>\n<meta property=\"og:title\" content=\"S\u00e8rum visage au Bio retinol et Ashwaganda 30 ml - Vedicare | Soins, Cures, Boutique ayurv\u00e9dique\" \/>\n<meta property=\"og:description\" content=\"S\u00e9lection de produits naturels et vegan. Soin visage, huiles ayurv\u00e9diques de massage, compl\u00e9ments alimentaires vegan.\" \/>\n<meta property=\"og:url\" content=\"https:\/\/www.ayurvedique.com\/vedicare-spa\/soins-visages-corps\/serum-visage-au-bio-retinol-et-ashwaganda-30-ml\/\" \/>\n<meta property=\"og:site_name\" content=\"Vedicare | Soins, Cures, Boutique ayurv\u00e9dique\" \/>\n<meta property=\"article:publisher\" content=\"https:\/\/www.facebook.com\/Eco-gites-et-spa-Vedicare-146891845345782\/\" \/>\n<meta property=\"article:modified_time\" content=\"2026-03-24T13:59:48+00:00\" \/>\n<meta property=\"og:image\" content=\"https:\/\/www.ayurvedique.com\/vedicare-spa\/wp-content\/uploads\/fre_pl_Serum-visage-a-lashwagandha-et-au-bio-retinol-30-ml-.webp\" \/>\n\t<meta property=\"og:image:width\" content=\"430\" \/>\n\t<meta property=\"og:image:height\" content=\"496\" \/>\n\t<meta property=\"og:image:type\" content=\"image\/webp\" \/>\n<meta name=\"twitter:card\" content=\"summary_large_image\" \/>\n<meta name=\"twitter:label1\" content=\"Dur\u00e9e de lecture estim\u00e9e\" \/>\n\t<meta name=\"twitter:data1\" content=\"1 minute\" \/>\n<script type=\"application\/ld+json\" class=\"yoast-schema-graph\">{\"@context\":\"https:\\\/\\\/schema.org\",\"@graph\":[{\"@type\":\"WebPage\",\"@id\":\"https:\\\/\\\/www.ayurvedique.com\\\/vedicare-spa\\\/soins-visages-corps\\\/serum-visage-au-bio-retinol-et-ashwaganda-30-ml\\\/\",\"url\":\"https:\\\/\\\/www.ayurvedique.com\\\/vedicare-spa\\\/soins-visages-corps\\\/serum-visage-au-bio-retinol-et-ashwaganda-30-ml\\\/\",\"name\":\"S\u00e8rum visage au Bio retinol et Ashwaganda 30 ml - Vedicare | Soins, Cures, Boutique ayurv\u00e9dique\",\"isPartOf\":{\"@id\":\"https:\\\/\\\/www.ayurvedique.com\\\/vedicare-spa\\\/#website\"},\"primaryImageOfPage\":{\"@id\":\"https:\\\/\\\/www.ayurvedique.com\\\/vedicare-spa\\\/soins-visages-corps\\\/serum-visage-au-bio-retinol-et-ashwaganda-30-ml\\\/#primaryimage\"},\"image\":{\"@id\":\"https:\\\/\\\/www.ayurvedique.com\\\/vedicare-spa\\\/soins-visages-corps\\\/serum-visage-au-bio-retinol-et-ashwaganda-30-ml\\\/#primaryimage\"},\"thumbnailUrl\":\"https:\\\/\\\/www.ayurvedique.com\\\/vedicare-spa\\\/wp-content\\\/uploads\\\/fre_pl_Serum-visage-a-lashwagandha-et-au-bio-retinol-30-ml-.webp\",\"datePublished\":\"2025-09-22T07:21:49+00:00\",\"dateModified\":\"2026-03-24T13:59:48+00:00\",\"description\":\"S\u00e9lection de produits naturels et vegan. Soin visage, huiles ayurv\u00e9diques de massage, compl\u00e9ments alimentaires vegan.\",\"breadcrumb\":{\"@id\":\"https:\\\/\\\/www.ayurvedique.com\\\/vedicare-spa\\\/soins-visages-corps\\\/serum-visage-au-bio-retinol-et-ashwaganda-30-ml\\\/#breadcrumb\"},\"inLanguage\":\"fr-FR\",\"potentialAction\":[{\"@type\":\"ReadAction\",\"target\":[\"https:\\\/\\\/www.ayurvedique.com\\\/vedicare-spa\\\/soins-visages-corps\\\/serum-visage-au-bio-retinol-et-ashwaganda-30-ml\\\/\"]}]},{\"@type\":\"ImageObject\",\"inLanguage\":\"fr-FR\",\"@id\":\"https:\\\/\\\/www.ayurvedique.com\\\/vedicare-spa\\\/soins-visages-corps\\\/serum-visage-au-bio-retinol-et-ashwaganda-30-ml\\\/#primaryimage\",\"url\":\"https:\\\/\\\/www.ayurvedique.com\\\/vedicare-spa\\\/wp-content\\\/uploads\\\/fre_pl_Serum-visage-a-lashwagandha-et-au-bio-retinol-30-ml-.webp\",\"contentUrl\":\"https:\\\/\\\/www.ayurvedique.com\\\/vedicare-spa\\\/wp-content\\\/uploads\\\/fre_pl_Serum-visage-a-lashwagandha-et-au-bio-retinol-30-ml-.webp\",\"width\":430,\"height\":496,\"caption\":\"serum visage ashwagandha-bio retinol\"},{\"@type\":\"BreadcrumbList\",\"@id\":\"https:\\\/\\\/www.ayurvedique.com\\\/vedicare-spa\\\/soins-visages-corps\\\/serum-visage-au-bio-retinol-et-ashwaganda-30-ml\\\/#breadcrumb\",\"itemListElement\":[{\"@type\":\"ListItem\",\"position\":1,\"name\":\"Accueil\",\"item\":\"https:\\\/\\\/www.ayurvedique.com\\\/vedicare-spa\\\/\"},{\"@type\":\"ListItem\",\"position\":2,\"name\":\"Boutique\",\"item\":\"https:\\\/\\\/www.ayurvedique.com\\\/vedicare-spa\\\/boutique\\\/\"},{\"@type\":\"ListItem\",\"position\":3,\"name\":\"S\u00e8rum visage au Bio retinol et Ashwaganda 30 ml\"}]},{\"@type\":\"WebSite\",\"@id\":\"https:\\\/\\\/www.ayurvedique.com\\\/vedicare-spa\\\/#website\",\"url\":\"https:\\\/\\\/www.ayurvedique.com\\\/vedicare-spa\\\/\",\"name\":\"Vedicare | Soins, Cures, Boutique ayurv\u00e9dique\",\"description\":\"Produits naturels bio et vegan, Spa ayurvedique\",\"publisher\":{\"@id\":\"https:\\\/\\\/www.ayurvedique.com\\\/vedicare-spa\\\/#organization\"},\"alternateName\":\"Spa ayurv\u00e9dique et produits naturels\",\"potentialAction\":[{\"@type\":\"SearchAction\",\"target\":{\"@type\":\"EntryPoint\",\"urlTemplate\":\"https:\\\/\\\/www.ayurvedique.com\\\/vedicare-spa\\\/?s={search_term_string}\"},\"query-input\":{\"@type\":\"PropertyValueSpecification\",\"valueRequired\":true,\"valueName\":\"search_term_string\"}}],\"inLanguage\":\"fr-FR\"},{\"@type\":\"Organization\",\"@id\":\"https:\\\/\\\/www.ayurvedique.com\\\/vedicare-spa\\\/#organization\",\"name\":\"Vedicare\",\"url\":\"https:\\\/\\\/www.ayurvedique.com\\\/vedicare-spa\\\/\",\"logo\":{\"@type\":\"ImageObject\",\"inLanguage\":\"fr-FR\",\"@id\":\"https:\\\/\\\/www.ayurvedique.com\\\/vedicare-spa\\\/#\\\/schema\\\/logo\\\/image\\\/\",\"url\":\"https:\\\/\\\/www.ayurvedique.com\\\/vedicare-spa\\\/wp-content\\\/uploads\\\/logo_vedicare-1.png\",\"contentUrl\":\"https:\\\/\\\/www.ayurvedique.com\\\/vedicare-spa\\\/wp-content\\\/uploads\\\/logo_vedicare-1.png\",\"width\":142,\"height\":206,\"caption\":\"Vedicare\"},\"image\":{\"@id\":\"https:\\\/\\\/www.ayurvedique.com\\\/vedicare-spa\\\/#\\\/schema\\\/logo\\\/image\\\/\"},\"sameAs\":[\"https:\\\/\\\/www.facebook.com\\\/Eco-gites-et-spa-Vedicare-146891845345782\\\/\"]}]}<\/script>\n<!-- \/ Yoast SEO plugin. -->","yoast_head_json":{"title":"S\u00e8rum visage au Bio retinol et Ashwaganda 30 ml - Vedicare | Soins, Cures, Boutique ayurv\u00e9dique","description":"S\u00e9lection de produits naturels et vegan. Soin visage, huiles ayurv\u00e9diques de massage, compl\u00e9ments alimentaires vegan.","robots":{"index":"index","follow":"follow","max-snippet":"max-snippet:-1","max-image-preview":"max-image-preview:large","max-video-preview":"max-video-preview:-1"},"canonical":"https:\/\/www.ayurvedique.com\/vedicare-spa\/soins-visages-corps\/serum-visage-au-bio-retinol-et-ashwaganda-30-ml\/","og_locale":"fr_FR","og_type":"article","og_title":"S\u00e8rum visage au Bio retinol et Ashwaganda 30 ml - Vedicare | Soins, Cures, Boutique ayurv\u00e9dique","og_description":"S\u00e9lection de produits naturels et vegan. Soin visage, huiles ayurv\u00e9diques de massage, compl\u00e9ments alimentaires vegan.","og_url":"https:\/\/www.ayurvedique.com\/vedicare-spa\/soins-visages-corps\/serum-visage-au-bio-retinol-et-ashwaganda-30-ml\/","og_site_name":"Vedicare | Soins, Cures, Boutique ayurv\u00e9dique","article_publisher":"https:\/\/www.facebook.com\/Eco-gites-et-spa-Vedicare-146891845345782\/","article_modified_time":"2026-03-24T13:59:48+00:00","og_image":[{"width":430,"height":496,"url":"https:\/\/www.ayurvedique.com\/vedicare-spa\/wp-content\/uploads\/fre_pl_Serum-visage-a-lashwagandha-et-au-bio-retinol-30-ml-.webp","type":"image\/webp"}],"twitter_card":"summary_large_image","twitter_misc":{"Dur\u00e9e de lecture estim\u00e9e":"1 minute"},"schema":{"@context":"https:\/\/schema.org","@graph":[{"@type":"WebPage","@id":"https:\/\/www.ayurvedique.com\/vedicare-spa\/soins-visages-corps\/serum-visage-au-bio-retinol-et-ashwaganda-30-ml\/","url":"https:\/\/www.ayurvedique.com\/vedicare-spa\/soins-visages-corps\/serum-visage-au-bio-retinol-et-ashwaganda-30-ml\/","name":"S\u00e8rum visage au Bio retinol et Ashwaganda 30 ml - Vedicare | Soins, Cures, Boutique ayurv\u00e9dique","isPartOf":{"@id":"https:\/\/www.ayurvedique.com\/vedicare-spa\/#website"},"primaryImageOfPage":{"@id":"https:\/\/www.ayurvedique.com\/vedicare-spa\/soins-visages-corps\/serum-visage-au-bio-retinol-et-ashwaganda-30-ml\/#primaryimage"},"image":{"@id":"https:\/\/www.ayurvedique.com\/vedicare-spa\/soins-visages-corps\/serum-visage-au-bio-retinol-et-ashwaganda-30-ml\/#primaryimage"},"thumbnailUrl":"https:\/\/www.ayurvedique.com\/vedicare-spa\/wp-content\/uploads\/fre_pl_Serum-visage-a-lashwagandha-et-au-bio-retinol-30-ml-.webp","datePublished":"2025-09-22T07:21:49+00:00","dateModified":"2026-03-24T13:59:48+00:00","description":"S\u00e9lection de produits naturels et vegan. Soin visage, huiles ayurv\u00e9diques de massage, compl\u00e9ments alimentaires vegan.","breadcrumb":{"@id":"https:\/\/www.ayurvedique.com\/vedicare-spa\/soins-visages-corps\/serum-visage-au-bio-retinol-et-ashwaganda-30-ml\/#breadcrumb"},"inLanguage":"fr-FR","potentialAction":[{"@type":"ReadAction","target":["https:\/\/www.ayurvedique.com\/vedicare-spa\/soins-visages-corps\/serum-visage-au-bio-retinol-et-ashwaganda-30-ml\/"]}]},{"@type":"ImageObject","inLanguage":"fr-FR","@id":"https:\/\/www.ayurvedique.com\/vedicare-spa\/soins-visages-corps\/serum-visage-au-bio-retinol-et-ashwaganda-30-ml\/#primaryimage","url":"https:\/\/www.ayurvedique.com\/vedicare-spa\/wp-content\/uploads\/fre_pl_Serum-visage-a-lashwagandha-et-au-bio-retinol-30-ml-.webp","contentUrl":"https:\/\/www.ayurvedique.com\/vedicare-spa\/wp-content\/uploads\/fre_pl_Serum-visage-a-lashwagandha-et-au-bio-retinol-30-ml-.webp","width":430,"height":496,"caption":"serum visage ashwagandha-bio retinol"},{"@type":"BreadcrumbList","@id":"https:\/\/www.ayurvedique.com\/vedicare-spa\/soins-visages-corps\/serum-visage-au-bio-retinol-et-ashwaganda-30-ml\/#breadcrumb","itemListElement":[{"@type":"ListItem","position":1,"name":"Accueil","item":"https:\/\/www.ayurvedique.com\/vedicare-spa\/"},{"@type":"ListItem","position":2,"name":"Boutique","item":"https:\/\/www.ayurvedique.com\/vedicare-spa\/boutique\/"},{"@type":"ListItem","position":3,"name":"S\u00e8rum visage au Bio retinol et Ashwaganda 30 ml"}]},{"@type":"WebSite","@id":"https:\/\/www.ayurvedique.com\/vedicare-spa\/#website","url":"https:\/\/www.ayurvedique.com\/vedicare-spa\/","name":"Vedicare | Soins, Cures, Boutique ayurv\u00e9dique","description":"Produits naturels bio et vegan, Spa ayurvedique","publisher":{"@id":"https:\/\/www.ayurvedique.com\/vedicare-spa\/#organization"},"alternateName":"Spa ayurv\u00e9dique et produits naturels","potentialAction":[{"@type":"SearchAction","target":{"@type":"EntryPoint","urlTemplate":"https:\/\/www.ayurvedique.com\/vedicare-spa\/?s={search_term_string}"},"query-input":{"@type":"PropertyValueSpecification","valueRequired":true,"valueName":"search_term_string"}}],"inLanguage":"fr-FR"},{"@type":"Organization","@id":"https:\/\/www.ayurvedique.com\/vedicare-spa\/#organization","name":"Vedicare","url":"https:\/\/www.ayurvedique.com\/vedicare-spa\/","logo":{"@type":"ImageObject","inLanguage":"fr-FR","@id":"https:\/\/www.ayurvedique.com\/vedicare-spa\/#\/schema\/logo\/image\/","url":"https:\/\/www.ayurvedique.com\/vedicare-spa\/wp-content\/uploads\/logo_vedicare-1.png","contentUrl":"https:\/\/www.ayurvedique.com\/vedicare-spa\/wp-content\/uploads\/logo_vedicare-1.png","width":142,"height":206,"caption":"Vedicare"},"image":{"@id":"https:\/\/www.ayurvedique.com\/vedicare-spa\/#\/schema\/logo\/image\/"},"sameAs":["https:\/\/www.facebook.com\/Eco-gites-et-spa-Vedicare-146891845345782\/"]}]}},"uagb_featured_image_src":{"full":["https:\/\/www.ayurvedique.com\/vedicare-spa\/wp-content\/uploads\/fre_pl_Serum-visage-a-lashwagandha-et-au-bio-retinol-30-ml-.webp",430,496,false],"thumbnail":["https:\/\/www.ayurvedique.com\/vedicare-spa\/wp-content\/uploads\/fre_pl_Serum-visage-a-lashwagandha-et-au-bio-retinol-30-ml--150x150.webp",150,150,true],"medium":["https:\/\/www.ayurvedique.com\/vedicare-spa\/wp-content\/uploads\/fre_pl_Serum-visage-a-lashwagandha-et-au-bio-retinol-30-ml-.webp",430,496,false],"medium_large":["https:\/\/www.ayurvedique.com\/vedicare-spa\/wp-content\/uploads\/fre_pl_Serum-visage-a-lashwagandha-et-au-bio-retinol-30-ml-.webp",430,496,false],"large":["https:\/\/www.ayurvedique.com\/vedicare-spa\/wp-content\/uploads\/fre_pl_Serum-visage-a-lashwagandha-et-au-bio-retinol-30-ml-.webp",430,496,false],"1536x1536":["https:\/\/www.ayurvedique.com\/vedicare-spa\/wp-content\/uploads\/fre_pl_Serum-visage-a-lashwagandha-et-au-bio-retinol-30-ml-.webp",430,496,false],"2048x2048":["https:\/\/www.ayurvedique.com\/vedicare-spa\/wp-content\/uploads\/fre_pl_Serum-visage-a-lashwagandha-et-au-bio-retinol-30-ml-.webp",430,496,false],"rpwe-thumbnail":["https:\/\/www.ayurvedique.com\/vedicare-spa\/wp-content\/uploads\/fre_pl_Serum-visage-a-lashwagandha-et-au-bio-retinol-30-ml--45x45.webp",45,45,true],"woocommerce_thumbnail":["https:\/\/www.ayurvedique.com\/vedicare-spa\/wp-content\/uploads\/fre_pl_Serum-visage-a-lashwagandha-et-au-bio-retinol-30-ml--300x300.webp",300,300,true],"woocommerce_single":["https:\/\/www.ayurvedique.com\/vedicare-spa\/wp-content\/uploads\/fre_pl_Serum-visage-a-lashwagandha-et-au-bio-retinol-30-ml-.webp",430,496,false],"woocommerce_gallery_thumbnail":["https:\/\/www.ayurvedique.com\/vedicare-spa\/wp-content\/uploads\/fre_pl_Serum-visage-a-lashwagandha-et-au-bio-retinol-30-ml--100x100.webp",100,100,true]},"uagb_author_info":{"display_name":"Claire","author_link":"https:\/\/www.ayurvedique.com\/vedicare-spa\/author\/"},"uagb_comment_info":0,"uagb_excerpt":"Contient aussi de l'extrait d'Ashwagandha pour r\u00e9duire les points noirs, resserrer les pores et favoriser la production du collag\u00e8ne.","_links":{"self":[{"href":"https:\/\/www.ayurvedique.com\/vedicare-spa\/wp-json\/wp\/v2\/product\/8624","targetHints":{"allow":["GET"]}}],"collection":[{"href":"https:\/\/www.ayurvedique.com\/vedicare-spa\/wp-json\/wp\/v2\/product"}],"about":[{"href":"https:\/\/www.ayurvedique.com\/vedicare-spa\/wp-json\/wp\/v2\/types\/product"}],"replies":[{"embeddable":true,"href":"https:\/\/www.ayurvedique.com\/vedicare-spa\/wp-json\/wp\/v2\/comments?post=8624"}],"wp:featuredmedia":[{"embeddable":true,"href":"https:\/\/www.ayurvedique.com\/vedicare-spa\/wp-json\/wp\/v2\/media\/8617"}],"wp:attachment":[{"href":"https:\/\/www.ayurvedique.com\/vedicare-spa\/wp-json\/wp\/v2\/media?parent=8624"}],"wp:term":[{"taxonomy":"product_brand","embeddable":true,"href":"https:\/\/www.ayurvedique.com\/vedicare-spa\/wp-json\/wp\/v2\/product_brand?post=8624"},{"taxonomy":"product_cat","embeddable":true,"href":"https:\/\/www.ayurvedique.com\/vedicare-spa\/wp-json\/wp\/v2\/product_cat?post=8624"},{"taxonomy":"product_tag","embeddable":true,"href":"https:\/\/www.ayurvedique.com\/vedicare-spa\/wp-json\/wp\/v2\/product_tag?post=8624"}],"curies":[{"name":"wp","href":"https:\/\/api.w.org\/{rel}","templated":true}]}}