{"id":7389,"date":"2025-03-31T09:45:19","date_gmt":"2025-03-31T07:45:19","guid":{"rendered":"https:\/\/www.ayurvedique.com\/vedicare-spa\/?post_type=product&#038;p=7389"},"modified":"2026-02-07T11:26:52","modified_gmt":"2026-02-07T10:26:52","slug":"dentifrice-au-meswak-200-gr","status":"publish","type":"product","link":"https:\/\/www.ayurvedique.com\/vedicare-spa\/articles-ayurvediques\/dentifrice-au-meswak-200-gr\/","title":{"rendered":"Dentifrice au Meswak 200 gr"},"content":{"rendered":"<p><strong>Format familial pour ce dentifrice \u00e0 l&rsquo;extrait de Miswak pur<\/strong><br \/>\n<strong>Soin oral complet<\/strong><br \/>\n<strong>Propri\u00e9t\u00e9s <\/strong>: le Miswak prot\u00e8ge contre les bact\u00e9ries (gr\u00e2ce aux huiles essentielles qu&rsquo;il contient), prot\u00e8ge les gencives et la plaque dentaire (gr\u00e2ce aux Tannins), efficace contre la formation des caries, \u00e9vite la mauvaise haleine et prot\u00e8ge l&#8217;email (gr\u00e2ce aux r\u00e9sines).<br \/>\nContient de la vitamine C pour un renforcement naturel.<\/p>\n","protected":false},"excerpt":{"rendered":"<p>Format familial pour ce dentifrice \u00e0 l&rsquo;extrait de Miswak pur Soin oral complet Propri\u00e9t\u00e9s : le Miswak prot\u00e8ge contre les bact\u00e9ries (gr\u00e2ce aux huiles essentielles qu&rsquo;il contient), prot\u00e8ge les gencives et la plaque dentaire (gr\u00e2ce aux Tannins), efficace contre la formation des caries, \u00e9vite la mauvaise haleine et prot\u00e8ge l&#8217;email (gr\u00e2ce aux r\u00e9sines). Contient de [&hellip;]<\/p>\n","protected":false},"featured_media":8698,"comment_status":"closed","ping_status":"closed","template":"","meta":{"_uag_custom_page_level_css":"","site-sidebar-layout":"default","site-content-layout":"","ast-site-content-layout":"default","site-content-style":"default","site-sidebar-style":"default","ast-global-header-display":"","ast-banner-title-visibility":"","ast-main-header-display":"","ast-hfb-above-header-display":"","ast-hfb-below-header-display":"","ast-hfb-mobile-header-display":"","site-post-title":"","ast-breadcrumbs-content":"","ast-featured-img":"","footer-sml-layout":"","ast-disable-related-posts":"","theme-transparent-header-meta":"default","adv-header-id-meta":"","stick-header-meta":"","header-above-stick-meta":"","header-main-stick-meta":"","header-below-stick-meta":"","astra-migrate-meta-layouts":"set","ast-page-background-enabled":"default","ast-page-background-meta":{"desktop":{"background-color":"","background-image":"","background-repeat":"repeat","background-position":"center center","background-size":"auto","background-attachment":"scroll","background-type":"","background-media":"","overlay-type":"","overlay-color":"","overlay-opacity":"","overlay-gradient":""},"tablet":{"background-color":"","background-image":"","background-repeat":"repeat","background-position":"center center","background-size":"auto","background-attachment":"scroll","background-type":"","background-media":"","overlay-type":"","overlay-color":"","overlay-opacity":"","overlay-gradient":""},"mobile":{"background-color":"","background-image":"","background-repeat":"repeat","background-position":"center center","background-size":"auto","background-attachment":"scroll","background-type":"","background-media":"","overlay-type":"","overlay-color":"","overlay-opacity":"","overlay-gradient":""}},"ast-content-background-meta":{"desktop":{"background-color":"var(--ast-global-color-5)","background-image":"","background-repeat":"repeat","background-position":"center center","background-size":"auto","background-attachment":"scroll","background-type":"","background-media":"","overlay-type":"","overlay-color":"","overlay-opacity":"","overlay-gradient":""},"tablet":{"background-color":"var(--ast-global-color-5)","background-image":"","background-repeat":"repeat","background-position":"center center","background-size":"auto","background-attachment":"scroll","background-type":"","background-media":"","overlay-type":"","overlay-color":"","overlay-opacity":"","overlay-gradient":""},"mobile":{"background-color":"var(--ast-global-color-5)","background-image":"","background-repeat":"repeat","background-position":"center center","background-size":"auto","background-attachment":"scroll","background-type":"","background-media":"","overlay-type":"","overlay-color":"","overlay-opacity":"","overlay-gradient":""}}},"product_brand":[352],"product_cat":[235,333],"product_tag":[],"class_list":{"0":"post-7389","1":"product","2":"type-product","3":"status-publish","4":"has-post-thumbnail","6":"product_brand-dabur","7":"product_cat-articles-ayurvediques","8":"product_cat-soins-visages-corps","9":"desktop-align-left","10":"tablet-align-left","11":"mobile-align-left","13":"first","14":"instock","15":"taxable","16":"shipping-taxable","17":"purchasable","18":"product-type-simple"},"yoast_head":"<!-- This site is optimized with the Yoast SEO plugin v27.5 - https:\/\/yoast.com\/product\/yoast-seo-wordpress\/ -->\n<title>Dentifrice au Meswak 200 gr - Vedicare | Soins, Cures, Boutique ayurv\u00e9dique<\/title>\n<meta name=\"description\" content=\"Dentifrice au Miswak, r\u00e9sine qui se r\u00e9colte dans les dunes Africaines et Asiatiques aux propri\u00e9t\u00e9s exceptionnelles pour un soin oral complet.\" \/>\n<meta name=\"robots\" content=\"index, follow, max-snippet:-1, max-image-preview:large, max-video-preview:-1\" \/>\n<link rel=\"canonical\" href=\"https:\/\/www.ayurvedique.com\/vedicare-spa\/articles-ayurvediques\/dentifrice-au-meswak-200-gr\/\" \/>\n<meta property=\"og:locale\" content=\"fr_FR\" \/>\n<meta property=\"og:type\" content=\"article\" \/>\n<meta property=\"og:title\" content=\"Dentifrice au Meswak 200 gr - Vedicare | Soins, Cures, Boutique ayurv\u00e9dique\" \/>\n<meta property=\"og:description\" content=\"Dentifrice au Miswak, r\u00e9sine qui se r\u00e9colte dans les dunes Africaines et Asiatiques aux propri\u00e9t\u00e9s exceptionnelles pour un soin oral complet.\" \/>\n<meta property=\"og:url\" content=\"https:\/\/www.ayurvedique.com\/vedicare-spa\/articles-ayurvediques\/dentifrice-au-meswak-200-gr\/\" \/>\n<meta property=\"og:site_name\" content=\"Vedicare | Soins, Cures, Boutique ayurv\u00e9dique\" \/>\n<meta property=\"article:publisher\" content=\"https:\/\/www.facebook.com\/Eco-gites-et-spa-Vedicare-146891845345782\/\" \/>\n<meta property=\"article:modified_time\" content=\"2026-02-07T10:26:52+00:00\" \/>\n<meta property=\"og:image\" content=\"https:\/\/www.ayurvedique.com\/vedicare-spa\/wp-content\/uploads\/dentifricemeswak.jpg\" \/>\n\t<meta property=\"og:image:width\" content=\"864\" \/>\n\t<meta property=\"og:image:height\" content=\"567\" \/>\n\t<meta property=\"og:image:type\" content=\"image\/jpeg\" \/>\n<meta name=\"twitter:card\" content=\"summary_large_image\" \/>\n<meta name=\"twitter:label1\" content=\"Dur\u00e9e de lecture estim\u00e9e\" \/>\n\t<meta name=\"twitter:data1\" content=\"1 minute\" \/>\n<script type=\"application\/ld+json\" class=\"yoast-schema-graph\">{\"@context\":\"https:\\\/\\\/schema.org\",\"@graph\":[{\"@type\":\"WebPage\",\"@id\":\"https:\\\/\\\/www.ayurvedique.com\\\/vedicare-spa\\\/articles-ayurvediques\\\/dentifrice-au-meswak-200-gr\\\/\",\"url\":\"https:\\\/\\\/www.ayurvedique.com\\\/vedicare-spa\\\/articles-ayurvediques\\\/dentifrice-au-meswak-200-gr\\\/\",\"name\":\"Dentifrice au Meswak 200 gr - Vedicare | Soins, Cures, Boutique ayurv\u00e9dique\",\"isPartOf\":{\"@id\":\"https:\\\/\\\/www.ayurvedique.com\\\/vedicare-spa\\\/#website\"},\"primaryImageOfPage\":{\"@id\":\"https:\\\/\\\/www.ayurvedique.com\\\/vedicare-spa\\\/articles-ayurvediques\\\/dentifrice-au-meswak-200-gr\\\/#primaryimage\"},\"image\":{\"@id\":\"https:\\\/\\\/www.ayurvedique.com\\\/vedicare-spa\\\/articles-ayurvediques\\\/dentifrice-au-meswak-200-gr\\\/#primaryimage\"},\"thumbnailUrl\":\"https:\\\/\\\/www.ayurvedique.com\\\/vedicare-spa\\\/wp-content\\\/uploads\\\/dentifricemeswak.jpg\",\"datePublished\":\"2025-03-31T07:45:19+00:00\",\"dateModified\":\"2026-02-07T10:26:52+00:00\",\"description\":\"Dentifrice au Miswak, r\u00e9sine qui se r\u00e9colte dans les dunes Africaines et Asiatiques aux propri\u00e9t\u00e9s exceptionnelles pour un soin oral complet.\",\"breadcrumb\":{\"@id\":\"https:\\\/\\\/www.ayurvedique.com\\\/vedicare-spa\\\/articles-ayurvediques\\\/dentifrice-au-meswak-200-gr\\\/#breadcrumb\"},\"inLanguage\":\"fr-FR\",\"potentialAction\":[{\"@type\":\"ReadAction\",\"target\":[\"https:\\\/\\\/www.ayurvedique.com\\\/vedicare-spa\\\/articles-ayurvediques\\\/dentifrice-au-meswak-200-gr\\\/\"]}]},{\"@type\":\"ImageObject\",\"inLanguage\":\"fr-FR\",\"@id\":\"https:\\\/\\\/www.ayurvedique.com\\\/vedicare-spa\\\/articles-ayurvediques\\\/dentifrice-au-meswak-200-gr\\\/#primaryimage\",\"url\":\"https:\\\/\\\/www.ayurvedique.com\\\/vedicare-spa\\\/wp-content\\\/uploads\\\/dentifricemeswak.jpg\",\"contentUrl\":\"https:\\\/\\\/www.ayurvedique.com\\\/vedicare-spa\\\/wp-content\\\/uploads\\\/dentifricemeswak.jpg\",\"width\":864,\"height\":567},{\"@type\":\"BreadcrumbList\",\"@id\":\"https:\\\/\\\/www.ayurvedique.com\\\/vedicare-spa\\\/articles-ayurvediques\\\/dentifrice-au-meswak-200-gr\\\/#breadcrumb\",\"itemListElement\":[{\"@type\":\"ListItem\",\"position\":1,\"name\":\"Accueil\",\"item\":\"https:\\\/\\\/www.ayurvedique.com\\\/vedicare-spa\\\/\"},{\"@type\":\"ListItem\",\"position\":2,\"name\":\"Boutique\",\"item\":\"https:\\\/\\\/www.ayurvedique.com\\\/vedicare-spa\\\/boutique\\\/\"},{\"@type\":\"ListItem\",\"position\":3,\"name\":\"Dentifrice au Meswak 200 gr\"}]},{\"@type\":\"WebSite\",\"@id\":\"https:\\\/\\\/www.ayurvedique.com\\\/vedicare-spa\\\/#website\",\"url\":\"https:\\\/\\\/www.ayurvedique.com\\\/vedicare-spa\\\/\",\"name\":\"Vedicare | Soins, Cures, Boutique ayurv\u00e9dique\",\"description\":\"Produits naturels bio et vegan, Spa ayurvedique\",\"publisher\":{\"@id\":\"https:\\\/\\\/www.ayurvedique.com\\\/vedicare-spa\\\/#organization\"},\"alternateName\":\"Spa ayurv\u00e9dique et produits naturels\",\"potentialAction\":[{\"@type\":\"SearchAction\",\"target\":{\"@type\":\"EntryPoint\",\"urlTemplate\":\"https:\\\/\\\/www.ayurvedique.com\\\/vedicare-spa\\\/?s={search_term_string}\"},\"query-input\":{\"@type\":\"PropertyValueSpecification\",\"valueRequired\":true,\"valueName\":\"search_term_string\"}}],\"inLanguage\":\"fr-FR\"},{\"@type\":\"Organization\",\"@id\":\"https:\\\/\\\/www.ayurvedique.com\\\/vedicare-spa\\\/#organization\",\"name\":\"Vedicare\",\"url\":\"https:\\\/\\\/www.ayurvedique.com\\\/vedicare-spa\\\/\",\"logo\":{\"@type\":\"ImageObject\",\"inLanguage\":\"fr-FR\",\"@id\":\"https:\\\/\\\/www.ayurvedique.com\\\/vedicare-spa\\\/#\\\/schema\\\/logo\\\/image\\\/\",\"url\":\"https:\\\/\\\/www.ayurvedique.com\\\/vedicare-spa\\\/wp-content\\\/uploads\\\/logo_vedicare-1.png\",\"contentUrl\":\"https:\\\/\\\/www.ayurvedique.com\\\/vedicare-spa\\\/wp-content\\\/uploads\\\/logo_vedicare-1.png\",\"width\":142,\"height\":206,\"caption\":\"Vedicare\"},\"image\":{\"@id\":\"https:\\\/\\\/www.ayurvedique.com\\\/vedicare-spa\\\/#\\\/schema\\\/logo\\\/image\\\/\"},\"sameAs\":[\"https:\\\/\\\/www.facebook.com\\\/Eco-gites-et-spa-Vedicare-146891845345782\\\/\"]}]}<\/script>\n<!-- \/ Yoast SEO plugin. -->","yoast_head_json":{"title":"Dentifrice au Meswak 200 gr - Vedicare | Soins, Cures, Boutique ayurv\u00e9dique","description":"Dentifrice au Miswak, r\u00e9sine qui se r\u00e9colte dans les dunes Africaines et Asiatiques aux propri\u00e9t\u00e9s exceptionnelles pour un soin oral complet.","robots":{"index":"index","follow":"follow","max-snippet":"max-snippet:-1","max-image-preview":"max-image-preview:large","max-video-preview":"max-video-preview:-1"},"canonical":"https:\/\/www.ayurvedique.com\/vedicare-spa\/articles-ayurvediques\/dentifrice-au-meswak-200-gr\/","og_locale":"fr_FR","og_type":"article","og_title":"Dentifrice au Meswak 200 gr - Vedicare | Soins, Cures, Boutique ayurv\u00e9dique","og_description":"Dentifrice au Miswak, r\u00e9sine qui se r\u00e9colte dans les dunes Africaines et Asiatiques aux propri\u00e9t\u00e9s exceptionnelles pour un soin oral complet.","og_url":"https:\/\/www.ayurvedique.com\/vedicare-spa\/articles-ayurvediques\/dentifrice-au-meswak-200-gr\/","og_site_name":"Vedicare | Soins, Cures, Boutique ayurv\u00e9dique","article_publisher":"https:\/\/www.facebook.com\/Eco-gites-et-spa-Vedicare-146891845345782\/","article_modified_time":"2026-02-07T10:26:52+00:00","og_image":[{"width":864,"height":567,"url":"https:\/\/www.ayurvedique.com\/vedicare-spa\/wp-content\/uploads\/dentifricemeswak.jpg","type":"image\/jpeg"}],"twitter_card":"summary_large_image","twitter_misc":{"Dur\u00e9e de lecture estim\u00e9e":"1 minute"},"schema":{"@context":"https:\/\/schema.org","@graph":[{"@type":"WebPage","@id":"https:\/\/www.ayurvedique.com\/vedicare-spa\/articles-ayurvediques\/dentifrice-au-meswak-200-gr\/","url":"https:\/\/www.ayurvedique.com\/vedicare-spa\/articles-ayurvediques\/dentifrice-au-meswak-200-gr\/","name":"Dentifrice au Meswak 200 gr - Vedicare | Soins, Cures, Boutique ayurv\u00e9dique","isPartOf":{"@id":"https:\/\/www.ayurvedique.com\/vedicare-spa\/#website"},"primaryImageOfPage":{"@id":"https:\/\/www.ayurvedique.com\/vedicare-spa\/articles-ayurvediques\/dentifrice-au-meswak-200-gr\/#primaryimage"},"image":{"@id":"https:\/\/www.ayurvedique.com\/vedicare-spa\/articles-ayurvediques\/dentifrice-au-meswak-200-gr\/#primaryimage"},"thumbnailUrl":"https:\/\/www.ayurvedique.com\/vedicare-spa\/wp-content\/uploads\/dentifricemeswak.jpg","datePublished":"2025-03-31T07:45:19+00:00","dateModified":"2026-02-07T10:26:52+00:00","description":"Dentifrice au Miswak, r\u00e9sine qui se r\u00e9colte dans les dunes Africaines et Asiatiques aux propri\u00e9t\u00e9s exceptionnelles pour un soin oral complet.","breadcrumb":{"@id":"https:\/\/www.ayurvedique.com\/vedicare-spa\/articles-ayurvediques\/dentifrice-au-meswak-200-gr\/#breadcrumb"},"inLanguage":"fr-FR","potentialAction":[{"@type":"ReadAction","target":["https:\/\/www.ayurvedique.com\/vedicare-spa\/articles-ayurvediques\/dentifrice-au-meswak-200-gr\/"]}]},{"@type":"ImageObject","inLanguage":"fr-FR","@id":"https:\/\/www.ayurvedique.com\/vedicare-spa\/articles-ayurvediques\/dentifrice-au-meswak-200-gr\/#primaryimage","url":"https:\/\/www.ayurvedique.com\/vedicare-spa\/wp-content\/uploads\/dentifricemeswak.jpg","contentUrl":"https:\/\/www.ayurvedique.com\/vedicare-spa\/wp-content\/uploads\/dentifricemeswak.jpg","width":864,"height":567},{"@type":"BreadcrumbList","@id":"https:\/\/www.ayurvedique.com\/vedicare-spa\/articles-ayurvediques\/dentifrice-au-meswak-200-gr\/#breadcrumb","itemListElement":[{"@type":"ListItem","position":1,"name":"Accueil","item":"https:\/\/www.ayurvedique.com\/vedicare-spa\/"},{"@type":"ListItem","position":2,"name":"Boutique","item":"https:\/\/www.ayurvedique.com\/vedicare-spa\/boutique\/"},{"@type":"ListItem","position":3,"name":"Dentifrice au Meswak 200 gr"}]},{"@type":"WebSite","@id":"https:\/\/www.ayurvedique.com\/vedicare-spa\/#website","url":"https:\/\/www.ayurvedique.com\/vedicare-spa\/","name":"Vedicare | Soins, Cures, Boutique ayurv\u00e9dique","description":"Produits naturels bio et vegan, Spa ayurvedique","publisher":{"@id":"https:\/\/www.ayurvedique.com\/vedicare-spa\/#organization"},"alternateName":"Spa ayurv\u00e9dique et produits naturels","potentialAction":[{"@type":"SearchAction","target":{"@type":"EntryPoint","urlTemplate":"https:\/\/www.ayurvedique.com\/vedicare-spa\/?s={search_term_string}"},"query-input":{"@type":"PropertyValueSpecification","valueRequired":true,"valueName":"search_term_string"}}],"inLanguage":"fr-FR"},{"@type":"Organization","@id":"https:\/\/www.ayurvedique.com\/vedicare-spa\/#organization","name":"Vedicare","url":"https:\/\/www.ayurvedique.com\/vedicare-spa\/","logo":{"@type":"ImageObject","inLanguage":"fr-FR","@id":"https:\/\/www.ayurvedique.com\/vedicare-spa\/#\/schema\/logo\/image\/","url":"https:\/\/www.ayurvedique.com\/vedicare-spa\/wp-content\/uploads\/logo_vedicare-1.png","contentUrl":"https:\/\/www.ayurvedique.com\/vedicare-spa\/wp-content\/uploads\/logo_vedicare-1.png","width":142,"height":206,"caption":"Vedicare"},"image":{"@id":"https:\/\/www.ayurvedique.com\/vedicare-spa\/#\/schema\/logo\/image\/"},"sameAs":["https:\/\/www.facebook.com\/Eco-gites-et-spa-Vedicare-146891845345782\/"]}]}},"uagb_featured_image_src":{"full":["https:\/\/www.ayurvedique.com\/vedicare-spa\/wp-content\/uploads\/dentifricemeswak.jpg",864,567,false],"thumbnail":["https:\/\/www.ayurvedique.com\/vedicare-spa\/wp-content\/uploads\/dentifricemeswak-150x150.jpg",150,150,true],"medium":["https:\/\/www.ayurvedique.com\/vedicare-spa\/wp-content\/uploads\/dentifricemeswak-800x525.jpg",800,525,true],"medium_large":["https:\/\/www.ayurvedique.com\/vedicare-spa\/wp-content\/uploads\/dentifricemeswak-768x504.jpg",768,504,true],"large":["https:\/\/www.ayurvedique.com\/vedicare-spa\/wp-content\/uploads\/dentifricemeswak.jpg",864,567,false],"1536x1536":["https:\/\/www.ayurvedique.com\/vedicare-spa\/wp-content\/uploads\/dentifricemeswak.jpg",864,567,false],"2048x2048":["https:\/\/www.ayurvedique.com\/vedicare-spa\/wp-content\/uploads\/dentifricemeswak.jpg",864,567,false],"rpwe-thumbnail":["https:\/\/www.ayurvedique.com\/vedicare-spa\/wp-content\/uploads\/dentifricemeswak-45x45.jpg",45,45,true],"woocommerce_thumbnail":["https:\/\/www.ayurvedique.com\/vedicare-spa\/wp-content\/uploads\/dentifricemeswak-300x300.jpg",300,300,true],"woocommerce_single":["https:\/\/www.ayurvedique.com\/vedicare-spa\/wp-content\/uploads\/dentifricemeswak-600x394.jpg",600,394,true],"woocommerce_gallery_thumbnail":["https:\/\/www.ayurvedique.com\/vedicare-spa\/wp-content\/uploads\/dentifricemeswak-100x100.jpg",100,100,true]},"uagb_author_info":{"display_name":"Claire","author_link":"https:\/\/www.ayurvedique.com\/vedicare-spa\/author\/"},"uagb_comment_info":0,"uagb_excerpt":"Format familial pour ce dentifrice \u00e0 l&rsquo;extrait de Miswak pur Soin oral complet Propri\u00e9t\u00e9s : le Miswak prot\u00e8ge contre les bact\u00e9ries (gr\u00e2ce aux huiles essentielles qu&rsquo;il contient), prot\u00e8ge les gencives et la plaque dentaire (gr\u00e2ce aux Tannins), efficace contre la formation des caries, \u00e9vite la mauvaise haleine et prot\u00e8ge l&#8217;email (gr\u00e2ce aux r\u00e9sines). Contient de\u2026","_links":{"self":[{"href":"https:\/\/www.ayurvedique.com\/vedicare-spa\/wp-json\/wp\/v2\/product\/7389","targetHints":{"allow":["GET"]}}],"collection":[{"href":"https:\/\/www.ayurvedique.com\/vedicare-spa\/wp-json\/wp\/v2\/product"}],"about":[{"href":"https:\/\/www.ayurvedique.com\/vedicare-spa\/wp-json\/wp\/v2\/types\/product"}],"replies":[{"embeddable":true,"href":"https:\/\/www.ayurvedique.com\/vedicare-spa\/wp-json\/wp\/v2\/comments?post=7389"}],"wp:featuredmedia":[{"embeddable":true,"href":"https:\/\/www.ayurvedique.com\/vedicare-spa\/wp-json\/wp\/v2\/media\/8698"}],"wp:attachment":[{"href":"https:\/\/www.ayurvedique.com\/vedicare-spa\/wp-json\/wp\/v2\/media?parent=7389"}],"wp:term":[{"taxonomy":"product_brand","embeddable":true,"href":"https:\/\/www.ayurvedique.com\/vedicare-spa\/wp-json\/wp\/v2\/product_brand?post=7389"},{"taxonomy":"product_cat","embeddable":true,"href":"https:\/\/www.ayurvedique.com\/vedicare-spa\/wp-json\/wp\/v2\/product_cat?post=7389"},{"taxonomy":"product_tag","embeddable":true,"href":"https:\/\/www.ayurvedique.com\/vedicare-spa\/wp-json\/wp\/v2\/product_tag?post=7389"}],"curies":[{"name":"wp","href":"https:\/\/api.w.org\/{rel}","templated":true}]}}