{"id":7038,"date":"2024-07-03T15:06:35","date_gmt":"2024-07-03T13:06:35","guid":{"rendered":"https:\/\/www.ayurvedique.com\/vedicare-spa\/?post_type=product&#038;p=7038"},"modified":"2026-01-09T15:08:32","modified_gmt":"2026-01-09T14:08:32","slug":"pack-promo-lait-demaquillant-a-lacide-hyaluronique-masque-visage-purifiant","status":"publish","type":"product","link":"https:\/\/www.ayurvedique.com\/vedicare-spa\/soins-visages-corps\/pack-promo-lait-demaquillant-a-lacide-hyaluronique-masque-visage-purifiant\/","title":{"rendered":"PACK PROMO  LAIT D\u00c9MAQUILLANT \u00e0 l&rsquo;Acide Hyaluronique + Masque Visage Purifiant Arjuna"},"content":{"rendered":"<p>Ce nouveau lait onctueux et de\u0301licatement parfume\u0301 \u00e0 la coco , allie dans sa composition la France et l&rsquo;Ayurveda. Compose\u0301 d&rsquo;eau de source de St Ge\u0301ron, d&rsquo;hydrolat de fleur d&rsquo;oranger, d&rsquo;huile de Coco et de Karite\u0301, il nettoie le maquillage et les impurete\u0301s tout en repulpant la peau.<\/p>\n<p><strong>Ingr\u00e9dients<\/strong> <strong>Lait d\u00e9maquillant<\/strong>:<\/p>\n<p>Aqua, citrus aurantium amara flower water, glycerin, butyrospermum parkii butter, cocamidopropyl betaine, caprylyl\/capryl glucoside, olive glycerides, crambe abyssinica seed oil phytosterol esters, sodium stearoyl lactylate, cetearyl alcohol, gluconolactone, glyceryl stearate, potassium palmitoyl hydrolyzed wheat protein, sodium benzoate, tapioca starch, sodium hyaluronate, xanthan gum, p-anisic acid, citric acid, parfum, acacia senegal GUM, benzyl alcohol, benzyl benzoate, benzyl salicylate,<\/p>\n<p>Coumarin, geraniol, limonene, linalool<\/p>\n<p>98% du total est d\u2019origine naturelle<\/p>\n<p>Propri\u00e9t\u00e9s et composition du masque \u00e0 l&rsquo;Arjuna <a href=\"https:\/\/www.ayurvedique.com\/vedicare-spa\/cosmetiques-vegan\/masque-purifiant-a-l-arjuna\/\">ici\u00a0<\/a><\/p>\n","protected":false},"excerpt":{"rendered":"<p>Nous vous proposons dans ce lot promotionnel notre lait d\u00e9maquillant\u00a0 et un de nos masques visage \u00e0 choisir selon votre type de peau<\/p>\n<p>Contenance\u00a0 produit lait : 200 ml<\/p>\n<p>Contenance masque : 40 g<\/p>\n<p>A d\u00e9couvrir aussi\u00a0 le pack lait d\u00e9maquillant et lotion tonique\u00a0<a href=\"https:\/\/www.ayurvedique.com\/vedicare-spa\/cosmetiques-vegan\/lot-lait-demaquillant-et-lotion-tonique\/\"> d\u00e9couvrir le pack<\/a><\/p>\n","protected":false},"featured_media":5698,"comment_status":"closed","ping_status":"closed","template":"","meta":{"_uag_custom_page_level_css":"","site-sidebar-layout":"default","site-content-layout":"default","ast-site-content-layout":"default","site-content-style":"default","site-sidebar-style":"default","ast-global-header-display":"","ast-banner-title-visibility":"","ast-main-header-display":"","ast-hfb-above-header-display":"","ast-hfb-below-header-display":"","ast-hfb-mobile-header-display":"","site-post-title":"","ast-breadcrumbs-content":"","ast-featured-img":"","footer-sml-layout":"","ast-disable-related-posts":"","theme-transparent-header-meta":"default","adv-header-id-meta":"","stick-header-meta":"","header-above-stick-meta":"","header-main-stick-meta":"","header-below-stick-meta":"","astra-migrate-meta-layouts":"set","ast-page-background-enabled":"default","ast-page-background-meta":{"desktop":{"background-color":"","background-image":"","background-repeat":"repeat","background-position":"center center","background-size":"auto","background-attachment":"scroll","background-type":"","background-media":"","overlay-type":"","overlay-color":"","overlay-opacity":"","overlay-gradient":""},"tablet":{"background-color":"","background-image":"","background-repeat":"repeat","background-position":"center center","background-size":"auto","background-attachment":"scroll","background-type":"","background-media":"","overlay-type":"","overlay-color":"","overlay-opacity":"","overlay-gradient":""},"mobile":{"background-color":"","background-image":"","background-repeat":"repeat","background-position":"center center","background-size":"auto","background-attachment":"scroll","background-type":"","background-media":"","overlay-type":"","overlay-color":"","overlay-opacity":"","overlay-gradient":""}},"ast-content-background-meta":{"desktop":{"background-color":"var(--ast-global-color-5)","background-image":"","background-repeat":"repeat","background-position":"center center","background-size":"auto","background-attachment":"scroll","background-type":"","background-media":"","overlay-type":"","overlay-color":"","overlay-opacity":"","overlay-gradient":""},"tablet":{"background-color":"var(--ast-global-color-5)","background-image":"","background-repeat":"repeat","background-position":"center center","background-size":"auto","background-attachment":"scroll","background-type":"","background-media":"","overlay-type":"","overlay-color":"","overlay-opacity":"","overlay-gradient":""},"mobile":{"background-color":"var(--ast-global-color-5)","background-image":"","background-repeat":"repeat","background-position":"center center","background-size":"auto","background-attachment":"scroll","background-type":"","background-media":"","overlay-type":"","overlay-color":"","overlay-opacity":"","overlay-gradient":""}}},"product_brand":[],"product_cat":[333],"product_tag":[286],"class_list":{"0":"post-7038","1":"product","2":"type-product","3":"status-publish","4":"has-post-thumbnail","6":"product_cat-soins-visages-corps","7":"product_tag-lait-demaquillant-naturel","8":"desktop-align-left","9":"tablet-align-left","10":"mobile-align-left","12":"first","13":"instock","14":"sale","15":"taxable","16":"shipping-taxable","17":"purchasable","18":"product-type-variable"},"yoast_head":"<!-- This site is optimized with the Yoast SEO plugin v27.5 - https:\/\/yoast.com\/product\/yoast-seo-wordpress\/ -->\n<title>PACK PROMO LAIT D\u00c9MAQUILLANT \u00e0 l&#039;Acide Hyaluronique + Masque Visage Purifiant Arjuna - Vedicare | Soins, Cures, Boutique ayurv\u00e9dique<\/title>\n<meta name=\"description\" content=\"En combinant l&#039;action de ce nouveau lait d\u00e9maquillant \u00e0 l&#039;acide hyaluronique repulpant avec nos masques ayurv\u00e9diques pour le visage , votre peau retrouvera son \u00e9clat .\" \/>\n<meta name=\"robots\" content=\"index, follow, max-snippet:-1, max-image-preview:large, max-video-preview:-1\" \/>\n<link rel=\"canonical\" href=\"https:\/\/www.ayurvedique.com\/vedicare-spa\/soins-visages-corps\/pack-promo-lait-demaquillant-a-lacide-hyaluronique-masque-visage-purifiant\/\" \/>\n<meta property=\"og:locale\" content=\"fr_FR\" \/>\n<meta property=\"og:type\" content=\"article\" \/>\n<meta property=\"og:title\" content=\"PACK PROMO LAIT D\u00c9MAQUILLANT \u00e0 l&#039;Acide Hyaluronique + Masque Visage Purifiant Arjuna - Vedicare | Soins, Cures, Boutique ayurv\u00e9dique\" \/>\n<meta property=\"og:description\" content=\"En combinant l&#039;action de ce nouveau lait d\u00e9maquillant \u00e0 l&#039;acide hyaluronique repulpant avec nos masques ayurv\u00e9diques pour le visage , votre peau retrouvera son \u00e9clat .\" \/>\n<meta property=\"og:url\" content=\"https:\/\/www.ayurvedique.com\/vedicare-spa\/soins-visages-corps\/pack-promo-lait-demaquillant-a-lacide-hyaluronique-masque-visage-purifiant\/\" \/>\n<meta property=\"og:site_name\" content=\"Vedicare | Soins, Cures, Boutique ayurv\u00e9dique\" \/>\n<meta property=\"article:publisher\" content=\"https:\/\/www.facebook.com\/Eco-gites-et-spa-Vedicare-146891845345782\/\" \/>\n<meta property=\"article:modified_time\" content=\"2026-01-09T14:08:32+00:00\" \/>\n<meta property=\"og:image\" content=\"https:\/\/www.ayurvedique.com\/vedicare-spa\/wp-content\/uploads\/Lait-Demaquillant2.jpg\" \/>\n\t<meta property=\"og:image:width\" content=\"800\" \/>\n\t<meta property=\"og:image:height\" content=\"784\" \/>\n\t<meta property=\"og:image:type\" content=\"image\/jpeg\" \/>\n<meta name=\"twitter:card\" content=\"summary_large_image\" \/>\n<meta name=\"twitter:label1\" content=\"Dur\u00e9e de lecture estim\u00e9e\" \/>\n\t<meta name=\"twitter:data1\" content=\"1 minute\" \/>\n<script type=\"application\/ld+json\" class=\"yoast-schema-graph\">{\"@context\":\"https:\\\/\\\/schema.org\",\"@graph\":[{\"@type\":\"WebPage\",\"@id\":\"https:\\\/\\\/www.ayurvedique.com\\\/vedicare-spa\\\/soins-visages-corps\\\/pack-promo-lait-demaquillant-a-lacide-hyaluronique-masque-visage-purifiant\\\/\",\"url\":\"https:\\\/\\\/www.ayurvedique.com\\\/vedicare-spa\\\/soins-visages-corps\\\/pack-promo-lait-demaquillant-a-lacide-hyaluronique-masque-visage-purifiant\\\/\",\"name\":\"PACK PROMO LAIT D\u00c9MAQUILLANT \u00e0 l'Acide Hyaluronique + Masque Visage Purifiant Arjuna - Vedicare | Soins, Cures, Boutique ayurv\u00e9dique\",\"isPartOf\":{\"@id\":\"https:\\\/\\\/www.ayurvedique.com\\\/vedicare-spa\\\/#website\"},\"primaryImageOfPage\":{\"@id\":\"https:\\\/\\\/www.ayurvedique.com\\\/vedicare-spa\\\/soins-visages-corps\\\/pack-promo-lait-demaquillant-a-lacide-hyaluronique-masque-visage-purifiant\\\/#primaryimage\"},\"image\":{\"@id\":\"https:\\\/\\\/www.ayurvedique.com\\\/vedicare-spa\\\/soins-visages-corps\\\/pack-promo-lait-demaquillant-a-lacide-hyaluronique-masque-visage-purifiant\\\/#primaryimage\"},\"thumbnailUrl\":\"https:\\\/\\\/www.ayurvedique.com\\\/vedicare-spa\\\/wp-content\\\/uploads\\\/Lait-Demaquillant2.jpg\",\"datePublished\":\"2024-07-03T13:06:35+00:00\",\"dateModified\":\"2026-01-09T14:08:32+00:00\",\"description\":\"En combinant l'action de ce nouveau lait d\u00e9maquillant \u00e0 l'acide hyaluronique repulpant avec nos masques ayurv\u00e9diques pour le visage , votre peau retrouvera son \u00e9clat .\",\"breadcrumb\":{\"@id\":\"https:\\\/\\\/www.ayurvedique.com\\\/vedicare-spa\\\/soins-visages-corps\\\/pack-promo-lait-demaquillant-a-lacide-hyaluronique-masque-visage-purifiant\\\/#breadcrumb\"},\"inLanguage\":\"fr-FR\",\"potentialAction\":[{\"@type\":\"ReadAction\",\"target\":[\"https:\\\/\\\/www.ayurvedique.com\\\/vedicare-spa\\\/soins-visages-corps\\\/pack-promo-lait-demaquillant-a-lacide-hyaluronique-masque-visage-purifiant\\\/\"]}]},{\"@type\":\"ImageObject\",\"inLanguage\":\"fr-FR\",\"@id\":\"https:\\\/\\\/www.ayurvedique.com\\\/vedicare-spa\\\/soins-visages-corps\\\/pack-promo-lait-demaquillant-a-lacide-hyaluronique-masque-visage-purifiant\\\/#primaryimage\",\"url\":\"https:\\\/\\\/www.ayurvedique.com\\\/vedicare-spa\\\/wp-content\\\/uploads\\\/Lait-Demaquillant2.jpg\",\"contentUrl\":\"https:\\\/\\\/www.ayurvedique.com\\\/vedicare-spa\\\/wp-content\\\/uploads\\\/Lait-Demaquillant2.jpg\",\"width\":800,\"height\":784},{\"@type\":\"BreadcrumbList\",\"@id\":\"https:\\\/\\\/www.ayurvedique.com\\\/vedicare-spa\\\/soins-visages-corps\\\/pack-promo-lait-demaquillant-a-lacide-hyaluronique-masque-visage-purifiant\\\/#breadcrumb\",\"itemListElement\":[{\"@type\":\"ListItem\",\"position\":1,\"name\":\"Accueil\",\"item\":\"https:\\\/\\\/www.ayurvedique.com\\\/vedicare-spa\\\/\"},{\"@type\":\"ListItem\",\"position\":2,\"name\":\"Boutique\",\"item\":\"https:\\\/\\\/www.ayurvedique.com\\\/vedicare-spa\\\/boutique\\\/\"},{\"@type\":\"ListItem\",\"position\":3,\"name\":\"PACK PROMO LAIT D\u00c9MAQUILLANT \u00e0 l&rsquo;Acide Hyaluronique + Masque Visage Purifiant Arjuna\"}]},{\"@type\":\"WebSite\",\"@id\":\"https:\\\/\\\/www.ayurvedique.com\\\/vedicare-spa\\\/#website\",\"url\":\"https:\\\/\\\/www.ayurvedique.com\\\/vedicare-spa\\\/\",\"name\":\"Vedicare | Soins, Cures, Boutique ayurv\u00e9dique\",\"description\":\"Produits naturels bio et vegan, Spa ayurvedique\",\"publisher\":{\"@id\":\"https:\\\/\\\/www.ayurvedique.com\\\/vedicare-spa\\\/#organization\"},\"alternateName\":\"Spa ayurv\u00e9dique et produits naturels\",\"potentialAction\":[{\"@type\":\"SearchAction\",\"target\":{\"@type\":\"EntryPoint\",\"urlTemplate\":\"https:\\\/\\\/www.ayurvedique.com\\\/vedicare-spa\\\/?s={search_term_string}\"},\"query-input\":{\"@type\":\"PropertyValueSpecification\",\"valueRequired\":true,\"valueName\":\"search_term_string\"}}],\"inLanguage\":\"fr-FR\"},{\"@type\":\"Organization\",\"@id\":\"https:\\\/\\\/www.ayurvedique.com\\\/vedicare-spa\\\/#organization\",\"name\":\"Vedicare\",\"url\":\"https:\\\/\\\/www.ayurvedique.com\\\/vedicare-spa\\\/\",\"logo\":{\"@type\":\"ImageObject\",\"inLanguage\":\"fr-FR\",\"@id\":\"https:\\\/\\\/www.ayurvedique.com\\\/vedicare-spa\\\/#\\\/schema\\\/logo\\\/image\\\/\",\"url\":\"https:\\\/\\\/www.ayurvedique.com\\\/vedicare-spa\\\/wp-content\\\/uploads\\\/logo_vedicare-1.png\",\"contentUrl\":\"https:\\\/\\\/www.ayurvedique.com\\\/vedicare-spa\\\/wp-content\\\/uploads\\\/logo_vedicare-1.png\",\"width\":142,\"height\":206,\"caption\":\"Vedicare\"},\"image\":{\"@id\":\"https:\\\/\\\/www.ayurvedique.com\\\/vedicare-spa\\\/#\\\/schema\\\/logo\\\/image\\\/\"},\"sameAs\":[\"https:\\\/\\\/www.facebook.com\\\/Eco-gites-et-spa-Vedicare-146891845345782\\\/\"]}]}<\/script>\n<!-- \/ Yoast SEO plugin. -->","yoast_head_json":{"title":"PACK PROMO LAIT D\u00c9MAQUILLANT \u00e0 l'Acide Hyaluronique + Masque Visage Purifiant Arjuna - Vedicare | Soins, Cures, Boutique ayurv\u00e9dique","description":"En combinant l'action de ce nouveau lait d\u00e9maquillant \u00e0 l'acide hyaluronique repulpant avec nos masques ayurv\u00e9diques pour le visage , votre peau retrouvera son \u00e9clat .","robots":{"index":"index","follow":"follow","max-snippet":"max-snippet:-1","max-image-preview":"max-image-preview:large","max-video-preview":"max-video-preview:-1"},"canonical":"https:\/\/www.ayurvedique.com\/vedicare-spa\/soins-visages-corps\/pack-promo-lait-demaquillant-a-lacide-hyaluronique-masque-visage-purifiant\/","og_locale":"fr_FR","og_type":"article","og_title":"PACK PROMO LAIT D\u00c9MAQUILLANT \u00e0 l'Acide Hyaluronique + Masque Visage Purifiant Arjuna - Vedicare | Soins, Cures, Boutique ayurv\u00e9dique","og_description":"En combinant l'action de ce nouveau lait d\u00e9maquillant \u00e0 l'acide hyaluronique repulpant avec nos masques ayurv\u00e9diques pour le visage , votre peau retrouvera son \u00e9clat .","og_url":"https:\/\/www.ayurvedique.com\/vedicare-spa\/soins-visages-corps\/pack-promo-lait-demaquillant-a-lacide-hyaluronique-masque-visage-purifiant\/","og_site_name":"Vedicare | Soins, Cures, Boutique ayurv\u00e9dique","article_publisher":"https:\/\/www.facebook.com\/Eco-gites-et-spa-Vedicare-146891845345782\/","article_modified_time":"2026-01-09T14:08:32+00:00","og_image":[{"width":800,"height":784,"url":"https:\/\/www.ayurvedique.com\/vedicare-spa\/wp-content\/uploads\/Lait-Demaquillant2.jpg","type":"image\/jpeg"}],"twitter_card":"summary_large_image","twitter_misc":{"Dur\u00e9e de lecture estim\u00e9e":"1 minute"},"schema":{"@context":"https:\/\/schema.org","@graph":[{"@type":"WebPage","@id":"https:\/\/www.ayurvedique.com\/vedicare-spa\/soins-visages-corps\/pack-promo-lait-demaquillant-a-lacide-hyaluronique-masque-visage-purifiant\/","url":"https:\/\/www.ayurvedique.com\/vedicare-spa\/soins-visages-corps\/pack-promo-lait-demaquillant-a-lacide-hyaluronique-masque-visage-purifiant\/","name":"PACK PROMO LAIT D\u00c9MAQUILLANT \u00e0 l'Acide Hyaluronique + Masque Visage Purifiant Arjuna - Vedicare | Soins, Cures, Boutique ayurv\u00e9dique","isPartOf":{"@id":"https:\/\/www.ayurvedique.com\/vedicare-spa\/#website"},"primaryImageOfPage":{"@id":"https:\/\/www.ayurvedique.com\/vedicare-spa\/soins-visages-corps\/pack-promo-lait-demaquillant-a-lacide-hyaluronique-masque-visage-purifiant\/#primaryimage"},"image":{"@id":"https:\/\/www.ayurvedique.com\/vedicare-spa\/soins-visages-corps\/pack-promo-lait-demaquillant-a-lacide-hyaluronique-masque-visage-purifiant\/#primaryimage"},"thumbnailUrl":"https:\/\/www.ayurvedique.com\/vedicare-spa\/wp-content\/uploads\/Lait-Demaquillant2.jpg","datePublished":"2024-07-03T13:06:35+00:00","dateModified":"2026-01-09T14:08:32+00:00","description":"En combinant l'action de ce nouveau lait d\u00e9maquillant \u00e0 l'acide hyaluronique repulpant avec nos masques ayurv\u00e9diques pour le visage , votre peau retrouvera son \u00e9clat .","breadcrumb":{"@id":"https:\/\/www.ayurvedique.com\/vedicare-spa\/soins-visages-corps\/pack-promo-lait-demaquillant-a-lacide-hyaluronique-masque-visage-purifiant\/#breadcrumb"},"inLanguage":"fr-FR","potentialAction":[{"@type":"ReadAction","target":["https:\/\/www.ayurvedique.com\/vedicare-spa\/soins-visages-corps\/pack-promo-lait-demaquillant-a-lacide-hyaluronique-masque-visage-purifiant\/"]}]},{"@type":"ImageObject","inLanguage":"fr-FR","@id":"https:\/\/www.ayurvedique.com\/vedicare-spa\/soins-visages-corps\/pack-promo-lait-demaquillant-a-lacide-hyaluronique-masque-visage-purifiant\/#primaryimage","url":"https:\/\/www.ayurvedique.com\/vedicare-spa\/wp-content\/uploads\/Lait-Demaquillant2.jpg","contentUrl":"https:\/\/www.ayurvedique.com\/vedicare-spa\/wp-content\/uploads\/Lait-Demaquillant2.jpg","width":800,"height":784},{"@type":"BreadcrumbList","@id":"https:\/\/www.ayurvedique.com\/vedicare-spa\/soins-visages-corps\/pack-promo-lait-demaquillant-a-lacide-hyaluronique-masque-visage-purifiant\/#breadcrumb","itemListElement":[{"@type":"ListItem","position":1,"name":"Accueil","item":"https:\/\/www.ayurvedique.com\/vedicare-spa\/"},{"@type":"ListItem","position":2,"name":"Boutique","item":"https:\/\/www.ayurvedique.com\/vedicare-spa\/boutique\/"},{"@type":"ListItem","position":3,"name":"PACK PROMO LAIT D\u00c9MAQUILLANT \u00e0 l&rsquo;Acide Hyaluronique + Masque Visage Purifiant Arjuna"}]},{"@type":"WebSite","@id":"https:\/\/www.ayurvedique.com\/vedicare-spa\/#website","url":"https:\/\/www.ayurvedique.com\/vedicare-spa\/","name":"Vedicare | Soins, Cures, Boutique ayurv\u00e9dique","description":"Produits naturels bio et vegan, Spa ayurvedique","publisher":{"@id":"https:\/\/www.ayurvedique.com\/vedicare-spa\/#organization"},"alternateName":"Spa ayurv\u00e9dique et produits naturels","potentialAction":[{"@type":"SearchAction","target":{"@type":"EntryPoint","urlTemplate":"https:\/\/www.ayurvedique.com\/vedicare-spa\/?s={search_term_string}"},"query-input":{"@type":"PropertyValueSpecification","valueRequired":true,"valueName":"search_term_string"}}],"inLanguage":"fr-FR"},{"@type":"Organization","@id":"https:\/\/www.ayurvedique.com\/vedicare-spa\/#organization","name":"Vedicare","url":"https:\/\/www.ayurvedique.com\/vedicare-spa\/","logo":{"@type":"ImageObject","inLanguage":"fr-FR","@id":"https:\/\/www.ayurvedique.com\/vedicare-spa\/#\/schema\/logo\/image\/","url":"https:\/\/www.ayurvedique.com\/vedicare-spa\/wp-content\/uploads\/logo_vedicare-1.png","contentUrl":"https:\/\/www.ayurvedique.com\/vedicare-spa\/wp-content\/uploads\/logo_vedicare-1.png","width":142,"height":206,"caption":"Vedicare"},"image":{"@id":"https:\/\/www.ayurvedique.com\/vedicare-spa\/#\/schema\/logo\/image\/"},"sameAs":["https:\/\/www.facebook.com\/Eco-gites-et-spa-Vedicare-146891845345782\/"]}]}},"uagb_featured_image_src":{"full":["https:\/\/www.ayurvedique.com\/vedicare-spa\/wp-content\/uploads\/Lait-Demaquillant2.jpg",800,784,false],"thumbnail":["https:\/\/www.ayurvedique.com\/vedicare-spa\/wp-content\/uploads\/Lait-Demaquillant2-150x150.jpg",150,150,true],"medium":["https:\/\/www.ayurvedique.com\/vedicare-spa\/wp-content\/uploads\/Lait-Demaquillant2-600x588.jpg",600,588,true],"medium_large":["https:\/\/www.ayurvedique.com\/vedicare-spa\/wp-content\/uploads\/Lait-Demaquillant2-768x753.jpg",768,753,true],"large":["https:\/\/www.ayurvedique.com\/vedicare-spa\/wp-content\/uploads\/Lait-Demaquillant2.jpg",800,784,false],"1536x1536":["https:\/\/www.ayurvedique.com\/vedicare-spa\/wp-content\/uploads\/Lait-Demaquillant2.jpg",800,784,false],"2048x2048":["https:\/\/www.ayurvedique.com\/vedicare-spa\/wp-content\/uploads\/Lait-Demaquillant2.jpg",800,784,false],"rpwe-thumbnail":["https:\/\/www.ayurvedique.com\/vedicare-spa\/wp-content\/uploads\/Lait-Demaquillant2-45x45.jpg",45,45,true],"woocommerce_thumbnail":["https:\/\/www.ayurvedique.com\/vedicare-spa\/wp-content\/uploads\/Lait-Demaquillant2-300x300.jpg",300,300,true],"woocommerce_single":["https:\/\/www.ayurvedique.com\/vedicare-spa\/wp-content\/uploads\/Lait-Demaquillant2-600x588.jpg",600,588,true],"woocommerce_gallery_thumbnail":["https:\/\/www.ayurvedique.com\/vedicare-spa\/wp-content\/uploads\/Lait-Demaquillant2-100x100.jpg",100,100,true]},"uagb_author_info":{"display_name":"francoise","author_link":"https:\/\/www.ayurvedique.com\/vedicare-spa\/author\/"},"uagb_comment_info":0,"uagb_excerpt":"Nous vous proposons dans ce lot promotionnel notre lait d\u00e9maquillant\u00a0 et un de nos masques visage \u00e0 choisir selon votre type de peau Contenance\u00a0 produit lait : 200 ml Contenance masque : 40 g A d\u00e9couvrir aussi\u00a0 le pack lait d\u00e9maquillant et lotion tonique\u00a0 d\u00e9couvrir le pack","_links":{"self":[{"href":"https:\/\/www.ayurvedique.com\/vedicare-spa\/wp-json\/wp\/v2\/product\/7038","targetHints":{"allow":["GET"]}}],"collection":[{"href":"https:\/\/www.ayurvedique.com\/vedicare-spa\/wp-json\/wp\/v2\/product"}],"about":[{"href":"https:\/\/www.ayurvedique.com\/vedicare-spa\/wp-json\/wp\/v2\/types\/product"}],"replies":[{"embeddable":true,"href":"https:\/\/www.ayurvedique.com\/vedicare-spa\/wp-json\/wp\/v2\/comments?post=7038"}],"wp:featuredmedia":[{"embeddable":true,"href":"https:\/\/www.ayurvedique.com\/vedicare-spa\/wp-json\/wp\/v2\/media\/5698"}],"wp:attachment":[{"href":"https:\/\/www.ayurvedique.com\/vedicare-spa\/wp-json\/wp\/v2\/media?parent=7038"}],"wp:term":[{"taxonomy":"product_brand","embeddable":true,"href":"https:\/\/www.ayurvedique.com\/vedicare-spa\/wp-json\/wp\/v2\/product_brand?post=7038"},{"taxonomy":"product_cat","embeddable":true,"href":"https:\/\/www.ayurvedique.com\/vedicare-spa\/wp-json\/wp\/v2\/product_cat?post=7038"},{"taxonomy":"product_tag","embeddable":true,"href":"https:\/\/www.ayurvedique.com\/vedicare-spa\/wp-json\/wp\/v2\/product_tag?post=7038"}],"curies":[{"name":"wp","href":"https:\/\/api.w.org\/{rel}","templated":true}]}}