{"id":5970,"date":"2022-09-06T15:04:12","date_gmt":"2022-09-06T13:04:12","guid":{"rendered":"https:\/\/www.ayurvedique.com\/vedicare-spa\/?post_type=product&#038;p=5970"},"modified":"2026-02-05T16:21:56","modified_gmt":"2026-02-05T15:21:56","slug":"soin-des-levres-au-karite","status":"publish","type":"product","link":"https:\/\/www.ayurvedique.com\/vedicare-spa\/soins-visages-corps\/soin-des-levres-au-karite\/","title":{"rendered":"Soin des l\u00e8vres \u00e0 l&rsquo;huile de S\u00e9same"},"content":{"rendered":"<p>Soin des l\u00e8vres \u00e0 l&rsquo;huile de s\u00e9same biologique et au Karit\u00e9, r\u00e9parateur et nourrissant, parfum \u00e0 la Framboise<br data-v-5f860821=\"\" \/>Ce baume l\u00e8vres est une synergie entre le beurre de Karit\u00e9 biologique nourrissant et hydratant et l\u2019huile de s\u00e9same biologique aux pouvoirs antioxydants. L\u2019hydratation des l\u00e8vres est durable gr\u00e2ce \u00e0 la pr\u00e9sence de cire d\u2019abeille qui cr\u00e9e un film protecteur. Un parfum gourmand de framboise incitera \u00e0 se prot\u00e9ger les l\u00e8vres tr\u00e8s souvent.<br data-v-5f860821=\"\" \/>Fabriqu\u00e9 en France<br data-v-5f860821=\"\" \/>4.5 g<br data-v-5f860821=\"\" \/>Stick en amidon de ma\u00efs compostable<\/p>\n<p>Utiliser en pr\u00e9vention, avant toute exposition au froid, au vent ou m\u00eame au soleil. En soin r\u00e9parateur, sur les l\u00e8vres ab\u00eem\u00e9es et leur contour. Conseill\u00e9 pour toute la famille.<\/p>\n<div class=\"description\" data-v-5f860821=\"\">\n<p><strong data-v-5f860821=\"\">Liste INCI<\/strong><\/p>\n<p class=\"description__description\" data-v-5f860821=\"\">Butyrospermum parkii*, Sesamum indicum seed oil*, Cera alba, parfum, tocopherol, Helianthus annuus seed oil. <br data-v-5f860821=\"\" \/>* ingr\u00e9dients issus de l&rsquo;agriculture biologique<\/p>\n<\/div>\n<div class=\"description\" data-v-5f860821=\"\">\n<p><strong data-v-5f860821=\"\">Ingr\u00e9dients<\/strong><\/p>\n<p class=\"description__description\" data-v-5f860821=\"\">Beurre de Karit\u00e9*, cire d\u2019abeille,huile de s\u00e9same*, parfum 100% naturel framboise, vitamine E naturelle sur tournesol.<\/p>\n<\/div>\n","protected":false},"excerpt":{"rendered":"<p>Soin des l\u00e8vres \u00e0 l&rsquo;huile de s\u00e9same biologique, r\u00e9parateur et nourrissant, parfum framboise<\/p>\n","protected":false},"featured_media":6001,"comment_status":"closed","ping_status":"closed","template":"","meta":{"_uag_custom_page_level_css":"","site-sidebar-layout":"default","site-content-layout":"default","ast-site-content-layout":"default","site-content-style":"default","site-sidebar-style":"default","ast-global-header-display":"","ast-banner-title-visibility":"","ast-main-header-display":"","ast-hfb-above-header-display":"","ast-hfb-below-header-display":"","ast-hfb-mobile-header-display":"","site-post-title":"","ast-breadcrumbs-content":"","ast-featured-img":"","footer-sml-layout":"","ast-disable-related-posts":"","theme-transparent-header-meta":"default","adv-header-id-meta":"","stick-header-meta":"","header-above-stick-meta":"","header-main-stick-meta":"","header-below-stick-meta":"","astra-migrate-meta-layouts":"set","ast-page-background-enabled":"default","ast-page-background-meta":{"desktop":{"background-color":"","background-image":"","background-repeat":"repeat","background-position":"center center","background-size":"auto","background-attachment":"scroll","background-type":"","background-media":"","overlay-type":"","overlay-color":"","overlay-opacity":"","overlay-gradient":""},"tablet":{"background-color":"","background-image":"","background-repeat":"repeat","background-position":"center center","background-size":"auto","background-attachment":"scroll","background-type":"","background-media":"","overlay-type":"","overlay-color":"","overlay-opacity":"","overlay-gradient":""},"mobile":{"background-color":"","background-image":"","background-repeat":"repeat","background-position":"center center","background-size":"auto","background-attachment":"scroll","background-type":"","background-media":"","overlay-type":"","overlay-color":"","overlay-opacity":"","overlay-gradient":""}},"ast-content-background-meta":{"desktop":{"background-color":"var(--ast-global-color-5)","background-image":"","background-repeat":"repeat","background-position":"center center","background-size":"auto","background-attachment":"scroll","background-type":"","background-media":"","overlay-type":"","overlay-color":"","overlay-opacity":"","overlay-gradient":""},"tablet":{"background-color":"var(--ast-global-color-5)","background-image":"","background-repeat":"repeat","background-position":"center center","background-size":"auto","background-attachment":"scroll","background-type":"","background-media":"","overlay-type":"","overlay-color":"","overlay-opacity":"","overlay-gradient":""},"mobile":{"background-color":"var(--ast-global-color-5)","background-image":"","background-repeat":"repeat","background-position":"center center","background-size":"auto","background-attachment":"scroll","background-type":"","background-media":"","overlay-type":"","overlay-color":"","overlay-opacity":"","overlay-gradient":""}}},"product_brand":[351],"product_cat":[333],"product_tag":[378,379],"class_list":{"0":"post-5970","1":"product","2":"type-product","3":"status-publish","4":"has-post-thumbnail","6":"product_brand-ayurvenat","7":"product_cat-soins-visages-corps","8":"product_tag-soin-des-levres-ayurvedique","9":"product_tag-soin-des-levres-bio-ayurvedique","10":"desktop-align-left","11":"tablet-align-left","12":"mobile-align-left","14":"first","15":"instock","16":"taxable","17":"shipping-taxable","18":"purchasable","19":"product-type-simple"},"yoast_head":"<!-- This site is optimized with the Yoast SEO plugin v27.5 - https:\/\/yoast.com\/product\/yoast-seo-wordpress\/ -->\n<title>Soin des l\u00e8vres \u00e0 l&#039;huile de S\u00e9same - Vedicare | Soins, Cures, Boutique ayurv\u00e9dique<\/title>\n<meta name=\"description\" content=\"Soin des l\u00e8vres karit\u00e9 &amp; s\u00e9same biologique, r\u00e9parateur et nourrissant, parfum framboise , fabriqu\u00e9 en France\" \/>\n<meta name=\"robots\" content=\"index, follow, max-snippet:-1, max-image-preview:large, max-video-preview:-1\" \/>\n<link rel=\"canonical\" href=\"https:\/\/www.ayurvedique.com\/vedicare-spa\/soins-visages-corps\/soin-des-levres-au-karite\/\" \/>\n<meta property=\"og:locale\" content=\"fr_FR\" \/>\n<meta property=\"og:type\" content=\"article\" \/>\n<meta property=\"og:title\" content=\"Soin des l\u00e8vres \u00e0 l&#039;huile de S\u00e9same - Vedicare | Soins, Cures, Boutique ayurv\u00e9dique\" \/>\n<meta property=\"og:description\" content=\"Soin des l\u00e8vres karit\u00e9 &amp; s\u00e9same biologique, r\u00e9parateur et nourrissant, parfum framboise , fabriqu\u00e9 en France\" \/>\n<meta property=\"og:url\" content=\"https:\/\/www.ayurvedique.com\/vedicare-spa\/soins-visages-corps\/soin-des-levres-au-karite\/\" \/>\n<meta property=\"og:site_name\" content=\"Vedicare | Soins, Cures, Boutique ayurv\u00e9dique\" \/>\n<meta property=\"article:publisher\" content=\"https:\/\/www.facebook.com\/Eco-gites-et-spa-Vedicare-146891845345782\/\" \/>\n<meta property=\"article:modified_time\" content=\"2026-02-05T15:21:56+00:00\" \/>\n<meta property=\"og:image\" content=\"https:\/\/www.ayurvedique.com\/vedicare-spa\/wp-content\/uploads\/baume-a-levres-karite-sesame-parfum-framboise-45g.jpg\" \/>\n\t<meta property=\"og:image:width\" content=\"800\" \/>\n\t<meta property=\"og:image:height\" content=\"800\" \/>\n\t<meta property=\"og:image:type\" content=\"image\/jpeg\" \/>\n<meta name=\"twitter:card\" content=\"summary_large_image\" \/>\n<meta name=\"twitter:label1\" content=\"Dur\u00e9e de lecture estim\u00e9e\" \/>\n\t<meta name=\"twitter:data1\" content=\"1 minute\" \/>\n<script type=\"application\/ld+json\" class=\"yoast-schema-graph\">{\"@context\":\"https:\\\/\\\/schema.org\",\"@graph\":[{\"@type\":\"WebPage\",\"@id\":\"https:\\\/\\\/www.ayurvedique.com\\\/vedicare-spa\\\/soins-visages-corps\\\/soin-des-levres-au-karite\\\/\",\"url\":\"https:\\\/\\\/www.ayurvedique.com\\\/vedicare-spa\\\/soins-visages-corps\\\/soin-des-levres-au-karite\\\/\",\"name\":\"Soin des l\u00e8vres \u00e0 l'huile de S\u00e9same - Vedicare | Soins, Cures, Boutique ayurv\u00e9dique\",\"isPartOf\":{\"@id\":\"https:\\\/\\\/www.ayurvedique.com\\\/vedicare-spa\\\/#website\"},\"primaryImageOfPage\":{\"@id\":\"https:\\\/\\\/www.ayurvedique.com\\\/vedicare-spa\\\/soins-visages-corps\\\/soin-des-levres-au-karite\\\/#primaryimage\"},\"image\":{\"@id\":\"https:\\\/\\\/www.ayurvedique.com\\\/vedicare-spa\\\/soins-visages-corps\\\/soin-des-levres-au-karite\\\/#primaryimage\"},\"thumbnailUrl\":\"https:\\\/\\\/www.ayurvedique.com\\\/vedicare-spa\\\/wp-content\\\/uploads\\\/baume-a-levres-karite-sesame-parfum-framboise-45g.jpg\",\"datePublished\":\"2022-09-06T13:04:12+00:00\",\"dateModified\":\"2026-02-05T15:21:56+00:00\",\"description\":\"Soin des l\u00e8vres karit\u00e9 & s\u00e9same biologique, r\u00e9parateur et nourrissant, parfum framboise , fabriqu\u00e9 en France\",\"breadcrumb\":{\"@id\":\"https:\\\/\\\/www.ayurvedique.com\\\/vedicare-spa\\\/soins-visages-corps\\\/soin-des-levres-au-karite\\\/#breadcrumb\"},\"inLanguage\":\"fr-FR\",\"potentialAction\":[{\"@type\":\"ReadAction\",\"target\":[\"https:\\\/\\\/www.ayurvedique.com\\\/vedicare-spa\\\/soins-visages-corps\\\/soin-des-levres-au-karite\\\/\"]}]},{\"@type\":\"ImageObject\",\"inLanguage\":\"fr-FR\",\"@id\":\"https:\\\/\\\/www.ayurvedique.com\\\/vedicare-spa\\\/soins-visages-corps\\\/soin-des-levres-au-karite\\\/#primaryimage\",\"url\":\"https:\\\/\\\/www.ayurvedique.com\\\/vedicare-spa\\\/wp-content\\\/uploads\\\/baume-a-levres-karite-sesame-parfum-framboise-45g.jpg\",\"contentUrl\":\"https:\\\/\\\/www.ayurvedique.com\\\/vedicare-spa\\\/wp-content\\\/uploads\\\/baume-a-levres-karite-sesame-parfum-framboise-45g.jpg\",\"width\":800,\"height\":800},{\"@type\":\"BreadcrumbList\",\"@id\":\"https:\\\/\\\/www.ayurvedique.com\\\/vedicare-spa\\\/soins-visages-corps\\\/soin-des-levres-au-karite\\\/#breadcrumb\",\"itemListElement\":[{\"@type\":\"ListItem\",\"position\":1,\"name\":\"Accueil\",\"item\":\"https:\\\/\\\/www.ayurvedique.com\\\/vedicare-spa\\\/\"},{\"@type\":\"ListItem\",\"position\":2,\"name\":\"Boutique\",\"item\":\"https:\\\/\\\/www.ayurvedique.com\\\/vedicare-spa\\\/boutique\\\/\"},{\"@type\":\"ListItem\",\"position\":3,\"name\":\"Soin des l\u00e8vres \u00e0 l&rsquo;huile de S\u00e9same\"}]},{\"@type\":\"WebSite\",\"@id\":\"https:\\\/\\\/www.ayurvedique.com\\\/vedicare-spa\\\/#website\",\"url\":\"https:\\\/\\\/www.ayurvedique.com\\\/vedicare-spa\\\/\",\"name\":\"Vedicare | Soins, Cures, Boutique ayurv\u00e9dique\",\"description\":\"Produits naturels bio et vegan, Spa ayurvedique\",\"publisher\":{\"@id\":\"https:\\\/\\\/www.ayurvedique.com\\\/vedicare-spa\\\/#organization\"},\"alternateName\":\"Spa ayurv\u00e9dique et produits naturels\",\"potentialAction\":[{\"@type\":\"SearchAction\",\"target\":{\"@type\":\"EntryPoint\",\"urlTemplate\":\"https:\\\/\\\/www.ayurvedique.com\\\/vedicare-spa\\\/?s={search_term_string}\"},\"query-input\":{\"@type\":\"PropertyValueSpecification\",\"valueRequired\":true,\"valueName\":\"search_term_string\"}}],\"inLanguage\":\"fr-FR\"},{\"@type\":\"Organization\",\"@id\":\"https:\\\/\\\/www.ayurvedique.com\\\/vedicare-spa\\\/#organization\",\"name\":\"Vedicare\",\"url\":\"https:\\\/\\\/www.ayurvedique.com\\\/vedicare-spa\\\/\",\"logo\":{\"@type\":\"ImageObject\",\"inLanguage\":\"fr-FR\",\"@id\":\"https:\\\/\\\/www.ayurvedique.com\\\/vedicare-spa\\\/#\\\/schema\\\/logo\\\/image\\\/\",\"url\":\"https:\\\/\\\/www.ayurvedique.com\\\/vedicare-spa\\\/wp-content\\\/uploads\\\/logo_vedicare-1.png\",\"contentUrl\":\"https:\\\/\\\/www.ayurvedique.com\\\/vedicare-spa\\\/wp-content\\\/uploads\\\/logo_vedicare-1.png\",\"width\":142,\"height\":206,\"caption\":\"Vedicare\"},\"image\":{\"@id\":\"https:\\\/\\\/www.ayurvedique.com\\\/vedicare-spa\\\/#\\\/schema\\\/logo\\\/image\\\/\"},\"sameAs\":[\"https:\\\/\\\/www.facebook.com\\\/Eco-gites-et-spa-Vedicare-146891845345782\\\/\"]}]}<\/script>\n<!-- \/ Yoast SEO plugin. -->","yoast_head_json":{"title":"Soin des l\u00e8vres \u00e0 l'huile de S\u00e9same - Vedicare | Soins, Cures, Boutique ayurv\u00e9dique","description":"Soin des l\u00e8vres karit\u00e9 & s\u00e9same biologique, r\u00e9parateur et nourrissant, parfum framboise , fabriqu\u00e9 en France","robots":{"index":"index","follow":"follow","max-snippet":"max-snippet:-1","max-image-preview":"max-image-preview:large","max-video-preview":"max-video-preview:-1"},"canonical":"https:\/\/www.ayurvedique.com\/vedicare-spa\/soins-visages-corps\/soin-des-levres-au-karite\/","og_locale":"fr_FR","og_type":"article","og_title":"Soin des l\u00e8vres \u00e0 l'huile de S\u00e9same - Vedicare | Soins, Cures, Boutique ayurv\u00e9dique","og_description":"Soin des l\u00e8vres karit\u00e9 & s\u00e9same biologique, r\u00e9parateur et nourrissant, parfum framboise , fabriqu\u00e9 en France","og_url":"https:\/\/www.ayurvedique.com\/vedicare-spa\/soins-visages-corps\/soin-des-levres-au-karite\/","og_site_name":"Vedicare | Soins, Cures, Boutique ayurv\u00e9dique","article_publisher":"https:\/\/www.facebook.com\/Eco-gites-et-spa-Vedicare-146891845345782\/","article_modified_time":"2026-02-05T15:21:56+00:00","og_image":[{"width":800,"height":800,"url":"https:\/\/www.ayurvedique.com\/vedicare-spa\/wp-content\/uploads\/baume-a-levres-karite-sesame-parfum-framboise-45g.jpg","type":"image\/jpeg"}],"twitter_card":"summary_large_image","twitter_misc":{"Dur\u00e9e de lecture estim\u00e9e":"1 minute"},"schema":{"@context":"https:\/\/schema.org","@graph":[{"@type":"WebPage","@id":"https:\/\/www.ayurvedique.com\/vedicare-spa\/soins-visages-corps\/soin-des-levres-au-karite\/","url":"https:\/\/www.ayurvedique.com\/vedicare-spa\/soins-visages-corps\/soin-des-levres-au-karite\/","name":"Soin des l\u00e8vres \u00e0 l'huile de S\u00e9same - Vedicare | Soins, Cures, Boutique ayurv\u00e9dique","isPartOf":{"@id":"https:\/\/www.ayurvedique.com\/vedicare-spa\/#website"},"primaryImageOfPage":{"@id":"https:\/\/www.ayurvedique.com\/vedicare-spa\/soins-visages-corps\/soin-des-levres-au-karite\/#primaryimage"},"image":{"@id":"https:\/\/www.ayurvedique.com\/vedicare-spa\/soins-visages-corps\/soin-des-levres-au-karite\/#primaryimage"},"thumbnailUrl":"https:\/\/www.ayurvedique.com\/vedicare-spa\/wp-content\/uploads\/baume-a-levres-karite-sesame-parfum-framboise-45g.jpg","datePublished":"2022-09-06T13:04:12+00:00","dateModified":"2026-02-05T15:21:56+00:00","description":"Soin des l\u00e8vres karit\u00e9 & s\u00e9same biologique, r\u00e9parateur et nourrissant, parfum framboise , fabriqu\u00e9 en France","breadcrumb":{"@id":"https:\/\/www.ayurvedique.com\/vedicare-spa\/soins-visages-corps\/soin-des-levres-au-karite\/#breadcrumb"},"inLanguage":"fr-FR","potentialAction":[{"@type":"ReadAction","target":["https:\/\/www.ayurvedique.com\/vedicare-spa\/soins-visages-corps\/soin-des-levres-au-karite\/"]}]},{"@type":"ImageObject","inLanguage":"fr-FR","@id":"https:\/\/www.ayurvedique.com\/vedicare-spa\/soins-visages-corps\/soin-des-levres-au-karite\/#primaryimage","url":"https:\/\/www.ayurvedique.com\/vedicare-spa\/wp-content\/uploads\/baume-a-levres-karite-sesame-parfum-framboise-45g.jpg","contentUrl":"https:\/\/www.ayurvedique.com\/vedicare-spa\/wp-content\/uploads\/baume-a-levres-karite-sesame-parfum-framboise-45g.jpg","width":800,"height":800},{"@type":"BreadcrumbList","@id":"https:\/\/www.ayurvedique.com\/vedicare-spa\/soins-visages-corps\/soin-des-levres-au-karite\/#breadcrumb","itemListElement":[{"@type":"ListItem","position":1,"name":"Accueil","item":"https:\/\/www.ayurvedique.com\/vedicare-spa\/"},{"@type":"ListItem","position":2,"name":"Boutique","item":"https:\/\/www.ayurvedique.com\/vedicare-spa\/boutique\/"},{"@type":"ListItem","position":3,"name":"Soin des l\u00e8vres \u00e0 l&rsquo;huile de S\u00e9same"}]},{"@type":"WebSite","@id":"https:\/\/www.ayurvedique.com\/vedicare-spa\/#website","url":"https:\/\/www.ayurvedique.com\/vedicare-spa\/","name":"Vedicare | Soins, Cures, Boutique ayurv\u00e9dique","description":"Produits naturels bio et vegan, Spa ayurvedique","publisher":{"@id":"https:\/\/www.ayurvedique.com\/vedicare-spa\/#organization"},"alternateName":"Spa ayurv\u00e9dique et produits naturels","potentialAction":[{"@type":"SearchAction","target":{"@type":"EntryPoint","urlTemplate":"https:\/\/www.ayurvedique.com\/vedicare-spa\/?s={search_term_string}"},"query-input":{"@type":"PropertyValueSpecification","valueRequired":true,"valueName":"search_term_string"}}],"inLanguage":"fr-FR"},{"@type":"Organization","@id":"https:\/\/www.ayurvedique.com\/vedicare-spa\/#organization","name":"Vedicare","url":"https:\/\/www.ayurvedique.com\/vedicare-spa\/","logo":{"@type":"ImageObject","inLanguage":"fr-FR","@id":"https:\/\/www.ayurvedique.com\/vedicare-spa\/#\/schema\/logo\/image\/","url":"https:\/\/www.ayurvedique.com\/vedicare-spa\/wp-content\/uploads\/logo_vedicare-1.png","contentUrl":"https:\/\/www.ayurvedique.com\/vedicare-spa\/wp-content\/uploads\/logo_vedicare-1.png","width":142,"height":206,"caption":"Vedicare"},"image":{"@id":"https:\/\/www.ayurvedique.com\/vedicare-spa\/#\/schema\/logo\/image\/"},"sameAs":["https:\/\/www.facebook.com\/Eco-gites-et-spa-Vedicare-146891845345782\/"]}]}},"uagb_featured_image_src":{"full":["https:\/\/www.ayurvedique.com\/vedicare-spa\/wp-content\/uploads\/baume-a-levres-karite-sesame-parfum-framboise-45g.jpg",800,800,false],"thumbnail":["https:\/\/www.ayurvedique.com\/vedicare-spa\/wp-content\/uploads\/baume-a-levres-karite-sesame-parfum-framboise-45g-150x150.jpg",150,150,true],"medium":["https:\/\/www.ayurvedique.com\/vedicare-spa\/wp-content\/uploads\/baume-a-levres-karite-sesame-parfum-framboise-45g-600x600.jpg",600,600,true],"medium_large":["https:\/\/www.ayurvedique.com\/vedicare-spa\/wp-content\/uploads\/baume-a-levres-karite-sesame-parfum-framboise-45g-768x768.jpg",768,768,true],"large":["https:\/\/www.ayurvedique.com\/vedicare-spa\/wp-content\/uploads\/baume-a-levres-karite-sesame-parfum-framboise-45g.jpg",800,800,false],"1536x1536":["https:\/\/www.ayurvedique.com\/vedicare-spa\/wp-content\/uploads\/baume-a-levres-karite-sesame-parfum-framboise-45g.jpg",800,800,false],"2048x2048":["https:\/\/www.ayurvedique.com\/vedicare-spa\/wp-content\/uploads\/baume-a-levres-karite-sesame-parfum-framboise-45g.jpg",800,800,false],"rpwe-thumbnail":["https:\/\/www.ayurvedique.com\/vedicare-spa\/wp-content\/uploads\/baume-a-levres-karite-sesame-parfum-framboise-45g-45x45.jpg",45,45,true],"woocommerce_thumbnail":["https:\/\/www.ayurvedique.com\/vedicare-spa\/wp-content\/uploads\/baume-a-levres-karite-sesame-parfum-framboise-45g-300x300.jpg",300,300,true],"woocommerce_single":["https:\/\/www.ayurvedique.com\/vedicare-spa\/wp-content\/uploads\/baume-a-levres-karite-sesame-parfum-framboise-45g-600x600.jpg",600,600,true],"woocommerce_gallery_thumbnail":["https:\/\/www.ayurvedique.com\/vedicare-spa\/wp-content\/uploads\/baume-a-levres-karite-sesame-parfum-framboise-45g-100x100.jpg",100,100,true]},"uagb_author_info":{"display_name":"francoise","author_link":"https:\/\/www.ayurvedique.com\/vedicare-spa\/author\/"},"uagb_comment_info":0,"uagb_excerpt":"Soin des l\u00e8vres \u00e0 l'huile de s\u00e9same biologique, r\u00e9parateur et nourrissant, parfum framboise","_links":{"self":[{"href":"https:\/\/www.ayurvedique.com\/vedicare-spa\/wp-json\/wp\/v2\/product\/5970","targetHints":{"allow":["GET"]}}],"collection":[{"href":"https:\/\/www.ayurvedique.com\/vedicare-spa\/wp-json\/wp\/v2\/product"}],"about":[{"href":"https:\/\/www.ayurvedique.com\/vedicare-spa\/wp-json\/wp\/v2\/types\/product"}],"replies":[{"embeddable":true,"href":"https:\/\/www.ayurvedique.com\/vedicare-spa\/wp-json\/wp\/v2\/comments?post=5970"}],"wp:featuredmedia":[{"embeddable":true,"href":"https:\/\/www.ayurvedique.com\/vedicare-spa\/wp-json\/wp\/v2\/media\/6001"}],"wp:attachment":[{"href":"https:\/\/www.ayurvedique.com\/vedicare-spa\/wp-json\/wp\/v2\/media?parent=5970"}],"wp:term":[{"taxonomy":"product_brand","embeddable":true,"href":"https:\/\/www.ayurvedique.com\/vedicare-spa\/wp-json\/wp\/v2\/product_brand?post=5970"},{"taxonomy":"product_cat","embeddable":true,"href":"https:\/\/www.ayurvedique.com\/vedicare-spa\/wp-json\/wp\/v2\/product_cat?post=5970"},{"taxonomy":"product_tag","embeddable":true,"href":"https:\/\/www.ayurvedique.com\/vedicare-spa\/wp-json\/wp\/v2\/product_tag?post=5970"}],"curies":[{"name":"wp","href":"https:\/\/api.w.org\/{rel}","templated":true}]}}