{"id":5703,"date":"2022-03-01T15:11:27","date_gmt":"2022-03-01T14:11:27","guid":{"rendered":"https:\/\/www.ayurvedique.com\/vedicare-spa\/?post_type=product&#038;p=5703"},"modified":"2026-04-01T09:35:11","modified_gmt":"2026-04-01T07:35:11","slug":"offre-decouverte-nouveau-lait-demaquillant-et-creme-aloe-vera","status":"publish","type":"product","link":"https:\/\/www.ayurvedique.com\/vedicare-spa\/soins-visages-corps\/offre-decouverte-nouveau-lait-demaquillant-et-creme-aloe-vera\/","title":{"rendered":"Offre \u00ab\u00a0D\u00e9couverte\u00a0\u00bb  Nouveau Lait D\u00e9maquillant \u00e0 l&rsquo;acide hyaluronique #et Cr\u00e8me Aloe Vera"},"content":{"rendered":"<p>Ce <strong>nouveau<\/strong> lait onctueux et d\u00e9licatement parfum\u00e9 \u00e0 la coco , allie dans sa composition la France et l&rsquo;Ayurveda. Compos\u00e9 d&rsquo;eau de source de St G\u00e9ron, d&rsquo;hydrolat de fleur d&rsquo;oranger, d&rsquo;huile de Coco et de Karit\u00e9, il nettoie le maquillage et les impuret\u00e9s tout en repulpant la peau. Propri\u00e9t\u00e9s et composition du masque au neem peau mixte \u00e0 grasse <a href=\"https:\/\/www.ayurvedique.com\/vedicare-spa\/cosmetiques-vegan\/masque-au-neem\/\">ici<\/a><\/p>\n<p>Cette cr\u00e8me l\u00e9g\u00e8re ayurv\u00e9dique \u00e0 l\u2019Aloe Vera est revitalisante,\u00a0protectrice et adapt\u00e9e aux peaux mixtes.Vous pouvez l&rsquo;utiliser aussi bien en cr\u00e8me de jour que de nuit, elle convient aussi aux Messieurs.<\/p>\n<p>&nbsp;<\/p>\n<p><strong>Ingr\u00e9dients<\/strong> <strong>Lait d\u00e9maquillant<\/strong>:<\/p>\n<p>Aqua, citrus aurantium amara flower water, glycerin, butyrospermum parkii butter, cocamidopropyl betaine, caprylyl\/capryl glucoside, olive glycerides, crambe abyssinica seed oil phytosterol esters, sodium stearoyl lactylate, cetearyl alcohol, gluconolactone, glyceryl stearate, potassium palmitoyl hydrolyzed wheat protein, sodium benzoate, tapioca starch, sodium hyaluronate, xanthan gum, p-anisic acid, citric acid, parfum, acacia senegal GUM, benzyl alcohol, benzyl benzoate, benzyl salicylate,<\/p>\n<p>Coumarin, geraniol, limonene, linalool<\/p>\n<p>98% du total est d\u2019origine naturelle<\/p>\n<p><strong>Ingr\u00e9dients Cr\u00e8me \u00e0 l&rsquo;Aloe Vera :<\/strong><\/p>\n<p>Aloe barbadensis leaf extract, aqua, caprylic\/capric triglyceride, glycerin, ricinus communis seed oil, triticum vulgare germ oil, coco-caprylate, coco-caprylate\/caprate, polyglyceryl-6 distearate, microcrystalline cellulose, glyceryl stearate SE, oryza sativa starch, benzyl alcohol, cetyl alcohol, palmitic acid, stearic acid, sodium stearoyl glutamate, cellulose gum, D-delta tocopherol, salvia sclarea oil, dehydroacetic acid, citric acid<\/p>\n<p>Geraniol, limonene, linalol<br \/>\nheight=\u00a0\u00bb70&Prime; \/&gt;<img decoding=\"async\" class=\"size-full wp-image-2072 lazyload\" data-src=\"https:\/\/www.ayurvedique.com\/vedicare-spa\/wp-content\/uploads\/cms\/cms_VeganTM-copie.jpg\" alt=\"\" width=\"86\" height=\"69\" src=\"data:image\/svg+xml;base64,PHN2ZyB3aWR0aD0iMSIgaGVpZ2h0PSIxIiB4bWxucz0iaHR0cDovL3d3dy53My5vcmcvMjAwMC9zdmciPjwvc3ZnPg==\" style=\"--smush-placeholder-width: 86px; --smush-placeholder-aspect-ratio: 86\/69;\" \/><\/p>\n<p>&nbsp;<\/p>\n","protected":false},"excerpt":{"rendered":"<p>D\u00e9couvrez notre\u00a0 nouveau lait d\u00e9maquillant \u00e0 l&rsquo;acide hyaluronique repulpant avec ce lot promotionnel contenant un lait et une cr\u00e8me\u00a0 aloe vera\u00a0 id\u00e9ale pour les peaux jeunes , mixtes ou \u00e0 probl\u00e8mes<\/p>\n<p>Consultez <a href=\"https:\/\/www.ayurvedique.com\/vedicare-spa\/routine-soin-visage-naturelle\/\">notre routine de soin du visage <\/a><\/p>\n<p>Contenance du d\u00e9maquillant: 200 ml<\/p>\n<p>Contenance cr\u00e8me : 50 g<\/p>\n<p><strong>Un s\u00e9rum contour des yeux bio offert pour tout achat de ce pack<\/strong><\/p>\n<p>&nbsp;<\/p>\n","protected":false},"featured_media":2083,"comment_status":"closed","ping_status":"closed","template":"","meta":{"_uag_custom_page_level_css":"","site-sidebar-layout":"default","site-content-layout":"default","ast-site-content-layout":"default","site-content-style":"default","site-sidebar-style":"default","ast-global-header-display":"","ast-banner-title-visibility":"","ast-main-header-display":"","ast-hfb-above-header-display":"","ast-hfb-below-header-display":"","ast-hfb-mobile-header-display":"","site-post-title":"","ast-breadcrumbs-content":"","ast-featured-img":"","footer-sml-layout":"","ast-disable-related-posts":"","theme-transparent-header-meta":"default","adv-header-id-meta":"","stick-header-meta":"","header-above-stick-meta":"","header-main-stick-meta":"","header-below-stick-meta":"","astra-migrate-meta-layouts":"set","ast-page-background-enabled":"default","ast-page-background-meta":{"desktop":{"background-color":"","background-image":"","background-repeat":"repeat","background-position":"center center","background-size":"auto","background-attachment":"scroll","background-type":"","background-media":"","overlay-type":"","overlay-color":"","overlay-opacity":"","overlay-gradient":""},"tablet":{"background-color":"","background-image":"","background-repeat":"repeat","background-position":"center center","background-size":"auto","background-attachment":"scroll","background-type":"","background-media":"","overlay-type":"","overlay-color":"","overlay-opacity":"","overlay-gradient":""},"mobile":{"background-color":"","background-image":"","background-repeat":"repeat","background-position":"center center","background-size":"auto","background-attachment":"scroll","background-type":"","background-media":"","overlay-type":"","overlay-color":"","overlay-opacity":"","overlay-gradient":""}},"ast-content-background-meta":{"desktop":{"background-color":"var(--ast-global-color-5)","background-image":"","background-repeat":"repeat","background-position":"center center","background-size":"auto","background-attachment":"scroll","background-type":"","background-media":"","overlay-type":"","overlay-color":"","overlay-opacity":"","overlay-gradient":""},"tablet":{"background-color":"var(--ast-global-color-5)","background-image":"","background-repeat":"repeat","background-position":"center center","background-size":"auto","background-attachment":"scroll","background-type":"","background-media":"","overlay-type":"","overlay-color":"","overlay-opacity":"","overlay-gradient":""},"mobile":{"background-color":"var(--ast-global-color-5)","background-image":"","background-repeat":"repeat","background-position":"center center","background-size":"auto","background-attachment":"scroll","background-type":"","background-media":"","overlay-type":"","overlay-color":"","overlay-opacity":"","overlay-gradient":""}}},"product_brand":[],"product_cat":[333],"product_tag":[289,280,288,285,286,320],"class_list":{"0":"post-5703","1":"product","2":"type-product","3":"status-publish","4":"has-post-thumbnail","6":"product_cat-soins-visages-corps","7":"product_tag-aloe-vera","8":"product_tag-ayuvedique","9":"product_tag-creme-ayurvedique","10":"product_tag-lait-demaquillant-bio","11":"product_tag-lait-demaquillant-naturel","12":"product_tag-repulpant","13":"desktop-align-left","14":"tablet-align-left","15":"mobile-align-left","17":"first","18":"outofstock","19":"sale","20":"taxable","21":"shipping-taxable","22":"purchasable","23":"product-type-simple"},"yoast_head":"<!-- This site is optimized with the Yoast SEO plugin v27.5 - https:\/\/yoast.com\/product\/yoast-seo-wordpress\/ -->\n<title>Offre &quot;D\u00e9couverte&quot; Nouveau Lait D\u00e9maquillant \u00e0 l&#039;acide hyaluronique #et Cr\u00e8me Aloe Vera - Vedicare | Soins, Cures, Boutique ayurv\u00e9dique<\/title>\n<meta name=\"description\" content=\"C&#039;est l&#039;occasion d&#039;essayer notre nouveau lait d\u00e9maquillant bio\" \/>\n<meta name=\"robots\" content=\"index, follow, max-snippet:-1, max-image-preview:large, max-video-preview:-1\" \/>\n<link rel=\"canonical\" href=\"https:\/\/www.ayurvedique.com\/vedicare-spa\/soins-visages-corps\/offre-decouverte-nouveau-lait-demaquillant-et-creme-aloe-vera\/\" \/>\n<meta property=\"og:locale\" content=\"fr_FR\" \/>\n<meta property=\"og:type\" content=\"article\" \/>\n<meta property=\"og:title\" content=\"Offre &quot;D\u00e9couverte&quot; Nouveau Lait D\u00e9maquillant \u00e0 l&#039;acide hyaluronique #et Cr\u00e8me Aloe Vera - Vedicare | Soins, Cures, Boutique ayurv\u00e9dique\" \/>\n<meta property=\"og:description\" content=\"C&#039;est l&#039;occasion d&#039;essayer notre nouveau lait d\u00e9maquillant bio\" \/>\n<meta property=\"og:url\" content=\"https:\/\/www.ayurvedique.com\/vedicare-spa\/soins-visages-corps\/offre-decouverte-nouveau-lait-demaquillant-et-creme-aloe-vera\/\" \/>\n<meta property=\"og:site_name\" content=\"Vedicare | Soins, Cures, Boutique ayurv\u00e9dique\" \/>\n<meta property=\"article:publisher\" content=\"https:\/\/www.facebook.com\/Eco-gites-et-spa-Vedicare-146891845345782\/\" \/>\n<meta property=\"article:modified_time\" content=\"2026-04-01T07:35:11+00:00\" \/>\n<meta property=\"og:image\" content=\"https:\/\/www.ayurvedique.com\/vedicare-spa\/wp-content\/uploads\/p\/2\/2\/0\/p_2_2_0_220-thickbox_default-creme-legere-a-lAloe-Vera.jpg\" \/>\n\t<meta property=\"og:image:width\" content=\"800\" \/>\n\t<meta property=\"og:image:height\" content=\"800\" \/>\n\t<meta property=\"og:image:type\" content=\"image\/jpeg\" \/>\n<meta name=\"twitter:card\" content=\"summary_large_image\" \/>\n<meta name=\"twitter:label1\" content=\"Dur\u00e9e de lecture estim\u00e9e\" \/>\n\t<meta name=\"twitter:data1\" content=\"2 minutes\" \/>\n<script type=\"application\/ld+json\" class=\"yoast-schema-graph\">{\"@context\":\"https:\\\/\\\/schema.org\",\"@graph\":[{\"@type\":\"WebPage\",\"@id\":\"https:\\\/\\\/www.ayurvedique.com\\\/vedicare-spa\\\/soins-visages-corps\\\/offre-decouverte-nouveau-lait-demaquillant-et-creme-aloe-vera\\\/\",\"url\":\"https:\\\/\\\/www.ayurvedique.com\\\/vedicare-spa\\\/soins-visages-corps\\\/offre-decouverte-nouveau-lait-demaquillant-et-creme-aloe-vera\\\/\",\"name\":\"Offre \\\"D\u00e9couverte\\\" Nouveau Lait D\u00e9maquillant \u00e0 l'acide hyaluronique #et Cr\u00e8me Aloe Vera - Vedicare | Soins, Cures, Boutique ayurv\u00e9dique\",\"isPartOf\":{\"@id\":\"https:\\\/\\\/www.ayurvedique.com\\\/vedicare-spa\\\/#website\"},\"primaryImageOfPage\":{\"@id\":\"https:\\\/\\\/www.ayurvedique.com\\\/vedicare-spa\\\/soins-visages-corps\\\/offre-decouverte-nouveau-lait-demaquillant-et-creme-aloe-vera\\\/#primaryimage\"},\"image\":{\"@id\":\"https:\\\/\\\/www.ayurvedique.com\\\/vedicare-spa\\\/soins-visages-corps\\\/offre-decouverte-nouveau-lait-demaquillant-et-creme-aloe-vera\\\/#primaryimage\"},\"thumbnailUrl\":\"https:\\\/\\\/www.ayurvedique.com\\\/vedicare-spa\\\/wp-content\\\/uploads\\\/p\\\/2\\\/2\\\/0\\\/p_2_2_0_220-thickbox_default-creme-legere-a-lAloe-Vera.jpg\",\"datePublished\":\"2022-03-01T14:11:27+00:00\",\"dateModified\":\"2026-04-01T07:35:11+00:00\",\"description\":\"C'est l'occasion d'essayer notre nouveau lait d\u00e9maquillant bio\",\"breadcrumb\":{\"@id\":\"https:\\\/\\\/www.ayurvedique.com\\\/vedicare-spa\\\/soins-visages-corps\\\/offre-decouverte-nouveau-lait-demaquillant-et-creme-aloe-vera\\\/#breadcrumb\"},\"inLanguage\":\"fr-FR\",\"potentialAction\":[{\"@type\":\"ReadAction\",\"target\":[\"https:\\\/\\\/www.ayurvedique.com\\\/vedicare-spa\\\/soins-visages-corps\\\/offre-decouverte-nouveau-lait-demaquillant-et-creme-aloe-vera\\\/\"]}]},{\"@type\":\"ImageObject\",\"inLanguage\":\"fr-FR\",\"@id\":\"https:\\\/\\\/www.ayurvedique.com\\\/vedicare-spa\\\/soins-visages-corps\\\/offre-decouverte-nouveau-lait-demaquillant-et-creme-aloe-vera\\\/#primaryimage\",\"url\":\"https:\\\/\\\/www.ayurvedique.com\\\/vedicare-spa\\\/wp-content\\\/uploads\\\/p\\\/2\\\/2\\\/0\\\/p_2_2_0_220-thickbox_default-creme-legere-a-lAloe-Vera.jpg\",\"contentUrl\":\"https:\\\/\\\/www.ayurvedique.com\\\/vedicare-spa\\\/wp-content\\\/uploads\\\/p\\\/2\\\/2\\\/0\\\/p_2_2_0_220-thickbox_default-creme-legere-a-lAloe-Vera.jpg\",\"width\":800,\"height\":800,\"caption\":\"cr\u00e8me l\u00e9g\u00e8re \u00e0 l'Aloe Vera\"},{\"@type\":\"BreadcrumbList\",\"@id\":\"https:\\\/\\\/www.ayurvedique.com\\\/vedicare-spa\\\/soins-visages-corps\\\/offre-decouverte-nouveau-lait-demaquillant-et-creme-aloe-vera\\\/#breadcrumb\",\"itemListElement\":[{\"@type\":\"ListItem\",\"position\":1,\"name\":\"Accueil\",\"item\":\"https:\\\/\\\/www.ayurvedique.com\\\/vedicare-spa\\\/\"},{\"@type\":\"ListItem\",\"position\":2,\"name\":\"Boutique\",\"item\":\"https:\\\/\\\/www.ayurvedique.com\\\/vedicare-spa\\\/boutique\\\/\"},{\"@type\":\"ListItem\",\"position\":3,\"name\":\"Offre \u00ab\u00a0D\u00e9couverte\u00a0\u00bb Nouveau Lait D\u00e9maquillant \u00e0 l&rsquo;acide hyaluronique #et Cr\u00e8me Aloe Vera\"}]},{\"@type\":\"WebSite\",\"@id\":\"https:\\\/\\\/www.ayurvedique.com\\\/vedicare-spa\\\/#website\",\"url\":\"https:\\\/\\\/www.ayurvedique.com\\\/vedicare-spa\\\/\",\"name\":\"Vedicare | Soins, Cures, Boutique ayurv\u00e9dique\",\"description\":\"Produits naturels bio et vegan, Spa ayurvedique\",\"publisher\":{\"@id\":\"https:\\\/\\\/www.ayurvedique.com\\\/vedicare-spa\\\/#organization\"},\"alternateName\":\"Spa ayurv\u00e9dique et produits naturels\",\"potentialAction\":[{\"@type\":\"SearchAction\",\"target\":{\"@type\":\"EntryPoint\",\"urlTemplate\":\"https:\\\/\\\/www.ayurvedique.com\\\/vedicare-spa\\\/?s={search_term_string}\"},\"query-input\":{\"@type\":\"PropertyValueSpecification\",\"valueRequired\":true,\"valueName\":\"search_term_string\"}}],\"inLanguage\":\"fr-FR\"},{\"@type\":\"Organization\",\"@id\":\"https:\\\/\\\/www.ayurvedique.com\\\/vedicare-spa\\\/#organization\",\"name\":\"Vedicare\",\"url\":\"https:\\\/\\\/www.ayurvedique.com\\\/vedicare-spa\\\/\",\"logo\":{\"@type\":\"ImageObject\",\"inLanguage\":\"fr-FR\",\"@id\":\"https:\\\/\\\/www.ayurvedique.com\\\/vedicare-spa\\\/#\\\/schema\\\/logo\\\/image\\\/\",\"url\":\"https:\\\/\\\/www.ayurvedique.com\\\/vedicare-spa\\\/wp-content\\\/uploads\\\/logo_vedicare-1.png\",\"contentUrl\":\"https:\\\/\\\/www.ayurvedique.com\\\/vedicare-spa\\\/wp-content\\\/uploads\\\/logo_vedicare-1.png\",\"width\":142,\"height\":206,\"caption\":\"Vedicare\"},\"image\":{\"@id\":\"https:\\\/\\\/www.ayurvedique.com\\\/vedicare-spa\\\/#\\\/schema\\\/logo\\\/image\\\/\"},\"sameAs\":[\"https:\\\/\\\/www.facebook.com\\\/Eco-gites-et-spa-Vedicare-146891845345782\\\/\"]}]}<\/script>\n<!-- \/ Yoast SEO plugin. -->","yoast_head_json":{"title":"Offre \"D\u00e9couverte\" Nouveau Lait D\u00e9maquillant \u00e0 l'acide hyaluronique #et Cr\u00e8me Aloe Vera - Vedicare | Soins, Cures, Boutique ayurv\u00e9dique","description":"C'est l'occasion d'essayer notre nouveau lait d\u00e9maquillant bio","robots":{"index":"index","follow":"follow","max-snippet":"max-snippet:-1","max-image-preview":"max-image-preview:large","max-video-preview":"max-video-preview:-1"},"canonical":"https:\/\/www.ayurvedique.com\/vedicare-spa\/soins-visages-corps\/offre-decouverte-nouveau-lait-demaquillant-et-creme-aloe-vera\/","og_locale":"fr_FR","og_type":"article","og_title":"Offre \"D\u00e9couverte\" Nouveau Lait D\u00e9maquillant \u00e0 l'acide hyaluronique #et Cr\u00e8me Aloe Vera - Vedicare | Soins, Cures, Boutique ayurv\u00e9dique","og_description":"C'est l'occasion d'essayer notre nouveau lait d\u00e9maquillant bio","og_url":"https:\/\/www.ayurvedique.com\/vedicare-spa\/soins-visages-corps\/offre-decouverte-nouveau-lait-demaquillant-et-creme-aloe-vera\/","og_site_name":"Vedicare | Soins, Cures, Boutique ayurv\u00e9dique","article_publisher":"https:\/\/www.facebook.com\/Eco-gites-et-spa-Vedicare-146891845345782\/","article_modified_time":"2026-04-01T07:35:11+00:00","og_image":[{"width":800,"height":800,"url":"https:\/\/www.ayurvedique.com\/vedicare-spa\/wp-content\/uploads\/p\/2\/2\/0\/p_2_2_0_220-thickbox_default-creme-legere-a-lAloe-Vera.jpg","type":"image\/jpeg"}],"twitter_card":"summary_large_image","twitter_misc":{"Dur\u00e9e de lecture estim\u00e9e":"2 minutes"},"schema":{"@context":"https:\/\/schema.org","@graph":[{"@type":"WebPage","@id":"https:\/\/www.ayurvedique.com\/vedicare-spa\/soins-visages-corps\/offre-decouverte-nouveau-lait-demaquillant-et-creme-aloe-vera\/","url":"https:\/\/www.ayurvedique.com\/vedicare-spa\/soins-visages-corps\/offre-decouverte-nouveau-lait-demaquillant-et-creme-aloe-vera\/","name":"Offre \"D\u00e9couverte\" Nouveau Lait D\u00e9maquillant \u00e0 l'acide hyaluronique #et Cr\u00e8me Aloe Vera - Vedicare | Soins, Cures, Boutique ayurv\u00e9dique","isPartOf":{"@id":"https:\/\/www.ayurvedique.com\/vedicare-spa\/#website"},"primaryImageOfPage":{"@id":"https:\/\/www.ayurvedique.com\/vedicare-spa\/soins-visages-corps\/offre-decouverte-nouveau-lait-demaquillant-et-creme-aloe-vera\/#primaryimage"},"image":{"@id":"https:\/\/www.ayurvedique.com\/vedicare-spa\/soins-visages-corps\/offre-decouverte-nouveau-lait-demaquillant-et-creme-aloe-vera\/#primaryimage"},"thumbnailUrl":"https:\/\/www.ayurvedique.com\/vedicare-spa\/wp-content\/uploads\/p\/2\/2\/0\/p_2_2_0_220-thickbox_default-creme-legere-a-lAloe-Vera.jpg","datePublished":"2022-03-01T14:11:27+00:00","dateModified":"2026-04-01T07:35:11+00:00","description":"C'est l'occasion d'essayer notre nouveau lait d\u00e9maquillant bio","breadcrumb":{"@id":"https:\/\/www.ayurvedique.com\/vedicare-spa\/soins-visages-corps\/offre-decouverte-nouveau-lait-demaquillant-et-creme-aloe-vera\/#breadcrumb"},"inLanguage":"fr-FR","potentialAction":[{"@type":"ReadAction","target":["https:\/\/www.ayurvedique.com\/vedicare-spa\/soins-visages-corps\/offre-decouverte-nouveau-lait-demaquillant-et-creme-aloe-vera\/"]}]},{"@type":"ImageObject","inLanguage":"fr-FR","@id":"https:\/\/www.ayurvedique.com\/vedicare-spa\/soins-visages-corps\/offre-decouverte-nouveau-lait-demaquillant-et-creme-aloe-vera\/#primaryimage","url":"https:\/\/www.ayurvedique.com\/vedicare-spa\/wp-content\/uploads\/p\/2\/2\/0\/p_2_2_0_220-thickbox_default-creme-legere-a-lAloe-Vera.jpg","contentUrl":"https:\/\/www.ayurvedique.com\/vedicare-spa\/wp-content\/uploads\/p\/2\/2\/0\/p_2_2_0_220-thickbox_default-creme-legere-a-lAloe-Vera.jpg","width":800,"height":800,"caption":"cr\u00e8me l\u00e9g\u00e8re \u00e0 l'Aloe Vera"},{"@type":"BreadcrumbList","@id":"https:\/\/www.ayurvedique.com\/vedicare-spa\/soins-visages-corps\/offre-decouverte-nouveau-lait-demaquillant-et-creme-aloe-vera\/#breadcrumb","itemListElement":[{"@type":"ListItem","position":1,"name":"Accueil","item":"https:\/\/www.ayurvedique.com\/vedicare-spa\/"},{"@type":"ListItem","position":2,"name":"Boutique","item":"https:\/\/www.ayurvedique.com\/vedicare-spa\/boutique\/"},{"@type":"ListItem","position":3,"name":"Offre \u00ab\u00a0D\u00e9couverte\u00a0\u00bb Nouveau Lait D\u00e9maquillant \u00e0 l&rsquo;acide hyaluronique #et Cr\u00e8me Aloe Vera"}]},{"@type":"WebSite","@id":"https:\/\/www.ayurvedique.com\/vedicare-spa\/#website","url":"https:\/\/www.ayurvedique.com\/vedicare-spa\/","name":"Vedicare | Soins, Cures, Boutique ayurv\u00e9dique","description":"Produits naturels bio et vegan, Spa ayurvedique","publisher":{"@id":"https:\/\/www.ayurvedique.com\/vedicare-spa\/#organization"},"alternateName":"Spa ayurv\u00e9dique et produits naturels","potentialAction":[{"@type":"SearchAction","target":{"@type":"EntryPoint","urlTemplate":"https:\/\/www.ayurvedique.com\/vedicare-spa\/?s={search_term_string}"},"query-input":{"@type":"PropertyValueSpecification","valueRequired":true,"valueName":"search_term_string"}}],"inLanguage":"fr-FR"},{"@type":"Organization","@id":"https:\/\/www.ayurvedique.com\/vedicare-spa\/#organization","name":"Vedicare","url":"https:\/\/www.ayurvedique.com\/vedicare-spa\/","logo":{"@type":"ImageObject","inLanguage":"fr-FR","@id":"https:\/\/www.ayurvedique.com\/vedicare-spa\/#\/schema\/logo\/image\/","url":"https:\/\/www.ayurvedique.com\/vedicare-spa\/wp-content\/uploads\/logo_vedicare-1.png","contentUrl":"https:\/\/www.ayurvedique.com\/vedicare-spa\/wp-content\/uploads\/logo_vedicare-1.png","width":142,"height":206,"caption":"Vedicare"},"image":{"@id":"https:\/\/www.ayurvedique.com\/vedicare-spa\/#\/schema\/logo\/image\/"},"sameAs":["https:\/\/www.facebook.com\/Eco-gites-et-spa-Vedicare-146891845345782\/"]}]}},"uagb_featured_image_src":{"full":["https:\/\/www.ayurvedique.com\/vedicare-spa\/wp-content\/uploads\/p\/2\/2\/0\/p_2_2_0_220-thickbox_default-creme-legere-a-lAloe-Vera.jpg",800,800,false],"thumbnail":["https:\/\/www.ayurvedique.com\/vedicare-spa\/wp-content\/uploads\/p\/2\/2\/0\/p_2_2_0_220-thickbox_default-creme-legere-a-lAloe-Vera-150x150.jpg",150,150,true],"medium":["https:\/\/www.ayurvedique.com\/vedicare-spa\/wp-content\/uploads\/p\/2\/2\/0\/p_2_2_0_220-thickbox_default-creme-legere-a-lAloe-Vera-600x600.jpg",600,600,true],"medium_large":["https:\/\/www.ayurvedique.com\/vedicare-spa\/wp-content\/uploads\/p\/2\/2\/0\/p_2_2_0_220-thickbox_default-creme-legere-a-lAloe-Vera-768x768.jpg",768,768,true],"large":["https:\/\/www.ayurvedique.com\/vedicare-spa\/wp-content\/uploads\/p\/2\/2\/0\/p_2_2_0_220-thickbox_default-creme-legere-a-lAloe-Vera.jpg",800,800,false],"1536x1536":["https:\/\/www.ayurvedique.com\/vedicare-spa\/wp-content\/uploads\/p\/2\/2\/0\/p_2_2_0_220-thickbox_default-creme-legere-a-lAloe-Vera.jpg",800,800,false],"2048x2048":["https:\/\/www.ayurvedique.com\/vedicare-spa\/wp-content\/uploads\/p\/2\/2\/0\/p_2_2_0_220-thickbox_default-creme-legere-a-lAloe-Vera.jpg",800,800,false],"rpwe-thumbnail":["https:\/\/www.ayurvedique.com\/vedicare-spa\/wp-content\/uploads\/p\/2\/2\/0\/p_2_2_0_220-thickbox_default-creme-legere-a-lAloe-Vera-45x45.jpg",45,45,true],"woocommerce_thumbnail":["https:\/\/www.ayurvedique.com\/vedicare-spa\/wp-content\/uploads\/p\/2\/2\/0\/p_2_2_0_220-thickbox_default-creme-legere-a-lAloe-Vera-300x300.jpg",300,300,true],"woocommerce_single":["https:\/\/www.ayurvedique.com\/vedicare-spa\/wp-content\/uploads\/p\/2\/2\/0\/p_2_2_0_220-thickbox_default-creme-legere-a-lAloe-Vera-600x600.jpg",600,600,true],"woocommerce_gallery_thumbnail":["https:\/\/www.ayurvedique.com\/vedicare-spa\/wp-content\/uploads\/p\/2\/2\/0\/p_2_2_0_220-thickbox_default-creme-legere-a-lAloe-Vera-100x100.jpg",100,100,true]},"uagb_author_info":{"display_name":"francoise","author_link":"https:\/\/www.ayurvedique.com\/vedicare-spa\/author\/"},"uagb_comment_info":0,"uagb_excerpt":"D\u00e9couvrez notre\u00a0 nouveau lait d\u00e9maquillant \u00e0 l'acide hyaluronique repulpant avec ce lot promotionnel contenant un lait et une cr\u00e8me\u00a0 aloe vera\u00a0 id\u00e9ale pour les peaux jeunes , mixtes ou \u00e0 probl\u00e8mes Consultez notre routine de soin du visage Contenance du d\u00e9maquillant: 200 ml Contenance cr\u00e8me : 50 g Un s\u00e9rum contour des yeux bio offert\u2026","_links":{"self":[{"href":"https:\/\/www.ayurvedique.com\/vedicare-spa\/wp-json\/wp\/v2\/product\/5703","targetHints":{"allow":["GET"]}}],"collection":[{"href":"https:\/\/www.ayurvedique.com\/vedicare-spa\/wp-json\/wp\/v2\/product"}],"about":[{"href":"https:\/\/www.ayurvedique.com\/vedicare-spa\/wp-json\/wp\/v2\/types\/product"}],"replies":[{"embeddable":true,"href":"https:\/\/www.ayurvedique.com\/vedicare-spa\/wp-json\/wp\/v2\/comments?post=5703"}],"wp:featuredmedia":[{"embeddable":true,"href":"https:\/\/www.ayurvedique.com\/vedicare-spa\/wp-json\/wp\/v2\/media\/2083"}],"wp:attachment":[{"href":"https:\/\/www.ayurvedique.com\/vedicare-spa\/wp-json\/wp\/v2\/media?parent=5703"}],"wp:term":[{"taxonomy":"product_brand","embeddable":true,"href":"https:\/\/www.ayurvedique.com\/vedicare-spa\/wp-json\/wp\/v2\/product_brand?post=5703"},{"taxonomy":"product_cat","embeddable":true,"href":"https:\/\/www.ayurvedique.com\/vedicare-spa\/wp-json\/wp\/v2\/product_cat?post=5703"},{"taxonomy":"product_tag","embeddable":true,"href":"https:\/\/www.ayurvedique.com\/vedicare-spa\/wp-json\/wp\/v2\/product_tag?post=5703"}],"curies":[{"name":"wp","href":"https:\/\/api.w.org\/{rel}","templated":true}]}}