{"id":5693,"date":"2022-02-28T16:20:45","date_gmt":"2022-02-28T15:20:45","guid":{"rendered":"https:\/\/www.ayurvedique.com\/vedicare-spa\/?post_type=product&#038;p=5693"},"modified":"2025-09-29T19:18:57","modified_gmt":"2025-09-29T17:18:57","slug":"lait-demaquillant-et-lotion-tonique","status":"publish","type":"product","link":"https:\/\/www.ayurvedique.com\/vedicare-spa\/soins-visages-corps\/lait-demaquillant-et-lotion-tonique\/","title":{"rendered":"Offre \u00ab\u00a0D\u00e9couverte\u00a0\u00bb  LAIT D\u00c9MAQUILLANT # \u00e0 l&rsquo;acide hyaluronique  et LOTION TONIQUE Triphala"},"content":{"rendered":"<p>Ce <strong>nouveau<\/strong> lait onctueux et d\u00e9licatement parfum\u00e9 \u00e0 la coco , allie dans sa composition la France et l&rsquo;Ayurveda. Compos\u00e9 d&rsquo;eau de source de St G\u00e9ron, d&rsquo;hydrolat de fleur d&rsquo;oranger, d&rsquo;huile de Coco et de Karit\u00e9, il nettoie le maquillage et les impuret\u00e9s tout en repulpant la peau. <\/p>\n<p>Ce tonique harmonisant nettoie les peaux, m\u00eame s\u00e8ches et favorise la r\u00e9g\u00e9n\u00e9ration tout en prot\u00e9geant le visage des effets nocifs ext\u00e9rieurs. Con\u00e7u totalement naturellement avec des extraits de Triphala, de V\u00e9tiver et de Santal, il resserre les pores et hydrate la peau. Il est parfum\u00e9 avec des huiles essentielles.<\/p>\n<p><strong>Ingr\u00e9dients<\/strong> <strong>Lait d\u00e9maquillant<\/strong>:<\/p>\n<p>Aqua, citrus aurantium amara flower water, glycerin, butyrospermum parkii butter, cocamidopropyl betaine, caprylyl\/capryl glucoside, olive glycerides, crambe abyssinica seed oil phytosterol esters, sodium stearoyl lactylate, cetearyl alcohol, gluconolactone, glyceryl stearate, potassium palmitoyl hydrolyzed wheat protein, sodium benzoate, tapioca starch, sodium hyaluronate, xanthan gum, panisic acid, citric acid, parfum, acacia senegal GUM, benzyl alcohol, benzyl benzoate, benzyl salicylate,<\/p>\n<p>Coumarin, geraniol, limonene, linalool<br \/>\n98% du total est d\u2019origine naturelle<\/p>\n<p><strong>Ingr\u00e9dients<\/strong> <strong>Lotion tonique<\/strong>:<\/p>\n<p>Terminalia Chebula, Terminalian Belerica, Emblica Officinalis, Santalum Album, Vetiveria Zizaniodes, Glycerin, Ethyl Alcohol, Aloe Barbadensis, Citrus Grandis, Citrus Oriantus, Rosa Damascena, Canaganga Odorata, Artemisia Pallens<\/p>\n<p>&nbsp;<\/p>\n","protected":false},"excerpt":{"rendered":"<p>En combinant l&rsquo;action de ce nouveau lait d\u00e9maquillant \u00e0 l&rsquo;acide hyaluronique repulpant avec notre <a href=\"https:\/\/www.ayurvedique.com\/vedicare-spa\/cosmetiques-vegan\/lotion-tonique-a-la-triphala\/\">lotion tonique<\/a> \u00e0 la triphala protectrice et r\u00e9g\u00e9n\u00e9ratrice , vous obtiendrez un nettoyage parfait de votre peau .<\/p>\n<p>Consultez <a href=\"https:\/\/www.ayurvedique.com\/vedicare-spa\/routine-soin-visage-naturelle\/\">notre routine de soin du visage <\/a><\/p>\n<p>Contenance de chaque produit : 200 ml<\/p>\n<p><strong>1 serum contour des yeux bio offert avec ce lot<\/strong><\/p>\n","protected":false},"featured_media":5694,"comment_status":"closed","ping_status":"closed","template":"","meta":{"_uag_custom_page_level_css":"","site-sidebar-layout":"default","site-content-layout":"default","ast-site-content-layout":"default","site-content-style":"default","site-sidebar-style":"default","ast-global-header-display":"","ast-banner-title-visibility":"","ast-main-header-display":"","ast-hfb-above-header-display":"","ast-hfb-below-header-display":"","ast-hfb-mobile-header-display":"","site-post-title":"","ast-breadcrumbs-content":"","ast-featured-img":"","footer-sml-layout":"","ast-disable-related-posts":"","theme-transparent-header-meta":"default","adv-header-id-meta":"","stick-header-meta":"","header-above-stick-meta":"","header-main-stick-meta":"","header-below-stick-meta":"","astra-migrate-meta-layouts":"set","ast-page-background-enabled":"default","ast-page-background-meta":{"desktop":{"background-color":"","background-image":"","background-repeat":"repeat","background-position":"center center","background-size":"auto","background-attachment":"scroll","background-type":"","background-media":"","overlay-type":"","overlay-color":"","overlay-opacity":"","overlay-gradient":""},"tablet":{"background-color":"","background-image":"","background-repeat":"repeat","background-position":"center center","background-size":"auto","background-attachment":"scroll","background-type":"","background-media":"","overlay-type":"","overlay-color":"","overlay-opacity":"","overlay-gradient":""},"mobile":{"background-color":"","background-image":"","background-repeat":"repeat","background-position":"center center","background-size":"auto","background-attachment":"scroll","background-type":"","background-media":"","overlay-type":"","overlay-color":"","overlay-opacity":"","overlay-gradient":""}},"ast-content-background-meta":{"desktop":{"background-color":"var(--ast-global-color-5)","background-image":"","background-repeat":"repeat","background-position":"center center","background-size":"auto","background-attachment":"scroll","background-type":"","background-media":"","overlay-type":"","overlay-color":"","overlay-opacity":"","overlay-gradient":""},"tablet":{"background-color":"var(--ast-global-color-5)","background-image":"","background-repeat":"repeat","background-position":"center center","background-size":"auto","background-attachment":"scroll","background-type":"","background-media":"","overlay-type":"","overlay-color":"","overlay-opacity":"","overlay-gradient":""},"mobile":{"background-color":"var(--ast-global-color-5)","background-image":"","background-repeat":"repeat","background-position":"center center","background-size":"auto","background-attachment":"scroll","background-type":"","background-media":"","overlay-type":"","overlay-color":"","overlay-opacity":"","overlay-gradient":""}}},"product_brand":[],"product_cat":[333],"product_tag":[280,286,320],"class_list":{"0":"post-5693","1":"product","2":"type-product","3":"status-publish","4":"has-post-thumbnail","6":"product_cat-soins-visages-corps","7":"product_tag-ayuvedique","8":"product_tag-lait-demaquillant-naturel","9":"product_tag-repulpant","10":"desktop-align-left","11":"tablet-align-left","12":"mobile-align-left","14":"first","15":"instock","16":"sale","17":"taxable","18":"shipping-taxable","19":"purchasable","20":"product-type-simple"},"yoast_head":"<!-- This site is optimized with the Yoast SEO plugin v27.4 - https:\/\/yoast.com\/product\/yoast-seo-wordpress\/ -->\n<title>Offre &quot;D\u00e9couverte&quot; LAIT D\u00c9MAQUILLANT # \u00e0 l&#039;acide hyaluronique et LOTION TONIQUE Triphala - Vedicare | Soins, Cures, Boutique ayurv\u00e9dique<\/title>\n<meta name=\"description\" content=\"En combinant l&#039;action de ce nouveau lait d\u00e9maquillant \u00e0 l&#039;acide hyaluronique repulpant avec notre lotion tonique \u00e0 la triphala protectrice et r\u00e9g\u00e9n\u00e9ratrice , vous obtiendrez un nettoyage parfait de votre peau .\" \/>\n<meta name=\"robots\" content=\"index, follow, max-snippet:-1, max-image-preview:large, max-video-preview:-1\" \/>\n<link rel=\"canonical\" href=\"https:\/\/www.ayurvedique.com\/vedicare-spa\/soins-visages-corps\/lait-demaquillant-et-lotion-tonique\/\" \/>\n<meta property=\"og:locale\" content=\"fr_FR\" \/>\n<meta property=\"og:type\" content=\"article\" \/>\n<meta property=\"og:title\" content=\"Offre &quot;D\u00e9couverte&quot; LAIT D\u00c9MAQUILLANT # \u00e0 l&#039;acide hyaluronique et LOTION TONIQUE Triphala - Vedicare | Soins, Cures, Boutique ayurv\u00e9dique\" \/>\n<meta property=\"og:description\" content=\"En combinant l&#039;action de ce nouveau lait d\u00e9maquillant \u00e0 l&#039;acide hyaluronique repulpant avec notre lotion tonique \u00e0 la triphala protectrice et r\u00e9g\u00e9n\u00e9ratrice , vous obtiendrez un nettoyage parfait de votre peau .\" \/>\n<meta property=\"og:url\" content=\"https:\/\/www.ayurvedique.com\/vedicare-spa\/soins-visages-corps\/lait-demaquillant-et-lotion-tonique\/\" \/>\n<meta property=\"og:site_name\" content=\"Vedicare | Soins, Cures, Boutique ayurv\u00e9dique\" \/>\n<meta property=\"article:publisher\" content=\"https:\/\/www.facebook.com\/Eco-gites-et-spa-Vedicare-146891845345782\/\" \/>\n<meta property=\"article:modified_time\" content=\"2025-09-29T17:18:57+00:00\" \/>\n<meta property=\"og:image\" content=\"https:\/\/www.ayurvedique.com\/vedicare-spa\/wp-content\/uploads\/LOT-LAIT-TONIQUE.jpg\" \/>\n\t<meta property=\"og:image:width\" content=\"500\" \/>\n\t<meta property=\"og:image:height\" content=\"463\" \/>\n\t<meta property=\"og:image:type\" content=\"image\/jpeg\" \/>\n<meta name=\"twitter:card\" content=\"summary_large_image\" \/>\n<meta name=\"twitter:label1\" content=\"Dur\u00e9e de lecture estim\u00e9e\" \/>\n\t<meta name=\"twitter:data1\" content=\"2 minutes\" \/>\n<script type=\"application\/ld+json\" class=\"yoast-schema-graph\">{\"@context\":\"https:\\\/\\\/schema.org\",\"@graph\":[{\"@type\":\"WebPage\",\"@id\":\"https:\\\/\\\/www.ayurvedique.com\\\/vedicare-spa\\\/soins-visages-corps\\\/lait-demaquillant-et-lotion-tonique\\\/\",\"url\":\"https:\\\/\\\/www.ayurvedique.com\\\/vedicare-spa\\\/soins-visages-corps\\\/lait-demaquillant-et-lotion-tonique\\\/\",\"name\":\"Offre \\\"D\u00e9couverte\\\" LAIT D\u00c9MAQUILLANT # \u00e0 l'acide hyaluronique et LOTION TONIQUE Triphala - Vedicare | Soins, Cures, Boutique ayurv\u00e9dique\",\"isPartOf\":{\"@id\":\"https:\\\/\\\/www.ayurvedique.com\\\/vedicare-spa\\\/#website\"},\"primaryImageOfPage\":{\"@id\":\"https:\\\/\\\/www.ayurvedique.com\\\/vedicare-spa\\\/soins-visages-corps\\\/lait-demaquillant-et-lotion-tonique\\\/#primaryimage\"},\"image\":{\"@id\":\"https:\\\/\\\/www.ayurvedique.com\\\/vedicare-spa\\\/soins-visages-corps\\\/lait-demaquillant-et-lotion-tonique\\\/#primaryimage\"},\"thumbnailUrl\":\"https:\\\/\\\/www.ayurvedique.com\\\/vedicare-spa\\\/wp-content\\\/uploads\\\/LOT-LAIT-TONIQUE.jpg\",\"datePublished\":\"2022-02-28T15:20:45+00:00\",\"dateModified\":\"2025-09-29T17:18:57+00:00\",\"description\":\"En combinant l'action de ce nouveau lait d\u00e9maquillant \u00e0 l'acide hyaluronique repulpant avec notre lotion tonique \u00e0 la triphala protectrice et r\u00e9g\u00e9n\u00e9ratrice , vous obtiendrez un nettoyage parfait de votre peau .\",\"breadcrumb\":{\"@id\":\"https:\\\/\\\/www.ayurvedique.com\\\/vedicare-spa\\\/soins-visages-corps\\\/lait-demaquillant-et-lotion-tonique\\\/#breadcrumb\"},\"inLanguage\":\"fr-FR\",\"potentialAction\":[{\"@type\":\"ReadAction\",\"target\":[\"https:\\\/\\\/www.ayurvedique.com\\\/vedicare-spa\\\/soins-visages-corps\\\/lait-demaquillant-et-lotion-tonique\\\/\"]}]},{\"@type\":\"ImageObject\",\"inLanguage\":\"fr-FR\",\"@id\":\"https:\\\/\\\/www.ayurvedique.com\\\/vedicare-spa\\\/soins-visages-corps\\\/lait-demaquillant-et-lotion-tonique\\\/#primaryimage\",\"url\":\"https:\\\/\\\/www.ayurvedique.com\\\/vedicare-spa\\\/wp-content\\\/uploads\\\/LOT-LAIT-TONIQUE.jpg\",\"contentUrl\":\"https:\\\/\\\/www.ayurvedique.com\\\/vedicare-spa\\\/wp-content\\\/uploads\\\/LOT-LAIT-TONIQUE.jpg\",\"width\":500,\"height\":463},{\"@type\":\"BreadcrumbList\",\"@id\":\"https:\\\/\\\/www.ayurvedique.com\\\/vedicare-spa\\\/soins-visages-corps\\\/lait-demaquillant-et-lotion-tonique\\\/#breadcrumb\",\"itemListElement\":[{\"@type\":\"ListItem\",\"position\":1,\"name\":\"Accueil\",\"item\":\"https:\\\/\\\/www.ayurvedique.com\\\/vedicare-spa\\\/\"},{\"@type\":\"ListItem\",\"position\":2,\"name\":\"Boutique\",\"item\":\"https:\\\/\\\/www.ayurvedique.com\\\/vedicare-spa\\\/boutique\\\/\"},{\"@type\":\"ListItem\",\"position\":3,\"name\":\"Offre \u00ab\u00a0D\u00e9couverte\u00a0\u00bb LAIT D\u00c9MAQUILLANT # \u00e0 l&rsquo;acide hyaluronique et LOTION TONIQUE Triphala\"}]},{\"@type\":\"WebSite\",\"@id\":\"https:\\\/\\\/www.ayurvedique.com\\\/vedicare-spa\\\/#website\",\"url\":\"https:\\\/\\\/www.ayurvedique.com\\\/vedicare-spa\\\/\",\"name\":\"Vedicare | Soins, Cures, Boutique ayurv\u00e9dique\",\"description\":\"Produits naturels bio et vegan, Spa ayurvedique\",\"publisher\":{\"@id\":\"https:\\\/\\\/www.ayurvedique.com\\\/vedicare-spa\\\/#organization\"},\"alternateName\":\"Spa ayurv\u00e9dique et produits naturels\",\"potentialAction\":[{\"@type\":\"SearchAction\",\"target\":{\"@type\":\"EntryPoint\",\"urlTemplate\":\"https:\\\/\\\/www.ayurvedique.com\\\/vedicare-spa\\\/?s={search_term_string}\"},\"query-input\":{\"@type\":\"PropertyValueSpecification\",\"valueRequired\":true,\"valueName\":\"search_term_string\"}}],\"inLanguage\":\"fr-FR\"},{\"@type\":\"Organization\",\"@id\":\"https:\\\/\\\/www.ayurvedique.com\\\/vedicare-spa\\\/#organization\",\"name\":\"Vedicare\",\"url\":\"https:\\\/\\\/www.ayurvedique.com\\\/vedicare-spa\\\/\",\"logo\":{\"@type\":\"ImageObject\",\"inLanguage\":\"fr-FR\",\"@id\":\"https:\\\/\\\/www.ayurvedique.com\\\/vedicare-spa\\\/#\\\/schema\\\/logo\\\/image\\\/\",\"url\":\"https:\\\/\\\/www.ayurvedique.com\\\/vedicare-spa\\\/wp-content\\\/uploads\\\/logo_vedicare-1.png\",\"contentUrl\":\"https:\\\/\\\/www.ayurvedique.com\\\/vedicare-spa\\\/wp-content\\\/uploads\\\/logo_vedicare-1.png\",\"width\":142,\"height\":206,\"caption\":\"Vedicare\"},\"image\":{\"@id\":\"https:\\\/\\\/www.ayurvedique.com\\\/vedicare-spa\\\/#\\\/schema\\\/logo\\\/image\\\/\"},\"sameAs\":[\"https:\\\/\\\/www.facebook.com\\\/Eco-gites-et-spa-Vedicare-146891845345782\\\/\"]}]}<\/script>\n<!-- \/ Yoast SEO plugin. -->","yoast_head_json":{"title":"Offre \"D\u00e9couverte\" LAIT D\u00c9MAQUILLANT # \u00e0 l'acide hyaluronique et LOTION TONIQUE Triphala - Vedicare | Soins, Cures, Boutique ayurv\u00e9dique","description":"En combinant l'action de ce nouveau lait d\u00e9maquillant \u00e0 l'acide hyaluronique repulpant avec notre lotion tonique \u00e0 la triphala protectrice et r\u00e9g\u00e9n\u00e9ratrice , vous obtiendrez un nettoyage parfait de votre peau .","robots":{"index":"index","follow":"follow","max-snippet":"max-snippet:-1","max-image-preview":"max-image-preview:large","max-video-preview":"max-video-preview:-1"},"canonical":"https:\/\/www.ayurvedique.com\/vedicare-spa\/soins-visages-corps\/lait-demaquillant-et-lotion-tonique\/","og_locale":"fr_FR","og_type":"article","og_title":"Offre \"D\u00e9couverte\" LAIT D\u00c9MAQUILLANT # \u00e0 l'acide hyaluronique et LOTION TONIQUE Triphala - Vedicare | Soins, Cures, Boutique ayurv\u00e9dique","og_description":"En combinant l'action de ce nouveau lait d\u00e9maquillant \u00e0 l'acide hyaluronique repulpant avec notre lotion tonique \u00e0 la triphala protectrice et r\u00e9g\u00e9n\u00e9ratrice , vous obtiendrez un nettoyage parfait de votre peau .","og_url":"https:\/\/www.ayurvedique.com\/vedicare-spa\/soins-visages-corps\/lait-demaquillant-et-lotion-tonique\/","og_site_name":"Vedicare | Soins, Cures, Boutique ayurv\u00e9dique","article_publisher":"https:\/\/www.facebook.com\/Eco-gites-et-spa-Vedicare-146891845345782\/","article_modified_time":"2025-09-29T17:18:57+00:00","og_image":[{"width":500,"height":463,"url":"https:\/\/www.ayurvedique.com\/vedicare-spa\/wp-content\/uploads\/LOT-LAIT-TONIQUE.jpg","type":"image\/jpeg"}],"twitter_card":"summary_large_image","twitter_misc":{"Dur\u00e9e de lecture estim\u00e9e":"2 minutes"},"schema":{"@context":"https:\/\/schema.org","@graph":[{"@type":"WebPage","@id":"https:\/\/www.ayurvedique.com\/vedicare-spa\/soins-visages-corps\/lait-demaquillant-et-lotion-tonique\/","url":"https:\/\/www.ayurvedique.com\/vedicare-spa\/soins-visages-corps\/lait-demaquillant-et-lotion-tonique\/","name":"Offre \"D\u00e9couverte\" LAIT D\u00c9MAQUILLANT # \u00e0 l'acide hyaluronique et LOTION TONIQUE Triphala - Vedicare | Soins, Cures, Boutique ayurv\u00e9dique","isPartOf":{"@id":"https:\/\/www.ayurvedique.com\/vedicare-spa\/#website"},"primaryImageOfPage":{"@id":"https:\/\/www.ayurvedique.com\/vedicare-spa\/soins-visages-corps\/lait-demaquillant-et-lotion-tonique\/#primaryimage"},"image":{"@id":"https:\/\/www.ayurvedique.com\/vedicare-spa\/soins-visages-corps\/lait-demaquillant-et-lotion-tonique\/#primaryimage"},"thumbnailUrl":"https:\/\/www.ayurvedique.com\/vedicare-spa\/wp-content\/uploads\/LOT-LAIT-TONIQUE.jpg","datePublished":"2022-02-28T15:20:45+00:00","dateModified":"2025-09-29T17:18:57+00:00","description":"En combinant l'action de ce nouveau lait d\u00e9maquillant \u00e0 l'acide hyaluronique repulpant avec notre lotion tonique \u00e0 la triphala protectrice et r\u00e9g\u00e9n\u00e9ratrice , vous obtiendrez un nettoyage parfait de votre peau .","breadcrumb":{"@id":"https:\/\/www.ayurvedique.com\/vedicare-spa\/soins-visages-corps\/lait-demaquillant-et-lotion-tonique\/#breadcrumb"},"inLanguage":"fr-FR","potentialAction":[{"@type":"ReadAction","target":["https:\/\/www.ayurvedique.com\/vedicare-spa\/soins-visages-corps\/lait-demaquillant-et-lotion-tonique\/"]}]},{"@type":"ImageObject","inLanguage":"fr-FR","@id":"https:\/\/www.ayurvedique.com\/vedicare-spa\/soins-visages-corps\/lait-demaquillant-et-lotion-tonique\/#primaryimage","url":"https:\/\/www.ayurvedique.com\/vedicare-spa\/wp-content\/uploads\/LOT-LAIT-TONIQUE.jpg","contentUrl":"https:\/\/www.ayurvedique.com\/vedicare-spa\/wp-content\/uploads\/LOT-LAIT-TONIQUE.jpg","width":500,"height":463},{"@type":"BreadcrumbList","@id":"https:\/\/www.ayurvedique.com\/vedicare-spa\/soins-visages-corps\/lait-demaquillant-et-lotion-tonique\/#breadcrumb","itemListElement":[{"@type":"ListItem","position":1,"name":"Accueil","item":"https:\/\/www.ayurvedique.com\/vedicare-spa\/"},{"@type":"ListItem","position":2,"name":"Boutique","item":"https:\/\/www.ayurvedique.com\/vedicare-spa\/boutique\/"},{"@type":"ListItem","position":3,"name":"Offre \u00ab\u00a0D\u00e9couverte\u00a0\u00bb LAIT D\u00c9MAQUILLANT # \u00e0 l&rsquo;acide hyaluronique et LOTION TONIQUE Triphala"}]},{"@type":"WebSite","@id":"https:\/\/www.ayurvedique.com\/vedicare-spa\/#website","url":"https:\/\/www.ayurvedique.com\/vedicare-spa\/","name":"Vedicare | Soins, Cures, Boutique ayurv\u00e9dique","description":"Produits naturels bio et vegan, Spa ayurvedique","publisher":{"@id":"https:\/\/www.ayurvedique.com\/vedicare-spa\/#organization"},"alternateName":"Spa ayurv\u00e9dique et produits naturels","potentialAction":[{"@type":"SearchAction","target":{"@type":"EntryPoint","urlTemplate":"https:\/\/www.ayurvedique.com\/vedicare-spa\/?s={search_term_string}"},"query-input":{"@type":"PropertyValueSpecification","valueRequired":true,"valueName":"search_term_string"}}],"inLanguage":"fr-FR"},{"@type":"Organization","@id":"https:\/\/www.ayurvedique.com\/vedicare-spa\/#organization","name":"Vedicare","url":"https:\/\/www.ayurvedique.com\/vedicare-spa\/","logo":{"@type":"ImageObject","inLanguage":"fr-FR","@id":"https:\/\/www.ayurvedique.com\/vedicare-spa\/#\/schema\/logo\/image\/","url":"https:\/\/www.ayurvedique.com\/vedicare-spa\/wp-content\/uploads\/logo_vedicare-1.png","contentUrl":"https:\/\/www.ayurvedique.com\/vedicare-spa\/wp-content\/uploads\/logo_vedicare-1.png","width":142,"height":206,"caption":"Vedicare"},"image":{"@id":"https:\/\/www.ayurvedique.com\/vedicare-spa\/#\/schema\/logo\/image\/"},"sameAs":["https:\/\/www.facebook.com\/Eco-gites-et-spa-Vedicare-146891845345782\/"]}]}},"uagb_featured_image_src":{"full":["https:\/\/www.ayurvedique.com\/vedicare-spa\/wp-content\/uploads\/LOT-LAIT-TONIQUE.jpg",500,463,false],"thumbnail":["https:\/\/www.ayurvedique.com\/vedicare-spa\/wp-content\/uploads\/LOT-LAIT-TONIQUE-150x150.jpg",150,150,true],"medium":["https:\/\/www.ayurvedique.com\/vedicare-spa\/wp-content\/uploads\/LOT-LAIT-TONIQUE.jpg",500,463,false],"medium_large":["https:\/\/www.ayurvedique.com\/vedicare-spa\/wp-content\/uploads\/LOT-LAIT-TONIQUE.jpg",500,463,false],"large":["https:\/\/www.ayurvedique.com\/vedicare-spa\/wp-content\/uploads\/LOT-LAIT-TONIQUE.jpg",500,463,false],"1536x1536":["https:\/\/www.ayurvedique.com\/vedicare-spa\/wp-content\/uploads\/LOT-LAIT-TONIQUE.jpg",500,463,false],"2048x2048":["https:\/\/www.ayurvedique.com\/vedicare-spa\/wp-content\/uploads\/LOT-LAIT-TONIQUE.jpg",500,463,false],"rpwe-thumbnail":["https:\/\/www.ayurvedique.com\/vedicare-spa\/wp-content\/uploads\/LOT-LAIT-TONIQUE-45x45.jpg",45,45,true],"woocommerce_thumbnail":["https:\/\/www.ayurvedique.com\/vedicare-spa\/wp-content\/uploads\/LOT-LAIT-TONIQUE-300x300.jpg",300,300,true],"woocommerce_single":["https:\/\/www.ayurvedique.com\/vedicare-spa\/wp-content\/uploads\/LOT-LAIT-TONIQUE.jpg",500,463,false],"woocommerce_gallery_thumbnail":["https:\/\/www.ayurvedique.com\/vedicare-spa\/wp-content\/uploads\/LOT-LAIT-TONIQUE-100x100.jpg",100,100,true]},"uagb_author_info":{"display_name":"francoise","author_link":"https:\/\/www.ayurvedique.com\/vedicare-spa\/author\/"},"uagb_comment_info":0,"uagb_excerpt":"En combinant l'action de ce nouveau lait d\u00e9maquillant \u00e0 l'acide hyaluronique repulpant avec notre lotion tonique \u00e0 la triphala protectrice et r\u00e9g\u00e9n\u00e9ratrice , vous obtiendrez un nettoyage parfait de votre peau . Consultez notre routine de soin du visage Contenance de chaque produit : 200 ml 1 serum contour des yeux bio offert avec ce\u2026","_links":{"self":[{"href":"https:\/\/www.ayurvedique.com\/vedicare-spa\/wp-json\/wp\/v2\/product\/5693","targetHints":{"allow":["GET"]}}],"collection":[{"href":"https:\/\/www.ayurvedique.com\/vedicare-spa\/wp-json\/wp\/v2\/product"}],"about":[{"href":"https:\/\/www.ayurvedique.com\/vedicare-spa\/wp-json\/wp\/v2\/types\/product"}],"replies":[{"embeddable":true,"href":"https:\/\/www.ayurvedique.com\/vedicare-spa\/wp-json\/wp\/v2\/comments?post=5693"}],"wp:featuredmedia":[{"embeddable":true,"href":"https:\/\/www.ayurvedique.com\/vedicare-spa\/wp-json\/wp\/v2\/media\/5694"}],"wp:attachment":[{"href":"https:\/\/www.ayurvedique.com\/vedicare-spa\/wp-json\/wp\/v2\/media?parent=5693"}],"wp:term":[{"taxonomy":"product_brand","embeddable":true,"href":"https:\/\/www.ayurvedique.com\/vedicare-spa\/wp-json\/wp\/v2\/product_brand?post=5693"},{"taxonomy":"product_cat","embeddable":true,"href":"https:\/\/www.ayurvedique.com\/vedicare-spa\/wp-json\/wp\/v2\/product_cat?post=5693"},{"taxonomy":"product_tag","embeddable":true,"href":"https:\/\/www.ayurvedique.com\/vedicare-spa\/wp-json\/wp\/v2\/product_tag?post=5693"}],"curies":[{"name":"wp","href":"https:\/\/api.w.org\/{rel}","templated":true}]}}