{"id":3605,"date":"2021-02-09T17:42:29","date_gmt":"2021-02-09T16:42:29","guid":{"rendered":"https:\/\/www.ayurvedique.com\/vedicare-spa\/?post_type=product&#038;p=3605"},"modified":"2026-04-17T11:05:22","modified_gmt":"2026-04-17T09:05:22","slug":"lotion-tonique-a-la-triphala","status":"publish","type":"product","link":"https:\/\/www.ayurvedique.com\/vedicare-spa\/soins-visages-corps\/lotion-tonique-a-la-triphala\/","title":{"rendered":"Lotion Tonique \u00e0 la Triphala"},"content":{"rendered":"<p><strong>Pr\u00e9sentation<\/strong> :<br \/>\nbouteille en verre, \u00e9tui en carton recycl\u00e9<br \/>\nContenance : 200 ML<\/p>\n<p>La Triphala signifie en Sanskrit : 3 fruits car elle contient un tiers des fruits suivant :<br \/>\n&#8211; Amalaki : Emblica officinalis<br \/>\n&#8211; Bibhitaki : Terminalia belerica, Gaertn<br \/>\n&#8211; Haritaki : Terminalia chebula, Retz<br \/>\nEn \u00e9nerg\u00e9tique ayurv\u00e9dique , cette formule est acide, astringente, am\u00e8re, sucr\u00e9e, piquante, son effet post-digestif est sucr\u00e9, elle est tridoshique car elle harmonise toutes les typologies.<br \/>\nLa Triphala est la formule ayurv\u00e9dique la plus connue et la plus employ\u00e9e en Inde et ce, depuis des milliers d\u2019ann\u00e9es. L\u2019association des ses trois plantes permet une action plus harmonieuse et plus douce que l\u2019utilisation d\u2019une plante seule. La Triphala a une action d\u00e9sintoxiquante et purifiante sur la peau et la lymphe. Elle est \u00e9galement un des plus grand tonique de l\u2019Ayurveda pour son action rassayanante c. a. d. rajeunissante, qui nourrit tous les tissus du corps.<\/p>\n<p><strong>Conseil d\u2019utilisation<\/strong> :\u00a0Apr\u00e8s le d\u00e9maquillage, agiter la bouteille afin d\u2019activer le tonique. Humidifier un coton et appliquer d\u00e9licatement sur le visage et le cou. Appliquer ensuite un produit hydratant si vous en avez besoin.<\/p>\n<p><strong>Propri\u00e9t\u00e9s<\/strong> :\u00a0Ce tonique harmonisant nettoie les peaux, m\u00eame s\u00e8ches et favorise la r\u00e9g\u00e9n\u00e9ration tout en prot\u00e9geant le visage des effets nocifs ext\u00e9rieurs. Con\u00e7u totalement naturellement avec des extraits de Triphala, de V\u00e9tiver et de Santal, il resserre les pores et hydrate la peau. Il est parfum\u00e9 avec des huiles essentielles.<\/p>\n<p><strong>Ingr\u00e9dients<\/strong> :<br \/>\nTerminalia Chebula<br \/>\nTerminalian Belerica<br \/>\nEmblica Officinalis<br \/>\nSantalum Album<br \/>\nVetiveria Zizaniodes<br \/>\nGlycerin<br \/>\nEthyl Alcohol<br \/>\nAloe Barbadensis<br \/>\nCitrus Grandis<br \/>\nCitrus Oriantus<br \/>\nRosa Damascena<br \/>\nCanaganga Odorata<br \/>\nArtemisia Pallens<\/p>\n","protected":false},"excerpt":{"rendered":"<p>Ce tonique harmonisant nettoie les peaux, m\u00eame s\u00e8ches et favorise la r\u00e9g\u00e9n\u00e9ration tout en prot\u00e9geant le visage des effets nocifs ext\u00e9rieurs. Con\u00e7u totalement naturellement avec des extraits de Triphala<\/p>\n<p>pour tout type de peau<\/p>\n<p>Ne contient pas de paraben, phenoxyethanol, parfum ou colorant artificiel. Non test\u00e9 sur animaux<\/p>\n<p>convient aux v\u00e9g\u00e9taliens<\/p>\n","protected":false},"featured_media":3606,"comment_status":"open","ping_status":"closed","template":"","meta":{"_uag_custom_page_level_css":"","site-sidebar-layout":"default","site-content-layout":"default","ast-site-content-layout":"default","site-content-style":"default","site-sidebar-style":"default","ast-global-header-display":"","ast-banner-title-visibility":"","ast-main-header-display":"","ast-hfb-above-header-display":"","ast-hfb-below-header-display":"","ast-hfb-mobile-header-display":"","site-post-title":"","ast-breadcrumbs-content":"","ast-featured-img":"","footer-sml-layout":"","ast-disable-related-posts":"","theme-transparent-header-meta":"default","adv-header-id-meta":"","stick-header-meta":"","header-above-stick-meta":"","header-main-stick-meta":"","header-below-stick-meta":"","astra-migrate-meta-layouts":"default","ast-page-background-enabled":"default","ast-page-background-meta":{"desktop":{"background-color":"","background-image":"","background-repeat":"repeat","background-position":"center center","background-size":"auto","background-attachment":"scroll","background-type":"","background-media":"","overlay-type":"","overlay-color":"","overlay-opacity":"","overlay-gradient":""},"tablet":{"background-color":"","background-image":"","background-repeat":"repeat","background-position":"center center","background-size":"auto","background-attachment":"scroll","background-type":"","background-media":"","overlay-type":"","overlay-color":"","overlay-opacity":"","overlay-gradient":""},"mobile":{"background-color":"","background-image":"","background-repeat":"repeat","background-position":"center center","background-size":"auto","background-attachment":"scroll","background-type":"","background-media":"","overlay-type":"","overlay-color":"","overlay-opacity":"","overlay-gradient":""}},"ast-content-background-meta":{"desktop":{"background-color":"var(--ast-global-color-5)","background-image":"","background-repeat":"repeat","background-position":"center center","background-size":"auto","background-attachment":"scroll","background-type":"","background-media":"","overlay-type":"","overlay-color":"","overlay-opacity":"","overlay-gradient":""},"tablet":{"background-color":"var(--ast-global-color-5)","background-image":"","background-repeat":"repeat","background-position":"center center","background-size":"auto","background-attachment":"scroll","background-type":"","background-media":"","overlay-type":"","overlay-color":"","overlay-opacity":"","overlay-gradient":""},"mobile":{"background-color":"var(--ast-global-color-5)","background-image":"","background-repeat":"repeat","background-position":"center center","background-size":"auto","background-attachment":"scroll","background-type":"","background-media":"","overlay-type":"","overlay-color":"","overlay-opacity":"","overlay-gradient":""}}},"product_brand":[],"product_cat":[333],"product_tag":[272],"class_list":{"0":"post-3605","1":"product","2":"type-product","3":"status-publish","4":"has-post-thumbnail","6":"product_cat-soins-visages-corps","7":"product_tag-ayurvedique","8":"desktop-align-left","9":"tablet-align-left","10":"mobile-align-left","12":"first","13":"instock","14":"taxable","15":"shipping-taxable","16":"purchasable","17":"product-type-simple"},"yoast_head":"<!-- This site is optimized with the Yoast SEO plugin v27.5 - https:\/\/yoast.com\/product\/yoast-seo-wordpress\/ -->\n<title>Lotion Tonique \u00e0 la Triphala - Vedicare | Soins, Cures, Boutique ayurv\u00e9dique<\/title>\n<meta name=\"description\" content=\"Ce tonique harmonisant nettoie les peaux, m\u00eame s\u00e8ches et favorise la r\u00e9g\u00e9n\u00e9ration tout en prot\u00e9geant le visage des effets nocifs ext\u00e9rieurs. Con\u00e7u totalement naturellement avec des extraits de Triphala, de V\u00e9tiver et de Santal, il resserre les pores et hydrate la peau. Il est parfum\u00e9 avec des huiles essentielles.\" \/>\n<meta name=\"robots\" content=\"index, follow, max-snippet:-1, max-image-preview:large, max-video-preview:-1\" \/>\n<link rel=\"canonical\" href=\"https:\/\/www.ayurvedique.com\/vedicare-spa\/soins-visages-corps\/lotion-tonique-a-la-triphala\/\" \/>\n<meta property=\"og:locale\" content=\"fr_FR\" \/>\n<meta property=\"og:type\" content=\"article\" \/>\n<meta property=\"og:title\" content=\"Lotion Tonique \u00e0 la Triphala - Vedicare | Soins, Cures, Boutique ayurv\u00e9dique\" \/>\n<meta property=\"og:description\" content=\"Ce tonique harmonisant nettoie les peaux, m\u00eame s\u00e8ches et favorise la r\u00e9g\u00e9n\u00e9ration tout en prot\u00e9geant le visage des effets nocifs ext\u00e9rieurs. Con\u00e7u totalement naturellement avec des extraits de Triphala, de V\u00e9tiver et de Santal, il resserre les pores et hydrate la peau. Il est parfum\u00e9 avec des huiles essentielles.\" \/>\n<meta property=\"og:url\" content=\"https:\/\/www.ayurvedique.com\/vedicare-spa\/soins-visages-corps\/lotion-tonique-a-la-triphala\/\" \/>\n<meta property=\"og:site_name\" content=\"Vedicare | Soins, Cures, Boutique ayurv\u00e9dique\" \/>\n<meta property=\"article:publisher\" content=\"https:\/\/www.facebook.com\/Eco-gites-et-spa-Vedicare-146891845345782\/\" \/>\n<meta property=\"article:modified_time\" content=\"2026-04-17T09:05:22+00:00\" \/>\n<meta property=\"og:image\" content=\"https:\/\/www.ayurvedique.com\/vedicare-spa\/wp-content\/uploads\/Lotion-tonique.jpg\" \/>\n\t<meta property=\"og:image:width\" content=\"800\" \/>\n\t<meta property=\"og:image:height\" content=\"800\" \/>\n\t<meta property=\"og:image:type\" content=\"image\/jpeg\" \/>\n<meta name=\"twitter:card\" content=\"summary_large_image\" \/>\n<meta name=\"twitter:label1\" content=\"Dur\u00e9e de lecture estim\u00e9e\" \/>\n\t<meta name=\"twitter:data1\" content=\"2 minutes\" \/>\n<script type=\"application\/ld+json\" class=\"yoast-schema-graph\">{\"@context\":\"https:\\\/\\\/schema.org\",\"@graph\":[{\"@type\":\"WebPage\",\"@id\":\"https:\\\/\\\/www.ayurvedique.com\\\/vedicare-spa\\\/soins-visages-corps\\\/lotion-tonique-a-la-triphala\\\/\",\"url\":\"https:\\\/\\\/www.ayurvedique.com\\\/vedicare-spa\\\/soins-visages-corps\\\/lotion-tonique-a-la-triphala\\\/\",\"name\":\"Lotion Tonique \u00e0 la Triphala - Vedicare | Soins, Cures, Boutique ayurv\u00e9dique\",\"isPartOf\":{\"@id\":\"https:\\\/\\\/www.ayurvedique.com\\\/vedicare-spa\\\/#website\"},\"primaryImageOfPage\":{\"@id\":\"https:\\\/\\\/www.ayurvedique.com\\\/vedicare-spa\\\/soins-visages-corps\\\/lotion-tonique-a-la-triphala\\\/#primaryimage\"},\"image\":{\"@id\":\"https:\\\/\\\/www.ayurvedique.com\\\/vedicare-spa\\\/soins-visages-corps\\\/lotion-tonique-a-la-triphala\\\/#primaryimage\"},\"thumbnailUrl\":\"https:\\\/\\\/www.ayurvedique.com\\\/vedicare-spa\\\/wp-content\\\/uploads\\\/Lotion-tonique.jpg\",\"datePublished\":\"2021-02-09T16:42:29+00:00\",\"dateModified\":\"2026-04-17T09:05:22+00:00\",\"description\":\"Ce tonique harmonisant nettoie les peaux, m\u00eame s\u00e8ches et favorise la r\u00e9g\u00e9n\u00e9ration tout en prot\u00e9geant le visage des effets nocifs ext\u00e9rieurs. Con\u00e7u totalement naturellement avec des extraits de Triphala, de V\u00e9tiver et de Santal, il resserre les pores et hydrate la peau. Il est parfum\u00e9 avec des huiles essentielles.\",\"breadcrumb\":{\"@id\":\"https:\\\/\\\/www.ayurvedique.com\\\/vedicare-spa\\\/soins-visages-corps\\\/lotion-tonique-a-la-triphala\\\/#breadcrumb\"},\"inLanguage\":\"fr-FR\",\"potentialAction\":[{\"@type\":\"ReadAction\",\"target\":[\"https:\\\/\\\/www.ayurvedique.com\\\/vedicare-spa\\\/soins-visages-corps\\\/lotion-tonique-a-la-triphala\\\/\"]}]},{\"@type\":\"ImageObject\",\"inLanguage\":\"fr-FR\",\"@id\":\"https:\\\/\\\/www.ayurvedique.com\\\/vedicare-spa\\\/soins-visages-corps\\\/lotion-tonique-a-la-triphala\\\/#primaryimage\",\"url\":\"https:\\\/\\\/www.ayurvedique.com\\\/vedicare-spa\\\/wp-content\\\/uploads\\\/Lotion-tonique.jpg\",\"contentUrl\":\"https:\\\/\\\/www.ayurvedique.com\\\/vedicare-spa\\\/wp-content\\\/uploads\\\/Lotion-tonique.jpg\",\"width\":800,\"height\":800,\"caption\":\"Lotion tonique Triphala\"},{\"@type\":\"BreadcrumbList\",\"@id\":\"https:\\\/\\\/www.ayurvedique.com\\\/vedicare-spa\\\/soins-visages-corps\\\/lotion-tonique-a-la-triphala\\\/#breadcrumb\",\"itemListElement\":[{\"@type\":\"ListItem\",\"position\":1,\"name\":\"Accueil\",\"item\":\"https:\\\/\\\/www.ayurvedique.com\\\/vedicare-spa\\\/\"},{\"@type\":\"ListItem\",\"position\":2,\"name\":\"Boutique\",\"item\":\"https:\\\/\\\/www.ayurvedique.com\\\/vedicare-spa\\\/boutique\\\/\"},{\"@type\":\"ListItem\",\"position\":3,\"name\":\"Lotion Tonique \u00e0 la Triphala\"}]},{\"@type\":\"WebSite\",\"@id\":\"https:\\\/\\\/www.ayurvedique.com\\\/vedicare-spa\\\/#website\",\"url\":\"https:\\\/\\\/www.ayurvedique.com\\\/vedicare-spa\\\/\",\"name\":\"Vedicare | Soins, Cures, Boutique ayurv\u00e9dique\",\"description\":\"Produits naturels bio et vegan, Spa ayurvedique\",\"publisher\":{\"@id\":\"https:\\\/\\\/www.ayurvedique.com\\\/vedicare-spa\\\/#organization\"},\"alternateName\":\"Spa ayurv\u00e9dique et produits naturels\",\"potentialAction\":[{\"@type\":\"SearchAction\",\"target\":{\"@type\":\"EntryPoint\",\"urlTemplate\":\"https:\\\/\\\/www.ayurvedique.com\\\/vedicare-spa\\\/?s={search_term_string}\"},\"query-input\":{\"@type\":\"PropertyValueSpecification\",\"valueRequired\":true,\"valueName\":\"search_term_string\"}}],\"inLanguage\":\"fr-FR\"},{\"@type\":\"Organization\",\"@id\":\"https:\\\/\\\/www.ayurvedique.com\\\/vedicare-spa\\\/#organization\",\"name\":\"Vedicare\",\"url\":\"https:\\\/\\\/www.ayurvedique.com\\\/vedicare-spa\\\/\",\"logo\":{\"@type\":\"ImageObject\",\"inLanguage\":\"fr-FR\",\"@id\":\"https:\\\/\\\/www.ayurvedique.com\\\/vedicare-spa\\\/#\\\/schema\\\/logo\\\/image\\\/\",\"url\":\"https:\\\/\\\/www.ayurvedique.com\\\/vedicare-spa\\\/wp-content\\\/uploads\\\/logo_vedicare-1.png\",\"contentUrl\":\"https:\\\/\\\/www.ayurvedique.com\\\/vedicare-spa\\\/wp-content\\\/uploads\\\/logo_vedicare-1.png\",\"width\":142,\"height\":206,\"caption\":\"Vedicare\"},\"image\":{\"@id\":\"https:\\\/\\\/www.ayurvedique.com\\\/vedicare-spa\\\/#\\\/schema\\\/logo\\\/image\\\/\"},\"sameAs\":[\"https:\\\/\\\/www.facebook.com\\\/Eco-gites-et-spa-Vedicare-146891845345782\\\/\"]}]}<\/script>\n<!-- \/ Yoast SEO plugin. -->","yoast_head_json":{"title":"Lotion Tonique \u00e0 la Triphala - Vedicare | Soins, Cures, Boutique ayurv\u00e9dique","description":"Ce tonique harmonisant nettoie les peaux, m\u00eame s\u00e8ches et favorise la r\u00e9g\u00e9n\u00e9ration tout en prot\u00e9geant le visage des effets nocifs ext\u00e9rieurs. Con\u00e7u totalement naturellement avec des extraits de Triphala, de V\u00e9tiver et de Santal, il resserre les pores et hydrate la peau. Il est parfum\u00e9 avec des huiles essentielles.","robots":{"index":"index","follow":"follow","max-snippet":"max-snippet:-1","max-image-preview":"max-image-preview:large","max-video-preview":"max-video-preview:-1"},"canonical":"https:\/\/www.ayurvedique.com\/vedicare-spa\/soins-visages-corps\/lotion-tonique-a-la-triphala\/","og_locale":"fr_FR","og_type":"article","og_title":"Lotion Tonique \u00e0 la Triphala - Vedicare | Soins, Cures, Boutique ayurv\u00e9dique","og_description":"Ce tonique harmonisant nettoie les peaux, m\u00eame s\u00e8ches et favorise la r\u00e9g\u00e9n\u00e9ration tout en prot\u00e9geant le visage des effets nocifs ext\u00e9rieurs. Con\u00e7u totalement naturellement avec des extraits de Triphala, de V\u00e9tiver et de Santal, il resserre les pores et hydrate la peau. Il est parfum\u00e9 avec des huiles essentielles.","og_url":"https:\/\/www.ayurvedique.com\/vedicare-spa\/soins-visages-corps\/lotion-tonique-a-la-triphala\/","og_site_name":"Vedicare | Soins, Cures, Boutique ayurv\u00e9dique","article_publisher":"https:\/\/www.facebook.com\/Eco-gites-et-spa-Vedicare-146891845345782\/","article_modified_time":"2026-04-17T09:05:22+00:00","og_image":[{"width":800,"height":800,"url":"https:\/\/www.ayurvedique.com\/vedicare-spa\/wp-content\/uploads\/Lotion-tonique.jpg","type":"image\/jpeg"}],"twitter_card":"summary_large_image","twitter_misc":{"Dur\u00e9e de lecture estim\u00e9e":"2 minutes"},"schema":{"@context":"https:\/\/schema.org","@graph":[{"@type":"WebPage","@id":"https:\/\/www.ayurvedique.com\/vedicare-spa\/soins-visages-corps\/lotion-tonique-a-la-triphala\/","url":"https:\/\/www.ayurvedique.com\/vedicare-spa\/soins-visages-corps\/lotion-tonique-a-la-triphala\/","name":"Lotion Tonique \u00e0 la Triphala - Vedicare | Soins, Cures, Boutique ayurv\u00e9dique","isPartOf":{"@id":"https:\/\/www.ayurvedique.com\/vedicare-spa\/#website"},"primaryImageOfPage":{"@id":"https:\/\/www.ayurvedique.com\/vedicare-spa\/soins-visages-corps\/lotion-tonique-a-la-triphala\/#primaryimage"},"image":{"@id":"https:\/\/www.ayurvedique.com\/vedicare-spa\/soins-visages-corps\/lotion-tonique-a-la-triphala\/#primaryimage"},"thumbnailUrl":"https:\/\/www.ayurvedique.com\/vedicare-spa\/wp-content\/uploads\/Lotion-tonique.jpg","datePublished":"2021-02-09T16:42:29+00:00","dateModified":"2026-04-17T09:05:22+00:00","description":"Ce tonique harmonisant nettoie les peaux, m\u00eame s\u00e8ches et favorise la r\u00e9g\u00e9n\u00e9ration tout en prot\u00e9geant le visage des effets nocifs ext\u00e9rieurs. Con\u00e7u totalement naturellement avec des extraits de Triphala, de V\u00e9tiver et de Santal, il resserre les pores et hydrate la peau. Il est parfum\u00e9 avec des huiles essentielles.","breadcrumb":{"@id":"https:\/\/www.ayurvedique.com\/vedicare-spa\/soins-visages-corps\/lotion-tonique-a-la-triphala\/#breadcrumb"},"inLanguage":"fr-FR","potentialAction":[{"@type":"ReadAction","target":["https:\/\/www.ayurvedique.com\/vedicare-spa\/soins-visages-corps\/lotion-tonique-a-la-triphala\/"]}]},{"@type":"ImageObject","inLanguage":"fr-FR","@id":"https:\/\/www.ayurvedique.com\/vedicare-spa\/soins-visages-corps\/lotion-tonique-a-la-triphala\/#primaryimage","url":"https:\/\/www.ayurvedique.com\/vedicare-spa\/wp-content\/uploads\/Lotion-tonique.jpg","contentUrl":"https:\/\/www.ayurvedique.com\/vedicare-spa\/wp-content\/uploads\/Lotion-tonique.jpg","width":800,"height":800,"caption":"Lotion tonique Triphala"},{"@type":"BreadcrumbList","@id":"https:\/\/www.ayurvedique.com\/vedicare-spa\/soins-visages-corps\/lotion-tonique-a-la-triphala\/#breadcrumb","itemListElement":[{"@type":"ListItem","position":1,"name":"Accueil","item":"https:\/\/www.ayurvedique.com\/vedicare-spa\/"},{"@type":"ListItem","position":2,"name":"Boutique","item":"https:\/\/www.ayurvedique.com\/vedicare-spa\/boutique\/"},{"@type":"ListItem","position":3,"name":"Lotion Tonique \u00e0 la Triphala"}]},{"@type":"WebSite","@id":"https:\/\/www.ayurvedique.com\/vedicare-spa\/#website","url":"https:\/\/www.ayurvedique.com\/vedicare-spa\/","name":"Vedicare | Soins, Cures, Boutique ayurv\u00e9dique","description":"Produits naturels bio et vegan, Spa ayurvedique","publisher":{"@id":"https:\/\/www.ayurvedique.com\/vedicare-spa\/#organization"},"alternateName":"Spa ayurv\u00e9dique et produits naturels","potentialAction":[{"@type":"SearchAction","target":{"@type":"EntryPoint","urlTemplate":"https:\/\/www.ayurvedique.com\/vedicare-spa\/?s={search_term_string}"},"query-input":{"@type":"PropertyValueSpecification","valueRequired":true,"valueName":"search_term_string"}}],"inLanguage":"fr-FR"},{"@type":"Organization","@id":"https:\/\/www.ayurvedique.com\/vedicare-spa\/#organization","name":"Vedicare","url":"https:\/\/www.ayurvedique.com\/vedicare-spa\/","logo":{"@type":"ImageObject","inLanguage":"fr-FR","@id":"https:\/\/www.ayurvedique.com\/vedicare-spa\/#\/schema\/logo\/image\/","url":"https:\/\/www.ayurvedique.com\/vedicare-spa\/wp-content\/uploads\/logo_vedicare-1.png","contentUrl":"https:\/\/www.ayurvedique.com\/vedicare-spa\/wp-content\/uploads\/logo_vedicare-1.png","width":142,"height":206,"caption":"Vedicare"},"image":{"@id":"https:\/\/www.ayurvedique.com\/vedicare-spa\/#\/schema\/logo\/image\/"},"sameAs":["https:\/\/www.facebook.com\/Eco-gites-et-spa-Vedicare-146891845345782\/"]}]}},"uagb_featured_image_src":{"full":["https:\/\/www.ayurvedique.com\/vedicare-spa\/wp-content\/uploads\/Lotion-tonique.jpg",800,800,false],"thumbnail":["https:\/\/www.ayurvedique.com\/vedicare-spa\/wp-content\/uploads\/Lotion-tonique-150x150.jpg",150,150,true],"medium":["https:\/\/www.ayurvedique.com\/vedicare-spa\/wp-content\/uploads\/Lotion-tonique-600x600.jpg",600,600,true],"medium_large":["https:\/\/www.ayurvedique.com\/vedicare-spa\/wp-content\/uploads\/Lotion-tonique-768x768.jpg",768,768,true],"large":["https:\/\/www.ayurvedique.com\/vedicare-spa\/wp-content\/uploads\/Lotion-tonique.jpg",800,800,false],"1536x1536":["https:\/\/www.ayurvedique.com\/vedicare-spa\/wp-content\/uploads\/Lotion-tonique.jpg",800,800,false],"2048x2048":["https:\/\/www.ayurvedique.com\/vedicare-spa\/wp-content\/uploads\/Lotion-tonique.jpg",800,800,false],"rpwe-thumbnail":["https:\/\/www.ayurvedique.com\/vedicare-spa\/wp-content\/uploads\/Lotion-tonique-45x45.jpg",45,45,true],"woocommerce_thumbnail":["https:\/\/www.ayurvedique.com\/vedicare-spa\/wp-content\/uploads\/Lotion-tonique-300x300.jpg",300,300,true],"woocommerce_single":["https:\/\/www.ayurvedique.com\/vedicare-spa\/wp-content\/uploads\/Lotion-tonique-600x600.jpg",600,600,true],"woocommerce_gallery_thumbnail":["https:\/\/www.ayurvedique.com\/vedicare-spa\/wp-content\/uploads\/Lotion-tonique-100x100.jpg",100,100,true]},"uagb_author_info":{"display_name":"francoise","author_link":"https:\/\/www.ayurvedique.com\/vedicare-spa\/author\/"},"uagb_comment_info":0,"uagb_excerpt":"Ce tonique harmonisant nettoie les peaux, m\u00eame s\u00e8ches et favorise la r\u00e9g\u00e9n\u00e9ration tout en prot\u00e9geant le visage des effets nocifs ext\u00e9rieurs. Con\u00e7u totalement naturellement avec des extraits de Triphala pour tout type de peau Ne contient pas de paraben, phenoxyethanol, parfum ou colorant artificiel. Non test\u00e9 sur animaux convient aux v\u00e9g\u00e9taliens","_links":{"self":[{"href":"https:\/\/www.ayurvedique.com\/vedicare-spa\/wp-json\/wp\/v2\/product\/3605","targetHints":{"allow":["GET"]}}],"collection":[{"href":"https:\/\/www.ayurvedique.com\/vedicare-spa\/wp-json\/wp\/v2\/product"}],"about":[{"href":"https:\/\/www.ayurvedique.com\/vedicare-spa\/wp-json\/wp\/v2\/types\/product"}],"replies":[{"embeddable":true,"href":"https:\/\/www.ayurvedique.com\/vedicare-spa\/wp-json\/wp\/v2\/comments?post=3605"}],"wp:featuredmedia":[{"embeddable":true,"href":"https:\/\/www.ayurvedique.com\/vedicare-spa\/wp-json\/wp\/v2\/media\/3606"}],"wp:attachment":[{"href":"https:\/\/www.ayurvedique.com\/vedicare-spa\/wp-json\/wp\/v2\/media?parent=3605"}],"wp:term":[{"taxonomy":"product_brand","embeddable":true,"href":"https:\/\/www.ayurvedique.com\/vedicare-spa\/wp-json\/wp\/v2\/product_brand?post=3605"},{"taxonomy":"product_cat","embeddable":true,"href":"https:\/\/www.ayurvedique.com\/vedicare-spa\/wp-json\/wp\/v2\/product_cat?post=3605"},{"taxonomy":"product_tag","embeddable":true,"href":"https:\/\/www.ayurvedique.com\/vedicare-spa\/wp-json\/wp\/v2\/product_tag?post=3605"}],"curies":[{"name":"wp","href":"https:\/\/api.w.org\/{rel}","templated":true}]}}