{"id":2110,"date":"2018-06-07T15:04:46","date_gmt":"2018-06-07T13:04:46","guid":{"rendered":"https:\/\/www.ayurvedique.com\/vedicare-spa\/produit\/accueil\/cosmetiques-huiles\/cosmetiques-naturels-et-bio\/savon-ayurvedique-bio\/"},"modified":"2026-04-17T11:05:22","modified_gmt":"2026-04-17T09:05:22","slug":"savon-ayurvedique-bio","status":"publish","type":"product","link":"https:\/\/www.ayurvedique.com\/vedicare-spa\/articles-ayurvediques\/savon-ayurvedique-bio\/","title":{"rendered":"savon ayurv\u00e9dique  certifi\u00e9 BIO"},"content":{"rendered":"<p>Le Savon AYURVENAT ultra doux aux 18 plantes actives est un concentr\u00e9 de nature saine et fraiche . Inspir\u00e9 de l&rsquo;ayurveda , la science de la \u00a0vie, une sagesse originaire de l&rsquo;Inde, il vous apportera une douceur sans \u00e9gale dans vos gestes d&rsquo;hygi\u00e8ne quotidiens. Sa mousse onctueuse aux propri\u00e9t\u00e9s antiseptiques pr\u00e9serve l&rsquo;hydratation de votre \u00e9piderme et lui apporte astringence, rafra\u00eechissement, tonicit\u00e9 .<\/p>\n<p>Recommand\u00e9 pour les peaux grasses et \u00e0 probl\u00e8mes. Il peut s&rsquo;utiliser sur le visage et le corps. Il n&rsquo;irrite pas les \u00e9pidermes et laisse la peau douce et sans tiraillement. Ce savon vous laissera un parfum tonique et frais voire exotique sur la peau.<\/p>\n<address><strong>Jasmin<\/strong>\u00a0: anti-stress, relaxante Chicor\u00e9e\u00a0: tonique, nettoyante <strong>Huile de s\u00e9same<\/strong>\u00a0: anti-oxydant, nourrissant, assouplissante <strong>Huile de nigelle<\/strong>\u00a0: anti-inflammatoire, cicatrisante, nourrissante, r\u00e9g\u00e9n\u00e9rante <strong>Huile essentielle de<\/strong> <strong>Basilic sacr\u00e9\u00a0<\/strong>: anti-oxydant puissant, stimulant, conseill\u00e9e pour les peaux \u00e0 probl\u00e8mes <strong>Huile essentielle de Gingembre\u00a0<\/strong>: anti-inflammatoire, aphrodisiaque, stimulant <strong>Huile essentielle de Cajeput<\/strong>\u00a0: tonique cutan\u00e9, revigorante, antin\u00e9vralgique <strong>Huile essentielle de Ravintsara<\/strong>\u00a0: tonique nerveux, \u00e9nergisante Huile essentielle de <strong>Menthe poivr\u00e9e<\/strong>\u00a0: astringente, rafra\u00eechissante, ravive le teint Huile essentielle d&rsquo;<strong>Eucalyptus radiata<\/strong>\u00a0: antibacterienne, conseill\u00e9e pour peaux \u00e0 probl\u00e8mes, rafra\u00eechissante Huile essentielle de <strong>Patchouli<\/strong>\u00a0: cicatrisante, anti inflammatoire, envo\u00fbtante, r\u00e9g\u00e9n\u00e9ratrice de tissus\u00a0<span style=\"font-size: 1rem;\">Huile essentielle de <strong>Romarin<\/strong>\u00a0: renforce les capacit\u00e9s intellectuelles, stimulant nerveux, revitalisant cutan\u00e9 et capillaire<\/span>Huile essentielle de<strong> Lavandin<\/strong>\u00a0: apaisant, d\u00e9contractante, anti-inflammatoire, cicatrisante\u00a0Huile essentielle de <strong>Tea tree<\/strong>\u00a0: purifiante, tonique, conseill\u00e9e pour peaux \u00e0 probl\u00e8mes, antibact\u00e9rienne\u00a0Huile essentielle de <strong>Litsea<\/strong>\u00a0: relaxante, calmante, anti-inflammatoire\u00a0Huile essentielle de <strong>Palmarosa<\/strong>\u00a0: stimulante cellulaire, aphrodisiaque, antibact\u00e9rienne\u00a0Huile essentielle d<strong>&lsquo;Ylang<\/strong>\u00a0: \u00e9quilibrante, apporte joie et sensualit\u00e9, aphrodisiaque, s\u00e9bor\u00e9gulatrice\u00a0Huile essentielle de <strong>Niaouli\u00a0<\/strong>: tonique cutan\u00e9, anti-bacterienne<\/address>\n<h4 class=\"collapseomatic \" id=\"id69fe06ece8827\"  tabindex=\"0\" title=\"lire la suite\"    >lire la suite<\/h4><div id=\"target-id69fe06ece8827\" class=\"collapseomatic_content \">\n<p>Ingr\u00e9dients: sodium palmate*, sodium palm kernelate*, jasminum officinale flower*, jasminum officinale extract*, cichorium intybus root extract*, inulin*, sesamum indicum seed oil*, glycerin*, aqua, nigella sativa seed oil*, ocinum sanctum oil *, zinziber officinalis oil *, melaleuca leucadendron cajeputi oil *, cinnamomum camphora oil*, mentha piperita oil*, eucalyptus radiata oil*, melaleuca viridiflora oil*, pogostemon cablin oil, rosmarinus officinalis oil*, lavandula hybrida oil *, melaleuca alternifolia oil*, litsea cubeba oil *, cymbopogon martinii oil*, cananga odorata flower oil*, tocopherol, ci 77288, sodium chloride, sodium hydroxyde, citral, limonene, linalool, geraniol, eugenol. \u00a0*ingr\u00e9dient issu de l&rsquo;agriculture biologique<\/p>\n<p>Cosm\u00e9tique biologique certifi\u00e9 par Ecocert Greenlife selon le r\u00e9f\u00e9rentiel Ecocert disponible sur http:\/\/cosmetiques.ecocert.com<\/p>\n<p>99.5% du total des ingr\u00e9dients sont d&rsquo;origine naturelle 85.3% du total des ingr\u00e9dients sont issus de l&rsquo;agriculture biologique<\/p>\n<p><img decoding=\"async\" class=\"size-full wp-image-2108 lazyload\" data-src=\"https:\/\/www.ayurvedique.com\/vedicare-spa\/wp-content\/uploads\/cms\/cms_ECOCERT-BIO-F-LOGO.jpg\" alt=\"\" width=\"79\" height=\"82\" src=\"data:image\/svg+xml;base64,PHN2ZyB3aWR0aD0iMSIgaGVpZ2h0PSIxIiB4bWxucz0iaHR0cDovL3d3dy53My5vcmcvMjAwMC9zdmciPjwvc3ZnPg==\" style=\"--smush-placeholder-width: 79px; --smush-placeholder-aspect-ratio: 79\/82;\" \/>\u00a0 \u00a0 \u00a0 \u00a0 \u00a0 \u00a0 \u00a0 \u00a0 \u00a0 \u00a0<img decoding=\"async\" class=\" size-full wp-image-2109\" src=\"https:\/\/www.ayurvedique.com\/vedicare-spa\/wp-content\/uploads\/cms\/cms_garanties-label-cosmebio-carre-png__720x720_q70_crop_subsampling-2_upscale.png\" alt=\"\" width=\"128\" height=\"128\" srcset=\"https:\/\/www.ayurvedique.com\/vedicare-spa\/wp-content\/uploads\/cms\/cms_garanties-label-cosmebio-carre-png__720x720_q70_crop_subsampling-2_upscale.png 720w, https:\/\/www.ayurvedique.com\/vedicare-spa\/wp-content\/uploads\/cms\/cms_garanties-label-cosmebio-carre-png__720x720_q70_crop_subsampling-2_upscale-600x600.png 600w, https:\/\/www.ayurvedique.com\/vedicare-spa\/wp-content\/uploads\/cms\/cms_garanties-label-cosmebio-carre-png__720x720_q70_crop_subsampling-2_upscale-150x150.png 150w, https:\/\/www.ayurvedique.com\/vedicare-spa\/wp-content\/uploads\/cms\/cms_garanties-label-cosmebio-carre-png__720x720_q70_crop_subsampling-2_upscale-45x45.png 45w, https:\/\/www.ayurvedique.com\/vedicare-spa\/wp-content\/uploads\/cms\/cms_garanties-label-cosmebio-carre-png__720x720_q70_crop_subsampling-2_upscale-300x300.png 300w, https:\/\/www.ayurvedique.com\/vedicare-spa\/wp-content\/uploads\/cms\/cms_garanties-label-cosmebio-carre-png__720x720_q70_crop_subsampling-2_upscale-100x100.png 100w\" sizes=\"(max-width: 128px) 100vw, 128px\" \/><\/p>\n<\/div>\n","protected":false},"excerpt":{"rendered":"<p><strong>SAVON AYURVEDIQUE FABRIQU\u00c9 EN FRANCE PAR OLEANAT, CERTIFI\u00c9 BIO PAR ECOCER<\/strong>T<\/p>\n<p>CONTENANCE 100 GR<\/p>\n","protected":false},"featured_media":8964,"comment_status":"open","ping_status":"closed","template":"","meta":{"_uag_custom_page_level_css":"","site-sidebar-layout":"default","site-content-layout":"default","ast-site-content-layout":"default","site-content-style":"default","site-sidebar-style":"default","ast-global-header-display":"","ast-banner-title-visibility":"","ast-main-header-display":"","ast-hfb-above-header-display":"","ast-hfb-below-header-display":"","ast-hfb-mobile-header-display":"","site-post-title":"","ast-breadcrumbs-content":"","ast-featured-img":"","footer-sml-layout":"","ast-disable-related-posts":"","theme-transparent-header-meta":"default","adv-header-id-meta":"","stick-header-meta":"","header-above-stick-meta":"","header-main-stick-meta":"","header-below-stick-meta":"","astra-migrate-meta-layouts":"set","ast-page-background-enabled":"default","ast-page-background-meta":{"desktop":{"background-color":"","background-image":"","background-repeat":"repeat","background-position":"center center","background-size":"auto","background-attachment":"scroll","background-type":"","background-media":"","overlay-type":"","overlay-color":"","overlay-opacity":"","overlay-gradient":""},"tablet":{"background-color":"","background-image":"","background-repeat":"repeat","background-position":"center center","background-size":"auto","background-attachment":"scroll","background-type":"","background-media":"","overlay-type":"","overlay-color":"","overlay-opacity":"","overlay-gradient":""},"mobile":{"background-color":"","background-image":"","background-repeat":"repeat","background-position":"center center","background-size":"auto","background-attachment":"scroll","background-type":"","background-media":"","overlay-type":"","overlay-color":"","overlay-opacity":"","overlay-gradient":""}},"ast-content-background-meta":{"desktop":{"background-color":"var(--ast-global-color-5)","background-image":"","background-repeat":"repeat","background-position":"center center","background-size":"auto","background-attachment":"scroll","background-type":"","background-media":"","overlay-type":"","overlay-color":"","overlay-opacity":"","overlay-gradient":""},"tablet":{"background-color":"var(--ast-global-color-5)","background-image":"","background-repeat":"repeat","background-position":"center center","background-size":"auto","background-attachment":"scroll","background-type":"","background-media":"","overlay-type":"","overlay-color":"","overlay-opacity":"","overlay-gradient":""},"mobile":{"background-color":"var(--ast-global-color-5)","background-image":"","background-repeat":"repeat","background-position":"center center","background-size":"auto","background-attachment":"scroll","background-type":"","background-media":"","overlay-type":"","overlay-color":"","overlay-opacity":"","overlay-gradient":""}}},"product_brand":[],"product_cat":[235,333],"product_tag":[301,374,375,376],"class_list":{"0":"post-2110","1":"product","2":"type-product","3":"status-publish","4":"has-post-thumbnail","6":"product_cat-articles-ayurvediques","7":"product_cat-soins-visages-corps","8":"product_tag-savon-ayurvedique","9":"product_tag-savon-bio","10":"product_tag-savon-bio-ayurvedique","11":"product_tag-savon-bio-francais","12":"desktop-align-left","13":"tablet-align-left","14":"mobile-align-left","16":"first","17":"instock","18":"taxable","19":"shipping-taxable","20":"purchasable","21":"product-type-simple"},"yoast_head":"<!-- This site is optimized with the Yoast SEO plugin v27.5 - https:\/\/yoast.com\/product\/yoast-seo-wordpress\/ -->\n<title>savon ayurv\u00e9dique certifi\u00e9 BIO - Vedicare | Soins, Cures, Boutique ayurv\u00e9dique<\/title>\n<meta name=\"description\" content=\"Ce Savon bio ultra doux aux 18 plantes ayurv\u00e9diques est un concentr\u00e9 de nature saine et fra\u00eeche , recommand\u00e9 pour les peaux grasses .\" \/>\n<meta name=\"robots\" content=\"index, follow, max-snippet:-1, max-image-preview:large, max-video-preview:-1\" \/>\n<link rel=\"canonical\" href=\"https:\/\/www.ayurvedique.com\/vedicare-spa\/articles-ayurvediques\/savon-ayurvedique-bio\/\" \/>\n<meta property=\"og:locale\" content=\"fr_FR\" \/>\n<meta property=\"og:type\" content=\"article\" \/>\n<meta property=\"og:title\" content=\"savon ayurv\u00e9dique certifi\u00e9 BIO - Vedicare | Soins, Cures, Boutique ayurv\u00e9dique\" \/>\n<meta property=\"og:description\" content=\"Ce Savon bio ultra doux aux 18 plantes ayurv\u00e9diques est un concentr\u00e9 de nature saine et fra\u00eeche , recommand\u00e9 pour les peaux grasses .\" \/>\n<meta property=\"og:url\" content=\"https:\/\/www.ayurvedique.com\/vedicare-spa\/articles-ayurvediques\/savon-ayurvedique-bio\/\" \/>\n<meta property=\"og:site_name\" content=\"Vedicare | Soins, Cures, Boutique ayurv\u00e9dique\" \/>\n<meta property=\"article:publisher\" content=\"https:\/\/www.facebook.com\/Eco-gites-et-spa-Vedicare-146891845345782\/\" \/>\n<meta property=\"article:modified_time\" content=\"2026-04-17T09:05:22+00:00\" \/>\n<meta property=\"og:image\" content=\"https:\/\/www.ayurvedique.com\/vedicare-spa\/wp-content\/uploads\/savon-bioayur-scaled.jpg\" \/>\n\t<meta property=\"og:image:width\" content=\"1299\" \/>\n\t<meta property=\"og:image:height\" content=\"800\" \/>\n\t<meta property=\"og:image:type\" content=\"image\/jpeg\" \/>\n<meta name=\"twitter:card\" content=\"summary_large_image\" \/>\n<meta name=\"twitter:label1\" content=\"Dur\u00e9e de lecture estim\u00e9e\" \/>\n\t<meta name=\"twitter:data1\" content=\"3 minutes\" \/>\n<script type=\"application\/ld+json\" class=\"yoast-schema-graph\">{\"@context\":\"https:\\\/\\\/schema.org\",\"@graph\":[{\"@type\":\"WebPage\",\"@id\":\"https:\\\/\\\/www.ayurvedique.com\\\/vedicare-spa\\\/articles-ayurvediques\\\/savon-ayurvedique-bio\\\/\",\"url\":\"https:\\\/\\\/www.ayurvedique.com\\\/vedicare-spa\\\/articles-ayurvediques\\\/savon-ayurvedique-bio\\\/\",\"name\":\"savon ayurv\u00e9dique certifi\u00e9 BIO - Vedicare | Soins, Cures, Boutique ayurv\u00e9dique\",\"isPartOf\":{\"@id\":\"https:\\\/\\\/www.ayurvedique.com\\\/vedicare-spa\\\/#website\"},\"primaryImageOfPage\":{\"@id\":\"https:\\\/\\\/www.ayurvedique.com\\\/vedicare-spa\\\/articles-ayurvediques\\\/savon-ayurvedique-bio\\\/#primaryimage\"},\"image\":{\"@id\":\"https:\\\/\\\/www.ayurvedique.com\\\/vedicare-spa\\\/articles-ayurvediques\\\/savon-ayurvedique-bio\\\/#primaryimage\"},\"thumbnailUrl\":\"https:\\\/\\\/www.ayurvedique.com\\\/vedicare-spa\\\/wp-content\\\/uploads\\\/savon-bioayur-scaled.jpg\",\"datePublished\":\"2018-06-07T13:04:46+00:00\",\"dateModified\":\"2026-04-17T09:05:22+00:00\",\"description\":\"Ce Savon bio ultra doux aux 18 plantes ayurv\u00e9diques est un concentr\u00e9 de nature saine et fra\u00eeche , recommand\u00e9 pour les peaux grasses .\",\"breadcrumb\":{\"@id\":\"https:\\\/\\\/www.ayurvedique.com\\\/vedicare-spa\\\/articles-ayurvediques\\\/savon-ayurvedique-bio\\\/#breadcrumb\"},\"inLanguage\":\"fr-FR\",\"potentialAction\":[{\"@type\":\"ReadAction\",\"target\":[\"https:\\\/\\\/www.ayurvedique.com\\\/vedicare-spa\\\/articles-ayurvediques\\\/savon-ayurvedique-bio\\\/\"]}]},{\"@type\":\"ImageObject\",\"inLanguage\":\"fr-FR\",\"@id\":\"https:\\\/\\\/www.ayurvedique.com\\\/vedicare-spa\\\/articles-ayurvediques\\\/savon-ayurvedique-bio\\\/#primaryimage\",\"url\":\"https:\\\/\\\/www.ayurvedique.com\\\/vedicare-spa\\\/wp-content\\\/uploads\\\/savon-bioayur-scaled.jpg\",\"contentUrl\":\"https:\\\/\\\/www.ayurvedique.com\\\/vedicare-spa\\\/wp-content\\\/uploads\\\/savon-bioayur-scaled.jpg\",\"width\":1299,\"height\":800},{\"@type\":\"BreadcrumbList\",\"@id\":\"https:\\\/\\\/www.ayurvedique.com\\\/vedicare-spa\\\/articles-ayurvediques\\\/savon-ayurvedique-bio\\\/#breadcrumb\",\"itemListElement\":[{\"@type\":\"ListItem\",\"position\":1,\"name\":\"Accueil\",\"item\":\"https:\\\/\\\/www.ayurvedique.com\\\/vedicare-spa\\\/\"},{\"@type\":\"ListItem\",\"position\":2,\"name\":\"Boutique\",\"item\":\"https:\\\/\\\/www.ayurvedique.com\\\/vedicare-spa\\\/boutique\\\/\"},{\"@type\":\"ListItem\",\"position\":3,\"name\":\"savon ayurv\u00e9dique certifi\u00e9 BIO\"}]},{\"@type\":\"WebSite\",\"@id\":\"https:\\\/\\\/www.ayurvedique.com\\\/vedicare-spa\\\/#website\",\"url\":\"https:\\\/\\\/www.ayurvedique.com\\\/vedicare-spa\\\/\",\"name\":\"Vedicare | Soins, Cures, Boutique ayurv\u00e9dique\",\"description\":\"Produits naturels bio et vegan, Spa ayurvedique\",\"publisher\":{\"@id\":\"https:\\\/\\\/www.ayurvedique.com\\\/vedicare-spa\\\/#organization\"},\"alternateName\":\"Spa ayurv\u00e9dique et produits naturels\",\"potentialAction\":[{\"@type\":\"SearchAction\",\"target\":{\"@type\":\"EntryPoint\",\"urlTemplate\":\"https:\\\/\\\/www.ayurvedique.com\\\/vedicare-spa\\\/?s={search_term_string}\"},\"query-input\":{\"@type\":\"PropertyValueSpecification\",\"valueRequired\":true,\"valueName\":\"search_term_string\"}}],\"inLanguage\":\"fr-FR\"},{\"@type\":\"Organization\",\"@id\":\"https:\\\/\\\/www.ayurvedique.com\\\/vedicare-spa\\\/#organization\",\"name\":\"Vedicare\",\"url\":\"https:\\\/\\\/www.ayurvedique.com\\\/vedicare-spa\\\/\",\"logo\":{\"@type\":\"ImageObject\",\"inLanguage\":\"fr-FR\",\"@id\":\"https:\\\/\\\/www.ayurvedique.com\\\/vedicare-spa\\\/#\\\/schema\\\/logo\\\/image\\\/\",\"url\":\"https:\\\/\\\/www.ayurvedique.com\\\/vedicare-spa\\\/wp-content\\\/uploads\\\/logo_vedicare-1.png\",\"contentUrl\":\"https:\\\/\\\/www.ayurvedique.com\\\/vedicare-spa\\\/wp-content\\\/uploads\\\/logo_vedicare-1.png\",\"width\":142,\"height\":206,\"caption\":\"Vedicare\"},\"image\":{\"@id\":\"https:\\\/\\\/www.ayurvedique.com\\\/vedicare-spa\\\/#\\\/schema\\\/logo\\\/image\\\/\"},\"sameAs\":[\"https:\\\/\\\/www.facebook.com\\\/Eco-gites-et-spa-Vedicare-146891845345782\\\/\"]}]}<\/script>\n<!-- \/ Yoast SEO plugin. -->","yoast_head_json":{"title":"savon ayurv\u00e9dique certifi\u00e9 BIO - Vedicare | Soins, Cures, Boutique ayurv\u00e9dique","description":"Ce Savon bio ultra doux aux 18 plantes ayurv\u00e9diques est un concentr\u00e9 de nature saine et fra\u00eeche , recommand\u00e9 pour les peaux grasses .","robots":{"index":"index","follow":"follow","max-snippet":"max-snippet:-1","max-image-preview":"max-image-preview:large","max-video-preview":"max-video-preview:-1"},"canonical":"https:\/\/www.ayurvedique.com\/vedicare-spa\/articles-ayurvediques\/savon-ayurvedique-bio\/","og_locale":"fr_FR","og_type":"article","og_title":"savon ayurv\u00e9dique certifi\u00e9 BIO - Vedicare | Soins, Cures, Boutique ayurv\u00e9dique","og_description":"Ce Savon bio ultra doux aux 18 plantes ayurv\u00e9diques est un concentr\u00e9 de nature saine et fra\u00eeche , recommand\u00e9 pour les peaux grasses .","og_url":"https:\/\/www.ayurvedique.com\/vedicare-spa\/articles-ayurvediques\/savon-ayurvedique-bio\/","og_site_name":"Vedicare | Soins, Cures, Boutique ayurv\u00e9dique","article_publisher":"https:\/\/www.facebook.com\/Eco-gites-et-spa-Vedicare-146891845345782\/","article_modified_time":"2026-04-17T09:05:22+00:00","og_image":[{"width":1299,"height":800,"url":"https:\/\/www.ayurvedique.com\/vedicare-spa\/wp-content\/uploads\/savon-bioayur-scaled.jpg","type":"image\/jpeg"}],"twitter_card":"summary_large_image","twitter_misc":{"Dur\u00e9e de lecture estim\u00e9e":"3 minutes"},"schema":{"@context":"https:\/\/schema.org","@graph":[{"@type":"WebPage","@id":"https:\/\/www.ayurvedique.com\/vedicare-spa\/articles-ayurvediques\/savon-ayurvedique-bio\/","url":"https:\/\/www.ayurvedique.com\/vedicare-spa\/articles-ayurvediques\/savon-ayurvedique-bio\/","name":"savon ayurv\u00e9dique certifi\u00e9 BIO - Vedicare | Soins, Cures, Boutique ayurv\u00e9dique","isPartOf":{"@id":"https:\/\/www.ayurvedique.com\/vedicare-spa\/#website"},"primaryImageOfPage":{"@id":"https:\/\/www.ayurvedique.com\/vedicare-spa\/articles-ayurvediques\/savon-ayurvedique-bio\/#primaryimage"},"image":{"@id":"https:\/\/www.ayurvedique.com\/vedicare-spa\/articles-ayurvediques\/savon-ayurvedique-bio\/#primaryimage"},"thumbnailUrl":"https:\/\/www.ayurvedique.com\/vedicare-spa\/wp-content\/uploads\/savon-bioayur-scaled.jpg","datePublished":"2018-06-07T13:04:46+00:00","dateModified":"2026-04-17T09:05:22+00:00","description":"Ce Savon bio ultra doux aux 18 plantes ayurv\u00e9diques est un concentr\u00e9 de nature saine et fra\u00eeche , recommand\u00e9 pour les peaux grasses .","breadcrumb":{"@id":"https:\/\/www.ayurvedique.com\/vedicare-spa\/articles-ayurvediques\/savon-ayurvedique-bio\/#breadcrumb"},"inLanguage":"fr-FR","potentialAction":[{"@type":"ReadAction","target":["https:\/\/www.ayurvedique.com\/vedicare-spa\/articles-ayurvediques\/savon-ayurvedique-bio\/"]}]},{"@type":"ImageObject","inLanguage":"fr-FR","@id":"https:\/\/www.ayurvedique.com\/vedicare-spa\/articles-ayurvediques\/savon-ayurvedique-bio\/#primaryimage","url":"https:\/\/www.ayurvedique.com\/vedicare-spa\/wp-content\/uploads\/savon-bioayur-scaled.jpg","contentUrl":"https:\/\/www.ayurvedique.com\/vedicare-spa\/wp-content\/uploads\/savon-bioayur-scaled.jpg","width":1299,"height":800},{"@type":"BreadcrumbList","@id":"https:\/\/www.ayurvedique.com\/vedicare-spa\/articles-ayurvediques\/savon-ayurvedique-bio\/#breadcrumb","itemListElement":[{"@type":"ListItem","position":1,"name":"Accueil","item":"https:\/\/www.ayurvedique.com\/vedicare-spa\/"},{"@type":"ListItem","position":2,"name":"Boutique","item":"https:\/\/www.ayurvedique.com\/vedicare-spa\/boutique\/"},{"@type":"ListItem","position":3,"name":"savon ayurv\u00e9dique certifi\u00e9 BIO"}]},{"@type":"WebSite","@id":"https:\/\/www.ayurvedique.com\/vedicare-spa\/#website","url":"https:\/\/www.ayurvedique.com\/vedicare-spa\/","name":"Vedicare | Soins, Cures, Boutique ayurv\u00e9dique","description":"Produits naturels bio et vegan, Spa ayurvedique","publisher":{"@id":"https:\/\/www.ayurvedique.com\/vedicare-spa\/#organization"},"alternateName":"Spa ayurv\u00e9dique et produits naturels","potentialAction":[{"@type":"SearchAction","target":{"@type":"EntryPoint","urlTemplate":"https:\/\/www.ayurvedique.com\/vedicare-spa\/?s={search_term_string}"},"query-input":{"@type":"PropertyValueSpecification","valueRequired":true,"valueName":"search_term_string"}}],"inLanguage":"fr-FR"},{"@type":"Organization","@id":"https:\/\/www.ayurvedique.com\/vedicare-spa\/#organization","name":"Vedicare","url":"https:\/\/www.ayurvedique.com\/vedicare-spa\/","logo":{"@type":"ImageObject","inLanguage":"fr-FR","@id":"https:\/\/www.ayurvedique.com\/vedicare-spa\/#\/schema\/logo\/image\/","url":"https:\/\/www.ayurvedique.com\/vedicare-spa\/wp-content\/uploads\/logo_vedicare-1.png","contentUrl":"https:\/\/www.ayurvedique.com\/vedicare-spa\/wp-content\/uploads\/logo_vedicare-1.png","width":142,"height":206,"caption":"Vedicare"},"image":{"@id":"https:\/\/www.ayurvedique.com\/vedicare-spa\/#\/schema\/logo\/image\/"},"sameAs":["https:\/\/www.facebook.com\/Eco-gites-et-spa-Vedicare-146891845345782\/"]}]}},"uagb_featured_image_src":{"full":["https:\/\/www.ayurvedique.com\/vedicare-spa\/wp-content\/uploads\/savon-bioayur-scaled.jpg",1299,800,false],"thumbnail":["https:\/\/www.ayurvedique.com\/vedicare-spa\/wp-content\/uploads\/savon-bioayur-150x150.jpg",150,150,true],"medium":["https:\/\/www.ayurvedique.com\/vedicare-spa\/wp-content\/uploads\/savon-bioayur-800x493.jpg",800,493,true],"medium_large":["https:\/\/www.ayurvedique.com\/vedicare-spa\/wp-content\/uploads\/savon-bioayur-768x473.jpg",768,473,true],"large":["https:\/\/www.ayurvedique.com\/vedicare-spa\/wp-content\/uploads\/savon-bioayur-1600x986.jpg",1600,986,true],"1536x1536":["https:\/\/www.ayurvedique.com\/vedicare-spa\/wp-content\/uploads\/savon-bioayur-1536x946.jpg",1536,946,true],"2048x2048":["https:\/\/www.ayurvedique.com\/vedicare-spa\/wp-content\/uploads\/savon-bioayur-2048x1262.jpg",2048,1262,true],"rpwe-thumbnail":["https:\/\/www.ayurvedique.com\/vedicare-spa\/wp-content\/uploads\/savon-bioayur-45x45.jpg",45,45,true],"woocommerce_thumbnail":["https:\/\/www.ayurvedique.com\/vedicare-spa\/wp-content\/uploads\/savon-bioayur-300x300.jpg",300,300,true],"woocommerce_single":["https:\/\/www.ayurvedique.com\/vedicare-spa\/wp-content\/uploads\/savon-bioayur-600x370.jpg",600,370,true],"woocommerce_gallery_thumbnail":["https:\/\/www.ayurvedique.com\/vedicare-spa\/wp-content\/uploads\/savon-bioayur-100x100.jpg",100,100,true]},"uagb_author_info":{"display_name":"cyber","author_link":"https:\/\/www.ayurvedique.com\/vedicare-spa\/author\/"},"uagb_comment_info":0,"uagb_excerpt":"SAVON AYURVEDIQUE FABRIQU\u00c9 EN FRANCE PAR OLEANAT, CERTIFI\u00c9 BIO PAR ECOCERT CONTENANCE 100 GR","_links":{"self":[{"href":"https:\/\/www.ayurvedique.com\/vedicare-spa\/wp-json\/wp\/v2\/product\/2110","targetHints":{"allow":["GET"]}}],"collection":[{"href":"https:\/\/www.ayurvedique.com\/vedicare-spa\/wp-json\/wp\/v2\/product"}],"about":[{"href":"https:\/\/www.ayurvedique.com\/vedicare-spa\/wp-json\/wp\/v2\/types\/product"}],"replies":[{"embeddable":true,"href":"https:\/\/www.ayurvedique.com\/vedicare-spa\/wp-json\/wp\/v2\/comments?post=2110"}],"wp:featuredmedia":[{"embeddable":true,"href":"https:\/\/www.ayurvedique.com\/vedicare-spa\/wp-json\/wp\/v2\/media\/8964"}],"wp:attachment":[{"href":"https:\/\/www.ayurvedique.com\/vedicare-spa\/wp-json\/wp\/v2\/media?parent=2110"}],"wp:term":[{"taxonomy":"product_brand","embeddable":true,"href":"https:\/\/www.ayurvedique.com\/vedicare-spa\/wp-json\/wp\/v2\/product_brand?post=2110"},{"taxonomy":"product_cat","embeddable":true,"href":"https:\/\/www.ayurvedique.com\/vedicare-spa\/wp-json\/wp\/v2\/product_cat?post=2110"},{"taxonomy":"product_tag","embeddable":true,"href":"https:\/\/www.ayurvedique.com\/vedicare-spa\/wp-json\/wp\/v2\/product_tag?post=2110"}],"curies":[{"name":"wp","href":"https:\/\/api.w.org\/{rel}","templated":true}]}}