{"id":2073,"date":"2015-10-22T14:21:12","date_gmt":"2015-10-22T12:21:12","guid":{"rendered":"https:\/\/www.ayurvedique.com\/vedicare-spa\/produit\/accueil\/cosmetiques-huiles\/cosmetiques-naturels-et-bio\/huile-d-amande-amere-d-abricot\/"},"modified":"2026-04-17T11:05:22","modified_gmt":"2026-04-17T09:05:22","slug":"huile-d-amande-amere-d-abricot","status":"publish","type":"product","link":"https:\/\/www.ayurvedique.com\/vedicare-spa\/soins-visages-corps\/huile-d-amande-amere-d-abricot\/","title":{"rendered":"HUILE DE NOYAU D&rsquo;ABRICOT, qualit\u00e9 sup\u00e9rieure"},"content":{"rendered":"<p><strong>Pr\u00e9sentation<\/strong> : flacon en verre ambr\u00e9<\/p>\n<p>50 ML<\/p>\n<div class=\"page\" title=\"Page 1\">\n<div class=\"layoutArea\">\n<div class=\"column\">\n<p>A la fin des ann\u00e9es 90, notre meilleure vente cosm\u00e9tique \u00e9tait une huile d\u2019Abricot en provenance du KUMAON, province sauvage de\u00a0l\u2019Himalaya. Elle \u00e9tait fabriqu\u00e9e \u00e0 la main dans un instrument en bois et sentait l\u2019amande am\u00e8re. Malheureusement la loi de la mondialisation n\u2019a plus permis aux petites coop\u00e9ratives d\u2019obtenir de licence d\u2019exportation et cette huile pr\u00e9cieuse est rest\u00e9e en Inde, utilis\u00e9e simplement localement. Fort heureusement, apr\u00e8s de longues recherches, nous avons trouv\u00e9 un fabriquant fran\u00e7ais capable de reproduire la qualit\u00e9 et l\u2019odeur de cette huile du Kum\u00e2on. Un proc\u00e9d\u00e9 d\u2019extraction unique respecte tous les principes actifs des noyaux et garantit une qualit\u00e9 d\u2019huile exceptionnelle tout en capturant son odeur d\u2019amande si gourmande et si agr\u00e9able qu\u2019on en mangerait&#8230; Notre huile d\u2019abricot est 100% naturelle, ne contient ni parfum, ni colorant, additif ou conservateur; elle se conserve au sec, \u00e0 l\u2019abri de la lumi\u00e8re.<\/p>\n<\/div>\n<\/div>\n<\/div>\n<p><strong>Propri\u00e9t\u00e9s<\/strong> : Riche en vitamine A et E, l\u2019huile de noyau d\u2019abricot est excellente pour le massage des b\u00e9b\u00e9s selon l&rsquo;Ayurveda ( elle diminue kapha ). Chez l\u2019adulte, elle est employ\u00e9e traditionnellement en Inde pour masser les articulations, pr\u00e9venir la chute des cheveux et les marques de grossesses. Elle nourrie les couches superficielles de la peau du visage et lui redonne son \u00e9lasticit\u00e9. Cette huile est extraite des noyaux d\u2019abricots, en France, par une technique qui pr\u00e9serve toutes leurs propri\u00e9t\u00e9s aux amandes et conserve leur d\u00e9licat parfum.Effet bonne mine assur\u00e9 .<\/p>\n<p><strong>Conseil d\u2019utilisation<\/strong> : Masser d\u00e9licatement le corps, le visage et les cheveux, de pr\u00e9f\u00e9rence tous les jours. Cette huile favorise le bronzage, quelques gouttes suffisent comme aftershave. Elle est id\u00e9ale pour le massage des b\u00e9b\u00e9s et comme base avec des huiles essentielles. \u00c0 rajouter \u00e0 un masque ou \u00e0 sa cr\u00e8me de jour.<\/p>\n<p><strong>Ingr\u00e9dient<\/strong> : Prunus armeniaca 100%<\/p>\n<p><img decoding=\"async\" class=\"size-full wp-image-2072 lazyload\" data-src=\"https:\/\/www.ayurvedique.com\/vedicare-spa\/wp-content\/uploads\/cms\/cms_VeganTM-copie.jpg\" alt=\"\" width=\"86\" height=\"69\" src=\"data:image\/svg+xml;base64,PHN2ZyB3aWR0aD0iMSIgaGVpZ2h0PSIxIiB4bWxucz0iaHR0cDovL3d3dy53My5vcmcvMjAwMC9zdmciPjwvc3ZnPg==\" style=\"--smush-placeholder-width: 86px; --smush-placeholder-aspect-ratio: 86\/69;\" \/><\/p>\n","protected":false},"excerpt":{"rendered":"<p><strong>Huile de Noyau d&rsquo;Abricot<\/strong><\/p>\n<p>Parfum exquis d&rsquo;amande obtenu par extraction 100% naturelle<\/p>\n<p>convient aux v\u00e9g\u00e9taliens<\/p>\n","protected":false},"featured_media":7207,"comment_status":"open","ping_status":"closed","template":"","meta":{"_uag_custom_page_level_css":"","site-sidebar-layout":"default","site-content-layout":"default","ast-site-content-layout":"default","site-content-style":"default","site-sidebar-style":"default","ast-global-header-display":"","ast-banner-title-visibility":"","ast-main-header-display":"","ast-hfb-above-header-display":"","ast-hfb-below-header-display":"","ast-hfb-mobile-header-display":"","site-post-title":"","ast-breadcrumbs-content":"","ast-featured-img":"","footer-sml-layout":"","ast-disable-related-posts":"","theme-transparent-header-meta":"default","adv-header-id-meta":"","stick-header-meta":"","header-above-stick-meta":"","header-main-stick-meta":"","header-below-stick-meta":"","astra-migrate-meta-layouts":"set","ast-page-background-enabled":"default","ast-page-background-meta":{"desktop":{"background-color":"","background-image":"","background-repeat":"repeat","background-position":"center center","background-size":"auto","background-attachment":"scroll","background-type":"","background-media":"","overlay-type":"","overlay-color":"","overlay-opacity":"","overlay-gradient":""},"tablet":{"background-color":"","background-image":"","background-repeat":"repeat","background-position":"center center","background-size":"auto","background-attachment":"scroll","background-type":"","background-media":"","overlay-type":"","overlay-color":"","overlay-opacity":"","overlay-gradient":""},"mobile":{"background-color":"","background-image":"","background-repeat":"repeat","background-position":"center center","background-size":"auto","background-attachment":"scroll","background-type":"","background-media":"","overlay-type":"","overlay-color":"","overlay-opacity":"","overlay-gradient":""}},"ast-content-background-meta":{"desktop":{"background-color":"var(--ast-global-color-5)","background-image":"","background-repeat":"repeat","background-position":"center center","background-size":"auto","background-attachment":"scroll","background-type":"","background-media":"","overlay-type":"","overlay-color":"","overlay-opacity":"","overlay-gradient":""},"tablet":{"background-color":"var(--ast-global-color-5)","background-image":"","background-repeat":"repeat","background-position":"center center","background-size":"auto","background-attachment":"scroll","background-type":"","background-media":"","overlay-type":"","overlay-color":"","overlay-opacity":"","overlay-gradient":""},"mobile":{"background-color":"var(--ast-global-color-5)","background-image":"","background-repeat":"repeat","background-position":"center center","background-size":"auto","background-attachment":"scroll","background-type":"","background-media":"","overlay-type":"","overlay-color":"","overlay-opacity":"","overlay-gradient":""}}},"product_brand":[],"product_cat":[333],"product_tag":[272,283,278,279,281,282],"class_list":{"0":"post-2073","1":"product","2":"type-product","3":"status-publish","4":"has-post-thumbnail","6":"product_cat-soins-visages-corps","7":"product_tag-ayurvedique","8":"product_tag-bonne-mine","9":"product_tag-huile-abricot","10":"product_tag-huile-bebe","11":"product_tag-huile-de-noyau-dabricot","12":"product_tag-visage","13":"desktop-align-left","14":"tablet-align-left","15":"mobile-align-left","17":"first","18":"instock","19":"taxable","20":"shipping-taxable","21":"purchasable","22":"product-type-simple"},"yoast_head":"<!-- This site is optimized with the Yoast SEO plugin v27.5 - https:\/\/yoast.com\/product\/yoast-seo-wordpress\/ -->\n<title>HUILE DE NOYAU D&#039;ABRICOT, qualit\u00e9 sup\u00e9rieure - Vedicare | Soins, Cures, Boutique ayurv\u00e9dique<\/title>\n<meta name=\"description\" content=\"Riche en vitamine A et E, cette huile nourrie les couches superficielles de la peau du visage et lui redonne son \u00e9lasticit\u00e9. Cette huile est extraite des noyaux d\u2019abricots, en France, par une technique qui pr\u00e9serve toutes leurs propri\u00e9t\u00e9s aux amandes et conserve leur d\u00e9licat parfum.Effet bonne mine assur\u00e9 .\" \/>\n<meta name=\"robots\" content=\"index, follow, max-snippet:-1, max-image-preview:large, max-video-preview:-1\" \/>\n<link rel=\"canonical\" href=\"https:\/\/www.ayurvedique.com\/vedicare-spa\/soins-visages-corps\/huile-d-amande-amere-d-abricot\/\" \/>\n<meta property=\"og:locale\" content=\"fr_FR\" \/>\n<meta property=\"og:type\" content=\"article\" \/>\n<meta property=\"og:title\" content=\"HUILE DE NOYAU D&#039;ABRICOT, qualit\u00e9 sup\u00e9rieure - Vedicare | Soins, Cures, Boutique ayurv\u00e9dique\" \/>\n<meta property=\"og:description\" content=\"Riche en vitamine A et E, cette huile nourrie les couches superficielles de la peau du visage et lui redonne son \u00e9lasticit\u00e9. Cette huile est extraite des noyaux d\u2019abricots, en France, par une technique qui pr\u00e9serve toutes leurs propri\u00e9t\u00e9s aux amandes et conserve leur d\u00e9licat parfum.Effet bonne mine assur\u00e9 .\" \/>\n<meta property=\"og:url\" content=\"https:\/\/www.ayurvedique.com\/vedicare-spa\/soins-visages-corps\/huile-d-amande-amere-d-abricot\/\" \/>\n<meta property=\"og:site_name\" content=\"Vedicare | Soins, Cures, Boutique ayurv\u00e9dique\" \/>\n<meta property=\"article:publisher\" content=\"https:\/\/www.facebook.com\/Eco-gites-et-spa-Vedicare-146891845345782\/\" \/>\n<meta property=\"article:modified_time\" content=\"2026-04-17T09:05:22+00:00\" \/>\n<meta property=\"og:image\" content=\"https:\/\/www.ayurvedique.com\/vedicare-spa\/wp-content\/uploads\/oil146-scaled.jpg\" \/>\n\t<meta property=\"og:image:width\" content=\"502\" \/>\n\t<meta property=\"og:image:height\" content=\"800\" \/>\n\t<meta property=\"og:image:type\" content=\"image\/jpeg\" \/>\n<meta name=\"twitter:card\" content=\"summary_large_image\" \/>\n<meta name=\"twitter:label1\" content=\"Dur\u00e9e de lecture estim\u00e9e\" \/>\n\t<meta name=\"twitter:data1\" content=\"2 minutes\" \/>\n<script type=\"application\/ld+json\" class=\"yoast-schema-graph\">{\"@context\":\"https:\\\/\\\/schema.org\",\"@graph\":[{\"@type\":\"WebPage\",\"@id\":\"https:\\\/\\\/www.ayurvedique.com\\\/vedicare-spa\\\/soins-visages-corps\\\/huile-d-amande-amere-d-abricot\\\/\",\"url\":\"https:\\\/\\\/www.ayurvedique.com\\\/vedicare-spa\\\/soins-visages-corps\\\/huile-d-amande-amere-d-abricot\\\/\",\"name\":\"HUILE DE NOYAU D'ABRICOT, qualit\u00e9 sup\u00e9rieure - Vedicare | Soins, Cures, Boutique ayurv\u00e9dique\",\"isPartOf\":{\"@id\":\"https:\\\/\\\/www.ayurvedique.com\\\/vedicare-spa\\\/#website\"},\"primaryImageOfPage\":{\"@id\":\"https:\\\/\\\/www.ayurvedique.com\\\/vedicare-spa\\\/soins-visages-corps\\\/huile-d-amande-amere-d-abricot\\\/#primaryimage\"},\"image\":{\"@id\":\"https:\\\/\\\/www.ayurvedique.com\\\/vedicare-spa\\\/soins-visages-corps\\\/huile-d-amande-amere-d-abricot\\\/#primaryimage\"},\"thumbnailUrl\":\"https:\\\/\\\/www.ayurvedique.com\\\/vedicare-spa\\\/wp-content\\\/uploads\\\/oil146-scaled.jpg\",\"datePublished\":\"2015-10-22T12:21:12+00:00\",\"dateModified\":\"2026-04-17T09:05:22+00:00\",\"description\":\"Riche en vitamine A et E, cette huile nourrie les couches superficielles de la peau du visage et lui redonne son \u00e9lasticit\u00e9. Cette huile est extraite des noyaux d\u2019abricots, en France, par une technique qui pr\u00e9serve toutes leurs propri\u00e9t\u00e9s aux amandes et conserve leur d\u00e9licat parfum.Effet bonne mine assur\u00e9 .\",\"breadcrumb\":{\"@id\":\"https:\\\/\\\/www.ayurvedique.com\\\/vedicare-spa\\\/soins-visages-corps\\\/huile-d-amande-amere-d-abricot\\\/#breadcrumb\"},\"inLanguage\":\"fr-FR\",\"potentialAction\":[{\"@type\":\"ReadAction\",\"target\":[\"https:\\\/\\\/www.ayurvedique.com\\\/vedicare-spa\\\/soins-visages-corps\\\/huile-d-amande-amere-d-abricot\\\/\"]}]},{\"@type\":\"ImageObject\",\"inLanguage\":\"fr-FR\",\"@id\":\"https:\\\/\\\/www.ayurvedique.com\\\/vedicare-spa\\\/soins-visages-corps\\\/huile-d-amande-amere-d-abricot\\\/#primaryimage\",\"url\":\"https:\\\/\\\/www.ayurvedique.com\\\/vedicare-spa\\\/wp-content\\\/uploads\\\/oil146-scaled.jpg\",\"contentUrl\":\"https:\\\/\\\/www.ayurvedique.com\\\/vedicare-spa\\\/wp-content\\\/uploads\\\/oil146-scaled.jpg\",\"width\":502,\"height\":800,\"caption\":\"huile noyau Abricot\"},{\"@type\":\"BreadcrumbList\",\"@id\":\"https:\\\/\\\/www.ayurvedique.com\\\/vedicare-spa\\\/soins-visages-corps\\\/huile-d-amande-amere-d-abricot\\\/#breadcrumb\",\"itemListElement\":[{\"@type\":\"ListItem\",\"position\":1,\"name\":\"Accueil\",\"item\":\"https:\\\/\\\/www.ayurvedique.com\\\/vedicare-spa\\\/\"},{\"@type\":\"ListItem\",\"position\":2,\"name\":\"Boutique\",\"item\":\"https:\\\/\\\/www.ayurvedique.com\\\/vedicare-spa\\\/boutique\\\/\"},{\"@type\":\"ListItem\",\"position\":3,\"name\":\"HUILE DE NOYAU D&rsquo;ABRICOT, qualit\u00e9 sup\u00e9rieure\"}]},{\"@type\":\"WebSite\",\"@id\":\"https:\\\/\\\/www.ayurvedique.com\\\/vedicare-spa\\\/#website\",\"url\":\"https:\\\/\\\/www.ayurvedique.com\\\/vedicare-spa\\\/\",\"name\":\"Vedicare | Soins, Cures, Boutique ayurv\u00e9dique\",\"description\":\"Produits naturels bio et vegan, Spa ayurvedique\",\"publisher\":{\"@id\":\"https:\\\/\\\/www.ayurvedique.com\\\/vedicare-spa\\\/#organization\"},\"alternateName\":\"Spa ayurv\u00e9dique et produits naturels\",\"potentialAction\":[{\"@type\":\"SearchAction\",\"target\":{\"@type\":\"EntryPoint\",\"urlTemplate\":\"https:\\\/\\\/www.ayurvedique.com\\\/vedicare-spa\\\/?s={search_term_string}\"},\"query-input\":{\"@type\":\"PropertyValueSpecification\",\"valueRequired\":true,\"valueName\":\"search_term_string\"}}],\"inLanguage\":\"fr-FR\"},{\"@type\":\"Organization\",\"@id\":\"https:\\\/\\\/www.ayurvedique.com\\\/vedicare-spa\\\/#organization\",\"name\":\"Vedicare\",\"url\":\"https:\\\/\\\/www.ayurvedique.com\\\/vedicare-spa\\\/\",\"logo\":{\"@type\":\"ImageObject\",\"inLanguage\":\"fr-FR\",\"@id\":\"https:\\\/\\\/www.ayurvedique.com\\\/vedicare-spa\\\/#\\\/schema\\\/logo\\\/image\\\/\",\"url\":\"https:\\\/\\\/www.ayurvedique.com\\\/vedicare-spa\\\/wp-content\\\/uploads\\\/logo_vedicare-1.png\",\"contentUrl\":\"https:\\\/\\\/www.ayurvedique.com\\\/vedicare-spa\\\/wp-content\\\/uploads\\\/logo_vedicare-1.png\",\"width\":142,\"height\":206,\"caption\":\"Vedicare\"},\"image\":{\"@id\":\"https:\\\/\\\/www.ayurvedique.com\\\/vedicare-spa\\\/#\\\/schema\\\/logo\\\/image\\\/\"},\"sameAs\":[\"https:\\\/\\\/www.facebook.com\\\/Eco-gites-et-spa-Vedicare-146891845345782\\\/\"]}]}<\/script>\n<!-- \/ Yoast SEO plugin. -->","yoast_head_json":{"title":"HUILE DE NOYAU D'ABRICOT, qualit\u00e9 sup\u00e9rieure - Vedicare | Soins, Cures, Boutique ayurv\u00e9dique","description":"Riche en vitamine A et E, cette huile nourrie les couches superficielles de la peau du visage et lui redonne son \u00e9lasticit\u00e9. Cette huile est extraite des noyaux d\u2019abricots, en France, par une technique qui pr\u00e9serve toutes leurs propri\u00e9t\u00e9s aux amandes et conserve leur d\u00e9licat parfum.Effet bonne mine assur\u00e9 .","robots":{"index":"index","follow":"follow","max-snippet":"max-snippet:-1","max-image-preview":"max-image-preview:large","max-video-preview":"max-video-preview:-1"},"canonical":"https:\/\/www.ayurvedique.com\/vedicare-spa\/soins-visages-corps\/huile-d-amande-amere-d-abricot\/","og_locale":"fr_FR","og_type":"article","og_title":"HUILE DE NOYAU D'ABRICOT, qualit\u00e9 sup\u00e9rieure - Vedicare | Soins, Cures, Boutique ayurv\u00e9dique","og_description":"Riche en vitamine A et E, cette huile nourrie les couches superficielles de la peau du visage et lui redonne son \u00e9lasticit\u00e9. Cette huile est extraite des noyaux d\u2019abricots, en France, par une technique qui pr\u00e9serve toutes leurs propri\u00e9t\u00e9s aux amandes et conserve leur d\u00e9licat parfum.Effet bonne mine assur\u00e9 .","og_url":"https:\/\/www.ayurvedique.com\/vedicare-spa\/soins-visages-corps\/huile-d-amande-amere-d-abricot\/","og_site_name":"Vedicare | Soins, Cures, Boutique ayurv\u00e9dique","article_publisher":"https:\/\/www.facebook.com\/Eco-gites-et-spa-Vedicare-146891845345782\/","article_modified_time":"2026-04-17T09:05:22+00:00","og_image":[{"width":502,"height":800,"url":"https:\/\/www.ayurvedique.com\/vedicare-spa\/wp-content\/uploads\/oil146-scaled.jpg","type":"image\/jpeg"}],"twitter_card":"summary_large_image","twitter_misc":{"Dur\u00e9e de lecture estim\u00e9e":"2 minutes"},"schema":{"@context":"https:\/\/schema.org","@graph":[{"@type":"WebPage","@id":"https:\/\/www.ayurvedique.com\/vedicare-spa\/soins-visages-corps\/huile-d-amande-amere-d-abricot\/","url":"https:\/\/www.ayurvedique.com\/vedicare-spa\/soins-visages-corps\/huile-d-amande-amere-d-abricot\/","name":"HUILE DE NOYAU D'ABRICOT, qualit\u00e9 sup\u00e9rieure - Vedicare | Soins, Cures, Boutique ayurv\u00e9dique","isPartOf":{"@id":"https:\/\/www.ayurvedique.com\/vedicare-spa\/#website"},"primaryImageOfPage":{"@id":"https:\/\/www.ayurvedique.com\/vedicare-spa\/soins-visages-corps\/huile-d-amande-amere-d-abricot\/#primaryimage"},"image":{"@id":"https:\/\/www.ayurvedique.com\/vedicare-spa\/soins-visages-corps\/huile-d-amande-amere-d-abricot\/#primaryimage"},"thumbnailUrl":"https:\/\/www.ayurvedique.com\/vedicare-spa\/wp-content\/uploads\/oil146-scaled.jpg","datePublished":"2015-10-22T12:21:12+00:00","dateModified":"2026-04-17T09:05:22+00:00","description":"Riche en vitamine A et E, cette huile nourrie les couches superficielles de la peau du visage et lui redonne son \u00e9lasticit\u00e9. Cette huile est extraite des noyaux d\u2019abricots, en France, par une technique qui pr\u00e9serve toutes leurs propri\u00e9t\u00e9s aux amandes et conserve leur d\u00e9licat parfum.Effet bonne mine assur\u00e9 .","breadcrumb":{"@id":"https:\/\/www.ayurvedique.com\/vedicare-spa\/soins-visages-corps\/huile-d-amande-amere-d-abricot\/#breadcrumb"},"inLanguage":"fr-FR","potentialAction":[{"@type":"ReadAction","target":["https:\/\/www.ayurvedique.com\/vedicare-spa\/soins-visages-corps\/huile-d-amande-amere-d-abricot\/"]}]},{"@type":"ImageObject","inLanguage":"fr-FR","@id":"https:\/\/www.ayurvedique.com\/vedicare-spa\/soins-visages-corps\/huile-d-amande-amere-d-abricot\/#primaryimage","url":"https:\/\/www.ayurvedique.com\/vedicare-spa\/wp-content\/uploads\/oil146-scaled.jpg","contentUrl":"https:\/\/www.ayurvedique.com\/vedicare-spa\/wp-content\/uploads\/oil146-scaled.jpg","width":502,"height":800,"caption":"huile noyau Abricot"},{"@type":"BreadcrumbList","@id":"https:\/\/www.ayurvedique.com\/vedicare-spa\/soins-visages-corps\/huile-d-amande-amere-d-abricot\/#breadcrumb","itemListElement":[{"@type":"ListItem","position":1,"name":"Accueil","item":"https:\/\/www.ayurvedique.com\/vedicare-spa\/"},{"@type":"ListItem","position":2,"name":"Boutique","item":"https:\/\/www.ayurvedique.com\/vedicare-spa\/boutique\/"},{"@type":"ListItem","position":3,"name":"HUILE DE NOYAU D&rsquo;ABRICOT, qualit\u00e9 sup\u00e9rieure"}]},{"@type":"WebSite","@id":"https:\/\/www.ayurvedique.com\/vedicare-spa\/#website","url":"https:\/\/www.ayurvedique.com\/vedicare-spa\/","name":"Vedicare | Soins, Cures, Boutique ayurv\u00e9dique","description":"Produits naturels bio et vegan, Spa ayurvedique","publisher":{"@id":"https:\/\/www.ayurvedique.com\/vedicare-spa\/#organization"},"alternateName":"Spa ayurv\u00e9dique et produits naturels","potentialAction":[{"@type":"SearchAction","target":{"@type":"EntryPoint","urlTemplate":"https:\/\/www.ayurvedique.com\/vedicare-spa\/?s={search_term_string}"},"query-input":{"@type":"PropertyValueSpecification","valueRequired":true,"valueName":"search_term_string"}}],"inLanguage":"fr-FR"},{"@type":"Organization","@id":"https:\/\/www.ayurvedique.com\/vedicare-spa\/#organization","name":"Vedicare","url":"https:\/\/www.ayurvedique.com\/vedicare-spa\/","logo":{"@type":"ImageObject","inLanguage":"fr-FR","@id":"https:\/\/www.ayurvedique.com\/vedicare-spa\/#\/schema\/logo\/image\/","url":"https:\/\/www.ayurvedique.com\/vedicare-spa\/wp-content\/uploads\/logo_vedicare-1.png","contentUrl":"https:\/\/www.ayurvedique.com\/vedicare-spa\/wp-content\/uploads\/logo_vedicare-1.png","width":142,"height":206,"caption":"Vedicare"},"image":{"@id":"https:\/\/www.ayurvedique.com\/vedicare-spa\/#\/schema\/logo\/image\/"},"sameAs":["https:\/\/www.facebook.com\/Eco-gites-et-spa-Vedicare-146891845345782\/"]}]}},"uagb_featured_image_src":{"full":["https:\/\/www.ayurvedique.com\/vedicare-spa\/wp-content\/uploads\/oil146-scaled.jpg",502,800,false],"thumbnail":["https:\/\/www.ayurvedique.com\/vedicare-spa\/wp-content\/uploads\/oil146-scaled-150x150.jpg",150,150,true],"medium":["https:\/\/www.ayurvedique.com\/vedicare-spa\/wp-content\/uploads\/oil146-scaled-377x600.jpg",377,600,true],"medium_large":["https:\/\/www.ayurvedique.com\/vedicare-spa\/wp-content\/uploads\/oil146-scaled.jpg",502,800,false],"large":["https:\/\/www.ayurvedique.com\/vedicare-spa\/wp-content\/uploads\/oil146-scaled.jpg",502,800,false],"1536x1536":["https:\/\/www.ayurvedique.com\/vedicare-spa\/wp-content\/uploads\/oil146-scaled.jpg",502,800,false],"2048x2048":["https:\/\/www.ayurvedique.com\/vedicare-spa\/wp-content\/uploads\/oil146-scaled.jpg",502,800,false],"rpwe-thumbnail":["https:\/\/www.ayurvedique.com\/vedicare-spa\/wp-content\/uploads\/oil146-scaled-45x45.jpg",45,45,true],"woocommerce_thumbnail":["https:\/\/www.ayurvedique.com\/vedicare-spa\/wp-content\/uploads\/oil146-scaled-300x300.jpg",300,300,true],"woocommerce_single":["https:\/\/www.ayurvedique.com\/vedicare-spa\/wp-content\/uploads\/oil146-scaled.jpg",502,800,false],"woocommerce_gallery_thumbnail":["https:\/\/www.ayurvedique.com\/vedicare-spa\/wp-content\/uploads\/oil146-scaled-100x100.jpg",100,100,true]},"uagb_author_info":{"display_name":"cyber","author_link":"https:\/\/www.ayurvedique.com\/vedicare-spa\/author\/"},"uagb_comment_info":0,"uagb_excerpt":"Huile de Noyau d'Abricot Parfum exquis d'amande obtenu par extraction 100% naturelle convient aux v\u00e9g\u00e9taliens","_links":{"self":[{"href":"https:\/\/www.ayurvedique.com\/vedicare-spa\/wp-json\/wp\/v2\/product\/2073","targetHints":{"allow":["GET"]}}],"collection":[{"href":"https:\/\/www.ayurvedique.com\/vedicare-spa\/wp-json\/wp\/v2\/product"}],"about":[{"href":"https:\/\/www.ayurvedique.com\/vedicare-spa\/wp-json\/wp\/v2\/types\/product"}],"replies":[{"embeddable":true,"href":"https:\/\/www.ayurvedique.com\/vedicare-spa\/wp-json\/wp\/v2\/comments?post=2073"}],"wp:featuredmedia":[{"embeddable":true,"href":"https:\/\/www.ayurvedique.com\/vedicare-spa\/wp-json\/wp\/v2\/media\/7207"}],"wp:attachment":[{"href":"https:\/\/www.ayurvedique.com\/vedicare-spa\/wp-json\/wp\/v2\/media?parent=2073"}],"wp:term":[{"taxonomy":"product_brand","embeddable":true,"href":"https:\/\/www.ayurvedique.com\/vedicare-spa\/wp-json\/wp\/v2\/product_brand?post=2073"},{"taxonomy":"product_cat","embeddable":true,"href":"https:\/\/www.ayurvedique.com\/vedicare-spa\/wp-json\/wp\/v2\/product_cat?post=2073"},{"taxonomy":"product_tag","embeddable":true,"href":"https:\/\/www.ayurvedique.com\/vedicare-spa\/wp-json\/wp\/v2\/product_tag?post=2073"}],"curies":[{"name":"wp","href":"https:\/\/api.w.org\/{rel}","templated":true}]}}