{"id":2020,"date":"2011-08-07T01:13:50","date_gmt":"2011-08-06T23:13:50","guid":{"rendered":"https:\/\/www.ayurvedique.com\/vedicare-spa\/produit\/accueil\/cosmetiques-huiles\/huiles-ayurvediques-100-pures\/huile-mahanarayan\/"},"modified":"2026-03-24T09:41:33","modified_gmt":"2026-03-24T08:41:33","slug":"huile-mahanarayan","status":"publish","type":"product","link":"https:\/\/www.ayurvedique.com\/vedicare-spa\/soins-visages-corps\/huile-mahanarayan\/","title":{"rendered":"Huile Mahanarayan"},"content":{"rendered":"<p><strong>Maha<\/strong> signifie Grand, <strong>Narayan<\/strong> est le nom du dieu Vishnou, car cette huile est une des plus importante de l&rsquo;Ayurveda, <strong>nous garantissons son authenticit\u00e9<\/strong>. Licence AYU 888<\/p>\n<p><strong>Pr\u00e9sentation<\/strong> :<br \/>\nContenance : 200 ml<br \/>\nDLUO: 6 mois<\/p>\n<p><strong>Conseil d\u2019utilisation<\/strong> : \u00a0Appliquer un peu d&rsquo;huile chaude , masser doucement jusqu&rsquo;\u00e0 faire p\u00e9n\u00e9trer l&rsquo;huile compl\u00e8tement. Masser matin et soir pendant au moins 5 minutes .Faites suivre par un bain tr\u00e8s chaud.<br \/>\n<strong>Propri\u00e9t\u00e9s<\/strong> : Cette huile soulage les tensions . L&rsquo;huile Mahanarayan est un classique de l&rsquo;Ayurveda. Elle est fabriqu\u00e9e en 3 \u00a0\u00e9tapes, tout d&rsquo;abord, l&rsquo;huile de s\u00e9same est purifi\u00e9e avec une d\u00e9coction de 9 plantes, le Murchan Draya, puis 29 nouveaux ingr\u00e9dients sont incorpor\u00e9s \u00e0 l&rsquo;huile sous forme de p\u00e2te, c&rsquo;est le Kalka Draya. Enfin, une nouvelle d\u00e9coction va cuire avec l&rsquo;huile jusqu&rsquo;\u00e0 \u00e9vaporation compl\u00e8te de l&rsquo;eau et du lait et des 14 ingr\u00e9dients qu&rsquo;elle contient, c&rsquo;est le Kwath Draya. Cela fait plusieurs milliers d&rsquo;ann\u00e9es que la formule est inchang\u00e9e.<\/p>\n<p><strong>Ingr\u00e9dients<\/strong> :<\/p>\n<p>Sesamum indicum 39,50 %<br \/>\nShatavari Asparagus racemosa 8 %<br \/>\nDudh Lac 16 %<br \/>\nAshwagandha Withania somnifera 2 %<br \/>\nBala Sidacordifolia 2 %<br \/>\nBilva Aegle marmeloscorr 2 %<br \/>\nPatla Stereospermum suaveulen 2 %<br \/>\nBruhati Solanum indicum 2 %<br \/>\nKantakari Solanum zylocarpum 2 %<br \/>\nGokshur Tribulus terrestris 2 %<br \/>\nAtibala Abutilon indicum 2 %<br \/>\nNimbasal Azadirachta indica 2 %<br \/>\nShyonak Oroculum indicum 2 %<br \/>\nPunarnava Boerhavia diffusa 2 %<br \/>\nAgnimantha Premnaintegri indgrifolia 2 %<br \/>\nNirgundi Vitex nigundo 2 %<br \/>\nShalparni Desmodium\u00a0 0,50%<br \/>\nPrushniparni Uraria picta 0,50%<br \/>\nMashparni Teramnus labialo spreng 0,50%<br \/>\nMudgaparni Phaseolus trilobus 0,50%<br \/>\nAgru Aquilara agallocha 0,50%<br \/>\nNagkeshar Mesuaferrea 0,50%<br \/>\nSaindhava Sodium chloride 0,50%<br \/>\nJatamansi Nardostachys jatamansi 0,50 %<br \/>\nHaridra Curcuma longa 0,50%<br \/>\nPushhanmool Inula vacemosa hooh 0,50 %<br \/>\nManjista Rubia cordifolia 0,50%<br \/>\nTagar Valeriana walhichi 0,50 %<br \/>\nNagarmotha Cyperus rotundus 0,50%<br \/>\nTejpan Cinnamomum tamala nees 0,50%<br \/>\nDalchini Cinnamomum zeylanicum blum 0,50%<br \/>\nVacha Acorus calamus 0,50%<br \/>\nRasna Pluchea lancolata 0,50%<br \/>\nPalash mool Butea monosperma 0,50%<br \/>\nBadisop Foeniculum vulgarae 0,50 %<br \/>\nDevdar Cedrus deodara 0,50%<\/p>\n","protected":false},"excerpt":{"rendered":"<p><strong>Maha<\/strong> signifie Grand, <strong>Narayan<\/strong> est le nom du dieu Vishnou, car cette huile est une des plus importante de l&rsquo;Ayurveda, <strong>nous garantissons son authenticit\u00e9<\/strong>. Huile de massage\u00a0fabriqu\u00e9e en Inde sous\u00a0 Licence ayurv\u00e9dique en exclusivit\u00e9 pour Vedicare<\/p>\n","protected":false},"featured_media":3463,"comment_status":"open","ping_status":"closed","template":"","meta":{"_uag_custom_page_level_css":"","site-sidebar-layout":"default","site-content-layout":"default","ast-site-content-layout":"default","site-content-style":"default","site-sidebar-style":"default","ast-global-header-display":"","ast-banner-title-visibility":"","ast-main-header-display":"","ast-hfb-above-header-display":"","ast-hfb-below-header-display":"","ast-hfb-mobile-header-display":"","site-post-title":"","ast-breadcrumbs-content":"","ast-featured-img":"","footer-sml-layout":"","ast-disable-related-posts":"","theme-transparent-header-meta":"default","adv-header-id-meta":"","stick-header-meta":"","header-above-stick-meta":"","header-main-stick-meta":"","header-below-stick-meta":"","astra-migrate-meta-layouts":"set","ast-page-background-enabled":"default","ast-page-background-meta":{"desktop":{"background-color":"","background-image":"","background-repeat":"repeat","background-position":"center center","background-size":"auto","background-attachment":"scroll","background-type":"","background-media":"","overlay-type":"","overlay-color":"","overlay-opacity":"","overlay-gradient":""},"tablet":{"background-color":"","background-image":"","background-repeat":"repeat","background-position":"center center","background-size":"auto","background-attachment":"scroll","background-type":"","background-media":"","overlay-type":"","overlay-color":"","overlay-opacity":"","overlay-gradient":""},"mobile":{"background-color":"","background-image":"","background-repeat":"repeat","background-position":"center center","background-size":"auto","background-attachment":"scroll","background-type":"","background-media":"","overlay-type":"","overlay-color":"","overlay-opacity":"","overlay-gradient":""}},"ast-content-background-meta":{"desktop":{"background-color":"var(--ast-global-color-5)","background-image":"","background-repeat":"repeat","background-position":"center center","background-size":"auto","background-attachment":"scroll","background-type":"","background-media":"","overlay-type":"","overlay-color":"","overlay-opacity":"","overlay-gradient":""},"tablet":{"background-color":"var(--ast-global-color-5)","background-image":"","background-repeat":"repeat","background-position":"center center","background-size":"auto","background-attachment":"scroll","background-type":"","background-media":"","overlay-type":"","overlay-color":"","overlay-opacity":"","overlay-gradient":""},"mobile":{"background-color":"var(--ast-global-color-5)","background-image":"","background-repeat":"repeat","background-position":"center center","background-size":"auto","background-attachment":"scroll","background-type":"","background-media":"","overlay-type":"","overlay-color":"","overlay-opacity":"","overlay-gradient":""}}},"product_brand":[],"product_cat":[333],"product_tag":[381,268,267,382],"class_list":{"0":"post-2020","1":"product","2":"type-product","3":"status-publish","4":"has-post-thumbnail","6":"product_cat-soins-visages-corps","7":"product_tag-anti-douleur","8":"product_tag-huile-flexibilite","9":"product_tag-huile-vata","10":"product_tag-ossature","11":"desktop-align-left","12":"tablet-align-left","13":"mobile-align-left","15":"first","16":"instock","17":"taxable","18":"shipping-taxable","19":"purchasable","20":"product-type-simple"},"yoast_head":"<!-- This site is optimized with the Yoast SEO plugin v27.4 - https:\/\/yoast.com\/product\/yoast-seo-wordpress\/ -->\n<title>Huile Mahanarayan - Vedicare | Soins, Cures, Boutique ayurv\u00e9dique<\/title>\n<meta name=\"description\" content=\"Maha signifie Grand, Narayan est le nom du dieu Vishnou, car cette huile est une des plus importante de l&#039;Ayurveda, nous garantissons son authenticit\u00e9. Huile de massage\u00a0fabriqu\u00e9e en Inde sous\u00a0 Licence ayurv\u00e9dique en exclusivit\u00e9 pour Vedicare\" \/>\n<meta name=\"robots\" content=\"index, follow, max-snippet:-1, max-image-preview:large, max-video-preview:-1\" \/>\n<link rel=\"canonical\" href=\"https:\/\/www.ayurvedique.com\/vedicare-spa\/soins-visages-corps\/huile-mahanarayan\/\" \/>\n<meta property=\"og:locale\" content=\"fr_FR\" \/>\n<meta property=\"og:type\" content=\"article\" \/>\n<meta property=\"og:title\" content=\"Huile Mahanarayan - Vedicare | Soins, Cures, Boutique ayurv\u00e9dique\" \/>\n<meta property=\"og:description\" content=\"Maha signifie Grand, Narayan est le nom du dieu Vishnou, car cette huile est une des plus importante de l&#039;Ayurveda, nous garantissons son authenticit\u00e9. Huile de massage\u00a0fabriqu\u00e9e en Inde sous\u00a0 Licence ayurv\u00e9dique en exclusivit\u00e9 pour Vedicare\" \/>\n<meta property=\"og:url\" content=\"https:\/\/www.ayurvedique.com\/vedicare-spa\/soins-visages-corps\/huile-mahanarayan\/\" \/>\n<meta property=\"og:site_name\" content=\"Vedicare | Soins, Cures, Boutique ayurv\u00e9dique\" \/>\n<meta property=\"article:publisher\" content=\"https:\/\/www.facebook.com\/Eco-gites-et-spa-Vedicare-146891845345782\/\" \/>\n<meta property=\"article:modified_time\" content=\"2026-03-24T08:41:33+00:00\" \/>\n<meta property=\"og:image\" content=\"https:\/\/www.ayurvedique.com\/vedicare-spa\/wp-content\/uploads\/HUILE-Mahanarayan.jpg\" \/>\n\t<meta property=\"og:image:width\" content=\"800\" \/>\n\t<meta property=\"og:image:height\" content=\"800\" \/>\n\t<meta property=\"og:image:type\" content=\"image\/jpeg\" \/>\n<meta name=\"twitter:card\" content=\"summary_large_image\" \/>\n<meta name=\"twitter:label1\" content=\"Dur\u00e9e de lecture estim\u00e9e\" \/>\n\t<meta name=\"twitter:data1\" content=\"2 minutes\" \/>\n<script type=\"application\/ld+json\" class=\"yoast-schema-graph\">{\"@context\":\"https:\\\/\\\/schema.org\",\"@graph\":[{\"@type\":\"WebPage\",\"@id\":\"https:\\\/\\\/www.ayurvedique.com\\\/vedicare-spa\\\/soins-visages-corps\\\/huile-mahanarayan\\\/\",\"url\":\"https:\\\/\\\/www.ayurvedique.com\\\/vedicare-spa\\\/soins-visages-corps\\\/huile-mahanarayan\\\/\",\"name\":\"Huile Mahanarayan - Vedicare | Soins, Cures, Boutique ayurv\u00e9dique\",\"isPartOf\":{\"@id\":\"https:\\\/\\\/www.ayurvedique.com\\\/vedicare-spa\\\/#website\"},\"primaryImageOfPage\":{\"@id\":\"https:\\\/\\\/www.ayurvedique.com\\\/vedicare-spa\\\/soins-visages-corps\\\/huile-mahanarayan\\\/#primaryimage\"},\"image\":{\"@id\":\"https:\\\/\\\/www.ayurvedique.com\\\/vedicare-spa\\\/soins-visages-corps\\\/huile-mahanarayan\\\/#primaryimage\"},\"thumbnailUrl\":\"https:\\\/\\\/www.ayurvedique.com\\\/vedicare-spa\\\/wp-content\\\/uploads\\\/HUILE-Mahanarayan.jpg\",\"datePublished\":\"2011-08-06T23:13:50+00:00\",\"dateModified\":\"2026-03-24T08:41:33+00:00\",\"description\":\"Maha signifie Grand, Narayan est le nom du dieu Vishnou, car cette huile est une des plus importante de l'Ayurveda, nous garantissons son authenticit\u00e9. Huile de massage\u00a0fabriqu\u00e9e en Inde sous\u00a0 Licence ayurv\u00e9dique en exclusivit\u00e9 pour Vedicare\",\"breadcrumb\":{\"@id\":\"https:\\\/\\\/www.ayurvedique.com\\\/vedicare-spa\\\/soins-visages-corps\\\/huile-mahanarayan\\\/#breadcrumb\"},\"inLanguage\":\"fr-FR\",\"potentialAction\":[{\"@type\":\"ReadAction\",\"target\":[\"https:\\\/\\\/www.ayurvedique.com\\\/vedicare-spa\\\/soins-visages-corps\\\/huile-mahanarayan\\\/\"]}]},{\"@type\":\"ImageObject\",\"inLanguage\":\"fr-FR\",\"@id\":\"https:\\\/\\\/www.ayurvedique.com\\\/vedicare-spa\\\/soins-visages-corps\\\/huile-mahanarayan\\\/#primaryimage\",\"url\":\"https:\\\/\\\/www.ayurvedique.com\\\/vedicare-spa\\\/wp-content\\\/uploads\\\/HUILE-Mahanarayan.jpg\",\"contentUrl\":\"https:\\\/\\\/www.ayurvedique.com\\\/vedicare-spa\\\/wp-content\\\/uploads\\\/HUILE-Mahanarayan.jpg\",\"width\":800,\"height\":800,\"caption\":\"HUILE Mahanarayan\"},{\"@type\":\"BreadcrumbList\",\"@id\":\"https:\\\/\\\/www.ayurvedique.com\\\/vedicare-spa\\\/soins-visages-corps\\\/huile-mahanarayan\\\/#breadcrumb\",\"itemListElement\":[{\"@type\":\"ListItem\",\"position\":1,\"name\":\"Accueil\",\"item\":\"https:\\\/\\\/www.ayurvedique.com\\\/vedicare-spa\\\/\"},{\"@type\":\"ListItem\",\"position\":2,\"name\":\"Boutique\",\"item\":\"https:\\\/\\\/www.ayurvedique.com\\\/vedicare-spa\\\/boutique\\\/\"},{\"@type\":\"ListItem\",\"position\":3,\"name\":\"Huile Mahanarayan\"}]},{\"@type\":\"WebSite\",\"@id\":\"https:\\\/\\\/www.ayurvedique.com\\\/vedicare-spa\\\/#website\",\"url\":\"https:\\\/\\\/www.ayurvedique.com\\\/vedicare-spa\\\/\",\"name\":\"Vedicare | Soins, Cures, Boutique ayurv\u00e9dique\",\"description\":\"Produits naturels bio et vegan, Spa ayurvedique\",\"publisher\":{\"@id\":\"https:\\\/\\\/www.ayurvedique.com\\\/vedicare-spa\\\/#organization\"},\"alternateName\":\"Spa ayurv\u00e9dique et produits naturels\",\"potentialAction\":[{\"@type\":\"SearchAction\",\"target\":{\"@type\":\"EntryPoint\",\"urlTemplate\":\"https:\\\/\\\/www.ayurvedique.com\\\/vedicare-spa\\\/?s={search_term_string}\"},\"query-input\":{\"@type\":\"PropertyValueSpecification\",\"valueRequired\":true,\"valueName\":\"search_term_string\"}}],\"inLanguage\":\"fr-FR\"},{\"@type\":\"Organization\",\"@id\":\"https:\\\/\\\/www.ayurvedique.com\\\/vedicare-spa\\\/#organization\",\"name\":\"Vedicare\",\"url\":\"https:\\\/\\\/www.ayurvedique.com\\\/vedicare-spa\\\/\",\"logo\":{\"@type\":\"ImageObject\",\"inLanguage\":\"fr-FR\",\"@id\":\"https:\\\/\\\/www.ayurvedique.com\\\/vedicare-spa\\\/#\\\/schema\\\/logo\\\/image\\\/\",\"url\":\"https:\\\/\\\/www.ayurvedique.com\\\/vedicare-spa\\\/wp-content\\\/uploads\\\/logo_vedicare-1.png\",\"contentUrl\":\"https:\\\/\\\/www.ayurvedique.com\\\/vedicare-spa\\\/wp-content\\\/uploads\\\/logo_vedicare-1.png\",\"width\":142,\"height\":206,\"caption\":\"Vedicare\"},\"image\":{\"@id\":\"https:\\\/\\\/www.ayurvedique.com\\\/vedicare-spa\\\/#\\\/schema\\\/logo\\\/image\\\/\"},\"sameAs\":[\"https:\\\/\\\/www.facebook.com\\\/Eco-gites-et-spa-Vedicare-146891845345782\\\/\"]}]}<\/script>\n<!-- \/ Yoast SEO plugin. -->","yoast_head_json":{"title":"Huile Mahanarayan - Vedicare | Soins, Cures, Boutique ayurv\u00e9dique","description":"Maha signifie Grand, Narayan est le nom du dieu Vishnou, car cette huile est une des plus importante de l'Ayurveda, nous garantissons son authenticit\u00e9. Huile de massage\u00a0fabriqu\u00e9e en Inde sous\u00a0 Licence ayurv\u00e9dique en exclusivit\u00e9 pour Vedicare","robots":{"index":"index","follow":"follow","max-snippet":"max-snippet:-1","max-image-preview":"max-image-preview:large","max-video-preview":"max-video-preview:-1"},"canonical":"https:\/\/www.ayurvedique.com\/vedicare-spa\/soins-visages-corps\/huile-mahanarayan\/","og_locale":"fr_FR","og_type":"article","og_title":"Huile Mahanarayan - Vedicare | Soins, Cures, Boutique ayurv\u00e9dique","og_description":"Maha signifie Grand, Narayan est le nom du dieu Vishnou, car cette huile est une des plus importante de l'Ayurveda, nous garantissons son authenticit\u00e9. Huile de massage\u00a0fabriqu\u00e9e en Inde sous\u00a0 Licence ayurv\u00e9dique en exclusivit\u00e9 pour Vedicare","og_url":"https:\/\/www.ayurvedique.com\/vedicare-spa\/soins-visages-corps\/huile-mahanarayan\/","og_site_name":"Vedicare | Soins, Cures, Boutique ayurv\u00e9dique","article_publisher":"https:\/\/www.facebook.com\/Eco-gites-et-spa-Vedicare-146891845345782\/","article_modified_time":"2026-03-24T08:41:33+00:00","og_image":[{"width":800,"height":800,"url":"https:\/\/www.ayurvedique.com\/vedicare-spa\/wp-content\/uploads\/HUILE-Mahanarayan.jpg","type":"image\/jpeg"}],"twitter_card":"summary_large_image","twitter_misc":{"Dur\u00e9e de lecture estim\u00e9e":"2 minutes"},"schema":{"@context":"https:\/\/schema.org","@graph":[{"@type":"WebPage","@id":"https:\/\/www.ayurvedique.com\/vedicare-spa\/soins-visages-corps\/huile-mahanarayan\/","url":"https:\/\/www.ayurvedique.com\/vedicare-spa\/soins-visages-corps\/huile-mahanarayan\/","name":"Huile Mahanarayan - Vedicare | Soins, Cures, Boutique ayurv\u00e9dique","isPartOf":{"@id":"https:\/\/www.ayurvedique.com\/vedicare-spa\/#website"},"primaryImageOfPage":{"@id":"https:\/\/www.ayurvedique.com\/vedicare-spa\/soins-visages-corps\/huile-mahanarayan\/#primaryimage"},"image":{"@id":"https:\/\/www.ayurvedique.com\/vedicare-spa\/soins-visages-corps\/huile-mahanarayan\/#primaryimage"},"thumbnailUrl":"https:\/\/www.ayurvedique.com\/vedicare-spa\/wp-content\/uploads\/HUILE-Mahanarayan.jpg","datePublished":"2011-08-06T23:13:50+00:00","dateModified":"2026-03-24T08:41:33+00:00","description":"Maha signifie Grand, Narayan est le nom du dieu Vishnou, car cette huile est une des plus importante de l'Ayurveda, nous garantissons son authenticit\u00e9. Huile de massage\u00a0fabriqu\u00e9e en Inde sous\u00a0 Licence ayurv\u00e9dique en exclusivit\u00e9 pour Vedicare","breadcrumb":{"@id":"https:\/\/www.ayurvedique.com\/vedicare-spa\/soins-visages-corps\/huile-mahanarayan\/#breadcrumb"},"inLanguage":"fr-FR","potentialAction":[{"@type":"ReadAction","target":["https:\/\/www.ayurvedique.com\/vedicare-spa\/soins-visages-corps\/huile-mahanarayan\/"]}]},{"@type":"ImageObject","inLanguage":"fr-FR","@id":"https:\/\/www.ayurvedique.com\/vedicare-spa\/soins-visages-corps\/huile-mahanarayan\/#primaryimage","url":"https:\/\/www.ayurvedique.com\/vedicare-spa\/wp-content\/uploads\/HUILE-Mahanarayan.jpg","contentUrl":"https:\/\/www.ayurvedique.com\/vedicare-spa\/wp-content\/uploads\/HUILE-Mahanarayan.jpg","width":800,"height":800,"caption":"HUILE Mahanarayan"},{"@type":"BreadcrumbList","@id":"https:\/\/www.ayurvedique.com\/vedicare-spa\/soins-visages-corps\/huile-mahanarayan\/#breadcrumb","itemListElement":[{"@type":"ListItem","position":1,"name":"Accueil","item":"https:\/\/www.ayurvedique.com\/vedicare-spa\/"},{"@type":"ListItem","position":2,"name":"Boutique","item":"https:\/\/www.ayurvedique.com\/vedicare-spa\/boutique\/"},{"@type":"ListItem","position":3,"name":"Huile Mahanarayan"}]},{"@type":"WebSite","@id":"https:\/\/www.ayurvedique.com\/vedicare-spa\/#website","url":"https:\/\/www.ayurvedique.com\/vedicare-spa\/","name":"Vedicare | Soins, Cures, Boutique ayurv\u00e9dique","description":"Produits naturels bio et vegan, Spa ayurvedique","publisher":{"@id":"https:\/\/www.ayurvedique.com\/vedicare-spa\/#organization"},"alternateName":"Spa ayurv\u00e9dique et produits naturels","potentialAction":[{"@type":"SearchAction","target":{"@type":"EntryPoint","urlTemplate":"https:\/\/www.ayurvedique.com\/vedicare-spa\/?s={search_term_string}"},"query-input":{"@type":"PropertyValueSpecification","valueRequired":true,"valueName":"search_term_string"}}],"inLanguage":"fr-FR"},{"@type":"Organization","@id":"https:\/\/www.ayurvedique.com\/vedicare-spa\/#organization","name":"Vedicare","url":"https:\/\/www.ayurvedique.com\/vedicare-spa\/","logo":{"@type":"ImageObject","inLanguage":"fr-FR","@id":"https:\/\/www.ayurvedique.com\/vedicare-spa\/#\/schema\/logo\/image\/","url":"https:\/\/www.ayurvedique.com\/vedicare-spa\/wp-content\/uploads\/logo_vedicare-1.png","contentUrl":"https:\/\/www.ayurvedique.com\/vedicare-spa\/wp-content\/uploads\/logo_vedicare-1.png","width":142,"height":206,"caption":"Vedicare"},"image":{"@id":"https:\/\/www.ayurvedique.com\/vedicare-spa\/#\/schema\/logo\/image\/"},"sameAs":["https:\/\/www.facebook.com\/Eco-gites-et-spa-Vedicare-146891845345782\/"]}]}},"uagb_featured_image_src":{"full":["https:\/\/www.ayurvedique.com\/vedicare-spa\/wp-content\/uploads\/HUILE-Mahanarayan.jpg",800,800,false],"thumbnail":["https:\/\/www.ayurvedique.com\/vedicare-spa\/wp-content\/uploads\/HUILE-Mahanarayan-150x150.jpg",150,150,true],"medium":["https:\/\/www.ayurvedique.com\/vedicare-spa\/wp-content\/uploads\/HUILE-Mahanarayan-600x600.jpg",600,600,true],"medium_large":["https:\/\/www.ayurvedique.com\/vedicare-spa\/wp-content\/uploads\/HUILE-Mahanarayan-768x768.jpg",768,768,true],"large":["https:\/\/www.ayurvedique.com\/vedicare-spa\/wp-content\/uploads\/HUILE-Mahanarayan.jpg",800,800,false],"1536x1536":["https:\/\/www.ayurvedique.com\/vedicare-spa\/wp-content\/uploads\/HUILE-Mahanarayan.jpg",800,800,false],"2048x2048":["https:\/\/www.ayurvedique.com\/vedicare-spa\/wp-content\/uploads\/HUILE-Mahanarayan.jpg",800,800,false],"rpwe-thumbnail":["https:\/\/www.ayurvedique.com\/vedicare-spa\/wp-content\/uploads\/HUILE-Mahanarayan-45x45.jpg",45,45,true],"woocommerce_thumbnail":["https:\/\/www.ayurvedique.com\/vedicare-spa\/wp-content\/uploads\/HUILE-Mahanarayan-300x300.jpg",300,300,true],"woocommerce_single":["https:\/\/www.ayurvedique.com\/vedicare-spa\/wp-content\/uploads\/HUILE-Mahanarayan-600x600.jpg",600,600,true],"woocommerce_gallery_thumbnail":["https:\/\/www.ayurvedique.com\/vedicare-spa\/wp-content\/uploads\/HUILE-Mahanarayan-100x100.jpg",100,100,true]},"uagb_author_info":{"display_name":"cyber","author_link":"https:\/\/www.ayurvedique.com\/vedicare-spa\/author\/"},"uagb_comment_info":0,"uagb_excerpt":"Maha signifie Grand, Narayan est le nom du dieu Vishnou, car cette huile est une des plus importante de l'Ayurveda, nous garantissons son authenticit\u00e9. Huile de massage\u00a0fabriqu\u00e9e en Inde sous\u00a0 Licence ayurv\u00e9dique en exclusivit\u00e9 pour Vedicare","_links":{"self":[{"href":"https:\/\/www.ayurvedique.com\/vedicare-spa\/wp-json\/wp\/v2\/product\/2020","targetHints":{"allow":["GET"]}}],"collection":[{"href":"https:\/\/www.ayurvedique.com\/vedicare-spa\/wp-json\/wp\/v2\/product"}],"about":[{"href":"https:\/\/www.ayurvedique.com\/vedicare-spa\/wp-json\/wp\/v2\/types\/product"}],"replies":[{"embeddable":true,"href":"https:\/\/www.ayurvedique.com\/vedicare-spa\/wp-json\/wp\/v2\/comments?post=2020"}],"wp:featuredmedia":[{"embeddable":true,"href":"https:\/\/www.ayurvedique.com\/vedicare-spa\/wp-json\/wp\/v2\/media\/3463"}],"wp:attachment":[{"href":"https:\/\/www.ayurvedique.com\/vedicare-spa\/wp-json\/wp\/v2\/media?parent=2020"}],"wp:term":[{"taxonomy":"product_brand","embeddable":true,"href":"https:\/\/www.ayurvedique.com\/vedicare-spa\/wp-json\/wp\/v2\/product_brand?post=2020"},{"taxonomy":"product_cat","embeddable":true,"href":"https:\/\/www.ayurvedique.com\/vedicare-spa\/wp-json\/wp\/v2\/product_cat?post=2020"},{"taxonomy":"product_tag","embeddable":true,"href":"https:\/\/www.ayurvedique.com\/vedicare-spa\/wp-json\/wp\/v2\/product_tag?post=2020"}],"curies":[{"name":"wp","href":"https:\/\/api.w.org\/{rel}","templated":true}]}}