{"id":2018,"date":"2011-08-07T01:12:28","date_gmt":"2011-08-06T23:12:28","guid":{"rendered":"https:\/\/www.ayurvedique.com\/vedicare-spa\/produit\/accueil\/cosmetiques-huiles\/huiles-ayurvediques-100-pures\/huile-de-massage-ayurvedique-parfumee\/"},"modified":"2026-02-07T15:02:03","modified_gmt":"2026-02-07T14:02:03","slug":"huile-de-massage-ayurvedique-parfumee","status":"publish","type":"product","link":"https:\/\/www.ayurvedique.com\/vedicare-spa\/soins-visages-corps\/huile-de-massage-ayurvedique-parfumee\/","title":{"rendered":"Huile de massage ayurv\u00e9dique parfum\u00e9e"},"content":{"rendered":"<p class=\"rtejustify\">Cette huile de massage \u00a0est fabriqu\u00e9e selon les principes ayurv\u00e9diques .\u00a0 \u00a0 \u00a0Les 9 plantes qui composent cette huile, raffermissent la peau et \u00e9liminent les toxines. Elles sont cuites dans de l\u2019eau, filtr\u00e9es et \u00a0recuites \u00e0 basse temp\u00e9rature dans l\u2019huile jusqu&rsquo;\u00e0 \u00e9vaporation compl\u00e8te de l\u2019eau. IL n\u2019y a ni conservateur, ni \u00e9mulsifiant, cette version parfum\u00e9e contient un attar, parfum naturel v\u00e9g\u00e9tal. L\u2019huile de base qui la compose est une huile de S\u00e9same tr\u00e8s pure, hydratante et nourrissante . Les Vedyas (docteurs) de l\u2019Inde ne conseillent-ils pas d\u2019appliquer de l\u2019huile de S\u00e9same pure matin et soir, pour les peaux du corps et du visage tr\u00e8s s\u00e8ches ?<\/p>\n<p><strong>Pr\u00e9sentation<\/strong> :<br \/>\n&#8211; \u00e9tui en coton recycl\u00e9<br \/>\n&#8211; \u00e9tiquette \u00a0fran\u00e7ais\/anglais<br \/>\n&#8211; bouteille en verre<br \/>\n&#8211; bouchon diffuseur type ketchup<br \/>\nVolume : 200 ML<br \/>\nDLUO : 9 M<\/p>\n<p class=\"rtejustify\"><strong>Conseil d\u2019utilisation<\/strong> : Chauffer la bouteille au bain-marie et verser un peu d\u2019huile dans le creux des mains, frotter les paumes pour chauffer vos mains, puis masser le corps avec des mouvements circulaires de plus en plus appuy\u00e9s dans le sens des poils si possible. .<br \/>\n<strong>Propri\u00e9t\u00e9s<\/strong> : Les 9 plantes qui composent cette huile raffermissent la peau et \u00e9liminent les toxines. Vous devez masser en mouvements circulaires dans le sens de la pousse des poils, assez longtemps pour faire bien p\u00e9n\u00e9trer l\u2019huile. Apr\u00e8s un massage, mieux vaut se couvrir et se d\u00e9tendre avant de prendre un bain chaud qui favorisera encore plus la p\u00e9n\u00e9tration gr\u00e2ce \u00e0 la vapeur. La tradition recommande un massage 1 fois par semaine pour les hommes, 1 fois par mois au moins pour les femmes apr\u00e8s leurs r\u00e8gles.<\/p>\n<p><strong>Ingr\u00e9dients<\/strong> :<br \/>\n&#8211; SESAMUM INDICUM \u00a0 \u00a0&#8211; CURCUMA LONGA\u00a0&#8211; CYPERUS ROTUNDUS\u00a0&#8211; MIMOSA PUDICA\u00a0&#8211; HEMIDESMUS INDICUS- ANDROPOGON MURICATUS\u00a0&#8211; ZINZIBER OFFICINALE\u00a0&#8211; PIPER NIGRUM- PIPER LONGUM\u00a0&#8211; LUBUNGA SCABEN attar<\/p>\n","protected":false},"excerpt":{"rendered":"<h2 class=\"rtejustify\"><strong>Huile de massage ayurvedique Tridoshique parfum\u00e9e<br \/>\n<\/strong><\/h2>\n<p class=\"rtejustify\">fabriqu\u00e9e en Inde sous\u00a0 Licence ayurv\u00e9dique en exclusivit\u00e9 pour Vedicare<\/p>\n<p class=\"rtejustify\">100% naturelle <strong>convient aux v\u00e9g\u00e9taliens<\/strong><\/p>\n","protected":false},"featured_media":3469,"comment_status":"open","ping_status":"closed","template":"","meta":{"_uag_custom_page_level_css":"","site-sidebar-layout":"default","site-content-layout":"default","ast-site-content-layout":"default","site-content-style":"default","site-sidebar-style":"default","ast-global-header-display":"","ast-banner-title-visibility":"","ast-main-header-display":"","ast-hfb-above-header-display":"","ast-hfb-below-header-display":"","ast-hfb-mobile-header-display":"","site-post-title":"","ast-breadcrumbs-content":"","ast-featured-img":"","footer-sml-layout":"","ast-disable-related-posts":"","theme-transparent-header-meta":"default","adv-header-id-meta":"","stick-header-meta":"","header-above-stick-meta":"","header-main-stick-meta":"","header-below-stick-meta":"","astra-migrate-meta-layouts":"set","ast-page-background-enabled":"default","ast-page-background-meta":{"desktop":{"background-color":"","background-image":"","background-repeat":"repeat","background-position":"center center","background-size":"auto","background-attachment":"scroll","background-type":"","background-media":"","overlay-type":"","overlay-color":"","overlay-opacity":"","overlay-gradient":""},"tablet":{"background-color":"","background-image":"","background-repeat":"repeat","background-position":"center center","background-size":"auto","background-attachment":"scroll","background-type":"","background-media":"","overlay-type":"","overlay-color":"","overlay-opacity":"","overlay-gradient":""},"mobile":{"background-color":"","background-image":"","background-repeat":"repeat","background-position":"center center","background-size":"auto","background-attachment":"scroll","background-type":"","background-media":"","overlay-type":"","overlay-color":"","overlay-opacity":"","overlay-gradient":""}},"ast-content-background-meta":{"desktop":{"background-color":"var(--ast-global-color-5)","background-image":"","background-repeat":"repeat","background-position":"center center","background-size":"auto","background-attachment":"scroll","background-type":"","background-media":"","overlay-type":"","overlay-color":"","overlay-opacity":"","overlay-gradient":""},"tablet":{"background-color":"var(--ast-global-color-5)","background-image":"","background-repeat":"repeat","background-position":"center center","background-size":"auto","background-attachment":"scroll","background-type":"","background-media":"","overlay-type":"","overlay-color":"","overlay-opacity":"","overlay-gradient":""},"mobile":{"background-color":"var(--ast-global-color-5)","background-image":"","background-repeat":"repeat","background-position":"center center","background-size":"auto","background-attachment":"scroll","background-type":"","background-media":"","overlay-type":"","overlay-color":"","overlay-opacity":"","overlay-gradient":""}}},"product_brand":[],"product_cat":[333],"product_tag":[266,265,383],"class_list":{"0":"post-2018","1":"product","2":"type-product","3":"status-publish","4":"has-post-thumbnail","6":"product_cat-soins-visages-corps","7":"product_tag-huile-de-sesame","8":"product_tag-massage-ayurvedique-huile-sesame","9":"product_tag-veritable-huile-ayurvedique","10":"desktop-align-left","11":"tablet-align-left","12":"mobile-align-left","14":"first","15":"instock","16":"taxable","17":"shipping-taxable","18":"purchasable","19":"product-type-simple"},"yoast_head":"<!-- This site is optimized with the Yoast SEO plugin v27.5 - https:\/\/yoast.com\/product\/yoast-seo-wordpress\/ -->\n<title>Huile de massage ayurv\u00e9dique parfum\u00e9e - Vedicare | Soins, Cures, Boutique ayurv\u00e9dique<\/title>\n<meta name=\"description\" content=\"Les 9 plantes qui composent cette huile ayurv\u00e9dique fabriqu\u00e9e en Inde sous\u00a0 Licence ayurv\u00e9dique en exclusivit\u00e9 pour Vedicare , raffermissent la peau et \u00e9liminent les toxines.\" \/>\n<meta name=\"robots\" content=\"index, follow, max-snippet:-1, max-image-preview:large, max-video-preview:-1\" \/>\n<link rel=\"canonical\" href=\"https:\/\/www.ayurvedique.com\/vedicare-spa\/soins-visages-corps\/huile-de-massage-ayurvedique-parfumee\/\" \/>\n<meta property=\"og:locale\" content=\"fr_FR\" \/>\n<meta property=\"og:type\" content=\"article\" \/>\n<meta property=\"og:title\" content=\"Huile de massage ayurv\u00e9dique parfum\u00e9e - Vedicare | Soins, Cures, Boutique ayurv\u00e9dique\" \/>\n<meta property=\"og:description\" content=\"Les 9 plantes qui composent cette huile ayurv\u00e9dique fabriqu\u00e9e en Inde sous\u00a0 Licence ayurv\u00e9dique en exclusivit\u00e9 pour Vedicare , raffermissent la peau et \u00e9liminent les toxines.\" \/>\n<meta property=\"og:url\" content=\"https:\/\/www.ayurvedique.com\/vedicare-spa\/soins-visages-corps\/huile-de-massage-ayurvedique-parfumee\/\" \/>\n<meta property=\"og:site_name\" content=\"Vedicare | Soins, Cures, Boutique ayurv\u00e9dique\" \/>\n<meta property=\"article:publisher\" content=\"https:\/\/www.facebook.com\/Eco-gites-et-spa-Vedicare-146891845345782\/\" \/>\n<meta property=\"article:modified_time\" content=\"2026-02-07T14:02:03+00:00\" \/>\n<meta property=\"og:image\" content=\"https:\/\/www.ayurvedique.com\/vedicare-spa\/wp-content\/uploads\/Huile-massage-parfumee.jpg\" \/>\n\t<meta property=\"og:image:width\" content=\"800\" \/>\n\t<meta property=\"og:image:height\" content=\"800\" \/>\n\t<meta property=\"og:image:type\" content=\"image\/jpeg\" \/>\n<meta name=\"twitter:card\" content=\"summary_large_image\" \/>\n<meta name=\"twitter:label1\" content=\"Dur\u00e9e de lecture estim\u00e9e\" \/>\n\t<meta name=\"twitter:data1\" content=\"2 minutes\" \/>\n<script type=\"application\/ld+json\" class=\"yoast-schema-graph\">{\"@context\":\"https:\\\/\\\/schema.org\",\"@graph\":[{\"@type\":\"WebPage\",\"@id\":\"https:\\\/\\\/www.ayurvedique.com\\\/vedicare-spa\\\/soins-visages-corps\\\/huile-de-massage-ayurvedique-parfumee\\\/\",\"url\":\"https:\\\/\\\/www.ayurvedique.com\\\/vedicare-spa\\\/soins-visages-corps\\\/huile-de-massage-ayurvedique-parfumee\\\/\",\"name\":\"Huile de massage ayurv\u00e9dique parfum\u00e9e - Vedicare | Soins, Cures, Boutique ayurv\u00e9dique\",\"isPartOf\":{\"@id\":\"https:\\\/\\\/www.ayurvedique.com\\\/vedicare-spa\\\/#website\"},\"primaryImageOfPage\":{\"@id\":\"https:\\\/\\\/www.ayurvedique.com\\\/vedicare-spa\\\/soins-visages-corps\\\/huile-de-massage-ayurvedique-parfumee\\\/#primaryimage\"},\"image\":{\"@id\":\"https:\\\/\\\/www.ayurvedique.com\\\/vedicare-spa\\\/soins-visages-corps\\\/huile-de-massage-ayurvedique-parfumee\\\/#primaryimage\"},\"thumbnailUrl\":\"https:\\\/\\\/www.ayurvedique.com\\\/vedicare-spa\\\/wp-content\\\/uploads\\\/Huile-massage-parfumee.jpg\",\"datePublished\":\"2011-08-06T23:12:28+00:00\",\"dateModified\":\"2026-02-07T14:02:03+00:00\",\"description\":\"Les 9 plantes qui composent cette huile ayurv\u00e9dique fabriqu\u00e9e en Inde sous\u00a0 Licence ayurv\u00e9dique en exclusivit\u00e9 pour Vedicare , raffermissent la peau et \u00e9liminent les toxines.\",\"breadcrumb\":{\"@id\":\"https:\\\/\\\/www.ayurvedique.com\\\/vedicare-spa\\\/soins-visages-corps\\\/huile-de-massage-ayurvedique-parfumee\\\/#breadcrumb\"},\"inLanguage\":\"fr-FR\",\"potentialAction\":[{\"@type\":\"ReadAction\",\"target\":[\"https:\\\/\\\/www.ayurvedique.com\\\/vedicare-spa\\\/soins-visages-corps\\\/huile-de-massage-ayurvedique-parfumee\\\/\"]}]},{\"@type\":\"ImageObject\",\"inLanguage\":\"fr-FR\",\"@id\":\"https:\\\/\\\/www.ayurvedique.com\\\/vedicare-spa\\\/soins-visages-corps\\\/huile-de-massage-ayurvedique-parfumee\\\/#primaryimage\",\"url\":\"https:\\\/\\\/www.ayurvedique.com\\\/vedicare-spa\\\/wp-content\\\/uploads\\\/Huile-massage-parfumee.jpg\",\"contentUrl\":\"https:\\\/\\\/www.ayurvedique.com\\\/vedicare-spa\\\/wp-content\\\/uploads\\\/Huile-massage-parfumee.jpg\",\"width\":800,\"height\":800,\"caption\":\"Huile massage parfum\u00e9e\"},{\"@type\":\"BreadcrumbList\",\"@id\":\"https:\\\/\\\/www.ayurvedique.com\\\/vedicare-spa\\\/soins-visages-corps\\\/huile-de-massage-ayurvedique-parfumee\\\/#breadcrumb\",\"itemListElement\":[{\"@type\":\"ListItem\",\"position\":1,\"name\":\"Accueil\",\"item\":\"https:\\\/\\\/www.ayurvedique.com\\\/vedicare-spa\\\/\"},{\"@type\":\"ListItem\",\"position\":2,\"name\":\"Boutique\",\"item\":\"https:\\\/\\\/www.ayurvedique.com\\\/vedicare-spa\\\/boutique\\\/\"},{\"@type\":\"ListItem\",\"position\":3,\"name\":\"Huile de massage ayurv\u00e9dique parfum\u00e9e\"}]},{\"@type\":\"WebSite\",\"@id\":\"https:\\\/\\\/www.ayurvedique.com\\\/vedicare-spa\\\/#website\",\"url\":\"https:\\\/\\\/www.ayurvedique.com\\\/vedicare-spa\\\/\",\"name\":\"Vedicare | Soins, Cures, Boutique ayurv\u00e9dique\",\"description\":\"Produits naturels bio et vegan, Spa ayurvedique\",\"publisher\":{\"@id\":\"https:\\\/\\\/www.ayurvedique.com\\\/vedicare-spa\\\/#organization\"},\"alternateName\":\"Spa ayurv\u00e9dique et produits naturels\",\"potentialAction\":[{\"@type\":\"SearchAction\",\"target\":{\"@type\":\"EntryPoint\",\"urlTemplate\":\"https:\\\/\\\/www.ayurvedique.com\\\/vedicare-spa\\\/?s={search_term_string}\"},\"query-input\":{\"@type\":\"PropertyValueSpecification\",\"valueRequired\":true,\"valueName\":\"search_term_string\"}}],\"inLanguage\":\"fr-FR\"},{\"@type\":\"Organization\",\"@id\":\"https:\\\/\\\/www.ayurvedique.com\\\/vedicare-spa\\\/#organization\",\"name\":\"Vedicare\",\"url\":\"https:\\\/\\\/www.ayurvedique.com\\\/vedicare-spa\\\/\",\"logo\":{\"@type\":\"ImageObject\",\"inLanguage\":\"fr-FR\",\"@id\":\"https:\\\/\\\/www.ayurvedique.com\\\/vedicare-spa\\\/#\\\/schema\\\/logo\\\/image\\\/\",\"url\":\"https:\\\/\\\/www.ayurvedique.com\\\/vedicare-spa\\\/wp-content\\\/uploads\\\/logo_vedicare-1.png\",\"contentUrl\":\"https:\\\/\\\/www.ayurvedique.com\\\/vedicare-spa\\\/wp-content\\\/uploads\\\/logo_vedicare-1.png\",\"width\":142,\"height\":206,\"caption\":\"Vedicare\"},\"image\":{\"@id\":\"https:\\\/\\\/www.ayurvedique.com\\\/vedicare-spa\\\/#\\\/schema\\\/logo\\\/image\\\/\"},\"sameAs\":[\"https:\\\/\\\/www.facebook.com\\\/Eco-gites-et-spa-Vedicare-146891845345782\\\/\"]}]}<\/script>\n<!-- \/ Yoast SEO plugin. -->","yoast_head_json":{"title":"Huile de massage ayurv\u00e9dique parfum\u00e9e - Vedicare | Soins, Cures, Boutique ayurv\u00e9dique","description":"Les 9 plantes qui composent cette huile ayurv\u00e9dique fabriqu\u00e9e en Inde sous\u00a0 Licence ayurv\u00e9dique en exclusivit\u00e9 pour Vedicare , raffermissent la peau et \u00e9liminent les toxines.","robots":{"index":"index","follow":"follow","max-snippet":"max-snippet:-1","max-image-preview":"max-image-preview:large","max-video-preview":"max-video-preview:-1"},"canonical":"https:\/\/www.ayurvedique.com\/vedicare-spa\/soins-visages-corps\/huile-de-massage-ayurvedique-parfumee\/","og_locale":"fr_FR","og_type":"article","og_title":"Huile de massage ayurv\u00e9dique parfum\u00e9e - Vedicare | Soins, Cures, Boutique ayurv\u00e9dique","og_description":"Les 9 plantes qui composent cette huile ayurv\u00e9dique fabriqu\u00e9e en Inde sous\u00a0 Licence ayurv\u00e9dique en exclusivit\u00e9 pour Vedicare , raffermissent la peau et \u00e9liminent les toxines.","og_url":"https:\/\/www.ayurvedique.com\/vedicare-spa\/soins-visages-corps\/huile-de-massage-ayurvedique-parfumee\/","og_site_name":"Vedicare | Soins, Cures, Boutique ayurv\u00e9dique","article_publisher":"https:\/\/www.facebook.com\/Eco-gites-et-spa-Vedicare-146891845345782\/","article_modified_time":"2026-02-07T14:02:03+00:00","og_image":[{"width":800,"height":800,"url":"https:\/\/www.ayurvedique.com\/vedicare-spa\/wp-content\/uploads\/Huile-massage-parfumee.jpg","type":"image\/jpeg"}],"twitter_card":"summary_large_image","twitter_misc":{"Dur\u00e9e de lecture estim\u00e9e":"2 minutes"},"schema":{"@context":"https:\/\/schema.org","@graph":[{"@type":"WebPage","@id":"https:\/\/www.ayurvedique.com\/vedicare-spa\/soins-visages-corps\/huile-de-massage-ayurvedique-parfumee\/","url":"https:\/\/www.ayurvedique.com\/vedicare-spa\/soins-visages-corps\/huile-de-massage-ayurvedique-parfumee\/","name":"Huile de massage ayurv\u00e9dique parfum\u00e9e - Vedicare | Soins, Cures, Boutique ayurv\u00e9dique","isPartOf":{"@id":"https:\/\/www.ayurvedique.com\/vedicare-spa\/#website"},"primaryImageOfPage":{"@id":"https:\/\/www.ayurvedique.com\/vedicare-spa\/soins-visages-corps\/huile-de-massage-ayurvedique-parfumee\/#primaryimage"},"image":{"@id":"https:\/\/www.ayurvedique.com\/vedicare-spa\/soins-visages-corps\/huile-de-massage-ayurvedique-parfumee\/#primaryimage"},"thumbnailUrl":"https:\/\/www.ayurvedique.com\/vedicare-spa\/wp-content\/uploads\/Huile-massage-parfumee.jpg","datePublished":"2011-08-06T23:12:28+00:00","dateModified":"2026-02-07T14:02:03+00:00","description":"Les 9 plantes qui composent cette huile ayurv\u00e9dique fabriqu\u00e9e en Inde sous\u00a0 Licence ayurv\u00e9dique en exclusivit\u00e9 pour Vedicare , raffermissent la peau et \u00e9liminent les toxines.","breadcrumb":{"@id":"https:\/\/www.ayurvedique.com\/vedicare-spa\/soins-visages-corps\/huile-de-massage-ayurvedique-parfumee\/#breadcrumb"},"inLanguage":"fr-FR","potentialAction":[{"@type":"ReadAction","target":["https:\/\/www.ayurvedique.com\/vedicare-spa\/soins-visages-corps\/huile-de-massage-ayurvedique-parfumee\/"]}]},{"@type":"ImageObject","inLanguage":"fr-FR","@id":"https:\/\/www.ayurvedique.com\/vedicare-spa\/soins-visages-corps\/huile-de-massage-ayurvedique-parfumee\/#primaryimage","url":"https:\/\/www.ayurvedique.com\/vedicare-spa\/wp-content\/uploads\/Huile-massage-parfumee.jpg","contentUrl":"https:\/\/www.ayurvedique.com\/vedicare-spa\/wp-content\/uploads\/Huile-massage-parfumee.jpg","width":800,"height":800,"caption":"Huile massage parfum\u00e9e"},{"@type":"BreadcrumbList","@id":"https:\/\/www.ayurvedique.com\/vedicare-spa\/soins-visages-corps\/huile-de-massage-ayurvedique-parfumee\/#breadcrumb","itemListElement":[{"@type":"ListItem","position":1,"name":"Accueil","item":"https:\/\/www.ayurvedique.com\/vedicare-spa\/"},{"@type":"ListItem","position":2,"name":"Boutique","item":"https:\/\/www.ayurvedique.com\/vedicare-spa\/boutique\/"},{"@type":"ListItem","position":3,"name":"Huile de massage ayurv\u00e9dique parfum\u00e9e"}]},{"@type":"WebSite","@id":"https:\/\/www.ayurvedique.com\/vedicare-spa\/#website","url":"https:\/\/www.ayurvedique.com\/vedicare-spa\/","name":"Vedicare | Soins, Cures, Boutique ayurv\u00e9dique","description":"Produits naturels bio et vegan, Spa ayurvedique","publisher":{"@id":"https:\/\/www.ayurvedique.com\/vedicare-spa\/#organization"},"alternateName":"Spa ayurv\u00e9dique et produits naturels","potentialAction":[{"@type":"SearchAction","target":{"@type":"EntryPoint","urlTemplate":"https:\/\/www.ayurvedique.com\/vedicare-spa\/?s={search_term_string}"},"query-input":{"@type":"PropertyValueSpecification","valueRequired":true,"valueName":"search_term_string"}}],"inLanguage":"fr-FR"},{"@type":"Organization","@id":"https:\/\/www.ayurvedique.com\/vedicare-spa\/#organization","name":"Vedicare","url":"https:\/\/www.ayurvedique.com\/vedicare-spa\/","logo":{"@type":"ImageObject","inLanguage":"fr-FR","@id":"https:\/\/www.ayurvedique.com\/vedicare-spa\/#\/schema\/logo\/image\/","url":"https:\/\/www.ayurvedique.com\/vedicare-spa\/wp-content\/uploads\/logo_vedicare-1.png","contentUrl":"https:\/\/www.ayurvedique.com\/vedicare-spa\/wp-content\/uploads\/logo_vedicare-1.png","width":142,"height":206,"caption":"Vedicare"},"image":{"@id":"https:\/\/www.ayurvedique.com\/vedicare-spa\/#\/schema\/logo\/image\/"},"sameAs":["https:\/\/www.facebook.com\/Eco-gites-et-spa-Vedicare-146891845345782\/"]}]}},"uagb_featured_image_src":{"full":["https:\/\/www.ayurvedique.com\/vedicare-spa\/wp-content\/uploads\/Huile-massage-parfumee.jpg",800,800,false],"thumbnail":["https:\/\/www.ayurvedique.com\/vedicare-spa\/wp-content\/uploads\/Huile-massage-parfumee-150x150.jpg",150,150,true],"medium":["https:\/\/www.ayurvedique.com\/vedicare-spa\/wp-content\/uploads\/Huile-massage-parfumee-600x600.jpg",600,600,true],"medium_large":["https:\/\/www.ayurvedique.com\/vedicare-spa\/wp-content\/uploads\/Huile-massage-parfumee-768x768.jpg",768,768,true],"large":["https:\/\/www.ayurvedique.com\/vedicare-spa\/wp-content\/uploads\/Huile-massage-parfumee.jpg",800,800,false],"1536x1536":["https:\/\/www.ayurvedique.com\/vedicare-spa\/wp-content\/uploads\/Huile-massage-parfumee.jpg",800,800,false],"2048x2048":["https:\/\/www.ayurvedique.com\/vedicare-spa\/wp-content\/uploads\/Huile-massage-parfumee.jpg",800,800,false],"rpwe-thumbnail":["https:\/\/www.ayurvedique.com\/vedicare-spa\/wp-content\/uploads\/Huile-massage-parfumee-45x45.jpg",45,45,true],"woocommerce_thumbnail":["https:\/\/www.ayurvedique.com\/vedicare-spa\/wp-content\/uploads\/Huile-massage-parfumee-300x300.jpg",300,300,true],"woocommerce_single":["https:\/\/www.ayurvedique.com\/vedicare-spa\/wp-content\/uploads\/Huile-massage-parfumee-600x600.jpg",600,600,true],"woocommerce_gallery_thumbnail":["https:\/\/www.ayurvedique.com\/vedicare-spa\/wp-content\/uploads\/Huile-massage-parfumee-100x100.jpg",100,100,true]},"uagb_author_info":{"display_name":"cyber","author_link":"https:\/\/www.ayurvedique.com\/vedicare-spa\/author\/"},"uagb_comment_info":0,"uagb_excerpt":"Huile de massage ayurvedique Tridoshique parfum\u00e9e fabriqu\u00e9e en Inde sous\u00a0 Licence ayurv\u00e9dique en exclusivit\u00e9 pour Vedicare 100% naturelle convient aux v\u00e9g\u00e9taliens","_links":{"self":[{"href":"https:\/\/www.ayurvedique.com\/vedicare-spa\/wp-json\/wp\/v2\/product\/2018","targetHints":{"allow":["GET"]}}],"collection":[{"href":"https:\/\/www.ayurvedique.com\/vedicare-spa\/wp-json\/wp\/v2\/product"}],"about":[{"href":"https:\/\/www.ayurvedique.com\/vedicare-spa\/wp-json\/wp\/v2\/types\/product"}],"replies":[{"embeddable":true,"href":"https:\/\/www.ayurvedique.com\/vedicare-spa\/wp-json\/wp\/v2\/comments?post=2018"}],"wp:featuredmedia":[{"embeddable":true,"href":"https:\/\/www.ayurvedique.com\/vedicare-spa\/wp-json\/wp\/v2\/media\/3469"}],"wp:attachment":[{"href":"https:\/\/www.ayurvedique.com\/vedicare-spa\/wp-json\/wp\/v2\/media?parent=2018"}],"wp:term":[{"taxonomy":"product_brand","embeddable":true,"href":"https:\/\/www.ayurvedique.com\/vedicare-spa\/wp-json\/wp\/v2\/product_brand?post=2018"},{"taxonomy":"product_cat","embeddable":true,"href":"https:\/\/www.ayurvedique.com\/vedicare-spa\/wp-json\/wp\/v2\/product_cat?post=2018"},{"taxonomy":"product_tag","embeddable":true,"href":"https:\/\/www.ayurvedique.com\/vedicare-spa\/wp-json\/wp\/v2\/product_tag?post=2018"}],"curies":[{"name":"wp","href":"https:\/\/api.w.org\/{rel}","templated":true}]}}