{"id":1999,"date":"2011-08-07T00:39:30","date_gmt":"2011-08-06T22:39:30","guid":{"rendered":"https:\/\/www.ayurvedique.com\/vedicare-spa\/produit\/accueil\/cosmetiques-huiles\/cosmetiques-naturels-et-bio\/masque-au-neem\/"},"modified":"2026-03-31T14:03:03","modified_gmt":"2026-03-31T12:03:03","slug":"masque-au-neem","status":"publish","type":"product","link":"https:\/\/www.ayurvedique.com\/vedicare-spa\/soins-visages-corps\/masque-au-neem\/","title":{"rendered":"Masque au Neem"},"content":{"rendered":"<p><strong>Un soin appropri\u00e9 aux peaux grasses, mixtes ou \u00e0 probl\u00e8mes<\/strong><\/p>\n<p><strong>Pr\u00e9sentation<\/strong> : poudreur blanc avec double capuchon herm\u00e9tique, 40 gr<br \/>\nCette pr\u00e9paration est un <a href=\"\/vedicare-ayurveda\/node\/205\">Lepa<\/a> ou cataplasme, formule ayurv\u00e9dique authentique, sous license AY888.<\/p>\n<p><strong>Propri\u00e9t\u00e9s<\/strong> : Nettoyant, ce masque \u00e9limine les impuret\u00e9s. Il peut remplacer l\u2019ozone avant un nettoyage de peau.\u00a0Traitant, le Neem (Azadirichta indica) est antiseptique et anti-bact\u00e9rien, il aide \u00e0 diminuer les d\u00e9sagr\u00e9ments cutan\u00e9s tels que la peau luisante et les points noirs. Les 4 autres plantes qui composent ce masque hydratent et nourissent afin de r\u00e9\u00e9quilibrer le ph de la peau, trop souvent maltrait\u00e9e par des traitements dess\u00e9chants.\u00a0M\u00e2tifiant, excellent pour absorber l\u2019exc\u00e8s de s\u00e9bum et r\u00e9gulariser sa s\u00e9cr\u00e9tion.<\/p>\n<p><strong>Temps d\u2019application<\/strong> : \u00a0\u00a010 mn.<\/p>\n<p>Dans les cas de petits probl\u00e8mes de peau, garder 15 mn ou plus afin de faire sortir les impuret\u00e9s, appliquer sur le dos ou les \u00e9paules si besoin.<\/p>\n<p><strong>M\u00e9lange<\/strong> :<\/p>\n<p>peau qui tire : avec un peu de lait \u00e9cr\u00e9m\u00e9 ou de lait de soja<\/p>\n<p>peau grasse ou r\u00e9active : avec quelques gouttes d\u2019eau min\u00e9rale ou d\u2019eau de rose<\/p>\n<p><strong>Dosage<\/strong> : \u00a01 cuill\u00e9r\u00e9e, appliquer avec un pinceau pour obtenir un masque uniforme.<\/p>\n<p><strong>Entretien : \u00a0<\/strong>1 fois par semaine, 1 flacon dure 6 mois<\/p>\n<p>Traitement purifiant : de 1 fois par jour \u00e0 3 fois par semaine, 1 flacon dure 1 \u00e0 2 mois<\/p>\n<p><strong>Ingr\u00e9dients<\/strong> :<\/p>\n<ol>\n<li>AZADIRCHTA INDICA<\/li>\n<li>TERMINALIA CHEBULIA<\/li>\n<li>SYMPLOCOS RACEMOSA<\/li>\n<li>LENS ESCULENTA<\/li>\n<li>ORYZA SATIVA<\/li>\n<\/ol>\n","protected":false},"excerpt":{"rendered":"<p><span style=\"font-size: 12pt;\"><strong>Un soin appropri\u00e9 aux peaux grasses, mixtes ou \u00e0 probl\u00e8mes<\/strong><\/span><\/p>\n<p>ce masque \u00e9limine les impuret\u00e9s. Il peut remplacer l\u2019ozone avant un nettoyage de peau.\u00a0Traitant, le Neem (Azadirichta indica) est antiseptique et anti-bact\u00e9rien, il aide \u00e0 diminuer les d\u00e9sagr\u00e9ments cutan\u00e9s<\/p>\n<h3><\/h3>\n<p><strong>convient aux v\u00e9g\u00e9taliens<\/strong><\/p>\n","protected":false},"featured_media":3493,"comment_status":"open","ping_status":"closed","template":"","meta":{"_uag_custom_page_level_css":"","site-sidebar-layout":"default","site-content-layout":"default","ast-site-content-layout":"default","site-content-style":"default","site-sidebar-style":"default","ast-global-header-display":"","ast-banner-title-visibility":"","ast-main-header-display":"","ast-hfb-above-header-display":"","ast-hfb-below-header-display":"","ast-hfb-mobile-header-display":"","site-post-title":"","ast-breadcrumbs-content":"","ast-featured-img":"","footer-sml-layout":"","ast-disable-related-posts":"","theme-transparent-header-meta":"default","adv-header-id-meta":"","stick-header-meta":"","header-above-stick-meta":"","header-main-stick-meta":"","header-below-stick-meta":"","astra-migrate-meta-layouts":"set","ast-page-background-enabled":"default","ast-page-background-meta":{"desktop":{"background-color":"","background-image":"","background-repeat":"repeat","background-position":"center center","background-size":"auto","background-attachment":"scroll","background-type":"","background-media":"","overlay-type":"","overlay-color":"","overlay-opacity":"","overlay-gradient":""},"tablet":{"background-color":"","background-image":"","background-repeat":"repeat","background-position":"center center","background-size":"auto","background-attachment":"scroll","background-type":"","background-media":"","overlay-type":"","overlay-color":"","overlay-opacity":"","overlay-gradient":""},"mobile":{"background-color":"","background-image":"","background-repeat":"repeat","background-position":"center center","background-size":"auto","background-attachment":"scroll","background-type":"","background-media":"","overlay-type":"","overlay-color":"","overlay-opacity":"","overlay-gradient":""}},"ast-content-background-meta":{"desktop":{"background-color":"var(--ast-global-color-5)","background-image":"","background-repeat":"repeat","background-position":"center center","background-size":"auto","background-attachment":"scroll","background-type":"","background-media":"","overlay-type":"","overlay-color":"","overlay-opacity":"","overlay-gradient":""},"tablet":{"background-color":"var(--ast-global-color-5)","background-image":"","background-repeat":"repeat","background-position":"center center","background-size":"auto","background-attachment":"scroll","background-type":"","background-media":"","overlay-type":"","overlay-color":"","overlay-opacity":"","overlay-gradient":""},"mobile":{"background-color":"var(--ast-global-color-5)","background-image":"","background-repeat":"repeat","background-position":"center center","background-size":"auto","background-attachment":"scroll","background-type":"","background-media":"","overlay-type":"","overlay-color":"","overlay-opacity":"","overlay-gradient":""}}},"product_brand":[],"product_cat":[333],"product_tag":[255,254,257,256],"class_list":{"0":"post-1999","1":"product","2":"type-product","3":"status-publish","4":"has-post-thumbnail","6":"product_cat-soins-visages-corps","7":"product_tag-masque-visage-peau-grasse","8":"product_tag-masque-visage-peau-mixte","9":"product_tag-neem","10":"product_tag-peau-acneique","11":"desktop-align-left","12":"tablet-align-left","13":"mobile-align-left","15":"first","16":"instock","17":"sale","18":"taxable","19":"shipping-taxable","20":"purchasable","21":"product-type-simple"},"yoast_head":"<!-- This site is optimized with the Yoast SEO plugin v27.5 - https:\/\/yoast.com\/product\/yoast-seo-wordpress\/ -->\n<title>Masque au Neem - Vedicare | Soins, Cures, Boutique ayurv\u00e9dique<\/title>\n<meta name=\"description\" content=\"ce masque \u00e9limine les impuret\u00e9s. Il peut remplacer l\u2019ozone avant un nettoyage de peau.\u00a0Traitant, le Neem (Azadirichta indica) est antiseptique et anti-bact\u00e9rien, il aide \u00e0 diminuer les d\u00e9sagr\u00e9ments cutan\u00e9s\" \/>\n<meta name=\"robots\" content=\"index, follow, max-snippet:-1, max-image-preview:large, max-video-preview:-1\" \/>\n<link rel=\"canonical\" href=\"https:\/\/www.ayurvedique.com\/vedicare-spa\/soins-visages-corps\/masque-au-neem\/\" \/>\n<meta property=\"og:locale\" content=\"fr_FR\" \/>\n<meta property=\"og:type\" content=\"article\" \/>\n<meta property=\"og:title\" content=\"Masque au Neem - Vedicare | Soins, Cures, Boutique ayurv\u00e9dique\" \/>\n<meta property=\"og:description\" content=\"ce masque \u00e9limine les impuret\u00e9s. Il peut remplacer l\u2019ozone avant un nettoyage de peau.\u00a0Traitant, le Neem (Azadirichta indica) est antiseptique et anti-bact\u00e9rien, il aide \u00e0 diminuer les d\u00e9sagr\u00e9ments cutan\u00e9s\" \/>\n<meta property=\"og:url\" content=\"https:\/\/www.ayurvedique.com\/vedicare-spa\/soins-visages-corps\/masque-au-neem\/\" \/>\n<meta property=\"og:site_name\" content=\"Vedicare | Soins, Cures, Boutique ayurv\u00e9dique\" \/>\n<meta property=\"article:publisher\" content=\"https:\/\/www.facebook.com\/Eco-gites-et-spa-Vedicare-146891845345782\/\" \/>\n<meta property=\"article:modified_time\" content=\"2026-03-31T12:03:03+00:00\" \/>\n<meta property=\"og:image\" content=\"https:\/\/www.ayurvedique.com\/vedicare-spa\/wp-content\/uploads\/MASQUE-NEEM.jpg\" \/>\n\t<meta property=\"og:image:width\" content=\"800\" \/>\n\t<meta property=\"og:image:height\" content=\"800\" \/>\n\t<meta property=\"og:image:type\" content=\"image\/jpeg\" \/>\n<meta name=\"twitter:card\" content=\"summary_large_image\" \/>\n<meta name=\"twitter:label1\" content=\"Dur\u00e9e de lecture estim\u00e9e\" \/>\n\t<meta name=\"twitter:data1\" content=\"2 minutes\" \/>\n<script type=\"application\/ld+json\" class=\"yoast-schema-graph\">{\"@context\":\"https:\\\/\\\/schema.org\",\"@graph\":[{\"@type\":\"WebPage\",\"@id\":\"https:\\\/\\\/www.ayurvedique.com\\\/vedicare-spa\\\/soins-visages-corps\\\/masque-au-neem\\\/\",\"url\":\"https:\\\/\\\/www.ayurvedique.com\\\/vedicare-spa\\\/soins-visages-corps\\\/masque-au-neem\\\/\",\"name\":\"Masque au Neem - Vedicare | Soins, Cures, Boutique ayurv\u00e9dique\",\"isPartOf\":{\"@id\":\"https:\\\/\\\/www.ayurvedique.com\\\/vedicare-spa\\\/#website\"},\"primaryImageOfPage\":{\"@id\":\"https:\\\/\\\/www.ayurvedique.com\\\/vedicare-spa\\\/soins-visages-corps\\\/masque-au-neem\\\/#primaryimage\"},\"image\":{\"@id\":\"https:\\\/\\\/www.ayurvedique.com\\\/vedicare-spa\\\/soins-visages-corps\\\/masque-au-neem\\\/#primaryimage\"},\"thumbnailUrl\":\"https:\\\/\\\/www.ayurvedique.com\\\/vedicare-spa\\\/wp-content\\\/uploads\\\/MASQUE-NEEM.jpg\",\"datePublished\":\"2011-08-06T22:39:30+00:00\",\"dateModified\":\"2026-03-31T12:03:03+00:00\",\"description\":\"ce masque \u00e9limine les impuret\u00e9s. Il peut remplacer l\u2019ozone avant un nettoyage de peau.\u00a0Traitant, le Neem (Azadirichta indica) est antiseptique et anti-bact\u00e9rien, il aide \u00e0 diminuer les d\u00e9sagr\u00e9ments cutan\u00e9s\",\"breadcrumb\":{\"@id\":\"https:\\\/\\\/www.ayurvedique.com\\\/vedicare-spa\\\/soins-visages-corps\\\/masque-au-neem\\\/#breadcrumb\"},\"inLanguage\":\"fr-FR\",\"potentialAction\":[{\"@type\":\"ReadAction\",\"target\":[\"https:\\\/\\\/www.ayurvedique.com\\\/vedicare-spa\\\/soins-visages-corps\\\/masque-au-neem\\\/\"]}]},{\"@type\":\"ImageObject\",\"inLanguage\":\"fr-FR\",\"@id\":\"https:\\\/\\\/www.ayurvedique.com\\\/vedicare-spa\\\/soins-visages-corps\\\/masque-au-neem\\\/#primaryimage\",\"url\":\"https:\\\/\\\/www.ayurvedique.com\\\/vedicare-spa\\\/wp-content\\\/uploads\\\/MASQUE-NEEM.jpg\",\"contentUrl\":\"https:\\\/\\\/www.ayurvedique.com\\\/vedicare-spa\\\/wp-content\\\/uploads\\\/MASQUE-NEEM.jpg\",\"width\":800,\"height\":800,\"caption\":\"MASQUE PURIFIANT NEEM\"},{\"@type\":\"BreadcrumbList\",\"@id\":\"https:\\\/\\\/www.ayurvedique.com\\\/vedicare-spa\\\/soins-visages-corps\\\/masque-au-neem\\\/#breadcrumb\",\"itemListElement\":[{\"@type\":\"ListItem\",\"position\":1,\"name\":\"Accueil\",\"item\":\"https:\\\/\\\/www.ayurvedique.com\\\/vedicare-spa\\\/\"},{\"@type\":\"ListItem\",\"position\":2,\"name\":\"Boutique\",\"item\":\"https:\\\/\\\/www.ayurvedique.com\\\/vedicare-spa\\\/boutique\\\/\"},{\"@type\":\"ListItem\",\"position\":3,\"name\":\"Masque au Neem\"}]},{\"@type\":\"WebSite\",\"@id\":\"https:\\\/\\\/www.ayurvedique.com\\\/vedicare-spa\\\/#website\",\"url\":\"https:\\\/\\\/www.ayurvedique.com\\\/vedicare-spa\\\/\",\"name\":\"Vedicare | Soins, Cures, Boutique ayurv\u00e9dique\",\"description\":\"Produits naturels bio et vegan, Spa ayurvedique\",\"publisher\":{\"@id\":\"https:\\\/\\\/www.ayurvedique.com\\\/vedicare-spa\\\/#organization\"},\"alternateName\":\"Spa ayurv\u00e9dique et produits naturels\",\"potentialAction\":[{\"@type\":\"SearchAction\",\"target\":{\"@type\":\"EntryPoint\",\"urlTemplate\":\"https:\\\/\\\/www.ayurvedique.com\\\/vedicare-spa\\\/?s={search_term_string}\"},\"query-input\":{\"@type\":\"PropertyValueSpecification\",\"valueRequired\":true,\"valueName\":\"search_term_string\"}}],\"inLanguage\":\"fr-FR\"},{\"@type\":\"Organization\",\"@id\":\"https:\\\/\\\/www.ayurvedique.com\\\/vedicare-spa\\\/#organization\",\"name\":\"Vedicare\",\"url\":\"https:\\\/\\\/www.ayurvedique.com\\\/vedicare-spa\\\/\",\"logo\":{\"@type\":\"ImageObject\",\"inLanguage\":\"fr-FR\",\"@id\":\"https:\\\/\\\/www.ayurvedique.com\\\/vedicare-spa\\\/#\\\/schema\\\/logo\\\/image\\\/\",\"url\":\"https:\\\/\\\/www.ayurvedique.com\\\/vedicare-spa\\\/wp-content\\\/uploads\\\/logo_vedicare-1.png\",\"contentUrl\":\"https:\\\/\\\/www.ayurvedique.com\\\/vedicare-spa\\\/wp-content\\\/uploads\\\/logo_vedicare-1.png\",\"width\":142,\"height\":206,\"caption\":\"Vedicare\"},\"image\":{\"@id\":\"https:\\\/\\\/www.ayurvedique.com\\\/vedicare-spa\\\/#\\\/schema\\\/logo\\\/image\\\/\"},\"sameAs\":[\"https:\\\/\\\/www.facebook.com\\\/Eco-gites-et-spa-Vedicare-146891845345782\\\/\"]}]}<\/script>\n<!-- \/ Yoast SEO plugin. -->","yoast_head_json":{"title":"Masque au Neem - Vedicare | Soins, Cures, Boutique ayurv\u00e9dique","description":"ce masque \u00e9limine les impuret\u00e9s. Il peut remplacer l\u2019ozone avant un nettoyage de peau.\u00a0Traitant, le Neem (Azadirichta indica) est antiseptique et anti-bact\u00e9rien, il aide \u00e0 diminuer les d\u00e9sagr\u00e9ments cutan\u00e9s","robots":{"index":"index","follow":"follow","max-snippet":"max-snippet:-1","max-image-preview":"max-image-preview:large","max-video-preview":"max-video-preview:-1"},"canonical":"https:\/\/www.ayurvedique.com\/vedicare-spa\/soins-visages-corps\/masque-au-neem\/","og_locale":"fr_FR","og_type":"article","og_title":"Masque au Neem - Vedicare | Soins, Cures, Boutique ayurv\u00e9dique","og_description":"ce masque \u00e9limine les impuret\u00e9s. Il peut remplacer l\u2019ozone avant un nettoyage de peau.\u00a0Traitant, le Neem (Azadirichta indica) est antiseptique et anti-bact\u00e9rien, il aide \u00e0 diminuer les d\u00e9sagr\u00e9ments cutan\u00e9s","og_url":"https:\/\/www.ayurvedique.com\/vedicare-spa\/soins-visages-corps\/masque-au-neem\/","og_site_name":"Vedicare | Soins, Cures, Boutique ayurv\u00e9dique","article_publisher":"https:\/\/www.facebook.com\/Eco-gites-et-spa-Vedicare-146891845345782\/","article_modified_time":"2026-03-31T12:03:03+00:00","og_image":[{"width":800,"height":800,"url":"https:\/\/www.ayurvedique.com\/vedicare-spa\/wp-content\/uploads\/MASQUE-NEEM.jpg","type":"image\/jpeg"}],"twitter_card":"summary_large_image","twitter_misc":{"Dur\u00e9e de lecture estim\u00e9e":"2 minutes"},"schema":{"@context":"https:\/\/schema.org","@graph":[{"@type":"WebPage","@id":"https:\/\/www.ayurvedique.com\/vedicare-spa\/soins-visages-corps\/masque-au-neem\/","url":"https:\/\/www.ayurvedique.com\/vedicare-spa\/soins-visages-corps\/masque-au-neem\/","name":"Masque au Neem - Vedicare | Soins, Cures, Boutique ayurv\u00e9dique","isPartOf":{"@id":"https:\/\/www.ayurvedique.com\/vedicare-spa\/#website"},"primaryImageOfPage":{"@id":"https:\/\/www.ayurvedique.com\/vedicare-spa\/soins-visages-corps\/masque-au-neem\/#primaryimage"},"image":{"@id":"https:\/\/www.ayurvedique.com\/vedicare-spa\/soins-visages-corps\/masque-au-neem\/#primaryimage"},"thumbnailUrl":"https:\/\/www.ayurvedique.com\/vedicare-spa\/wp-content\/uploads\/MASQUE-NEEM.jpg","datePublished":"2011-08-06T22:39:30+00:00","dateModified":"2026-03-31T12:03:03+00:00","description":"ce masque \u00e9limine les impuret\u00e9s. Il peut remplacer l\u2019ozone avant un nettoyage de peau.\u00a0Traitant, le Neem (Azadirichta indica) est antiseptique et anti-bact\u00e9rien, il aide \u00e0 diminuer les d\u00e9sagr\u00e9ments cutan\u00e9s","breadcrumb":{"@id":"https:\/\/www.ayurvedique.com\/vedicare-spa\/soins-visages-corps\/masque-au-neem\/#breadcrumb"},"inLanguage":"fr-FR","potentialAction":[{"@type":"ReadAction","target":["https:\/\/www.ayurvedique.com\/vedicare-spa\/soins-visages-corps\/masque-au-neem\/"]}]},{"@type":"ImageObject","inLanguage":"fr-FR","@id":"https:\/\/www.ayurvedique.com\/vedicare-spa\/soins-visages-corps\/masque-au-neem\/#primaryimage","url":"https:\/\/www.ayurvedique.com\/vedicare-spa\/wp-content\/uploads\/MASQUE-NEEM.jpg","contentUrl":"https:\/\/www.ayurvedique.com\/vedicare-spa\/wp-content\/uploads\/MASQUE-NEEM.jpg","width":800,"height":800,"caption":"MASQUE PURIFIANT NEEM"},{"@type":"BreadcrumbList","@id":"https:\/\/www.ayurvedique.com\/vedicare-spa\/soins-visages-corps\/masque-au-neem\/#breadcrumb","itemListElement":[{"@type":"ListItem","position":1,"name":"Accueil","item":"https:\/\/www.ayurvedique.com\/vedicare-spa\/"},{"@type":"ListItem","position":2,"name":"Boutique","item":"https:\/\/www.ayurvedique.com\/vedicare-spa\/boutique\/"},{"@type":"ListItem","position":3,"name":"Masque au Neem"}]},{"@type":"WebSite","@id":"https:\/\/www.ayurvedique.com\/vedicare-spa\/#website","url":"https:\/\/www.ayurvedique.com\/vedicare-spa\/","name":"Vedicare | Soins, Cures, Boutique ayurv\u00e9dique","description":"Produits naturels bio et vegan, Spa ayurvedique","publisher":{"@id":"https:\/\/www.ayurvedique.com\/vedicare-spa\/#organization"},"alternateName":"Spa ayurv\u00e9dique et produits naturels","potentialAction":[{"@type":"SearchAction","target":{"@type":"EntryPoint","urlTemplate":"https:\/\/www.ayurvedique.com\/vedicare-spa\/?s={search_term_string}"},"query-input":{"@type":"PropertyValueSpecification","valueRequired":true,"valueName":"search_term_string"}}],"inLanguage":"fr-FR"},{"@type":"Organization","@id":"https:\/\/www.ayurvedique.com\/vedicare-spa\/#organization","name":"Vedicare","url":"https:\/\/www.ayurvedique.com\/vedicare-spa\/","logo":{"@type":"ImageObject","inLanguage":"fr-FR","@id":"https:\/\/www.ayurvedique.com\/vedicare-spa\/#\/schema\/logo\/image\/","url":"https:\/\/www.ayurvedique.com\/vedicare-spa\/wp-content\/uploads\/logo_vedicare-1.png","contentUrl":"https:\/\/www.ayurvedique.com\/vedicare-spa\/wp-content\/uploads\/logo_vedicare-1.png","width":142,"height":206,"caption":"Vedicare"},"image":{"@id":"https:\/\/www.ayurvedique.com\/vedicare-spa\/#\/schema\/logo\/image\/"},"sameAs":["https:\/\/www.facebook.com\/Eco-gites-et-spa-Vedicare-146891845345782\/"]}]}},"uagb_featured_image_src":{"full":["https:\/\/www.ayurvedique.com\/vedicare-spa\/wp-content\/uploads\/MASQUE-NEEM.jpg",800,800,false],"thumbnail":["https:\/\/www.ayurvedique.com\/vedicare-spa\/wp-content\/uploads\/MASQUE-NEEM-150x150.jpg",150,150,true],"medium":["https:\/\/www.ayurvedique.com\/vedicare-spa\/wp-content\/uploads\/MASQUE-NEEM-600x600.jpg",600,600,true],"medium_large":["https:\/\/www.ayurvedique.com\/vedicare-spa\/wp-content\/uploads\/MASQUE-NEEM-768x768.jpg",768,768,true],"large":["https:\/\/www.ayurvedique.com\/vedicare-spa\/wp-content\/uploads\/MASQUE-NEEM.jpg",800,800,false],"1536x1536":["https:\/\/www.ayurvedique.com\/vedicare-spa\/wp-content\/uploads\/MASQUE-NEEM.jpg",800,800,false],"2048x2048":["https:\/\/www.ayurvedique.com\/vedicare-spa\/wp-content\/uploads\/MASQUE-NEEM.jpg",800,800,false],"rpwe-thumbnail":["https:\/\/www.ayurvedique.com\/vedicare-spa\/wp-content\/uploads\/MASQUE-NEEM-45x45.jpg",45,45,true],"woocommerce_thumbnail":["https:\/\/www.ayurvedique.com\/vedicare-spa\/wp-content\/uploads\/MASQUE-NEEM-300x300.jpg",300,300,true],"woocommerce_single":["https:\/\/www.ayurvedique.com\/vedicare-spa\/wp-content\/uploads\/MASQUE-NEEM-600x600.jpg",600,600,true],"woocommerce_gallery_thumbnail":["https:\/\/www.ayurvedique.com\/vedicare-spa\/wp-content\/uploads\/MASQUE-NEEM-100x100.jpg",100,100,true]},"uagb_author_info":{"display_name":"cyber","author_link":"https:\/\/www.ayurvedique.com\/vedicare-spa\/author\/"},"uagb_comment_info":0,"uagb_excerpt":"Un soin appropri\u00e9 aux peaux grasses, mixtes ou \u00e0 probl\u00e8mes ce masque \u00e9limine les impuret\u00e9s. Il peut remplacer l\u2019ozone avant un nettoyage de peau.\u00a0Traitant, le Neem (Azadirichta indica) est antiseptique et anti-bact\u00e9rien, il aide \u00e0 diminuer les d\u00e9sagr\u00e9ments cutan\u00e9s convient aux v\u00e9g\u00e9taliens","_links":{"self":[{"href":"https:\/\/www.ayurvedique.com\/vedicare-spa\/wp-json\/wp\/v2\/product\/1999","targetHints":{"allow":["GET"]}}],"collection":[{"href":"https:\/\/www.ayurvedique.com\/vedicare-spa\/wp-json\/wp\/v2\/product"}],"about":[{"href":"https:\/\/www.ayurvedique.com\/vedicare-spa\/wp-json\/wp\/v2\/types\/product"}],"replies":[{"embeddable":true,"href":"https:\/\/www.ayurvedique.com\/vedicare-spa\/wp-json\/wp\/v2\/comments?post=1999"}],"wp:featuredmedia":[{"embeddable":true,"href":"https:\/\/www.ayurvedique.com\/vedicare-spa\/wp-json\/wp\/v2\/media\/3493"}],"wp:attachment":[{"href":"https:\/\/www.ayurvedique.com\/vedicare-spa\/wp-json\/wp\/v2\/media?parent=1999"}],"wp:term":[{"taxonomy":"product_brand","embeddable":true,"href":"https:\/\/www.ayurvedique.com\/vedicare-spa\/wp-json\/wp\/v2\/product_brand?post=1999"},{"taxonomy":"product_cat","embeddable":true,"href":"https:\/\/www.ayurvedique.com\/vedicare-spa\/wp-json\/wp\/v2\/product_cat?post=1999"},{"taxonomy":"product_tag","embeddable":true,"href":"https:\/\/www.ayurvedique.com\/vedicare-spa\/wp-json\/wp\/v2\/product_tag?post=1999"}],"curies":[{"name":"wp","href":"https:\/\/api.w.org\/{rel}","templated":true}]}}