{"id":1979,"date":"2011-08-07T00:01:17","date_gmt":"2011-08-06T22:01:17","guid":{"rendered":"https:\/\/www.ayurvedique.com\/vedicare-spa\/produit\/accueil\/complements-alimentaires-vegan\/complements-alimentaires-bio-vegan\/brahmi-bio-ab-gotu-kola\/"},"modified":"2026-03-20T11:55:56","modified_gmt":"2026-03-20T10:55:56","slug":"brahmi-gotu-kola","status":"publish","type":"product","link":"https:\/\/www.ayurvedique.com\/vedicare-spa\/complements-alimentaires-vegan\/brahmi-gotu-kola\/","title":{"rendered":"Brahmi  Gotu Kola"},"content":{"rendered":"<p><strong>BRAHMI<\/strong>, Centella \u00a0asiatica (Gotu Kola) est une plante dite \u00ab\u00a0sattviqque\u00a0\u00bb en sanskrit.<\/p>\n<p><strong>Pr\u00e9sentation <\/strong>: Flacon de 60 g\u00e9lules<br \/>\nPour la vivacit\u00e9 intellectuelle, aide \u00e0 maintenir les performances cognitives<br \/>\n<strong>Energ\u00e9tique <\/strong>: Amer, astringent, sucr\u00e9 \u2013 Rafra\u00eechissant &#8211; Sucr\u00e9 \u2013 Harmonise les 3 Doshas (bon pour toutes les typologies selon l&rsquo;Ayurveda), facile \u00e0 dig\u00e9rer<br \/>\n<strong>Ingr\u00e9dients pour 1 g\u00e9lule<\/strong> : Feuilles s\u00e9ch\u00e9es biologiques de Centelia asiatica : 300 mg, tunique d&rsquo;origine v\u00e9g\u00e9tale (Hydroxypropylmethylcellulose) : 95 mg<br \/>\n<strong>Portion journali\u00e8re recommand\u00e9e <\/strong>: 1 \u00e0 4 g\u00e9lules par jour<\/p>\n<p>Sous le nom de Brahmi sont r\u00e9pertori\u00e9es deux plantes : le Bacopa Monieri et le Centelia asiatica ou Gotu Kola, vari\u00e9t\u00e9 la plus noble et la plus rare. Elle est traditionnellement consid\u00e9r\u00e9e en Ayurveda comme sattvique, \u00ab Plante de la supr\u00eame sagesse\u00bb, augmentant la long\u00e9vit\u00e9. Son nom lui vient du Brahman, source divine, suivant la philosophie Shankya, \u00a0dont est issu l&rsquo;Ayurveda, raison pour laquelle le Brahmi est hautement consid\u00e9r\u00e9 en Yoga.<br \/>\nNe pas d\u00e9passer la dose journali\u00e8re recommand\u00e9e. Les compl\u00e9ments alimentaires doivent \u00eatre utilis\u00e9s dans le cadre d&rsquo;un mode de vie sain et ne pas \u00eatre utilis\u00e9s comme substituts d&rsquo;un r\u00e9gime alimentaire vari\u00e9 et \u00e9quilibr\u00e9. A tenir hors de la port\u00e9e des enfants.<\/p>\n","protected":false},"excerpt":{"rendered":"<p><strong>BRAHMI<\/strong>, Centella \u00a0asiatica (Gotu Kola) .<\/p>\n<p>Pour la vivacit\u00e9 intellectuelle , aide \u00e0 maintenir les performances cognitives<\/p>\n<p>Presentation : Flacon de 60 g\u00e9lules<\/p>\n<p>Existe aussi en <a href=\"https:\/\/ayurvedique.com\/vedicare\/fr\/cures-de-3-mois\/94-cure-brahmi-ab-3-mois.html\" target=\"_blank\" rel=\"noopener\">cure de 3 mois<\/a>\u00a0: 6 flacons dont 1 offert<\/p>\n","protected":false},"featured_media":7604,"comment_status":"open","ping_status":"closed","template":"","meta":{"_uag_custom_page_level_css":"","site-sidebar-layout":"default","site-content-layout":"default","ast-site-content-layout":"default","site-content-style":"default","site-sidebar-style":"default","ast-global-header-display":"","ast-banner-title-visibility":"","ast-main-header-display":"","ast-hfb-above-header-display":"","ast-hfb-below-header-display":"","ast-hfb-mobile-header-display":"","site-post-title":"","ast-breadcrumbs-content":"","ast-featured-img":"","footer-sml-layout":"","ast-disable-related-posts":"","theme-transparent-header-meta":"default","adv-header-id-meta":"","stick-header-meta":"","header-above-stick-meta":"","header-main-stick-meta":"","header-below-stick-meta":"","astra-migrate-meta-layouts":"set","ast-page-background-enabled":"default","ast-page-background-meta":{"desktop":{"background-color":"","background-image":"","background-repeat":"repeat","background-position":"center center","background-size":"auto","background-attachment":"scroll","background-type":"","background-media":"","overlay-type":"","overlay-color":"","overlay-opacity":"","overlay-gradient":""},"tablet":{"background-color":"","background-image":"","background-repeat":"repeat","background-position":"center center","background-size":"auto","background-attachment":"scroll","background-type":"","background-media":"","overlay-type":"","overlay-color":"","overlay-opacity":"","overlay-gradient":""},"mobile":{"background-color":"","background-image":"","background-repeat":"repeat","background-position":"center center","background-size":"auto","background-attachment":"scroll","background-type":"","background-media":"","overlay-type":"","overlay-color":"","overlay-opacity":"","overlay-gradient":""}},"ast-content-background-meta":{"desktop":{"background-color":"var(--ast-global-color-5)","background-image":"","background-repeat":"repeat","background-position":"center center","background-size":"auto","background-attachment":"scroll","background-type":"","background-media":"","overlay-type":"","overlay-color":"","overlay-opacity":"","overlay-gradient":""},"tablet":{"background-color":"var(--ast-global-color-5)","background-image":"","background-repeat":"repeat","background-position":"center center","background-size":"auto","background-attachment":"scroll","background-type":"","background-media":"","overlay-type":"","overlay-color":"","overlay-opacity":"","overlay-gradient":""},"mobile":{"background-color":"var(--ast-global-color-5)","background-image":"","background-repeat":"repeat","background-position":"center center","background-size":"auto","background-attachment":"scroll","background-type":"","background-media":"","overlay-type":"","overlay-color":"","overlay-opacity":"","overlay-gradient":""}}},"product_brand":[],"product_cat":[234],"product_tag":[],"class_list":{"0":"post-1979","1":"product","2":"type-product","3":"status-publish","4":"has-post-thumbnail","6":"product_cat-complements-alimentaires-vegan","7":"desktop-align-left","8":"tablet-align-left","9":"mobile-align-left","11":"first","12":"instock","13":"taxable","14":"shipping-taxable","15":"purchasable","16":"product-type-simple"},"yoast_head":"<!-- This site is optimized with the Yoast SEO plugin v27.3 - https:\/\/yoast.com\/product\/yoast-seo-wordpress\/ -->\n<title>Brahmi Gotu Kola - Vedicare | Soins, Cures, Boutique ayurv\u00e9dique<\/title>\n<meta name=\"description\" content=\"Sous le nom de Brahmi sont r\u00e9pertori\u00e9es deux plantes : le Bacopa Monieri et le Centella asiatica ou Gotu Kola, vari\u00e9t\u00e9 la plus noble et la plus rare. Vedicare vous propose cette vari\u00e9t\u00e9 , sans aucun adjuvant , 100% plantes s\u00e9ch\u00e9es\" \/>\n<meta name=\"robots\" content=\"index, follow, max-snippet:-1, max-image-preview:large, max-video-preview:-1\" \/>\n<link rel=\"canonical\" href=\"https:\/\/www.ayurvedique.com\/vedicare-spa\/complements-alimentaires-vegan\/brahmi-gotu-kola\/\" \/>\n<meta property=\"og:locale\" content=\"fr_FR\" \/>\n<meta property=\"og:type\" content=\"article\" \/>\n<meta property=\"og:title\" content=\"Brahmi Gotu Kola - Vedicare | Soins, Cures, Boutique ayurv\u00e9dique\" \/>\n<meta property=\"og:description\" content=\"Sous le nom de Brahmi sont r\u00e9pertori\u00e9es deux plantes : le Bacopa Monieri et le Centella asiatica ou Gotu Kola, vari\u00e9t\u00e9 la plus noble et la plus rare. Vedicare vous propose cette vari\u00e9t\u00e9 , sans aucun adjuvant , 100% plantes s\u00e9ch\u00e9es\" \/>\n<meta property=\"og:url\" content=\"https:\/\/www.ayurvedique.com\/vedicare-spa\/complements-alimentaires-vegan\/brahmi-gotu-kola\/\" \/>\n<meta property=\"og:site_name\" content=\"Vedicare | Soins, Cures, Boutique ayurv\u00e9dique\" \/>\n<meta property=\"article:publisher\" content=\"https:\/\/www.facebook.com\/Eco-gites-et-spa-Vedicare-146891845345782\/\" \/>\n<meta property=\"article:modified_time\" content=\"2026-03-20T10:55:56+00:00\" \/>\n<meta property=\"og:image\" content=\"https:\/\/www.ayurvedique.com\/vedicare-spa\/wp-content\/uploads\/brahmii.jpg\" \/>\n\t<meta property=\"og:image:width\" content=\"732\" \/>\n\t<meta property=\"og:image:height\" content=\"800\" \/>\n\t<meta property=\"og:image:type\" content=\"image\/jpeg\" \/>\n<meta name=\"twitter:card\" content=\"summary_large_image\" \/>\n<meta name=\"twitter:label1\" content=\"Dur\u00e9e de lecture estim\u00e9e\" \/>\n\t<meta name=\"twitter:data1\" content=\"2 minutes\" \/>\n<script type=\"application\/ld+json\" class=\"yoast-schema-graph\">{\"@context\":\"https:\\\/\\\/schema.org\",\"@graph\":[{\"@type\":\"WebPage\",\"@id\":\"https:\\\/\\\/www.ayurvedique.com\\\/vedicare-spa\\\/complements-alimentaires-vegan\\\/brahmi-gotu-kola\\\/\",\"url\":\"https:\\\/\\\/www.ayurvedique.com\\\/vedicare-spa\\\/complements-alimentaires-vegan\\\/brahmi-gotu-kola\\\/\",\"name\":\"Brahmi Gotu Kola - Vedicare | Soins, Cures, Boutique ayurv\u00e9dique\",\"isPartOf\":{\"@id\":\"https:\\\/\\\/www.ayurvedique.com\\\/vedicare-spa\\\/#website\"},\"primaryImageOfPage\":{\"@id\":\"https:\\\/\\\/www.ayurvedique.com\\\/vedicare-spa\\\/complements-alimentaires-vegan\\\/brahmi-gotu-kola\\\/#primaryimage\"},\"image\":{\"@id\":\"https:\\\/\\\/www.ayurvedique.com\\\/vedicare-spa\\\/complements-alimentaires-vegan\\\/brahmi-gotu-kola\\\/#primaryimage\"},\"thumbnailUrl\":\"https:\\\/\\\/www.ayurvedique.com\\\/vedicare-spa\\\/wp-content\\\/uploads\\\/brahmii.jpg\",\"datePublished\":\"2011-08-06T22:01:17+00:00\",\"dateModified\":\"2026-03-20T10:55:56+00:00\",\"description\":\"Sous le nom de Brahmi sont r\u00e9pertori\u00e9es deux plantes : le Bacopa Monieri et le Centella asiatica ou Gotu Kola, vari\u00e9t\u00e9 la plus noble et la plus rare. Vedicare vous propose cette vari\u00e9t\u00e9 , sans aucun adjuvant , 100% plantes s\u00e9ch\u00e9es\",\"breadcrumb\":{\"@id\":\"https:\\\/\\\/www.ayurvedique.com\\\/vedicare-spa\\\/complements-alimentaires-vegan\\\/brahmi-gotu-kola\\\/#breadcrumb\"},\"inLanguage\":\"fr-FR\",\"potentialAction\":[{\"@type\":\"ReadAction\",\"target\":[\"https:\\\/\\\/www.ayurvedique.com\\\/vedicare-spa\\\/complements-alimentaires-vegan\\\/brahmi-gotu-kola\\\/\"]}]},{\"@type\":\"ImageObject\",\"inLanguage\":\"fr-FR\",\"@id\":\"https:\\\/\\\/www.ayurvedique.com\\\/vedicare-spa\\\/complements-alimentaires-vegan\\\/brahmi-gotu-kola\\\/#primaryimage\",\"url\":\"https:\\\/\\\/www.ayurvedique.com\\\/vedicare-spa\\\/wp-content\\\/uploads\\\/brahmii.jpg\",\"contentUrl\":\"https:\\\/\\\/www.ayurvedique.com\\\/vedicare-spa\\\/wp-content\\\/uploads\\\/brahmii.jpg\",\"width\":732,\"height\":800,\"caption\":\"Brahmi\"},{\"@type\":\"BreadcrumbList\",\"@id\":\"https:\\\/\\\/www.ayurvedique.com\\\/vedicare-spa\\\/complements-alimentaires-vegan\\\/brahmi-gotu-kola\\\/#breadcrumb\",\"itemListElement\":[{\"@type\":\"ListItem\",\"position\":1,\"name\":\"Accueil\",\"item\":\"https:\\\/\\\/www.ayurvedique.com\\\/vedicare-spa\\\/\"},{\"@type\":\"ListItem\",\"position\":2,\"name\":\"Boutique\",\"item\":\"https:\\\/\\\/www.ayurvedique.com\\\/vedicare-spa\\\/boutique\\\/\"},{\"@type\":\"ListItem\",\"position\":3,\"name\":\"Brahmi Gotu Kola\"}]},{\"@type\":\"WebSite\",\"@id\":\"https:\\\/\\\/www.ayurvedique.com\\\/vedicare-spa\\\/#website\",\"url\":\"https:\\\/\\\/www.ayurvedique.com\\\/vedicare-spa\\\/\",\"name\":\"Vedicare | Soins, Cures, Boutique ayurv\u00e9dique\",\"description\":\"Produits naturels bio et vegan, Spa ayurvedique\",\"publisher\":{\"@id\":\"https:\\\/\\\/www.ayurvedique.com\\\/vedicare-spa\\\/#organization\"},\"alternateName\":\"Spa ayurv\u00e9dique et produits naturels\",\"potentialAction\":[{\"@type\":\"SearchAction\",\"target\":{\"@type\":\"EntryPoint\",\"urlTemplate\":\"https:\\\/\\\/www.ayurvedique.com\\\/vedicare-spa\\\/?s={search_term_string}\"},\"query-input\":{\"@type\":\"PropertyValueSpecification\",\"valueRequired\":true,\"valueName\":\"search_term_string\"}}],\"inLanguage\":\"fr-FR\"},{\"@type\":\"Organization\",\"@id\":\"https:\\\/\\\/www.ayurvedique.com\\\/vedicare-spa\\\/#organization\",\"name\":\"Vedicare\",\"url\":\"https:\\\/\\\/www.ayurvedique.com\\\/vedicare-spa\\\/\",\"logo\":{\"@type\":\"ImageObject\",\"inLanguage\":\"fr-FR\",\"@id\":\"https:\\\/\\\/www.ayurvedique.com\\\/vedicare-spa\\\/#\\\/schema\\\/logo\\\/image\\\/\",\"url\":\"https:\\\/\\\/www.ayurvedique.com\\\/vedicare-spa\\\/wp-content\\\/uploads\\\/logo_vedicare-1.png\",\"contentUrl\":\"https:\\\/\\\/www.ayurvedique.com\\\/vedicare-spa\\\/wp-content\\\/uploads\\\/logo_vedicare-1.png\",\"width\":142,\"height\":206,\"caption\":\"Vedicare\"},\"image\":{\"@id\":\"https:\\\/\\\/www.ayurvedique.com\\\/vedicare-spa\\\/#\\\/schema\\\/logo\\\/image\\\/\"},\"sameAs\":[\"https:\\\/\\\/www.facebook.com\\\/Eco-gites-et-spa-Vedicare-146891845345782\\\/\"]}]}<\/script>\n<!-- \/ Yoast SEO plugin. -->","yoast_head_json":{"title":"Brahmi Gotu Kola - Vedicare | Soins, Cures, Boutique ayurv\u00e9dique","description":"Sous le nom de Brahmi sont r\u00e9pertori\u00e9es deux plantes : le Bacopa Monieri et le Centella asiatica ou Gotu Kola, vari\u00e9t\u00e9 la plus noble et la plus rare. Vedicare vous propose cette vari\u00e9t\u00e9 , sans aucun adjuvant , 100% plantes s\u00e9ch\u00e9es","robots":{"index":"index","follow":"follow","max-snippet":"max-snippet:-1","max-image-preview":"max-image-preview:large","max-video-preview":"max-video-preview:-1"},"canonical":"https:\/\/www.ayurvedique.com\/vedicare-spa\/complements-alimentaires-vegan\/brahmi-gotu-kola\/","og_locale":"fr_FR","og_type":"article","og_title":"Brahmi Gotu Kola - Vedicare | Soins, Cures, Boutique ayurv\u00e9dique","og_description":"Sous le nom de Brahmi sont r\u00e9pertori\u00e9es deux plantes : le Bacopa Monieri et le Centella asiatica ou Gotu Kola, vari\u00e9t\u00e9 la plus noble et la plus rare. Vedicare vous propose cette vari\u00e9t\u00e9 , sans aucun adjuvant , 100% plantes s\u00e9ch\u00e9es","og_url":"https:\/\/www.ayurvedique.com\/vedicare-spa\/complements-alimentaires-vegan\/brahmi-gotu-kola\/","og_site_name":"Vedicare | Soins, Cures, Boutique ayurv\u00e9dique","article_publisher":"https:\/\/www.facebook.com\/Eco-gites-et-spa-Vedicare-146891845345782\/","article_modified_time":"2026-03-20T10:55:56+00:00","og_image":[{"width":732,"height":800,"url":"https:\/\/www.ayurvedique.com\/vedicare-spa\/wp-content\/uploads\/brahmii.jpg","type":"image\/jpeg"}],"twitter_card":"summary_large_image","twitter_misc":{"Dur\u00e9e de lecture estim\u00e9e":"2 minutes"},"schema":{"@context":"https:\/\/schema.org","@graph":[{"@type":"WebPage","@id":"https:\/\/www.ayurvedique.com\/vedicare-spa\/complements-alimentaires-vegan\/brahmi-gotu-kola\/","url":"https:\/\/www.ayurvedique.com\/vedicare-spa\/complements-alimentaires-vegan\/brahmi-gotu-kola\/","name":"Brahmi Gotu Kola - Vedicare | Soins, Cures, Boutique ayurv\u00e9dique","isPartOf":{"@id":"https:\/\/www.ayurvedique.com\/vedicare-spa\/#website"},"primaryImageOfPage":{"@id":"https:\/\/www.ayurvedique.com\/vedicare-spa\/complements-alimentaires-vegan\/brahmi-gotu-kola\/#primaryimage"},"image":{"@id":"https:\/\/www.ayurvedique.com\/vedicare-spa\/complements-alimentaires-vegan\/brahmi-gotu-kola\/#primaryimage"},"thumbnailUrl":"https:\/\/www.ayurvedique.com\/vedicare-spa\/wp-content\/uploads\/brahmii.jpg","datePublished":"2011-08-06T22:01:17+00:00","dateModified":"2026-03-20T10:55:56+00:00","description":"Sous le nom de Brahmi sont r\u00e9pertori\u00e9es deux plantes : le Bacopa Monieri et le Centella asiatica ou Gotu Kola, vari\u00e9t\u00e9 la plus noble et la plus rare. Vedicare vous propose cette vari\u00e9t\u00e9 , sans aucun adjuvant , 100% plantes s\u00e9ch\u00e9es","breadcrumb":{"@id":"https:\/\/www.ayurvedique.com\/vedicare-spa\/complements-alimentaires-vegan\/brahmi-gotu-kola\/#breadcrumb"},"inLanguage":"fr-FR","potentialAction":[{"@type":"ReadAction","target":["https:\/\/www.ayurvedique.com\/vedicare-spa\/complements-alimentaires-vegan\/brahmi-gotu-kola\/"]}]},{"@type":"ImageObject","inLanguage":"fr-FR","@id":"https:\/\/www.ayurvedique.com\/vedicare-spa\/complements-alimentaires-vegan\/brahmi-gotu-kola\/#primaryimage","url":"https:\/\/www.ayurvedique.com\/vedicare-spa\/wp-content\/uploads\/brahmii.jpg","contentUrl":"https:\/\/www.ayurvedique.com\/vedicare-spa\/wp-content\/uploads\/brahmii.jpg","width":732,"height":800,"caption":"Brahmi"},{"@type":"BreadcrumbList","@id":"https:\/\/www.ayurvedique.com\/vedicare-spa\/complements-alimentaires-vegan\/brahmi-gotu-kola\/#breadcrumb","itemListElement":[{"@type":"ListItem","position":1,"name":"Accueil","item":"https:\/\/www.ayurvedique.com\/vedicare-spa\/"},{"@type":"ListItem","position":2,"name":"Boutique","item":"https:\/\/www.ayurvedique.com\/vedicare-spa\/boutique\/"},{"@type":"ListItem","position":3,"name":"Brahmi Gotu Kola"}]},{"@type":"WebSite","@id":"https:\/\/www.ayurvedique.com\/vedicare-spa\/#website","url":"https:\/\/www.ayurvedique.com\/vedicare-spa\/","name":"Vedicare | Soins, Cures, Boutique ayurv\u00e9dique","description":"Produits naturels bio et vegan, Spa ayurvedique","publisher":{"@id":"https:\/\/www.ayurvedique.com\/vedicare-spa\/#organization"},"alternateName":"Spa ayurv\u00e9dique et produits naturels","potentialAction":[{"@type":"SearchAction","target":{"@type":"EntryPoint","urlTemplate":"https:\/\/www.ayurvedique.com\/vedicare-spa\/?s={search_term_string}"},"query-input":{"@type":"PropertyValueSpecification","valueRequired":true,"valueName":"search_term_string"}}],"inLanguage":"fr-FR"},{"@type":"Organization","@id":"https:\/\/www.ayurvedique.com\/vedicare-spa\/#organization","name":"Vedicare","url":"https:\/\/www.ayurvedique.com\/vedicare-spa\/","logo":{"@type":"ImageObject","inLanguage":"fr-FR","@id":"https:\/\/www.ayurvedique.com\/vedicare-spa\/#\/schema\/logo\/image\/","url":"https:\/\/www.ayurvedique.com\/vedicare-spa\/wp-content\/uploads\/logo_vedicare-1.png","contentUrl":"https:\/\/www.ayurvedique.com\/vedicare-spa\/wp-content\/uploads\/logo_vedicare-1.png","width":142,"height":206,"caption":"Vedicare"},"image":{"@id":"https:\/\/www.ayurvedique.com\/vedicare-spa\/#\/schema\/logo\/image\/"},"sameAs":["https:\/\/www.facebook.com\/Eco-gites-et-spa-Vedicare-146891845345782\/"]}]}},"uagb_featured_image_src":{"full":["https:\/\/www.ayurvedique.com\/vedicare-spa\/wp-content\/uploads\/brahmii.jpg",732,800,false],"thumbnail":["https:\/\/www.ayurvedique.com\/vedicare-spa\/wp-content\/uploads\/brahmii-150x150.jpg",150,150,true],"medium":["https:\/\/www.ayurvedique.com\/vedicare-spa\/wp-content\/uploads\/brahmii-549x600.jpg",549,600,true],"medium_large":["https:\/\/www.ayurvedique.com\/vedicare-spa\/wp-content\/uploads\/brahmii.jpg",732,800,false],"large":["https:\/\/www.ayurvedique.com\/vedicare-spa\/wp-content\/uploads\/brahmii.jpg",732,800,false],"1536x1536":["https:\/\/www.ayurvedique.com\/vedicare-spa\/wp-content\/uploads\/brahmii.jpg",732,800,false],"2048x2048":["https:\/\/www.ayurvedique.com\/vedicare-spa\/wp-content\/uploads\/brahmii.jpg",732,800,false],"rpwe-thumbnail":["https:\/\/www.ayurvedique.com\/vedicare-spa\/wp-content\/uploads\/brahmii-45x45.jpg",45,45,true],"woocommerce_thumbnail":["https:\/\/www.ayurvedique.com\/vedicare-spa\/wp-content\/uploads\/brahmii-300x300.jpg",300,300,true],"woocommerce_single":["https:\/\/www.ayurvedique.com\/vedicare-spa\/wp-content\/uploads\/brahmii-600x656.jpg",600,656,true],"woocommerce_gallery_thumbnail":["https:\/\/www.ayurvedique.com\/vedicare-spa\/wp-content\/uploads\/brahmii-100x100.jpg",100,100,true]},"uagb_author_info":{"display_name":"cyber","author_link":"https:\/\/www.ayurvedique.com\/vedicare-spa\/author\/"},"uagb_comment_info":0,"uagb_excerpt":"BRAHMI, Centella \u00a0asiatica (Gotu Kola) . Pour la vivacit\u00e9 intellectuelle , aide \u00e0 maintenir les performances cognitives Presentation : Flacon de 60 g\u00e9lules Existe aussi en cure de 3 mois\u00a0: 6 flacons dont 1 offert","_links":{"self":[{"href":"https:\/\/www.ayurvedique.com\/vedicare-spa\/wp-json\/wp\/v2\/product\/1979","targetHints":{"allow":["GET"]}}],"collection":[{"href":"https:\/\/www.ayurvedique.com\/vedicare-spa\/wp-json\/wp\/v2\/product"}],"about":[{"href":"https:\/\/www.ayurvedique.com\/vedicare-spa\/wp-json\/wp\/v2\/types\/product"}],"replies":[{"embeddable":true,"href":"https:\/\/www.ayurvedique.com\/vedicare-spa\/wp-json\/wp\/v2\/comments?post=1979"}],"wp:featuredmedia":[{"embeddable":true,"href":"https:\/\/www.ayurvedique.com\/vedicare-spa\/wp-json\/wp\/v2\/media\/7604"}],"wp:attachment":[{"href":"https:\/\/www.ayurvedique.com\/vedicare-spa\/wp-json\/wp\/v2\/media?parent=1979"}],"wp:term":[{"taxonomy":"product_brand","embeddable":true,"href":"https:\/\/www.ayurvedique.com\/vedicare-spa\/wp-json\/wp\/v2\/product_brand?post=1979"},{"taxonomy":"product_cat","embeddable":true,"href":"https:\/\/www.ayurvedique.com\/vedicare-spa\/wp-json\/wp\/v2\/product_cat?post=1979"},{"taxonomy":"product_tag","embeddable":true,"href":"https:\/\/www.ayurvedique.com\/vedicare-spa\/wp-json\/wp\/v2\/product_tag?post=1979"}],"curies":[{"name":"wp","href":"https:\/\/api.w.org\/{rel}","templated":true}]}}