{"id":1975,"date":"2025-09-01T16:07:15","date_gmt":"2025-09-01T14:07:15","guid":{"rendered":"https:\/\/www.ayurvedique.com\/vedicare-spa\/produit\/accueil\/cosmetiques-huiles\/cosmetiques-naturels-et-bio\/creme-contour-des-yeux\/"},"modified":"2026-04-01T09:35:11","modified_gmt":"2026-04-01T07:35:11","slug":"creme-contour-des-yeux","status":"publish","type":"product","link":"https:\/\/www.ayurvedique.com\/vedicare-spa\/soins-visages-corps\/creme-contour-des-yeux\/","title":{"rendered":"Cr\u00e8me contour des yeux \u00e0 la caf\u00e9ine et au Centella asiatica"},"content":{"rendered":"<p><strong>Pro-Age. Fabriqu\u00e9 en Inde pour Sattva.<\/strong><br \/>\n<strong>Pour tous types de peau, m\u00eame sensible, vegan, 98,8% naturel<br \/>\n<\/strong><\/p>\n<p><span style=\"background-color: #c5edd4;\"><strong>Conseil d\u2019utilisation<\/strong> :<\/span> Nettoyer le visage avec notre d\u00e9maquillant doux visage. Appliquer du bout des doigts en massant d\u00e9licatement du bas vers le haut, \u00e9viter les yeux. Appliquer matin et soir.<\/p>\n<p><span style=\"background-color: #c5edd4;\"><strong>Propri\u00e9t\u00e9s<\/strong>\u00a0:<\/span>\u00a0Cette cr\u00e8me fluide, mais riche, est \u00e9labor\u00e9 avec des ingr\u00e9dients uniquement naturels et des extraits de plante, aide \u00e0 r\u00e9duire les colorations fonc\u00e9es et les plis du contour de l\u2019\u0153il.<\/p>\n<p><span style=\"background-color: #c5edd4;\"><strong>Ingr\u00e9dients\u00a0<strong>(liste INCI)\u00a0<\/strong><\/strong>:<\/span> aqua, propanediol, nyacinamide, glyceryl mono stearate SE, centella asiatica leaf extract, lecithin, caffeine, sodium hyaluronate, sodium gluconate, potassium sorbate, sodium benzoate, parfum.<\/p>\n<p><span style=\"background-color: #c5edd4;\"><strong>Conditionnement :<\/strong><\/span> Flacon pompe en verre airless 30 ml<\/p>\n","protected":false},"excerpt":{"rendered":"<p>Soin contour des yeux bio au Brahmi et \u00e0 la caf\u00e9ine<\/p>\n<p>Ce s\u00e9rum fluide, mais riche, est \u00e9labor\u00e9 avec des ingr\u00e9dients naturels et des extraits de plantes. Il aide \u00e0 r\u00e9duire les cernes et les ridules du contour de l\u2019\u0153il.<\/p>\n<p>Fabriqu\u00e9 en Inde<\/p>\n","protected":false},"featured_media":8979,"comment_status":"open","ping_status":"closed","template":"","meta":{"_uag_custom_page_level_css":"","site-sidebar-layout":"default","site-content-layout":"default","ast-site-content-layout":"default","site-content-style":"default","site-sidebar-style":"default","ast-global-header-display":"","ast-banner-title-visibility":"","ast-main-header-display":"","ast-hfb-above-header-display":"","ast-hfb-below-header-display":"","ast-hfb-mobile-header-display":"","site-post-title":"","ast-breadcrumbs-content":"","ast-featured-img":"","footer-sml-layout":"","ast-disable-related-posts":"","theme-transparent-header-meta":"default","adv-header-id-meta":"","stick-header-meta":"","header-above-stick-meta":"","header-main-stick-meta":"","header-below-stick-meta":"","astra-migrate-meta-layouts":"set","ast-page-background-enabled":"default","ast-page-background-meta":{"desktop":{"background-color":"","background-image":"","background-repeat":"repeat","background-position":"center center","background-size":"auto","background-attachment":"scroll","background-type":"","background-media":"","overlay-type":"","overlay-color":"","overlay-opacity":"","overlay-gradient":""},"tablet":{"background-color":"","background-image":"","background-repeat":"repeat","background-position":"center center","background-size":"auto","background-attachment":"scroll","background-type":"","background-media":"","overlay-type":"","overlay-color":"","overlay-opacity":"","overlay-gradient":""},"mobile":{"background-color":"","background-image":"","background-repeat":"repeat","background-position":"center center","background-size":"auto","background-attachment":"scroll","background-type":"","background-media":"","overlay-type":"","overlay-color":"","overlay-opacity":"","overlay-gradient":""}},"ast-content-background-meta":{"desktop":{"background-color":"var(--ast-global-color-5)","background-image":"","background-repeat":"repeat","background-position":"center center","background-size":"auto","background-attachment":"scroll","background-type":"","background-media":"","overlay-type":"","overlay-color":"","overlay-opacity":"","overlay-gradient":""},"tablet":{"background-color":"var(--ast-global-color-5)","background-image":"","background-repeat":"repeat","background-position":"center center","background-size":"auto","background-attachment":"scroll","background-type":"","background-media":"","overlay-type":"","overlay-color":"","overlay-opacity":"","overlay-gradient":""},"mobile":{"background-color":"var(--ast-global-color-5)","background-image":"","background-repeat":"repeat","background-position":"center center","background-size":"auto","background-attachment":"scroll","background-type":"","background-media":"","overlay-type":"","overlay-color":"","overlay-opacity":"","overlay-gradient":""}}},"product_brand":[349],"product_cat":[333],"product_tag":[246,245,249,247],"class_list":{"0":"post-1975","1":"product","2":"type-product","3":"status-publish","4":"has-post-thumbnail","6":"product_brand-sattva","7":"product_cat-soins-visages-corps","8":"product_tag-anticerne","9":"product_tag-contour-de-loeil","10":"product_tag-serum-contour-des-yeux","11":"product_tag-soin-contour-des-yeux","12":"pa_poids-244","13":"desktop-align-left","14":"tablet-align-left","15":"mobile-align-left","17":"first","18":"instock","19":"sale","20":"featured","21":"taxable","22":"shipping-taxable","23":"purchasable","24":"product-type-simple"},"yoast_head":"<!-- This site is optimized with the Yoast SEO plugin v27.5 - https:\/\/yoast.com\/product\/yoast-seo-wordpress\/ -->\n<title>Cr\u00e8me contour des yeux<\/title>\n<meta name=\"description\" content=\"Cr\u00e8me l\u00e9g\u00e8re et p\u00e9n\u00e9trante \u00e0 base de Brahmi, de caf\u00e9ine. Aide \u00e0 la circulation et au rajeunissement du contour de l&#039;oeil\" \/>\n<meta name=\"robots\" content=\"index, follow, max-snippet:-1, max-image-preview:large, max-video-preview:-1\" \/>\n<link rel=\"canonical\" href=\"https:\/\/www.ayurvedique.com\/vedicare-spa\/soins-visages-corps\/creme-contour-des-yeux\/\" \/>\n<meta property=\"og:locale\" content=\"fr_FR\" \/>\n<meta property=\"og:type\" content=\"article\" \/>\n<meta property=\"og:title\" content=\"Cr\u00e8me contour des yeux\" \/>\n<meta property=\"og:description\" content=\"Cr\u00e8me l\u00e9g\u00e8re et p\u00e9n\u00e9trante \u00e0 base de Brahmi, de caf\u00e9ine. Aide \u00e0 la circulation et au rajeunissement du contour de l&#039;oeil\" \/>\n<meta property=\"og:url\" content=\"https:\/\/www.ayurvedique.com\/vedicare-spa\/soins-visages-corps\/creme-contour-des-yeux\/\" \/>\n<meta property=\"og:site_name\" content=\"Vedicare | Soins, Cures, Boutique ayurv\u00e9dique\" \/>\n<meta property=\"article:publisher\" content=\"https:\/\/www.facebook.com\/Eco-gites-et-spa-Vedicare-146891845345782\/\" \/>\n<meta property=\"article:modified_time\" content=\"2026-04-01T07:35:11+00:00\" \/>\n<meta property=\"og:image\" content=\"https:\/\/www.ayurvedique.com\/vedicare-spa\/wp-content\/uploads\/eye.jpg\" \/>\n\t<meta property=\"og:image:width\" content=\"359\" \/>\n\t<meta property=\"og:image:height\" content=\"425\" \/>\n\t<meta property=\"og:image:type\" content=\"image\/jpeg\" \/>\n<meta name=\"twitter:card\" content=\"summary_large_image\" \/>\n<meta name=\"twitter:label1\" content=\"Dur\u00e9e de lecture estim\u00e9e\" \/>\n\t<meta name=\"twitter:data1\" content=\"1 minute\" \/>\n<script type=\"application\/ld+json\" class=\"yoast-schema-graph\">{\"@context\":\"https:\\\/\\\/schema.org\",\"@graph\":[{\"@type\":\"WebPage\",\"@id\":\"https:\\\/\\\/www.ayurvedique.com\\\/vedicare-spa\\\/soins-visages-corps\\\/creme-contour-des-yeux\\\/\",\"url\":\"https:\\\/\\\/www.ayurvedique.com\\\/vedicare-spa\\\/soins-visages-corps\\\/creme-contour-des-yeux\\\/\",\"name\":\"Cr\u00e8me contour des yeux\",\"isPartOf\":{\"@id\":\"https:\\\/\\\/www.ayurvedique.com\\\/vedicare-spa\\\/#website\"},\"primaryImageOfPage\":{\"@id\":\"https:\\\/\\\/www.ayurvedique.com\\\/vedicare-spa\\\/soins-visages-corps\\\/creme-contour-des-yeux\\\/#primaryimage\"},\"image\":{\"@id\":\"https:\\\/\\\/www.ayurvedique.com\\\/vedicare-spa\\\/soins-visages-corps\\\/creme-contour-des-yeux\\\/#primaryimage\"},\"thumbnailUrl\":\"https:\\\/\\\/www.ayurvedique.com\\\/vedicare-spa\\\/wp-content\\\/uploads\\\/eye.jpg\",\"datePublished\":\"2025-09-01T14:07:15+00:00\",\"dateModified\":\"2026-04-01T07:35:11+00:00\",\"description\":\"Cr\u00e8me l\u00e9g\u00e8re et p\u00e9n\u00e9trante \u00e0 base de Brahmi, de caf\u00e9ine. Aide \u00e0 la circulation et au rajeunissement du contour de l'oeil\",\"breadcrumb\":{\"@id\":\"https:\\\/\\\/www.ayurvedique.com\\\/vedicare-spa\\\/soins-visages-corps\\\/creme-contour-des-yeux\\\/#breadcrumb\"},\"inLanguage\":\"fr-FR\",\"potentialAction\":[{\"@type\":\"ReadAction\",\"target\":[\"https:\\\/\\\/www.ayurvedique.com\\\/vedicare-spa\\\/soins-visages-corps\\\/creme-contour-des-yeux\\\/\"]}]},{\"@type\":\"ImageObject\",\"inLanguage\":\"fr-FR\",\"@id\":\"https:\\\/\\\/www.ayurvedique.com\\\/vedicare-spa\\\/soins-visages-corps\\\/creme-contour-des-yeux\\\/#primaryimage\",\"url\":\"https:\\\/\\\/www.ayurvedique.com\\\/vedicare-spa\\\/wp-content\\\/uploads\\\/eye.jpg\",\"contentUrl\":\"https:\\\/\\\/www.ayurvedique.com\\\/vedicare-spa\\\/wp-content\\\/uploads\\\/eye.jpg\",\"width\":359,\"height\":425,\"caption\":\"contour des yeux\"},{\"@type\":\"BreadcrumbList\",\"@id\":\"https:\\\/\\\/www.ayurvedique.com\\\/vedicare-spa\\\/soins-visages-corps\\\/creme-contour-des-yeux\\\/#breadcrumb\",\"itemListElement\":[{\"@type\":\"ListItem\",\"position\":1,\"name\":\"Accueil\",\"item\":\"https:\\\/\\\/www.ayurvedique.com\\\/vedicare-spa\\\/\"},{\"@type\":\"ListItem\",\"position\":2,\"name\":\"Boutique\",\"item\":\"https:\\\/\\\/www.ayurvedique.com\\\/vedicare-spa\\\/boutique\\\/\"},{\"@type\":\"ListItem\",\"position\":3,\"name\":\"Cr\u00e8me contour des yeux \u00e0 la caf\u00e9ine et au Centella asiatica\"}]},{\"@type\":\"WebSite\",\"@id\":\"https:\\\/\\\/www.ayurvedique.com\\\/vedicare-spa\\\/#website\",\"url\":\"https:\\\/\\\/www.ayurvedique.com\\\/vedicare-spa\\\/\",\"name\":\"Vedicare | Soins, Cures, Boutique ayurv\u00e9dique\",\"description\":\"Produits naturels bio et vegan, Spa ayurvedique\",\"publisher\":{\"@id\":\"https:\\\/\\\/www.ayurvedique.com\\\/vedicare-spa\\\/#organization\"},\"alternateName\":\"Spa ayurv\u00e9dique et produits naturels\",\"potentialAction\":[{\"@type\":\"SearchAction\",\"target\":{\"@type\":\"EntryPoint\",\"urlTemplate\":\"https:\\\/\\\/www.ayurvedique.com\\\/vedicare-spa\\\/?s={search_term_string}\"},\"query-input\":{\"@type\":\"PropertyValueSpecification\",\"valueRequired\":true,\"valueName\":\"search_term_string\"}}],\"inLanguage\":\"fr-FR\"},{\"@type\":\"Organization\",\"@id\":\"https:\\\/\\\/www.ayurvedique.com\\\/vedicare-spa\\\/#organization\",\"name\":\"Vedicare\",\"url\":\"https:\\\/\\\/www.ayurvedique.com\\\/vedicare-spa\\\/\",\"logo\":{\"@type\":\"ImageObject\",\"inLanguage\":\"fr-FR\",\"@id\":\"https:\\\/\\\/www.ayurvedique.com\\\/vedicare-spa\\\/#\\\/schema\\\/logo\\\/image\\\/\",\"url\":\"https:\\\/\\\/www.ayurvedique.com\\\/vedicare-spa\\\/wp-content\\\/uploads\\\/logo_vedicare-1.png\",\"contentUrl\":\"https:\\\/\\\/www.ayurvedique.com\\\/vedicare-spa\\\/wp-content\\\/uploads\\\/logo_vedicare-1.png\",\"width\":142,\"height\":206,\"caption\":\"Vedicare\"},\"image\":{\"@id\":\"https:\\\/\\\/www.ayurvedique.com\\\/vedicare-spa\\\/#\\\/schema\\\/logo\\\/image\\\/\"},\"sameAs\":[\"https:\\\/\\\/www.facebook.com\\\/Eco-gites-et-spa-Vedicare-146891845345782\\\/\"]}]}<\/script>\n<!-- \/ Yoast SEO plugin. -->","yoast_head_json":{"title":"Cr\u00e8me contour des yeux","description":"Cr\u00e8me l\u00e9g\u00e8re et p\u00e9n\u00e9trante \u00e0 base de Brahmi, de caf\u00e9ine. Aide \u00e0 la circulation et au rajeunissement du contour de l'oeil","robots":{"index":"index","follow":"follow","max-snippet":"max-snippet:-1","max-image-preview":"max-image-preview:large","max-video-preview":"max-video-preview:-1"},"canonical":"https:\/\/www.ayurvedique.com\/vedicare-spa\/soins-visages-corps\/creme-contour-des-yeux\/","og_locale":"fr_FR","og_type":"article","og_title":"Cr\u00e8me contour des yeux","og_description":"Cr\u00e8me l\u00e9g\u00e8re et p\u00e9n\u00e9trante \u00e0 base de Brahmi, de caf\u00e9ine. Aide \u00e0 la circulation et au rajeunissement du contour de l'oeil","og_url":"https:\/\/www.ayurvedique.com\/vedicare-spa\/soins-visages-corps\/creme-contour-des-yeux\/","og_site_name":"Vedicare | Soins, Cures, Boutique ayurv\u00e9dique","article_publisher":"https:\/\/www.facebook.com\/Eco-gites-et-spa-Vedicare-146891845345782\/","article_modified_time":"2026-04-01T07:35:11+00:00","og_image":[{"width":359,"height":425,"url":"https:\/\/www.ayurvedique.com\/vedicare-spa\/wp-content\/uploads\/eye.jpg","type":"image\/jpeg"}],"twitter_card":"summary_large_image","twitter_misc":{"Dur\u00e9e de lecture estim\u00e9e":"1 minute"},"schema":{"@context":"https:\/\/schema.org","@graph":[{"@type":"WebPage","@id":"https:\/\/www.ayurvedique.com\/vedicare-spa\/soins-visages-corps\/creme-contour-des-yeux\/","url":"https:\/\/www.ayurvedique.com\/vedicare-spa\/soins-visages-corps\/creme-contour-des-yeux\/","name":"Cr\u00e8me contour des yeux","isPartOf":{"@id":"https:\/\/www.ayurvedique.com\/vedicare-spa\/#website"},"primaryImageOfPage":{"@id":"https:\/\/www.ayurvedique.com\/vedicare-spa\/soins-visages-corps\/creme-contour-des-yeux\/#primaryimage"},"image":{"@id":"https:\/\/www.ayurvedique.com\/vedicare-spa\/soins-visages-corps\/creme-contour-des-yeux\/#primaryimage"},"thumbnailUrl":"https:\/\/www.ayurvedique.com\/vedicare-spa\/wp-content\/uploads\/eye.jpg","datePublished":"2025-09-01T14:07:15+00:00","dateModified":"2026-04-01T07:35:11+00:00","description":"Cr\u00e8me l\u00e9g\u00e8re et p\u00e9n\u00e9trante \u00e0 base de Brahmi, de caf\u00e9ine. Aide \u00e0 la circulation et au rajeunissement du contour de l'oeil","breadcrumb":{"@id":"https:\/\/www.ayurvedique.com\/vedicare-spa\/soins-visages-corps\/creme-contour-des-yeux\/#breadcrumb"},"inLanguage":"fr-FR","potentialAction":[{"@type":"ReadAction","target":["https:\/\/www.ayurvedique.com\/vedicare-spa\/soins-visages-corps\/creme-contour-des-yeux\/"]}]},{"@type":"ImageObject","inLanguage":"fr-FR","@id":"https:\/\/www.ayurvedique.com\/vedicare-spa\/soins-visages-corps\/creme-contour-des-yeux\/#primaryimage","url":"https:\/\/www.ayurvedique.com\/vedicare-spa\/wp-content\/uploads\/eye.jpg","contentUrl":"https:\/\/www.ayurvedique.com\/vedicare-spa\/wp-content\/uploads\/eye.jpg","width":359,"height":425,"caption":"contour des yeux"},{"@type":"BreadcrumbList","@id":"https:\/\/www.ayurvedique.com\/vedicare-spa\/soins-visages-corps\/creme-contour-des-yeux\/#breadcrumb","itemListElement":[{"@type":"ListItem","position":1,"name":"Accueil","item":"https:\/\/www.ayurvedique.com\/vedicare-spa\/"},{"@type":"ListItem","position":2,"name":"Boutique","item":"https:\/\/www.ayurvedique.com\/vedicare-spa\/boutique\/"},{"@type":"ListItem","position":3,"name":"Cr\u00e8me contour des yeux \u00e0 la caf\u00e9ine et au Centella asiatica"}]},{"@type":"WebSite","@id":"https:\/\/www.ayurvedique.com\/vedicare-spa\/#website","url":"https:\/\/www.ayurvedique.com\/vedicare-spa\/","name":"Vedicare | Soins, Cures, Boutique ayurv\u00e9dique","description":"Produits naturels bio et vegan, Spa ayurvedique","publisher":{"@id":"https:\/\/www.ayurvedique.com\/vedicare-spa\/#organization"},"alternateName":"Spa ayurv\u00e9dique et produits naturels","potentialAction":[{"@type":"SearchAction","target":{"@type":"EntryPoint","urlTemplate":"https:\/\/www.ayurvedique.com\/vedicare-spa\/?s={search_term_string}"},"query-input":{"@type":"PropertyValueSpecification","valueRequired":true,"valueName":"search_term_string"}}],"inLanguage":"fr-FR"},{"@type":"Organization","@id":"https:\/\/www.ayurvedique.com\/vedicare-spa\/#organization","name":"Vedicare","url":"https:\/\/www.ayurvedique.com\/vedicare-spa\/","logo":{"@type":"ImageObject","inLanguage":"fr-FR","@id":"https:\/\/www.ayurvedique.com\/vedicare-spa\/#\/schema\/logo\/image\/","url":"https:\/\/www.ayurvedique.com\/vedicare-spa\/wp-content\/uploads\/logo_vedicare-1.png","contentUrl":"https:\/\/www.ayurvedique.com\/vedicare-spa\/wp-content\/uploads\/logo_vedicare-1.png","width":142,"height":206,"caption":"Vedicare"},"image":{"@id":"https:\/\/www.ayurvedique.com\/vedicare-spa\/#\/schema\/logo\/image\/"},"sameAs":["https:\/\/www.facebook.com\/Eco-gites-et-spa-Vedicare-146891845345782\/"]}]}},"uagb_featured_image_src":{"full":["https:\/\/www.ayurvedique.com\/vedicare-spa\/wp-content\/uploads\/eye.jpg",359,425,false],"thumbnail":["https:\/\/www.ayurvedique.com\/vedicare-spa\/wp-content\/uploads\/eye-150x150.jpg",150,150,true],"medium":["https:\/\/www.ayurvedique.com\/vedicare-spa\/wp-content\/uploads\/eye.jpg",359,425,false],"medium_large":["https:\/\/www.ayurvedique.com\/vedicare-spa\/wp-content\/uploads\/eye.jpg",359,425,false],"large":["https:\/\/www.ayurvedique.com\/vedicare-spa\/wp-content\/uploads\/eye.jpg",359,425,false],"1536x1536":["https:\/\/www.ayurvedique.com\/vedicare-spa\/wp-content\/uploads\/eye.jpg",359,425,false],"2048x2048":["https:\/\/www.ayurvedique.com\/vedicare-spa\/wp-content\/uploads\/eye.jpg",359,425,false],"rpwe-thumbnail":["https:\/\/www.ayurvedique.com\/vedicare-spa\/wp-content\/uploads\/eye-45x45.jpg",45,45,true],"woocommerce_thumbnail":["https:\/\/www.ayurvedique.com\/vedicare-spa\/wp-content\/uploads\/eye-300x300.jpg",300,300,true],"woocommerce_single":["https:\/\/www.ayurvedique.com\/vedicare-spa\/wp-content\/uploads\/eye.jpg",359,425,false],"woocommerce_gallery_thumbnail":["https:\/\/www.ayurvedique.com\/vedicare-spa\/wp-content\/uploads\/eye-100x100.jpg",100,100,true]},"uagb_author_info":{"display_name":"cyber","author_link":"https:\/\/www.ayurvedique.com\/vedicare-spa\/author\/"},"uagb_comment_info":0,"uagb_excerpt":"Soin contour des yeux bio au Brahmi et \u00e0 la caf\u00e9ine Ce s\u00e9rum fluide, mais riche, est \u00e9labor\u00e9 avec des ingr\u00e9dients naturels et des extraits de plantes. Il aide \u00e0 r\u00e9duire les cernes et les ridules du contour de l\u2019\u0153il. Fabriqu\u00e9 en Inde","_links":{"self":[{"href":"https:\/\/www.ayurvedique.com\/vedicare-spa\/wp-json\/wp\/v2\/product\/1975","targetHints":{"allow":["GET"]}}],"collection":[{"href":"https:\/\/www.ayurvedique.com\/vedicare-spa\/wp-json\/wp\/v2\/product"}],"about":[{"href":"https:\/\/www.ayurvedique.com\/vedicare-spa\/wp-json\/wp\/v2\/types\/product"}],"replies":[{"embeddable":true,"href":"https:\/\/www.ayurvedique.com\/vedicare-spa\/wp-json\/wp\/v2\/comments?post=1975"}],"wp:featuredmedia":[{"embeddable":true,"href":"https:\/\/www.ayurvedique.com\/vedicare-spa\/wp-json\/wp\/v2\/media\/8979"}],"wp:attachment":[{"href":"https:\/\/www.ayurvedique.com\/vedicare-spa\/wp-json\/wp\/v2\/media?parent=1975"}],"wp:term":[{"taxonomy":"product_brand","embeddable":true,"href":"https:\/\/www.ayurvedique.com\/vedicare-spa\/wp-json\/wp\/v2\/product_brand?post=1975"},{"taxonomy":"product_cat","embeddable":true,"href":"https:\/\/www.ayurvedique.com\/vedicare-spa\/wp-json\/wp\/v2\/product_cat?post=1975"},{"taxonomy":"product_tag","embeddable":true,"href":"https:\/\/www.ayurvedique.com\/vedicare-spa\/wp-json\/wp\/v2\/product_tag?post=1975"}],"curies":[{"name":"wp","href":"https:\/\/api.w.org\/{rel}","templated":true}]}}