{"id":983,"date":"2018-09-05T16:19:11","date_gmt":"2018-09-05T14:19:11","guid":{"rendered":"https:\/\/www.ayurvedique.com\/vedicare-spa\/?page_id=983"},"modified":"2018-09-06T19:00:32","modified_gmt":"2018-09-06T17:00:32","slug":"bed-breakfast-meals","status":"publish","type":"page","link":"https:\/\/www.ayurvedique.com\/vedicare-spa\/en\/bed-breakfast-meals\/","title":{"rendered":"Bed &#038; Breakfast &#038; Meals"},"content":{"rendered":"","protected":false},"excerpt":{"rendered":"","protected":false},"author":1,"featured_media":5799,"parent":0,"menu_order":24,"comment_status":"closed","ping_status":"closed","template":"","meta":{"_uag_custom_page_level_css":"","site-sidebar-layout":"default","site-content-layout":"","ast-site-content-layout":"default","site-content-style":"default","site-sidebar-style":"default","ast-global-header-display":"","ast-banner-title-visibility":"","ast-main-header-display":"","ast-hfb-above-header-display":"","ast-hfb-below-header-display":"","ast-hfb-mobile-header-display":"","site-post-title":"","ast-breadcrumbs-content":"","ast-featured-img":"","footer-sml-layout":"","ast-disable-related-posts":"","theme-transparent-header-meta":"","adv-header-id-meta":"","stick-header-meta":"","header-above-stick-meta":"","header-main-stick-meta":"","header-below-stick-meta":"","astra-migrate-meta-layouts":"default","ast-page-background-enabled":"default","ast-page-background-meta":{"desktop":{"background-color":"","background-image":"","background-repeat":"repeat","background-position":"center center","background-size":"auto","background-attachment":"scroll","background-type":"","background-media":"","overlay-type":"","overlay-color":"","overlay-opacity":"","overlay-gradient":""},"tablet":{"background-color":"","background-image":"","background-repeat":"repeat","background-position":"center center","background-size":"auto","background-attachment":"scroll","background-type":"","background-media":"","overlay-type":"","overlay-color":"","overlay-opacity":"","overlay-gradient":""},"mobile":{"background-color":"","background-image":"","background-repeat":"repeat","background-position":"center center","background-size":"auto","background-attachment":"scroll","background-type":"","background-media":"","overlay-type":"","overlay-color":"","overlay-opacity":"","overlay-gradient":""}},"ast-content-background-meta":{"desktop":{"background-color":"var(--ast-global-color-5)","background-image":"","background-repeat":"repeat","background-position":"center center","background-size":"auto","background-attachment":"scroll","background-type":"","background-media":"","overlay-type":"","overlay-color":"","overlay-opacity":"","overlay-gradient":""},"tablet":{"background-color":"var(--ast-global-color-5)","background-image":"","background-repeat":"repeat","background-position":"center center","background-size":"auto","background-attachment":"scroll","background-type":"","background-media":"","overlay-type":"","overlay-color":"","overlay-opacity":"","overlay-gradient":""},"mobile":{"background-color":"var(--ast-global-color-5)","background-image":"","background-repeat":"repeat","background-position":"center center","background-size":"auto","background-attachment":"scroll","background-type":"","background-media":"","overlay-type":"","overlay-color":"","overlay-opacity":"","overlay-gradient":""}},"footnotes":""},"categories":[64],"tags":[],"class_list":["post-983","page","type-page","status-publish","has-post-thumbnail","hentry","category-rooms-en"],"yoast_head":"<!-- This site is optimized with the Yoast SEO plugin v27.3 - https:\/\/yoast.com\/product\/yoast-seo-wordpress\/ -->\n<title>Bed &amp; Breakfast &amp; Meals - Vedicare | Soins, Cures, Boutique ayurv\u00e9dique<\/title>\n<meta name=\"description\" content=\"Bien \u00eatre selon l\u2019Ayurveda: soins, cures, stages, h\u00e9bergement \u00e0 45 min de Nice. Boutique en ligne avec notre s\u00e9lection de produits naturels et vegan.\" \/>\n<meta name=\"robots\" content=\"index, follow, max-snippet:-1, max-image-preview:large, max-video-preview:-1\" \/>\n<link rel=\"canonical\" href=\"https:\/\/www.ayurvedique.com\/vedicare-spa\/en\/bed-breakfast-meals\/\" \/>\n<meta property=\"og:locale\" content=\"fr_FR\" \/>\n<meta property=\"og:type\" content=\"article\" \/>\n<meta property=\"og:title\" content=\"Bed &amp; Breakfast &amp; Meals - Vedicare | Soins, Cures, Boutique ayurv\u00e9dique\" \/>\n<meta property=\"og:description\" content=\"Bien \u00eatre selon l\u2019Ayurveda: soins, cures, stages, h\u00e9bergement \u00e0 45 min de Nice. Boutique en ligne avec notre s\u00e9lection de produits naturels et vegan.\" \/>\n<meta property=\"og:url\" content=\"https:\/\/www.ayurvedique.com\/vedicare-spa\/en\/bed-breakfast-meals\/\" \/>\n<meta property=\"og:site_name\" content=\"Vedicare | Soins, Cures, Boutique ayurv\u00e9dique\" \/>\n<meta property=\"article:publisher\" content=\"https:\/\/www.facebook.com\/Eco-gites-et-spa-Vedicare-146891845345782\/\" \/>\n<meta property=\"article:modified_time\" content=\"2018-09-06T17:00:32+00:00\" \/>\n<meta property=\"og:image\" content=\"https:\/\/www.ayurvedique.com\/vedicare-spa\/wp-content\/uploads\/Entre\u0301e-Centre-.jpg\" \/>\n\t<meta property=\"og:image:width\" content=\"800\" \/>\n\t<meta property=\"og:image:height\" content=\"532\" \/>\n\t<meta property=\"og:image:type\" content=\"image\/jpeg\" \/>\n<meta name=\"twitter:card\" content=\"summary_large_image\" \/>\n<script type=\"application\/ld+json\" class=\"yoast-schema-graph\">{\"@context\":\"https:\\\/\\\/schema.org\",\"@graph\":[{\"@type\":\"WebPage\",\"@id\":\"https:\\\/\\\/www.ayurvedique.com\\\/vedicare-spa\\\/en\\\/bed-breakfast-meals\\\/\",\"url\":\"https:\\\/\\\/www.ayurvedique.com\\\/vedicare-spa\\\/en\\\/bed-breakfast-meals\\\/\",\"name\":\"Bed & Breakfast & Meals - Vedicare | Soins, Cures, Boutique ayurv\u00e9dique\",\"isPartOf\":{\"@id\":\"https:\\\/\\\/www.ayurvedique.com\\\/vedicare-spa\\\/#website\"},\"primaryImageOfPage\":{\"@id\":\"https:\\\/\\\/www.ayurvedique.com\\\/vedicare-spa\\\/en\\\/bed-breakfast-meals\\\/#primaryimage\"},\"image\":{\"@id\":\"https:\\\/\\\/www.ayurvedique.com\\\/vedicare-spa\\\/en\\\/bed-breakfast-meals\\\/#primaryimage\"},\"thumbnailUrl\":\"https:\\\/\\\/www.ayurvedique.com\\\/vedicare-spa\\\/wp-content\\\/uploads\\\/Entre\u0301e-Centre-.jpg\",\"datePublished\":\"2018-09-05T14:19:11+00:00\",\"dateModified\":\"2018-09-06T17:00:32+00:00\",\"description\":\"Bien \u00eatre selon l\u2019Ayurveda: soins, cures, stages, h\u00e9bergement \u00e0 45 min de Nice. Boutique en ligne avec notre s\u00e9lection de produits naturels et vegan.\",\"breadcrumb\":{\"@id\":\"https:\\\/\\\/www.ayurvedique.com\\\/vedicare-spa\\\/en\\\/bed-breakfast-meals\\\/#breadcrumb\"},\"inLanguage\":\"fr-FR\",\"potentialAction\":[{\"@type\":\"ReadAction\",\"target\":[\"https:\\\/\\\/www.ayurvedique.com\\\/vedicare-spa\\\/en\\\/bed-breakfast-meals\\\/\"]}]},{\"@type\":\"ImageObject\",\"inLanguage\":\"fr-FR\",\"@id\":\"https:\\\/\\\/www.ayurvedique.com\\\/vedicare-spa\\\/en\\\/bed-breakfast-meals\\\/#primaryimage\",\"url\":\"https:\\\/\\\/www.ayurvedique.com\\\/vedicare-spa\\\/wp-content\\\/uploads\\\/Entre\u0301e-Centre-.jpg\",\"contentUrl\":\"https:\\\/\\\/www.ayurvedique.com\\\/vedicare-spa\\\/wp-content\\\/uploads\\\/Entre\u0301e-Centre-.jpg\",\"width\":800,\"height\":532,\"caption\":\"SONY DSC\"},{\"@type\":\"BreadcrumbList\",\"@id\":\"https:\\\/\\\/www.ayurvedique.com\\\/vedicare-spa\\\/en\\\/bed-breakfast-meals\\\/#breadcrumb\",\"itemListElement\":[{\"@type\":\"ListItem\",\"position\":1,\"name\":\"Accueil\",\"item\":\"https:\\\/\\\/www.ayurvedique.com\\\/vedicare-spa\\\/\"},{\"@type\":\"ListItem\",\"position\":2,\"name\":\"Bed &#038; Breakfast &#038; Meals\"}]},{\"@type\":\"WebSite\",\"@id\":\"https:\\\/\\\/www.ayurvedique.com\\\/vedicare-spa\\\/#website\",\"url\":\"https:\\\/\\\/www.ayurvedique.com\\\/vedicare-spa\\\/\",\"name\":\"Vedicare | Soins, Cures, Boutique ayurv\u00e9dique\",\"description\":\"Produits naturels bio et vegan, Spa ayurvedique\",\"publisher\":{\"@id\":\"https:\\\/\\\/www.ayurvedique.com\\\/vedicare-spa\\\/#organization\"},\"alternateName\":\"Spa ayurv\u00e9dique et produits naturels\",\"potentialAction\":[{\"@type\":\"SearchAction\",\"target\":{\"@type\":\"EntryPoint\",\"urlTemplate\":\"https:\\\/\\\/www.ayurvedique.com\\\/vedicare-spa\\\/?s={search_term_string}\"},\"query-input\":{\"@type\":\"PropertyValueSpecification\",\"valueRequired\":true,\"valueName\":\"search_term_string\"}}],\"inLanguage\":\"fr-FR\"},{\"@type\":\"Organization\",\"@id\":\"https:\\\/\\\/www.ayurvedique.com\\\/vedicare-spa\\\/#organization\",\"name\":\"Vedicare\",\"url\":\"https:\\\/\\\/www.ayurvedique.com\\\/vedicare-spa\\\/\",\"logo\":{\"@type\":\"ImageObject\",\"inLanguage\":\"fr-FR\",\"@id\":\"https:\\\/\\\/www.ayurvedique.com\\\/vedicare-spa\\\/#\\\/schema\\\/logo\\\/image\\\/\",\"url\":\"https:\\\/\\\/www.ayurvedique.com\\\/vedicare-spa\\\/wp-content\\\/uploads\\\/logo_vedicare-1.png\",\"contentUrl\":\"https:\\\/\\\/www.ayurvedique.com\\\/vedicare-spa\\\/wp-content\\\/uploads\\\/logo_vedicare-1.png\",\"width\":142,\"height\":206,\"caption\":\"Vedicare\"},\"image\":{\"@id\":\"https:\\\/\\\/www.ayurvedique.com\\\/vedicare-spa\\\/#\\\/schema\\\/logo\\\/image\\\/\"},\"sameAs\":[\"https:\\\/\\\/www.facebook.com\\\/Eco-gites-et-spa-Vedicare-146891845345782\\\/\"]}]}<\/script>\n<!-- \/ Yoast SEO plugin. -->","yoast_head_json":{"title":"Bed & Breakfast & Meals - Vedicare | Soins, Cures, Boutique ayurv\u00e9dique","description":"Bien \u00eatre selon l\u2019Ayurveda: soins, cures, stages, h\u00e9bergement \u00e0 45 min de Nice. Boutique en ligne avec notre s\u00e9lection de produits naturels et vegan.","robots":{"index":"index","follow":"follow","max-snippet":"max-snippet:-1","max-image-preview":"max-image-preview:large","max-video-preview":"max-video-preview:-1"},"canonical":"https:\/\/www.ayurvedique.com\/vedicare-spa\/en\/bed-breakfast-meals\/","og_locale":"fr_FR","og_type":"article","og_title":"Bed & Breakfast & Meals - Vedicare | Soins, Cures, Boutique ayurv\u00e9dique","og_description":"Bien \u00eatre selon l\u2019Ayurveda: soins, cures, stages, h\u00e9bergement \u00e0 45 min de Nice. Boutique en ligne avec notre s\u00e9lection de produits naturels et vegan.","og_url":"https:\/\/www.ayurvedique.com\/vedicare-spa\/en\/bed-breakfast-meals\/","og_site_name":"Vedicare | Soins, Cures, Boutique ayurv\u00e9dique","article_publisher":"https:\/\/www.facebook.com\/Eco-gites-et-spa-Vedicare-146891845345782\/","article_modified_time":"2018-09-06T17:00:32+00:00","og_image":[{"width":800,"height":532,"url":"https:\/\/www.ayurvedique.com\/vedicare-spa\/wp-content\/uploads\/Entre\u0301e-Centre-.jpg","type":"image\/jpeg"}],"twitter_card":"summary_large_image","schema":{"@context":"https:\/\/schema.org","@graph":[{"@type":"WebPage","@id":"https:\/\/www.ayurvedique.com\/vedicare-spa\/en\/bed-breakfast-meals\/","url":"https:\/\/www.ayurvedique.com\/vedicare-spa\/en\/bed-breakfast-meals\/","name":"Bed & Breakfast & Meals - Vedicare | Soins, Cures, Boutique ayurv\u00e9dique","isPartOf":{"@id":"https:\/\/www.ayurvedique.com\/vedicare-spa\/#website"},"primaryImageOfPage":{"@id":"https:\/\/www.ayurvedique.com\/vedicare-spa\/en\/bed-breakfast-meals\/#primaryimage"},"image":{"@id":"https:\/\/www.ayurvedique.com\/vedicare-spa\/en\/bed-breakfast-meals\/#primaryimage"},"thumbnailUrl":"https:\/\/www.ayurvedique.com\/vedicare-spa\/wp-content\/uploads\/Entre\u0301e-Centre-.jpg","datePublished":"2018-09-05T14:19:11+00:00","dateModified":"2018-09-06T17:00:32+00:00","description":"Bien \u00eatre selon l\u2019Ayurveda: soins, cures, stages, h\u00e9bergement \u00e0 45 min de Nice. Boutique en ligne avec notre s\u00e9lection de produits naturels et vegan.","breadcrumb":{"@id":"https:\/\/www.ayurvedique.com\/vedicare-spa\/en\/bed-breakfast-meals\/#breadcrumb"},"inLanguage":"fr-FR","potentialAction":[{"@type":"ReadAction","target":["https:\/\/www.ayurvedique.com\/vedicare-spa\/en\/bed-breakfast-meals\/"]}]},{"@type":"ImageObject","inLanguage":"fr-FR","@id":"https:\/\/www.ayurvedique.com\/vedicare-spa\/en\/bed-breakfast-meals\/#primaryimage","url":"https:\/\/www.ayurvedique.com\/vedicare-spa\/wp-content\/uploads\/Entre\u0301e-Centre-.jpg","contentUrl":"https:\/\/www.ayurvedique.com\/vedicare-spa\/wp-content\/uploads\/Entre\u0301e-Centre-.jpg","width":800,"height":532,"caption":"SONY DSC"},{"@type":"BreadcrumbList","@id":"https:\/\/www.ayurvedique.com\/vedicare-spa\/en\/bed-breakfast-meals\/#breadcrumb","itemListElement":[{"@type":"ListItem","position":1,"name":"Accueil","item":"https:\/\/www.ayurvedique.com\/vedicare-spa\/"},{"@type":"ListItem","position":2,"name":"Bed &#038; Breakfast &#038; Meals"}]},{"@type":"WebSite","@id":"https:\/\/www.ayurvedique.com\/vedicare-spa\/#website","url":"https:\/\/www.ayurvedique.com\/vedicare-spa\/","name":"Vedicare | Soins, Cures, Boutique ayurv\u00e9dique","description":"Produits naturels bio et vegan, Spa ayurvedique","publisher":{"@id":"https:\/\/www.ayurvedique.com\/vedicare-spa\/#organization"},"alternateName":"Spa ayurv\u00e9dique et produits naturels","potentialAction":[{"@type":"SearchAction","target":{"@type":"EntryPoint","urlTemplate":"https:\/\/www.ayurvedique.com\/vedicare-spa\/?s={search_term_string}"},"query-input":{"@type":"PropertyValueSpecification","valueRequired":true,"valueName":"search_term_string"}}],"inLanguage":"fr-FR"},{"@type":"Organization","@id":"https:\/\/www.ayurvedique.com\/vedicare-spa\/#organization","name":"Vedicare","url":"https:\/\/www.ayurvedique.com\/vedicare-spa\/","logo":{"@type":"ImageObject","inLanguage":"fr-FR","@id":"https:\/\/www.ayurvedique.com\/vedicare-spa\/#\/schema\/logo\/image\/","url":"https:\/\/www.ayurvedique.com\/vedicare-spa\/wp-content\/uploads\/logo_vedicare-1.png","contentUrl":"https:\/\/www.ayurvedique.com\/vedicare-spa\/wp-content\/uploads\/logo_vedicare-1.png","width":142,"height":206,"caption":"Vedicare"},"image":{"@id":"https:\/\/www.ayurvedique.com\/vedicare-spa\/#\/schema\/logo\/image\/"},"sameAs":["https:\/\/www.facebook.com\/Eco-gites-et-spa-Vedicare-146891845345782\/"]}]}},"uagb_featured_image_src":{"full":["https:\/\/www.ayurvedique.com\/vedicare-spa\/wp-content\/uploads\/Entre\u0301e-Centre-.jpg",800,532,false],"thumbnail":["https:\/\/www.ayurvedique.com\/vedicare-spa\/wp-content\/uploads\/Entre\u0301e-Centre--150x150.jpg",150,150,true],"medium":["https:\/\/www.ayurvedique.com\/vedicare-spa\/wp-content\/uploads\/Entre\u0301e-Centre--600x399.jpg",600,399,true],"medium_large":["https:\/\/www.ayurvedique.com\/vedicare-spa\/wp-content\/uploads\/Entre\u0301e-Centre--768x511.jpg",768,511,true],"large":["https:\/\/www.ayurvedique.com\/vedicare-spa\/wp-content\/uploads\/Entre\u0301e-Centre-.jpg",800,532,false],"1536x1536":["https:\/\/www.ayurvedique.com\/vedicare-spa\/wp-content\/uploads\/Entre\u0301e-Centre-.jpg",800,532,false],"2048x2048":["https:\/\/www.ayurvedique.com\/vedicare-spa\/wp-content\/uploads\/Entre\u0301e-Centre-.jpg",800,532,false],"rpwe-thumbnail":["https:\/\/www.ayurvedique.com\/vedicare-spa\/wp-content\/uploads\/Entre\u0301e-Centre--45x45.jpg",45,45,true],"woocommerce_thumbnail":["https:\/\/www.ayurvedique.com\/vedicare-spa\/wp-content\/uploads\/Entre\u0301e-Centre--300x300.jpg",300,300,true],"woocommerce_single":["https:\/\/www.ayurvedique.com\/vedicare-spa\/wp-content\/uploads\/Entre\u0301e-Centre--600x399.jpg",600,399,true],"woocommerce_gallery_thumbnail":["https:\/\/www.ayurvedique.com\/vedicare-spa\/wp-content\/uploads\/Entre\u0301e-Centre--100x100.jpg",100,100,true]},"uagb_author_info":{"display_name":"cyber","author_link":"https:\/\/www.ayurvedique.com\/vedicare-spa\/author\/cyber\/"},"uagb_comment_info":0,"uagb_excerpt":null,"_links":{"self":[{"href":"https:\/\/www.ayurvedique.com\/vedicare-spa\/wp-json\/wp\/v2\/pages\/983","targetHints":{"allow":["GET"]}}],"collection":[{"href":"https:\/\/www.ayurvedique.com\/vedicare-spa\/wp-json\/wp\/v2\/pages"}],"about":[{"href":"https:\/\/www.ayurvedique.com\/vedicare-spa\/wp-json\/wp\/v2\/types\/page"}],"author":[{"embeddable":true,"href":"https:\/\/www.ayurvedique.com\/vedicare-spa\/wp-json\/wp\/v2\/users\/1"}],"replies":[{"embeddable":true,"href":"https:\/\/www.ayurvedique.com\/vedicare-spa\/wp-json\/wp\/v2\/comments?post=983"}],"version-history":[{"count":1,"href":"https:\/\/www.ayurvedique.com\/vedicare-spa\/wp-json\/wp\/v2\/pages\/983\/revisions"}],"predecessor-version":[{"id":984,"href":"https:\/\/www.ayurvedique.com\/vedicare-spa\/wp-json\/wp\/v2\/pages\/983\/revisions\/984"}],"wp:featuredmedia":[{"embeddable":true,"href":"https:\/\/www.ayurvedique.com\/vedicare-spa\/wp-json\/wp\/v2\/media\/5799"}],"wp:attachment":[{"href":"https:\/\/www.ayurvedique.com\/vedicare-spa\/wp-json\/wp\/v2\/media?parent=983"}],"wp:term":[{"taxonomy":"category","embeddable":true,"href":"https:\/\/www.ayurvedique.com\/vedicare-spa\/wp-json\/wp\/v2\/categories?post=983"},{"taxonomy":"post_tag","embeddable":true,"href":"https:\/\/www.ayurvedique.com\/vedicare-spa\/wp-json\/wp\/v2\/tags?post=983"}],"curies":[{"name":"wp","href":"https:\/\/api.w.org\/{rel}","templated":true}]}}