{"id":979,"date":"2018-09-06T18:58:45","date_gmt":"2018-09-06T16:58:45","guid":{"rendered":"https:\/\/www.ayurvedique.com\/vedicare-spa\/?page_id=979"},"modified":"2018-09-06T18:58:45","modified_gmt":"2018-09-06T16:58:45","slug":"ayurveda","status":"publish","type":"page","link":"https:\/\/www.ayurvedique.com\/vedicare-spa\/en\/ayurveda\/","title":{"rendered":"Ayurveda"},"content":{"rendered":"<p>The word Ayurveda comes from the two Sanskrit words Ayur meaning life and Veda meaning science. Ayurveda can be translated as the science of life or the science to prolong life. According to the Indian tradition the first four objectives of human life are<br \/>\nDHARMA : To accomplish your destiny<br \/>\nARTHA : To acquire wealth<br \/>\nKAMA : To satisfy your desire<br \/>\nMOKSHA : To be liberated<br \/>\nIt is believed that in order to be in good health these four objectives need to be achieved.<\/p>\n","protected":false},"excerpt":{"rendered":"<p>The word Ayurveda comes from the two Sanskrit words Ayur meaning life and Veda meaning science. Ayurveda can be translated as the science of life or the science to prolong life. According to the Indian tradition the first four objectives of human life are DHARMA : To accomplish your destiny ARTHA : To acquire wealth [&hellip;]<\/p>\n","protected":false},"author":1,"featured_media":6326,"parent":0,"menu_order":22,"comment_status":"closed","ping_status":"closed","template":"","meta":{"_uag_custom_page_level_css":"","site-sidebar-layout":"default","site-content-layout":"","ast-site-content-layout":"default","site-content-style":"default","site-sidebar-style":"default","ast-global-header-display":"","ast-banner-title-visibility":"","ast-main-header-display":"","ast-hfb-above-header-display":"","ast-hfb-below-header-display":"","ast-hfb-mobile-header-display":"","site-post-title":"","ast-breadcrumbs-content":"","ast-featured-img":"","footer-sml-layout":"","ast-disable-related-posts":"","theme-transparent-header-meta":"","adv-header-id-meta":"","stick-header-meta":"","header-above-stick-meta":"","header-main-stick-meta":"","header-below-stick-meta":"","astra-migrate-meta-layouts":"default","ast-page-background-enabled":"default","ast-page-background-meta":{"desktop":{"background-color":"","background-image":"","background-repeat":"repeat","background-position":"center center","background-size":"auto","background-attachment":"scroll","background-type":"","background-media":"","overlay-type":"","overlay-color":"","overlay-opacity":"","overlay-gradient":""},"tablet":{"background-color":"","background-image":"","background-repeat":"repeat","background-position":"center center","background-size":"auto","background-attachment":"scroll","background-type":"","background-media":"","overlay-type":"","overlay-color":"","overlay-opacity":"","overlay-gradient":""},"mobile":{"background-color":"","background-image":"","background-repeat":"repeat","background-position":"center center","background-size":"auto","background-attachment":"scroll","background-type":"","background-media":"","overlay-type":"","overlay-color":"","overlay-opacity":"","overlay-gradient":""}},"ast-content-background-meta":{"desktop":{"background-color":"var(--ast-global-color-5)","background-image":"","background-repeat":"repeat","background-position":"center center","background-size":"auto","background-attachment":"scroll","background-type":"","background-media":"","overlay-type":"","overlay-color":"","overlay-opacity":"","overlay-gradient":""},"tablet":{"background-color":"var(--ast-global-color-5)","background-image":"","background-repeat":"repeat","background-position":"center center","background-size":"auto","background-attachment":"scroll","background-type":"","background-media":"","overlay-type":"","overlay-color":"","overlay-opacity":"","overlay-gradient":""},"mobile":{"background-color":"var(--ast-global-color-5)","background-image":"","background-repeat":"repeat","background-position":"center center","background-size":"auto","background-attachment":"scroll","background-type":"","background-media":"","overlay-type":"","overlay-color":"","overlay-opacity":"","overlay-gradient":""}},"footnotes":""},"categories":[100],"tags":[],"class_list":["post-979","page","type-page","status-publish","has-post-thumbnail","hentry","category-ayurveda-en"],"yoast_head":"<!-- This site is optimized with the Yoast SEO plugin v27.3 - https:\/\/yoast.com\/product\/yoast-seo-wordpress\/ -->\n<title>Ayurveda - Vedicare | Soins, Cures, Boutique ayurv\u00e9dique<\/title>\n<meta name=\"description\" content=\"Bien \u00eatre selon l\u2019Ayurveda: soins, cures, stages, h\u00e9bergement \u00e0 45 min de Nice. Boutique en ligne avec notre s\u00e9lection de produits naturels et vegan.\" \/>\n<meta name=\"robots\" content=\"index, follow, max-snippet:-1, max-image-preview:large, max-video-preview:-1\" \/>\n<link rel=\"canonical\" href=\"https:\/\/www.ayurvedique.com\/vedicare-spa\/en\/ayurveda\/\" \/>\n<meta property=\"og:locale\" content=\"fr_FR\" \/>\n<meta property=\"og:type\" content=\"article\" \/>\n<meta property=\"og:title\" content=\"Ayurveda - Vedicare | Soins, Cures, Boutique ayurv\u00e9dique\" \/>\n<meta property=\"og:description\" content=\"Bien \u00eatre selon l\u2019Ayurveda: soins, cures, stages, h\u00e9bergement \u00e0 45 min de Nice. Boutique en ligne avec notre s\u00e9lection de produits naturels et vegan.\" \/>\n<meta property=\"og:url\" content=\"https:\/\/www.ayurvedique.com\/vedicare-spa\/en\/ayurveda\/\" \/>\n<meta property=\"og:site_name\" content=\"Vedicare | Soins, Cures, Boutique ayurv\u00e9dique\" \/>\n<meta property=\"article:publisher\" content=\"https:\/\/www.facebook.com\/Eco-gites-et-spa-Vedicare-146891845345782\/\" \/>\n<meta property=\"og:image\" content=\"https:\/\/www.ayurvedique.com\/vedicare-spa\/wp-content\/uploads\/ciel-tournefort.jpg\" \/>\n\t<meta property=\"og:image:width\" content=\"1067\" \/>\n\t<meta property=\"og:image:height\" content=\"800\" \/>\n\t<meta property=\"og:image:type\" content=\"image\/jpeg\" \/>\n<meta name=\"twitter:card\" content=\"summary_large_image\" \/>\n<script type=\"application\/ld+json\" class=\"yoast-schema-graph\">{\"@context\":\"https:\\\/\\\/schema.org\",\"@graph\":[{\"@type\":\"WebPage\",\"@id\":\"https:\\\/\\\/www.ayurvedique.com\\\/vedicare-spa\\\/en\\\/ayurveda\\\/\",\"url\":\"https:\\\/\\\/www.ayurvedique.com\\\/vedicare-spa\\\/en\\\/ayurveda\\\/\",\"name\":\"Ayurveda - Vedicare | Soins, Cures, Boutique ayurv\u00e9dique\",\"isPartOf\":{\"@id\":\"https:\\\/\\\/www.ayurvedique.com\\\/vedicare-spa\\\/#website\"},\"primaryImageOfPage\":{\"@id\":\"https:\\\/\\\/www.ayurvedique.com\\\/vedicare-spa\\\/en\\\/ayurveda\\\/#primaryimage\"},\"image\":{\"@id\":\"https:\\\/\\\/www.ayurvedique.com\\\/vedicare-spa\\\/en\\\/ayurveda\\\/#primaryimage\"},\"thumbnailUrl\":\"https:\\\/\\\/www.ayurvedique.com\\\/vedicare-spa\\\/wp-content\\\/uploads\\\/ciel-tournefort.jpg\",\"datePublished\":\"2018-09-06T16:58:45+00:00\",\"description\":\"Bien \u00eatre selon l\u2019Ayurveda: soins, cures, stages, h\u00e9bergement \u00e0 45 min de Nice. Boutique en ligne avec notre s\u00e9lection de produits naturels et vegan.\",\"breadcrumb\":{\"@id\":\"https:\\\/\\\/www.ayurvedique.com\\\/vedicare-spa\\\/en\\\/ayurveda\\\/#breadcrumb\"},\"inLanguage\":\"fr-FR\",\"potentialAction\":[{\"@type\":\"ReadAction\",\"target\":[\"https:\\\/\\\/www.ayurvedique.com\\\/vedicare-spa\\\/en\\\/ayurveda\\\/\"]}]},{\"@type\":\"ImageObject\",\"inLanguage\":\"fr-FR\",\"@id\":\"https:\\\/\\\/www.ayurvedique.com\\\/vedicare-spa\\\/en\\\/ayurveda\\\/#primaryimage\",\"url\":\"https:\\\/\\\/www.ayurvedique.com\\\/vedicare-spa\\\/wp-content\\\/uploads\\\/ciel-tournefort.jpg\",\"contentUrl\":\"https:\\\/\\\/www.ayurvedique.com\\\/vedicare-spa\\\/wp-content\\\/uploads\\\/ciel-tournefort.jpg\",\"width\":1067,\"height\":800},{\"@type\":\"BreadcrumbList\",\"@id\":\"https:\\\/\\\/www.ayurvedique.com\\\/vedicare-spa\\\/en\\\/ayurveda\\\/#breadcrumb\",\"itemListElement\":[{\"@type\":\"ListItem\",\"position\":1,\"name\":\"Accueil\",\"item\":\"https:\\\/\\\/www.ayurvedique.com\\\/vedicare-spa\\\/\"},{\"@type\":\"ListItem\",\"position\":2,\"name\":\"Ayurveda\"}]},{\"@type\":\"WebSite\",\"@id\":\"https:\\\/\\\/www.ayurvedique.com\\\/vedicare-spa\\\/#website\",\"url\":\"https:\\\/\\\/www.ayurvedique.com\\\/vedicare-spa\\\/\",\"name\":\"Vedicare | Soins, Cures, Boutique ayurv\u00e9dique\",\"description\":\"Produits naturels bio et vegan, Spa ayurvedique\",\"publisher\":{\"@id\":\"https:\\\/\\\/www.ayurvedique.com\\\/vedicare-spa\\\/#organization\"},\"alternateName\":\"Spa ayurv\u00e9dique et produits naturels\",\"potentialAction\":[{\"@type\":\"SearchAction\",\"target\":{\"@type\":\"EntryPoint\",\"urlTemplate\":\"https:\\\/\\\/www.ayurvedique.com\\\/vedicare-spa\\\/?s={search_term_string}\"},\"query-input\":{\"@type\":\"PropertyValueSpecification\",\"valueRequired\":true,\"valueName\":\"search_term_string\"}}],\"inLanguage\":\"fr-FR\"},{\"@type\":\"Organization\",\"@id\":\"https:\\\/\\\/www.ayurvedique.com\\\/vedicare-spa\\\/#organization\",\"name\":\"Vedicare\",\"url\":\"https:\\\/\\\/www.ayurvedique.com\\\/vedicare-spa\\\/\",\"logo\":{\"@type\":\"ImageObject\",\"inLanguage\":\"fr-FR\",\"@id\":\"https:\\\/\\\/www.ayurvedique.com\\\/vedicare-spa\\\/#\\\/schema\\\/logo\\\/image\\\/\",\"url\":\"https:\\\/\\\/www.ayurvedique.com\\\/vedicare-spa\\\/wp-content\\\/uploads\\\/logo_vedicare-1.png\",\"contentUrl\":\"https:\\\/\\\/www.ayurvedique.com\\\/vedicare-spa\\\/wp-content\\\/uploads\\\/logo_vedicare-1.png\",\"width\":142,\"height\":206,\"caption\":\"Vedicare\"},\"image\":{\"@id\":\"https:\\\/\\\/www.ayurvedique.com\\\/vedicare-spa\\\/#\\\/schema\\\/logo\\\/image\\\/\"},\"sameAs\":[\"https:\\\/\\\/www.facebook.com\\\/Eco-gites-et-spa-Vedicare-146891845345782\\\/\"]}]}<\/script>\n<!-- \/ Yoast SEO plugin. -->","yoast_head_json":{"title":"Ayurveda - Vedicare | Soins, Cures, Boutique ayurv\u00e9dique","description":"Bien \u00eatre selon l\u2019Ayurveda: soins, cures, stages, h\u00e9bergement \u00e0 45 min de Nice. Boutique en ligne avec notre s\u00e9lection de produits naturels et vegan.","robots":{"index":"index","follow":"follow","max-snippet":"max-snippet:-1","max-image-preview":"max-image-preview:large","max-video-preview":"max-video-preview:-1"},"canonical":"https:\/\/www.ayurvedique.com\/vedicare-spa\/en\/ayurveda\/","og_locale":"fr_FR","og_type":"article","og_title":"Ayurveda - Vedicare | Soins, Cures, Boutique ayurv\u00e9dique","og_description":"Bien \u00eatre selon l\u2019Ayurveda: soins, cures, stages, h\u00e9bergement \u00e0 45 min de Nice. Boutique en ligne avec notre s\u00e9lection de produits naturels et vegan.","og_url":"https:\/\/www.ayurvedique.com\/vedicare-spa\/en\/ayurveda\/","og_site_name":"Vedicare | Soins, Cures, Boutique ayurv\u00e9dique","article_publisher":"https:\/\/www.facebook.com\/Eco-gites-et-spa-Vedicare-146891845345782\/","og_image":[{"width":1067,"height":800,"url":"https:\/\/www.ayurvedique.com\/vedicare-spa\/wp-content\/uploads\/ciel-tournefort.jpg","type":"image\/jpeg"}],"twitter_card":"summary_large_image","schema":{"@context":"https:\/\/schema.org","@graph":[{"@type":"WebPage","@id":"https:\/\/www.ayurvedique.com\/vedicare-spa\/en\/ayurveda\/","url":"https:\/\/www.ayurvedique.com\/vedicare-spa\/en\/ayurveda\/","name":"Ayurveda - Vedicare | Soins, Cures, Boutique ayurv\u00e9dique","isPartOf":{"@id":"https:\/\/www.ayurvedique.com\/vedicare-spa\/#website"},"primaryImageOfPage":{"@id":"https:\/\/www.ayurvedique.com\/vedicare-spa\/en\/ayurveda\/#primaryimage"},"image":{"@id":"https:\/\/www.ayurvedique.com\/vedicare-spa\/en\/ayurveda\/#primaryimage"},"thumbnailUrl":"https:\/\/www.ayurvedique.com\/vedicare-spa\/wp-content\/uploads\/ciel-tournefort.jpg","datePublished":"2018-09-06T16:58:45+00:00","description":"Bien \u00eatre selon l\u2019Ayurveda: soins, cures, stages, h\u00e9bergement \u00e0 45 min de Nice. Boutique en ligne avec notre s\u00e9lection de produits naturels et vegan.","breadcrumb":{"@id":"https:\/\/www.ayurvedique.com\/vedicare-spa\/en\/ayurveda\/#breadcrumb"},"inLanguage":"fr-FR","potentialAction":[{"@type":"ReadAction","target":["https:\/\/www.ayurvedique.com\/vedicare-spa\/en\/ayurveda\/"]}]},{"@type":"ImageObject","inLanguage":"fr-FR","@id":"https:\/\/www.ayurvedique.com\/vedicare-spa\/en\/ayurveda\/#primaryimage","url":"https:\/\/www.ayurvedique.com\/vedicare-spa\/wp-content\/uploads\/ciel-tournefort.jpg","contentUrl":"https:\/\/www.ayurvedique.com\/vedicare-spa\/wp-content\/uploads\/ciel-tournefort.jpg","width":1067,"height":800},{"@type":"BreadcrumbList","@id":"https:\/\/www.ayurvedique.com\/vedicare-spa\/en\/ayurveda\/#breadcrumb","itemListElement":[{"@type":"ListItem","position":1,"name":"Accueil","item":"https:\/\/www.ayurvedique.com\/vedicare-spa\/"},{"@type":"ListItem","position":2,"name":"Ayurveda"}]},{"@type":"WebSite","@id":"https:\/\/www.ayurvedique.com\/vedicare-spa\/#website","url":"https:\/\/www.ayurvedique.com\/vedicare-spa\/","name":"Vedicare | Soins, Cures, Boutique ayurv\u00e9dique","description":"Produits naturels bio et vegan, Spa ayurvedique","publisher":{"@id":"https:\/\/www.ayurvedique.com\/vedicare-spa\/#organization"},"alternateName":"Spa ayurv\u00e9dique et produits naturels","potentialAction":[{"@type":"SearchAction","target":{"@type":"EntryPoint","urlTemplate":"https:\/\/www.ayurvedique.com\/vedicare-spa\/?s={search_term_string}"},"query-input":{"@type":"PropertyValueSpecification","valueRequired":true,"valueName":"search_term_string"}}],"inLanguage":"fr-FR"},{"@type":"Organization","@id":"https:\/\/www.ayurvedique.com\/vedicare-spa\/#organization","name":"Vedicare","url":"https:\/\/www.ayurvedique.com\/vedicare-spa\/","logo":{"@type":"ImageObject","inLanguage":"fr-FR","@id":"https:\/\/www.ayurvedique.com\/vedicare-spa\/#\/schema\/logo\/image\/","url":"https:\/\/www.ayurvedique.com\/vedicare-spa\/wp-content\/uploads\/logo_vedicare-1.png","contentUrl":"https:\/\/www.ayurvedique.com\/vedicare-spa\/wp-content\/uploads\/logo_vedicare-1.png","width":142,"height":206,"caption":"Vedicare"},"image":{"@id":"https:\/\/www.ayurvedique.com\/vedicare-spa\/#\/schema\/logo\/image\/"},"sameAs":["https:\/\/www.facebook.com\/Eco-gites-et-spa-Vedicare-146891845345782\/"]}]}},"uagb_featured_image_src":{"full":["https:\/\/www.ayurvedique.com\/vedicare-spa\/wp-content\/uploads\/ciel-tournefort.jpg",1067,800,false],"thumbnail":["https:\/\/www.ayurvedique.com\/vedicare-spa\/wp-content\/uploads\/ciel-tournefort-150x150.jpg",150,150,true],"medium":["https:\/\/www.ayurvedique.com\/vedicare-spa\/wp-content\/uploads\/ciel-tournefort-600x450.jpg",600,450,true],"medium_large":["https:\/\/www.ayurvedique.com\/vedicare-spa\/wp-content\/uploads\/ciel-tournefort-768x576.jpg",768,576,true],"large":["https:\/\/www.ayurvedique.com\/vedicare-spa\/wp-content\/uploads\/ciel-tournefort-1024x768.jpg",1024,768,true],"1536x1536":["https:\/\/www.ayurvedique.com\/vedicare-spa\/wp-content\/uploads\/ciel-tournefort.jpg",1067,800,false],"2048x2048":["https:\/\/www.ayurvedique.com\/vedicare-spa\/wp-content\/uploads\/ciel-tournefort.jpg",1067,800,false],"rpwe-thumbnail":["https:\/\/www.ayurvedique.com\/vedicare-spa\/wp-content\/uploads\/ciel-tournefort-45x45.jpg",45,45,true],"woocommerce_thumbnail":["https:\/\/www.ayurvedique.com\/vedicare-spa\/wp-content\/uploads\/ciel-tournefort-300x300.jpg",300,300,true],"woocommerce_single":["https:\/\/www.ayurvedique.com\/vedicare-spa\/wp-content\/uploads\/ciel-tournefort-600x450.jpg",600,450,true],"woocommerce_gallery_thumbnail":["https:\/\/www.ayurvedique.com\/vedicare-spa\/wp-content\/uploads\/ciel-tournefort-100x100.jpg",100,100,true]},"uagb_author_info":{"display_name":"cyber","author_link":"https:\/\/www.ayurvedique.com\/vedicare-spa\/author\/cyber\/"},"uagb_comment_info":0,"uagb_excerpt":"The word Ayurveda comes from the two Sanskrit words Ayur meaning life and Veda meaning science. Ayurveda can be translated as the science of life or the science to prolong life. According to the Indian tradition the first four objectives of human life are DHARMA : To accomplish your destiny ARTHA : To acquire wealth\u2026","_links":{"self":[{"href":"https:\/\/www.ayurvedique.com\/vedicare-spa\/wp-json\/wp\/v2\/pages\/979","targetHints":{"allow":["GET"]}}],"collection":[{"href":"https:\/\/www.ayurvedique.com\/vedicare-spa\/wp-json\/wp\/v2\/pages"}],"about":[{"href":"https:\/\/www.ayurvedique.com\/vedicare-spa\/wp-json\/wp\/v2\/types\/page"}],"author":[{"embeddable":true,"href":"https:\/\/www.ayurvedique.com\/vedicare-spa\/wp-json\/wp\/v2\/users\/1"}],"replies":[{"embeddable":true,"href":"https:\/\/www.ayurvedique.com\/vedicare-spa\/wp-json\/wp\/v2\/comments?post=979"}],"version-history":[{"count":1,"href":"https:\/\/www.ayurvedique.com\/vedicare-spa\/wp-json\/wp\/v2\/pages\/979\/revisions"}],"predecessor-version":[{"id":980,"href":"https:\/\/www.ayurvedique.com\/vedicare-spa\/wp-json\/wp\/v2\/pages\/979\/revisions\/980"}],"wp:featuredmedia":[{"embeddable":true,"href":"https:\/\/www.ayurvedique.com\/vedicare-spa\/wp-json\/wp\/v2\/media\/6326"}],"wp:attachment":[{"href":"https:\/\/www.ayurvedique.com\/vedicare-spa\/wp-json\/wp\/v2\/media?parent=979"}],"wp:term":[{"taxonomy":"category","embeddable":true,"href":"https:\/\/www.ayurvedique.com\/vedicare-spa\/wp-json\/wp\/v2\/categories?post=979"},{"taxonomy":"post_tag","embeddable":true,"href":"https:\/\/www.ayurvedique.com\/vedicare-spa\/wp-json\/wp\/v2\/tags?post=979"}],"curies":[{"name":"wp","href":"https:\/\/api.w.org\/{rel}","templated":true}]}}