{"id":1964,"date":"2015-08-04T16:34:04","date_gmt":"2015-08-04T14:34:04","guid":{"rendered":"https:\/\/www.ayurvedique.com\/vedicare-spa\/conditions-utilisation\/"},"modified":"2025-08-21T17:46:30","modified_gmt":"2025-08-21T15:46:30","slug":"conditions-utilisation","status":"publish","type":"page","link":"https:\/\/www.ayurvedique.com\/vedicare-spa\/conditions-utilisation\/","title":{"rendered":"Conditions d&rsquo;utilisation"},"content":{"rendered":"\n<h1 class=\"wp-block-heading page-heading\">Conditions d&rsquo;utilisation<\/h1>\n\n\n\n<p><strong>Nous garantissons le respect de votre vie priv\u00e9e.<\/strong><br>En aucun cas, nous ne diffuserons \u00e0 l&rsquo;ext\u00e9rieur de notre soci\u00e9t\u00e9 les informations vous concernant qui sont r\u00e9serv\u00e9es \u00e0 la gestion des commandes et ne peuvent \u00eatre communiqu\u00e9es qu\u2019aux administrateurs du site internet de VEDICARE.<br>Conform\u00e9ment aux articles 39 et suivants de la loi n\u00b0 78-17 du 6 janvier 1978 relative \u00e0 l\u2019informatique, aux fichiers et aux libert\u00e9s, vous disposez d&rsquo;un droit premanent d&rsquo;acc\u00e8s et de rectification des donn\u00e9es vous concernant au moyen de la rubrique Mon Compte , ou du <a href=\"https:\/\/www.ayurvedique.com\/vedicare-spa\/contact\/\">formulaire<\/a> de contact ou en nous \u00e9crivant : Vedicare 1965 route de la Tin\u00e9e 06420 Clans<\/p>\n\n\n\n<p><strong>Les r\u00e9glements \u00e9ffectu\u00e9s en ligne par carte bancaire s&rsquo;effectuent directement sur les serveurs s\u00e9curis\u00e9s de <a href=\"https:\/\/stripe.com\/fr\" target=\"_blank\" rel=\"noreferrer noopener\">Stripe<\/a>. <\/strong>Nous n&rsquo;avons en aucun cas acc\u00e8s \u00e0 vos coordonn\u00e9es bancaires.<\/p>\n\n\n\n<h3 class=\"wp-block-heading\">Exp\u00e9dition &amp; retours<\/h3>\n\n\n\n<p><strong>PAIEMENT<\/strong><br>Le paiement s\u2019effectue par carte bancaire \u00e0 la fin de la commande sur le serveur s\u00e9curis\u00e9 <a href=\"https:\/\/stripe.com\/fr\" target=\"_blank\" rel=\"noreferrer noopener\">Stripe<\/a>, ou par ch\u00e8que.<br>En cas de commande par courrier, la commande devra \u00eatre accompagn\u00e9 du r\u00e8glement par ch\u00e8que du montant de la commande, frais de port inclus.<\/p>\n\n\n\n<p><strong>FRAIS DE LIVRAISON<\/strong><br>Pour toute commande, il sera factur\u00e9 des frais de livraison. Le montant appara\u00eet avant la validation de la commande par le client.<\/p>\n\n\n\n<p><strong>EXP\u00c9DITION <\/strong><\/p>\n\n\n\n<p>Le colis est exp\u00e9di\u00e9 1 \u00e0 2 jours ouvr\u00e9s apr\u00e8s r\u00e9ception du paiement par Vedicare au choix du client par :<\/p>\n\n\n\n<p><strong>COLISSIMO suivi J+2 La Poste<\/strong><\/p>\n\n\n\n<p>Affranchissement avec preuve de d\u00e9p\u00f4t<\/p>\n\n\n\n<p><strong>LIVRAISON EN POINT RELAIS<\/strong><\/p>\n\n\n\n<p>Les d\u00e9lais Mondial Relay sont de 3 \u00e0 5 jours ouvr\u00e9s apr\u00e8s l\u2019exp\u00e9dition pour la France (point relais)<\/p>\n\n\n\n<p>En cas de non-r\u00e9ception du colis, le Client dispose de 2 semaines pour effectuer une r\u00e9clamation&nbsp;en envoyant un mail au moyen de la page \u00ab\u00a0contact \u00a0\u00bb du site<\/p>\n\n\n\n<p><strong>DROIT DE RETRACTATION<\/strong><br>Selon l&rsquo;article 121-19 du code de la consommation, le client dispose d\u2019un d\u00e9lai de 7 jours qui suivent la livraison pour exercer son droit de r\u00e9tractation, sans avoir \u00e0 justifier de motifs, ni \u00e0 payer des p\u00e9nalit\u00e9s, \u00e0 l&rsquo;exception des frais de retour.<br>Ce d\u00e9lai est de sept jours francs \u00e0 compter de la r\u00e9ception des biens ou de l&rsquo;acceptation de l&rsquo;offre pour les prestations de service. Lorsque le d\u00e9lai de sept jours expire un samedi, un dimanche ou un jour f\u00e9ri\u00e9 ou ch\u00f4m\u00e9, il est prolong\u00e9 jusqu&rsquo;au premier jour ouvrable suivant.<br>Pour donner lieu \u00e0 un remboursement, les produits devront \u00eatre retourn\u00e9s en parfait \u00e9tat de revente et complets, y compris les emballages.<br>Les frais de retour sont \u00e0 la charge du client.<br>Pour \u00e9viter toute contestation, en cas de perte par le transporteur du produit retourn\u00e9, utilisez toujours un service de transport permettant de suivre le colis et assurez ce colis \u00e0 la valeur marchande du produit.<\/p>\n","protected":false},"excerpt":{"rendered":"<p>Conditions d&rsquo;utilisation Nous garantissons le respect de votre vie priv\u00e9e.En aucun cas, nous ne diffuserons \u00e0 l&rsquo;ext\u00e9rieur de notre soci\u00e9t\u00e9 les informations vous concernant qui sont r\u00e9serv\u00e9es \u00e0 la gestion des commandes et ne peuvent \u00eatre communiqu\u00e9es qu\u2019aux administrateurs du site internet de VEDICARE.Conform\u00e9ment aux articles 39 et suivants de la loi n\u00b0 78-17 du [&hellip;]<\/p>\n","protected":false},"author":1,"featured_media":0,"parent":0,"menu_order":12,"comment_status":"open","ping_status":"closed","template":"","meta":{"_uag_custom_page_level_css":"","site-sidebar-layout":"default","site-content-layout":"","ast-site-content-layout":"default","site-content-style":"default","site-sidebar-style":"default","ast-global-header-display":"","ast-banner-title-visibility":"","ast-main-header-display":"","ast-hfb-above-header-display":"","ast-hfb-below-header-display":"","ast-hfb-mobile-header-display":"","site-post-title":"","ast-breadcrumbs-content":"","ast-featured-img":"","footer-sml-layout":"","ast-disable-related-posts":"","theme-transparent-header-meta":"","adv-header-id-meta":"","stick-header-meta":"","header-above-stick-meta":"","header-main-stick-meta":"","header-below-stick-meta":"","astra-migrate-meta-layouts":"set","ast-page-background-enabled":"default","ast-page-background-meta":{"desktop":{"background-color":"","background-image":"","background-repeat":"repeat","background-position":"center center","background-size":"auto","background-attachment":"scroll","background-type":"","background-media":"","overlay-type":"","overlay-color":"","overlay-opacity":"","overlay-gradient":""},"tablet":{"background-color":"","background-image":"","background-repeat":"repeat","background-position":"center center","background-size":"auto","background-attachment":"scroll","background-type":"","background-media":"","overlay-type":"","overlay-color":"","overlay-opacity":"","overlay-gradient":""},"mobile":{"background-color":"","background-image":"","background-repeat":"repeat","background-position":"center center","background-size":"auto","background-attachment":"scroll","background-type":"","background-media":"","overlay-type":"","overlay-color":"","overlay-opacity":"","overlay-gradient":""}},"ast-content-background-meta":{"desktop":{"background-color":"var(--ast-global-color-5)","background-image":"","background-repeat":"repeat","background-position":"center center","background-size":"auto","background-attachment":"scroll","background-type":"","background-media":"","overlay-type":"","overlay-color":"","overlay-opacity":"","overlay-gradient":""},"tablet":{"background-color":"var(--ast-global-color-5)","background-image":"","background-repeat":"repeat","background-position":"center center","background-size":"auto","background-attachment":"scroll","background-type":"","background-media":"","overlay-type":"","overlay-color":"","overlay-opacity":"","overlay-gradient":""},"mobile":{"background-color":"var(--ast-global-color-5)","background-image":"","background-repeat":"repeat","background-position":"center center","background-size":"auto","background-attachment":"scroll","background-type":"","background-media":"","overlay-type":"","overlay-color":"","overlay-opacity":"","overlay-gradient":""}},"footnotes":""},"categories":[195],"tags":[197,213,215],"class_list":["post-1964","page","type-page","status-publish","hentry","category-accueil","tag-conditions","tag-utilisation","tag-vente"],"yoast_head":"<!-- This site is optimized with the Yoast SEO plugin v27.5 - https:\/\/yoast.com\/product\/yoast-seo-wordpress\/ -->\n<title>Conditions d&#039;utilisation<\/title>\n<meta name=\"description\" content=\"Nos conditions d&#039;utilisation\" \/>\n<meta name=\"robots\" content=\"noindex, follow\" \/>\n<meta property=\"og:locale\" content=\"fr_FR\" \/>\n<meta property=\"og:type\" content=\"article\" \/>\n<meta property=\"og:title\" content=\"Conditions d&#039;utilisation\" \/>\n<meta property=\"og:description\" content=\"Nos conditions d&#039;utilisation\" \/>\n<meta property=\"og:url\" content=\"https:\/\/www.ayurvedique.com\/vedicare-spa\/conditions-utilisation\/\" \/>\n<meta property=\"og:site_name\" content=\"Vedicare | Soins, Cures, Boutique ayurv\u00e9dique\" \/>\n<meta property=\"article:publisher\" content=\"https:\/\/www.facebook.com\/Eco-gites-et-spa-Vedicare-146891845345782\/\" \/>\n<meta property=\"article:modified_time\" content=\"2025-08-21T15:46:30+00:00\" \/>\n<meta property=\"og:image\" content=\"https:\/\/www.ayurvedique.com\/vedicare-spa\/wp-content\/uploads\/logo_vedicare-noir-1.png\" \/>\n\t<meta property=\"og:image:width\" content=\"200\" \/>\n\t<meta property=\"og:image:height\" content=\"200\" \/>\n\t<meta property=\"og:image:type\" content=\"image\/png\" \/>\n<meta name=\"twitter:card\" content=\"summary_large_image\" \/>\n<meta name=\"twitter:label1\" content=\"Dur\u00e9e de lecture estim\u00e9e\" \/>\n\t<meta name=\"twitter:data1\" content=\"3 minutes\" \/>\n<script type=\"application\/ld+json\" class=\"yoast-schema-graph\">{\"@context\":\"https:\\\/\\\/schema.org\",\"@graph\":[{\"@type\":\"WebPage\",\"@id\":\"https:\\\/\\\/www.ayurvedique.com\\\/vedicare-spa\\\/conditions-utilisation\\\/\",\"url\":\"https:\\\/\\\/www.ayurvedique.com\\\/vedicare-spa\\\/conditions-utilisation\\\/\",\"name\":\"Conditions d'utilisation\",\"isPartOf\":{\"@id\":\"https:\\\/\\\/www.ayurvedique.com\\\/vedicare-spa\\\/#website\"},\"datePublished\":\"2015-08-04T14:34:04+00:00\",\"dateModified\":\"2025-08-21T15:46:30+00:00\",\"description\":\"Nos conditions d'utilisation\",\"breadcrumb\":{\"@id\":\"https:\\\/\\\/www.ayurvedique.com\\\/vedicare-spa\\\/conditions-utilisation\\\/#breadcrumb\"},\"inLanguage\":\"fr-FR\",\"potentialAction\":[{\"@type\":\"ReadAction\",\"target\":[\"https:\\\/\\\/www.ayurvedique.com\\\/vedicare-spa\\\/conditions-utilisation\\\/\"]}]},{\"@type\":\"BreadcrumbList\",\"@id\":\"https:\\\/\\\/www.ayurvedique.com\\\/vedicare-spa\\\/conditions-utilisation\\\/#breadcrumb\",\"itemListElement\":[{\"@type\":\"ListItem\",\"position\":1,\"name\":\"Accueil\",\"item\":\"https:\\\/\\\/www.ayurvedique.com\\\/vedicare-spa\\\/\"},{\"@type\":\"ListItem\",\"position\":2,\"name\":\"Conditions d&rsquo;utilisation\"}]},{\"@type\":\"WebSite\",\"@id\":\"https:\\\/\\\/www.ayurvedique.com\\\/vedicare-spa\\\/#website\",\"url\":\"https:\\\/\\\/www.ayurvedique.com\\\/vedicare-spa\\\/\",\"name\":\"Vedicare | Soins, Cures, Boutique ayurv\u00e9dique\",\"description\":\"Produits naturels bio et vegan, Spa ayurvedique\",\"publisher\":{\"@id\":\"https:\\\/\\\/www.ayurvedique.com\\\/vedicare-spa\\\/#organization\"},\"alternateName\":\"Spa ayurv\u00e9dique et produits naturels\",\"potentialAction\":[{\"@type\":\"SearchAction\",\"target\":{\"@type\":\"EntryPoint\",\"urlTemplate\":\"https:\\\/\\\/www.ayurvedique.com\\\/vedicare-spa\\\/?s={search_term_string}\"},\"query-input\":{\"@type\":\"PropertyValueSpecification\",\"valueRequired\":true,\"valueName\":\"search_term_string\"}}],\"inLanguage\":\"fr-FR\"},{\"@type\":\"Organization\",\"@id\":\"https:\\\/\\\/www.ayurvedique.com\\\/vedicare-spa\\\/#organization\",\"name\":\"Vedicare\",\"url\":\"https:\\\/\\\/www.ayurvedique.com\\\/vedicare-spa\\\/\",\"logo\":{\"@type\":\"ImageObject\",\"inLanguage\":\"fr-FR\",\"@id\":\"https:\\\/\\\/www.ayurvedique.com\\\/vedicare-spa\\\/#\\\/schema\\\/logo\\\/image\\\/\",\"url\":\"https:\\\/\\\/www.ayurvedique.com\\\/vedicare-spa\\\/wp-content\\\/uploads\\\/logo_vedicare-1.png\",\"contentUrl\":\"https:\\\/\\\/www.ayurvedique.com\\\/vedicare-spa\\\/wp-content\\\/uploads\\\/logo_vedicare-1.png\",\"width\":142,\"height\":206,\"caption\":\"Vedicare\"},\"image\":{\"@id\":\"https:\\\/\\\/www.ayurvedique.com\\\/vedicare-spa\\\/#\\\/schema\\\/logo\\\/image\\\/\"},\"sameAs\":[\"https:\\\/\\\/www.facebook.com\\\/Eco-gites-et-spa-Vedicare-146891845345782\\\/\"]}]}<\/script>\n<!-- \/ Yoast SEO plugin. -->","yoast_head_json":{"title":"Conditions d'utilisation","description":"Nos conditions d'utilisation","robots":{"index":"noindex","follow":"follow"},"og_locale":"fr_FR","og_type":"article","og_title":"Conditions d'utilisation","og_description":"Nos conditions d'utilisation","og_url":"https:\/\/www.ayurvedique.com\/vedicare-spa\/conditions-utilisation\/","og_site_name":"Vedicare | Soins, Cures, Boutique ayurv\u00e9dique","article_publisher":"https:\/\/www.facebook.com\/Eco-gites-et-spa-Vedicare-146891845345782\/","article_modified_time":"2025-08-21T15:46:30+00:00","og_image":[{"width":200,"height":200,"url":"https:\/\/www.ayurvedique.com\/vedicare-spa\/wp-content\/uploads\/logo_vedicare-noir-1.png","type":"image\/png"}],"twitter_card":"summary_large_image","twitter_misc":{"Dur\u00e9e de lecture estim\u00e9e":"3 minutes"},"schema":{"@context":"https:\/\/schema.org","@graph":[{"@type":"WebPage","@id":"https:\/\/www.ayurvedique.com\/vedicare-spa\/conditions-utilisation\/","url":"https:\/\/www.ayurvedique.com\/vedicare-spa\/conditions-utilisation\/","name":"Conditions d'utilisation","isPartOf":{"@id":"https:\/\/www.ayurvedique.com\/vedicare-spa\/#website"},"datePublished":"2015-08-04T14:34:04+00:00","dateModified":"2025-08-21T15:46:30+00:00","description":"Nos conditions d'utilisation","breadcrumb":{"@id":"https:\/\/www.ayurvedique.com\/vedicare-spa\/conditions-utilisation\/#breadcrumb"},"inLanguage":"fr-FR","potentialAction":[{"@type":"ReadAction","target":["https:\/\/www.ayurvedique.com\/vedicare-spa\/conditions-utilisation\/"]}]},{"@type":"BreadcrumbList","@id":"https:\/\/www.ayurvedique.com\/vedicare-spa\/conditions-utilisation\/#breadcrumb","itemListElement":[{"@type":"ListItem","position":1,"name":"Accueil","item":"https:\/\/www.ayurvedique.com\/vedicare-spa\/"},{"@type":"ListItem","position":2,"name":"Conditions d&rsquo;utilisation"}]},{"@type":"WebSite","@id":"https:\/\/www.ayurvedique.com\/vedicare-spa\/#website","url":"https:\/\/www.ayurvedique.com\/vedicare-spa\/","name":"Vedicare | Soins, Cures, Boutique ayurv\u00e9dique","description":"Produits naturels bio et vegan, Spa ayurvedique","publisher":{"@id":"https:\/\/www.ayurvedique.com\/vedicare-spa\/#organization"},"alternateName":"Spa ayurv\u00e9dique et produits naturels","potentialAction":[{"@type":"SearchAction","target":{"@type":"EntryPoint","urlTemplate":"https:\/\/www.ayurvedique.com\/vedicare-spa\/?s={search_term_string}"},"query-input":{"@type":"PropertyValueSpecification","valueRequired":true,"valueName":"search_term_string"}}],"inLanguage":"fr-FR"},{"@type":"Organization","@id":"https:\/\/www.ayurvedique.com\/vedicare-spa\/#organization","name":"Vedicare","url":"https:\/\/www.ayurvedique.com\/vedicare-spa\/","logo":{"@type":"ImageObject","inLanguage":"fr-FR","@id":"https:\/\/www.ayurvedique.com\/vedicare-spa\/#\/schema\/logo\/image\/","url":"https:\/\/www.ayurvedique.com\/vedicare-spa\/wp-content\/uploads\/logo_vedicare-1.png","contentUrl":"https:\/\/www.ayurvedique.com\/vedicare-spa\/wp-content\/uploads\/logo_vedicare-1.png","width":142,"height":206,"caption":"Vedicare"},"image":{"@id":"https:\/\/www.ayurvedique.com\/vedicare-spa\/#\/schema\/logo\/image\/"},"sameAs":["https:\/\/www.facebook.com\/Eco-gites-et-spa-Vedicare-146891845345782\/"]}]}},"uagb_featured_image_src":{"full":false,"thumbnail":false,"medium":false,"medium_large":false,"large":false,"1536x1536":false,"2048x2048":false,"rpwe-thumbnail":false,"woocommerce_thumbnail":false,"woocommerce_single":false,"woocommerce_gallery_thumbnail":false},"uagb_author_info":{"display_name":"cyber","author_link":"https:\/\/www.ayurvedique.com\/vedicare-spa\/author\/cyber\/"},"uagb_comment_info":0,"uagb_excerpt":"Conditions d&rsquo;utilisation Nous garantissons le respect de votre vie priv\u00e9e.En aucun cas, nous ne diffuserons \u00e0 l&rsquo;ext\u00e9rieur de notre soci\u00e9t\u00e9 les informations vous concernant qui sont r\u00e9serv\u00e9es \u00e0 la gestion des commandes et ne peuvent \u00eatre communiqu\u00e9es qu\u2019aux administrateurs du site internet de VEDICARE.Conform\u00e9ment aux articles 39 et suivants de la loi n\u00b0 78-17 du\u2026","_links":{"self":[{"href":"https:\/\/www.ayurvedique.com\/vedicare-spa\/wp-json\/wp\/v2\/pages\/1964","targetHints":{"allow":["GET"]}}],"collection":[{"href":"https:\/\/www.ayurvedique.com\/vedicare-spa\/wp-json\/wp\/v2\/pages"}],"about":[{"href":"https:\/\/www.ayurvedique.com\/vedicare-spa\/wp-json\/wp\/v2\/types\/page"}],"author":[{"embeddable":true,"href":"https:\/\/www.ayurvedique.com\/vedicare-spa\/wp-json\/wp\/v2\/users\/1"}],"replies":[{"embeddable":true,"href":"https:\/\/www.ayurvedique.com\/vedicare-spa\/wp-json\/wp\/v2\/comments?post=1964"}],"version-history":[{"count":4,"href":"https:\/\/www.ayurvedique.com\/vedicare-spa\/wp-json\/wp\/v2\/pages\/1964\/revisions"}],"predecessor-version":[{"id":8597,"href":"https:\/\/www.ayurvedique.com\/vedicare-spa\/wp-json\/wp\/v2\/pages\/1964\/revisions\/8597"}],"wp:attachment":[{"href":"https:\/\/www.ayurvedique.com\/vedicare-spa\/wp-json\/wp\/v2\/media?parent=1964"}],"wp:term":[{"taxonomy":"category","embeddable":true,"href":"https:\/\/www.ayurvedique.com\/vedicare-spa\/wp-json\/wp\/v2\/categories?post=1964"},{"taxonomy":"post_tag","embeddable":true,"href":"https:\/\/www.ayurvedique.com\/vedicare-spa\/wp-json\/wp\/v2\/tags?post=1964"}],"curies":[{"name":"wp","href":"https:\/\/api.w.org\/{rel}","templated":true}]}}